 {"id":548,"date":"2013-12-04T10:18:12","date_gmt":"2013-12-04T08:18:12","guid":{"rendered":"https:\/\/blogs.univ-tlse2.fr\/musique-renaissance\/?page_id=548"},"modified":"2025-03-12T17:24:13","modified_gmt":"2025-03-12T16:24:13","slug":"big-up","status":"publish","type":"page","link":"https:\/\/blogs.univ-tlse2.fr\/musique-renaissance\/instruments-voix\/big-up\/","title":{"rendered":"Big Up!"},"content":{"rendered":"<p><iframe loading=\"lazy\" title=\"Cl\u00e9ment Janequin:  Missa &quot;La Bataille&quot; (Ensemble Cl\u00e9ment Janequin)\" width=\"590\" height=\"443\" src=\"https:\/\/www.youtube.com\/embed\/LeOsJVlatLo?feature=oembed\" frameborder=\"0\" allow=\"accelerometer; autoplay; clipboard-write; encrypted-media; gyroscope; picture-in-picture; web-share\" referrerpolicy=\"strict-origin-when-cross-origin\" allowfullscreen><\/iframe><\/p>\n<p>Missa super \u00ab\u00a0La bataille\u00a0\u00bb Cl\u00e9ment Janequin<\/p>\n<p><em>Cl\u00e9ment Janequin (cf. rubrique en brief 1)<\/em><\/p>\n<p>&nbsp;<\/p>\n<p>Cet extrait pr\u00e9sente un ensemble compos\u00e9 de 8 chanteurs et 4 instrumentistes:<\/p>\n<p>2 Contre-t\u00e9nors \u00a0 \u00a0 \u00a0 \u00a0 \u00a0 \u00a0 \u00a0 \u00a0 \u00a0 \u00a0 \u00a0 \u00a0 \u00a0 \u00a0 \u00a0 \u00a0 \u00a0 \u00a0 1 Cornettiste<\/p>\n<p>2 T\u00e9nors \u00a0 \u00a0 \u00a0 \u00a0 \u00a0 \u00a0 \u00a0 \u00a0 \u00a0 \u00a0 \u00a0 \u00a0 \u00a0 \u00a0 \u00a0 \u00a0 \u00a0 \u00a0 \u00a0 \u00a0 \u00a0 \u00a0 \u00a0 \u00a0 \u00a03 Sacqueboutiers<\/p>\n<p>2 Barytons<\/p>\n<p>2 Basses<\/p>\n<p>Les formations varient selon le choix des ensembles sans pour autant d\u00e9naturer la base \u00e9tant donn\u00e9 qu&rsquo;\u00e0 la renaissance l&rsquo;exercice de la distribution de la partition \u00e9tait beaucoup plus libre.<\/p>\n<p>Ici les instruments doublent les voix avec un rapport de deux chanteurs et un instrument pour une m\u00eame voix. Acoustiquement, l&rsquo;\u00e9quilibre est coh\u00e9rent. Le r\u00e9sultat ici est celui d&rsquo;un ensemble, totalement : il n&rsquo;y a pas de pr\u00e9dominance entre les parties chant\u00e9es et les parties instrumentales mais il n&rsquo;y a pas non plus de priorit\u00e9 d&rsquo;une voix \u00e0 l&rsquo;autre.<\/p>\n<p>Ces \u00e9l\u00e9ments combin\u00e9s permettent de comprendre pourquoi il n&rsquo;y a pas de diff\u00e9rence \u00e0 l\u2019ex\u00e9cution d&rsquo;une partition\u00a0 de cette p\u00e9riode par un ensemble vocal ou instrumental.<\/p>\n<p>Cette Missa super \u00ab\u00a0La bataille\u00a0\u00bb\u00a0 de Cl\u00e9ment Janequin est elle-m\u00eame une suite, une succession \u00e0 \u00ab\u00a0La Guerre\u00a0\u00bb.<\/p>\n","protected":false},"excerpt":{"rendered":"<p>Missa super \u00ab\u00a0La bataille\u00a0\u00bb Cl\u00e9ment Janequin Cl\u00e9ment Janequin (cf. rubrique en brief 1) &nbsp; Cet extrait pr\u00e9sente un ensemble compos\u00e9 de 8 chanteurs et 4 instrumentistes: 2 Contre-t\u00e9nors [..]<\/p>\n","protected":false},"author":208,"featured_media":0,"parent":12,"menu_order":0,"comment_status":"closed","ping_status":"open","template":"","meta":{"footnotes":""},"class_list":["post-548","page","type-page","status-publish","hentry"],"_links":{"self":[{"href":"https:\/\/blogs.univ-tlse2.fr\/musique-renaissance\/wp-json\/wp\/v2\/pages\/548","targetHints":{"allow":["GET"]}}],"collection":[{"href":"https:\/\/blogs.univ-tlse2.fr\/musique-renaissance\/wp-json\/wp\/v2\/pages"}],"about":[{"href":"https:\/\/blogs.univ-tlse2.fr\/musique-renaissance\/wp-json\/wp\/v2\/types\/page"}],"author":[{"embeddable":true,"href":"https:\/\/blogs.univ-tlse2.fr\/musique-renaissance\/wp-json\/wp\/v2\/users\/208"}],"replies":[{"embeddable":true,"href":"https:\/\/blogs.univ-tlse2.fr\/musique-renaissance\/wp-json\/wp\/v2\/comments?post=548"}],"version-history":[{"count":1,"href":"https:\/\/blogs.univ-tlse2.fr\/musique-renaissance\/wp-json\/wp\/v2\/pages\/548\/revisions"}],"predecessor-version":[{"id":549,"href":"https:\/\/blogs.univ-tlse2.fr\/musique-renaissance\/wp-json\/wp\/v2\/pages\/548\/revisions\/549"}],"up":[{"embeddable":true,"href":"https:\/\/blogs.univ-tlse2.fr\/musique-renaissance\/wp-json\/wp\/v2\/pages\/12"}],"wp:attachment":[{"href":"https:\/\/blogs.univ-tlse2.fr\/musique-renaissance\/wp-json\/wp\/v2\/media?parent=548"}],"curies":[{"name":"wp","href":"https:\/\/api.w.org\/{rel}","templated":true}]}}