 {"id":557,"date":"2013-12-10T17:27:47","date_gmt":"2013-12-10T15:27:47","guid":{"rendered":"https:\/\/blogs.univ-tlse2.fr\/musique-renaissance\/?page_id=557"},"modified":"2025-03-12T17:24:13","modified_gmt":"2025-03-12T16:24:13","slug":"messe-parodie","status":"publish","type":"page","link":"https:\/\/blogs.univ-tlse2.fr\/musique-renaissance\/imitation-emprunt-dans-les-musiques-deglise\/messe-parodie\/","title":{"rendered":"Messe Parodie"},"content":{"rendered":"<p>C\u2019est une messe polyphonique qui s\u2019inspire d\u2019une composition pr\u00e9existante (chanson, madrigal, motet) comme base structurelle de la messe. C\u2019est le m\u00eame principe que la messe paraphrase, sauf qu\u2019au lieu d\u2019une seule ligne m\u00e9lodique partag\u00e9e par toutes les voix, l\u00e0 c\u2019est toute une \u0153uvre enti\u00e8re qui est reprise. Plusieurs variantes peuvent \u00eatre utilis\u00e9es\u00a0: emploi de l\u2019\u0153uvre enti\u00e8re, utilisation que du d\u00e9but d\u2019une pi\u00e8ce, passages libres ins\u00e9r\u00e9s dans des parties originales fractionn\u00e9es, remplacement d\u2019une ou plusieurs voix pour en ajouter de nouvelles.<\/p>\n<p>EXEMPLES\u00a0:<\/p>\n<p>Andrieu Willaert (v.1480-1562) prendra des motets de Mouton pour mod\u00e8le de la plupart de ses messes-parodie.<\/p>\n<p>La plupart des 58 messes de Roland de Lassus sont du genre\u00a0\u00ab\u00a0messe-parodie\u00a0\u00bb\u00a0comme <a href=\"http:\/\/www.youtube.com\/watch?v=DXxgGWtytoc\">la <\/a><i><a href=\"http:\/\/www.youtube.com\/watch?v=DXxgGWtytoc\">messe<\/a> sur Osculetur me <\/i>qui est une messe \u00e0 l\u2019imitation d\u2019<a href=\"http:\/\/www.youtube.com\/watch?v=v5OhIKZ4Wbo\">un motet<\/a>\u00a0du m\u00eame compositeur.<\/p>\n<p>Jacquet de Mantua a \u00e9crit une messe sur \u00a0la chanson <i>de mon triste et desplaisir<\/i> de Jean Richafort.<\/p>\n<p>Ci-dessous le d\u00e9but des deux pi\u00e8ces avec dans l&rsquo;encadr\u00e9 rouge l&rsquo;utilisation du m\u00eame soprano repris par Jacquet<\/p>\n<p><a href=\"https:\/\/blogs.univ-tlse2.fr\/musique-renaissance\/files\/2013\/12\/richafort.jpg\"><img loading=\"lazy\" decoding=\"async\" class=\"alignright size-full wp-image-560\" alt=\"richafort\" src=\"https:\/\/blogs.univ-tlse2.fr\/musique-renaissance\/files\/2013\/12\/richafort.jpg\" width=\"571\" height=\"391\" srcset=\"https:\/\/blogs.univ-tlse2.fr\/musique-renaissance\/files\/2013\/12\/richafort.jpg 571w, https:\/\/blogs.univ-tlse2.fr\/musique-renaissance\/files\/2013\/12\/richafort-300x205.jpg 300w\" sizes=\"auto, (max-width: 571px) 100vw, 571px\" \/><\/a><\/p>\n<p><a href=\"https:\/\/blogs.univ-tlse2.fr\/musique-renaissance\/files\/2013\/12\/jacquet3.jpg\"><img loading=\"lazy\" decoding=\"async\" class=\"alignright size-full wp-image-562\" alt=\"jacquet3\" src=\"https:\/\/blogs.univ-tlse2.fr\/musique-renaissance\/files\/2013\/12\/jacquet3.jpg\" width=\"1013\" height=\"681\" srcset=\"https:\/\/blogs.univ-tlse2.fr\/musique-renaissance\/files\/2013\/12\/jacquet3.jpg 1013w, https:\/\/blogs.univ-tlse2.fr\/musique-renaissance\/files\/2013\/12\/jacquet3-300x201.jpg 300w\" sizes=\"auto, (max-width: 1013px) 100vw, 1013px\" \/><\/a><\/p>\n","protected":false},"excerpt":{"rendered":"<p>C\u2019est une messe polyphonique qui s\u2019inspire d\u2019une composition pr\u00e9existante (chanson, madrigal, motet) comme base structurelle de la messe. C\u2019est le m\u00eame principe que la messe paraphrase, sauf qu\u2019au [..]<\/p>\n","protected":false},"author":205,"featured_media":0,"parent":17,"menu_order":0,"comment_status":"closed","ping_status":"open","template":"","meta":{"footnotes":""},"class_list":["post-557","page","type-page","status-publish","hentry"],"_links":{"self":[{"href":"https:\/\/blogs.univ-tlse2.fr\/musique-renaissance\/wp-json\/wp\/v2\/pages\/557","targetHints":{"allow":["GET"]}}],"collection":[{"href":"https:\/\/blogs.univ-tlse2.fr\/musique-renaissance\/wp-json\/wp\/v2\/pages"}],"about":[{"href":"https:\/\/blogs.univ-tlse2.fr\/musique-renaissance\/wp-json\/wp\/v2\/types\/page"}],"author":[{"embeddable":true,"href":"https:\/\/blogs.univ-tlse2.fr\/musique-renaissance\/wp-json\/wp\/v2\/users\/205"}],"replies":[{"embeddable":true,"href":"https:\/\/blogs.univ-tlse2.fr\/musique-renaissance\/wp-json\/wp\/v2\/comments?post=557"}],"version-history":[{"count":7,"href":"https:\/\/blogs.univ-tlse2.fr\/musique-renaissance\/wp-json\/wp\/v2\/pages\/557\/revisions"}],"predecessor-version":[{"id":572,"href":"https:\/\/blogs.univ-tlse2.fr\/musique-renaissance\/wp-json\/wp\/v2\/pages\/557\/revisions\/572"}],"up":[{"embeddable":true,"href":"https:\/\/blogs.univ-tlse2.fr\/musique-renaissance\/wp-json\/wp\/v2\/pages\/17"}],"wp:attachment":[{"href":"https:\/\/blogs.univ-tlse2.fr\/musique-renaissance\/wp-json\/wp\/v2\/media?parent=557"}],"curies":[{"name":"wp","href":"https:\/\/api.w.org\/{rel}","templated":true}]}}