 {"id":597,"date":"2014-01-03T16:24:20","date_gmt":"2014-01-03T14:24:20","guid":{"rendered":"https:\/\/blogs.univ-tlse2.fr\/musique-renaissance\/?page_id=597"},"modified":"2025-03-12T17:24:34","modified_gmt":"2025-03-12T16:24:34","slug":"la-musique-de-la-renaissance-pour-les-nuls","status":"publish","type":"page","link":"https:\/\/blogs.univ-tlse2.fr\/musique-renaissance\/theorie-pratique\/traites\/la-musique-de-la-renaissance-pour-les-nuls\/","title":{"rendered":"La musique pratique de la renaissance pour les nuls !"},"content":{"rendered":"<p><b><span style=\"color: #339966\"><a href=\"https:\/\/blogs.univ-tlse2.fr\/musique-renaissance\/files\/2014\/01\/Blockland1.jpg\"><img loading=\"lazy\" decoding=\"async\" class=\"size-full wp-image-600 alignleft\" alt=\"Blockland\" src=\"https:\/\/blogs.univ-tlse2.fr\/musique-renaissance\/files\/2014\/01\/Blockland1.jpg\" width=\"277\" height=\"340\" srcset=\"https:\/\/blogs.univ-tlse2.fr\/musique-renaissance\/files\/2014\/01\/Blockland1.jpg 277w, https:\/\/blogs.univ-tlse2.fr\/musique-renaissance\/files\/2014\/01\/Blockland1-244x300.jpg 244w\" sizes=\"auto, (max-width: 277px) 100vw, 277px\" \/><\/a>Corneille de Blockland,<\/span> <\/b><span style=\"color: #000000\">dit de Montfort\u00a0est un Th\u00e9oricien du XVI<sup>e <\/sup>si\u00e8cle (1530-1610) qui d\u00e9j\u00e0 \u00e0 son \u00e9poque, avait \u00e9crit un trait\u00e9 :<\/span> <em><span style=\"color: #800080\">\u00ab\u00a0introduction m\u00e9thodique et fort facile pour apprendre la musique pratique\u00a0\u00bb. <\/span><\/em><span style=\"color: #000000\">Il\u00a0pourrait s&rsquo;apparenter aux livres pour les nuls d&rsquo;aujourd&rsquo;hui !<\/span><\/p>\n<p><span style=\"color: #000000\">En pr\u00e9ambule de ce trait\u00e9, Blockland \u00e9crit :\u00a0<\/span><span style=\"color: #000080\"><span style=\"color: #000000\">\u00ab\u00a0<\/span>Introduction m\u00e9thodique et fort facile pour apprendre la musique pratique , sans aucune gamme, ou main &#8230; m\u00e9thode tant accoutum\u00e9e de plusieurs musiciens.\u00a0\u00bb<\/span><\/p>\n<h1><\/h1>\n<h1><span style=\"color: #ff0000\">On trouvera dans ce trait\u00e9 :<\/span><\/h1>\n<p>&#8211;<a title=\"Les 7 Clefs de Blockland\" href=\"https:\/\/blogs.univ-tlse2.fr\/musique-renaissance\/theorie-pratique\/traites\/la-musique-de-la-renaissance-pour-les-nuls\/les-7-clefs-de-blockland\/\"> les 7 clefs d\u2019\u00e9chelles<\/a><\/p>\n<p><a title=\"Les notations des notes , leurs valeurs et leur pauses.\" href=\"https:\/\/blogs.univ-tlse2.fr\/musique-renaissance\/theorie-pratique\/traites\/la-musique-de-la-renaissance-pour-les-nuls\/les-notations-des-notes-leurs-valeurs-et-leur-pauses\/\">&#8211; Les notations des notes et<\/a>\u00a0<a title=\"Les notations des notes , leurs valeurs et leur pauses.\" href=\"https:\/\/blogs.univ-tlse2.fr\/musique-renaissance\/theorie-pratique\/traites\/la-musique-de-la-renaissance-pour-les-nuls\/les-notations-des-notes-leurs-valeurs-et-leur-pauses\/\">leurs valeurs<\/a><\/p>\n<p><a title=\"Les regrets de la musique.\" href=\"https:\/\/blogs.univ-tlse2.fr\/musique-renaissance\/theorie-pratique\/traites\/la-musique-de-la-renaissance-pour-les-nuls\/les-regrets-de-la-musique\/\">&#8211; les degr\u00e9s de la musique<\/a><\/p>\n<p>&#8211; <a title=\"Les 3 esp\u00e8ces de points.\" href=\"https:\/\/blogs.univ-tlse2.fr\/musique-renaissance\/theorie-pratique\/traites\/la-musique-de-la-renaissance-pour-les-nuls\/les-3-especes-de-points\/\">les 3 sortes de points<\/a><\/p>\n<p><a title=\"La musica ficta\" href=\"https:\/\/blogs.univ-tlse2.fr\/musique-renaissance\/theorie-pratique\/terminologie-definitions\/la-musica-ficta-3\/\">&#8211; La musica ficta<\/a><\/p>\n<p><a title=\"Les Proportions\" href=\"https:\/\/blogs.univ-tlse2.fr\/musique-renaissance\/theorie-pratique\/traites\/la-musique-de-la-renaissance-pour-les-nuls\/les-proportions\/\">-La prolation<\/a>\u00a0(notation des mesures )<\/p>\n<p>&nbsp;<\/p>\n","protected":false},"excerpt":{"rendered":"<p>Corneille de Blockland, dit de Montfort\u00a0est un Th\u00e9oricien du XVIe si\u00e8cle (1530-1610) qui d\u00e9j\u00e0 \u00e0 son \u00e9poque, avait \u00e9crit un trait\u00e9 : \u00ab\u00a0introduction m\u00e9thodique et fort facile pour [..]<\/p>\n","protected":false},"author":205,"featured_media":0,"parent":107,"menu_order":0,"comment_status":"closed","ping_status":"open","template":"","meta":{"footnotes":""},"class_list":["post-597","page","type-page","status-publish","hentry"],"_links":{"self":[{"href":"https:\/\/blogs.univ-tlse2.fr\/musique-renaissance\/wp-json\/wp\/v2\/pages\/597","targetHints":{"allow":["GET"]}}],"collection":[{"href":"https:\/\/blogs.univ-tlse2.fr\/musique-renaissance\/wp-json\/wp\/v2\/pages"}],"about":[{"href":"https:\/\/blogs.univ-tlse2.fr\/musique-renaissance\/wp-json\/wp\/v2\/types\/page"}],"author":[{"embeddable":true,"href":"https:\/\/blogs.univ-tlse2.fr\/musique-renaissance\/wp-json\/wp\/v2\/users\/205"}],"replies":[{"embeddable":true,"href":"https:\/\/blogs.univ-tlse2.fr\/musique-renaissance\/wp-json\/wp\/v2\/comments?post=597"}],"version-history":[{"count":19,"href":"https:\/\/blogs.univ-tlse2.fr\/musique-renaissance\/wp-json\/wp\/v2\/pages\/597\/revisions"}],"predecessor-version":[{"id":837,"href":"https:\/\/blogs.univ-tlse2.fr\/musique-renaissance\/wp-json\/wp\/v2\/pages\/597\/revisions\/837"}],"up":[{"embeddable":true,"href":"https:\/\/blogs.univ-tlse2.fr\/musique-renaissance\/wp-json\/wp\/v2\/pages\/107"}],"wp:attachment":[{"href":"https:\/\/blogs.univ-tlse2.fr\/musique-renaissance\/wp-json\/wp\/v2\/media?parent=597"}],"curies":[{"name":"wp","href":"https:\/\/api.w.org\/{rel}","templated":true}]}}