 {"id":602,"date":"2014-01-03T16:25:39","date_gmt":"2014-01-03T14:25:39","guid":{"rendered":"https:\/\/blogs.univ-tlse2.fr\/musique-renaissance\/?page_id=602"},"modified":"2025-03-12T17:24:34","modified_gmt":"2025-03-12T16:24:34","slug":"les-7-clefs-de-blockland","status":"publish","type":"page","link":"https:\/\/blogs.univ-tlse2.fr\/musique-renaissance\/theorie-pratique\/traites\/la-musique-de-la-renaissance-pour-les-nuls\/les-7-clefs-de-blockland\/","title":{"rendered":"Les 7 Clefs d\u2019\u00e9chelles de Blockland"},"content":{"rendered":"<p>Blockland utilise une \u00e9chelle de <span style=\"color: #99cc00\">sept\u00a0syllabes<\/span>. Les sept syllabes de solmisation s&rsquo;identifient alors aux sept notes du \u00ab clavier \u00bb. Les latins ont gard\u00e9 les syllabes (ut ou do, r\u00e9, mi, fa, sol, la, si), les anglos-saxons les ont abandonn\u00e9es au profit des lettres de l&rsquo;alphabet qui d\u00e9signaient les notes du \u00abclavier\u00bb, A, b, C, D, E, F, G ( A = la, b pour si)<\/p>\n<p>Bloclkand explique qu&rsquo;une m\u00eame note est d\u00e9sign\u00e9e \u00e0 la fois par sa <span style=\"color: #ff00ff\">lettre<\/span> ( A,b,C,D&#8230;..) , mais aussi en fonction de sa<span style=\"color: #ff99cc\">\u00a0<span style=\"color: #ff99cc\">hauteur<\/span>\u00a0relative<\/span> ( aigue, medium grave ), et par une <span style=\"color: #e086b3\">syllabe de solmisation<\/span> qui d\u00e9pend de la place de cette note dans un hexacorde.<\/p>\n<p>L&rsquo;hexacorde contient toujours le demi-ton en son milieu, l\u00e0 o\u00f9 se placeront les syllabes\u00a0<i>mi<\/i>\u00a0et\u00a0<i>fa<\/i>.<\/p>\n<p>Les 7 clefs d\u2019\u00e9chelles de Blokland \u00e0 savoir :<\/p>\n<p><a href=\"https:\/\/blogs.univ-tlse2.fr\/musique-renaissance\/files\/2014\/01\/a-la-mi-re.png\"><img loading=\"lazy\" decoding=\"async\" class=\"alignnone  wp-image-835\" alt=\"Les 7 \u00e9chelles !\" src=\"https:\/\/blogs.univ-tlse2.fr\/musique-renaissance\/files\/2014\/01\/a-la-mi-re.png\" width=\"562\" height=\"288\" srcset=\"https:\/\/blogs.univ-tlse2.fr\/musique-renaissance\/files\/2014\/01\/a-la-mi-re.png 702w, https:\/\/blogs.univ-tlse2.fr\/musique-renaissance\/files\/2014\/01\/a-la-mi-re-300x153.png 300w\" sizes=\"auto, (max-width: 562px) 100vw, 562px\" \/><\/a><\/p>\n<p>&nbsp;<\/p>\n<h3>Pour poursuivre votre recherche dans ce domaine, allez voir la page sur<a title=\"La solmisation et la main guidonienne\" href=\"https:\/\/blogs.univ-tlse2.fr\/musique-renaissance\/theorie-pratique\/terminologie-definitions\/la-solmisation\/\">\u00a0la solmisation<\/a>.<\/h3>\n<p>&nbsp;<\/p>\n","protected":false},"excerpt":{"rendered":"<p>Blockland utilise une \u00e9chelle de sept\u00a0syllabes. Les sept syllabes de solmisation s&rsquo;identifient alors aux sept notes du \u00ab clavier \u00bb. Les latins ont gard\u00e9 les syllabes (ut ou [..]<\/p>\n","protected":false},"author":205,"featured_media":0,"parent":597,"menu_order":0,"comment_status":"closed","ping_status":"open","template":"","meta":{"footnotes":""},"class_list":["post-602","page","type-page","status-publish","hentry"],"_links":{"self":[{"href":"https:\/\/blogs.univ-tlse2.fr\/musique-renaissance\/wp-json\/wp\/v2\/pages\/602","targetHints":{"allow":["GET"]}}],"collection":[{"href":"https:\/\/blogs.univ-tlse2.fr\/musique-renaissance\/wp-json\/wp\/v2\/pages"}],"about":[{"href":"https:\/\/blogs.univ-tlse2.fr\/musique-renaissance\/wp-json\/wp\/v2\/types\/page"}],"author":[{"embeddable":true,"href":"https:\/\/blogs.univ-tlse2.fr\/musique-renaissance\/wp-json\/wp\/v2\/users\/205"}],"replies":[{"embeddable":true,"href":"https:\/\/blogs.univ-tlse2.fr\/musique-renaissance\/wp-json\/wp\/v2\/comments?post=602"}],"version-history":[{"count":6,"href":"https:\/\/blogs.univ-tlse2.fr\/musique-renaissance\/wp-json\/wp\/v2\/pages\/602\/revisions"}],"predecessor-version":[{"id":836,"href":"https:\/\/blogs.univ-tlse2.fr\/musique-renaissance\/wp-json\/wp\/v2\/pages\/602\/revisions\/836"}],"up":[{"embeddable":true,"href":"https:\/\/blogs.univ-tlse2.fr\/musique-renaissance\/wp-json\/wp\/v2\/pages\/597"}],"wp:attachment":[{"href":"https:\/\/blogs.univ-tlse2.fr\/musique-renaissance\/wp-json\/wp\/v2\/media?parent=602"}],"curies":[{"name":"wp","href":"https:\/\/api.w.org\/{rel}","templated":true}]}}