 {"id":608,"date":"2014-01-03T17:00:05","date_gmt":"2014-01-03T15:00:05","guid":{"rendered":"https:\/\/blogs.univ-tlse2.fr\/musique-renaissance\/?page_id=608"},"modified":"2025-03-12T17:24:34","modified_gmt":"2025-03-12T16:24:34","slug":"les-notations-des-notes-leurs-valeurs-et-leur-pauses","status":"publish","type":"page","link":"https:\/\/blogs.univ-tlse2.fr\/musique-renaissance\/theorie-pratique\/traites\/la-musique-de-la-renaissance-pour-les-nuls\/les-notations-des-notes-leurs-valeurs-et-leur-pauses\/","title":{"rendered":"Les notations des notes, leurs valeurs, et leurs silences."},"content":{"rendered":"<p><span style=\"color: #000000\">A cette \u00e9poque il existe 2 notations diff\u00e9rentes : la notation de<\/span> <span style=\"color: #00ff00\"><span style=\"color: #000000\">la musique<\/span> pour les instruments<\/span> <span style=\"color: #000000\">et c<\/span><span style=\"color: #ff9900\"><span style=\"color: #000000\">elle<\/span> pour les voix:\u00a0<\/span><\/p>\n<p><a style=\"color: #ff4b33;line-height: 24px\" href=\"https:\/\/blogs.univ-tlse2.fr\/musique-renaissance\/files\/2014\/01\/Sans-titre1.png\"><img loading=\"lazy\" decoding=\"async\" class=\"wp-image-651 alignnone\" alt=\"Sans titre\" src=\"https:\/\/blogs.univ-tlse2.fr\/musique-renaissance\/files\/2014\/01\/Sans-titre1.png\" width=\"506\" height=\"767\" \/><\/a><\/p>\n<p><span style=\"color: #000000\"><span style=\"color: #000000\">Les\u00a0quartes\u00a0<\/span>premi\u00e8re<span style=\"color: #000000\">\u00a0notes \u00e0 conna\u00eetre \u00a0:<\/span><\/span><span style=\"color: #800000\"> la maxime<\/span><span style=\"color: #000000\"> , <\/span><span style=\"color: #ff0000\">la longue<\/span><span style=\"color: #000000\">, <\/span><span style=\"color: #ff6600\">la\u00a0<\/span><span style=\"color: #ff6600\">br\u00e8ve<\/span><span style=\"color: #000000\">\u00a0et <\/span><span style=\"color: #ff9900\">la demibr\u00e8ve.<\/span><span style=\"color: #000000\">\u00a0La maxime ayant la valeur la plus longue et la demibr\u00e8ve la valeur la plus courte.\u00a0<span style=\"color: #000000\">Elles peuvent\u00a0<\/span><\/span><span style=\"color: #000000\">\u00eatre<span style=\"color: #000000\">\u00a0li\u00e9es conjointement e<\/span><\/span><span style=\"color: #000000\"><span style=\"color: #000000\">nsemble, en carr\u00e9 ou obli<\/span><span style=\"color: #000000\">que, c&rsquo;est \u00e0 dire de\u00a0<\/span>travers,<span style=\"color: #000000\">\u00a0<\/span><span style=\"color: #000000\">sauf\u00a0la maxime qui est toujours en notation carr\u00e9e.<\/span><\/span><\/p>\n<p><span style=\"color: #000000\">Les notes peuvent \u00e9ventuellement avoir des queues. Si c&rsquo;est le cas, elles peuvent avoir leurs queues \u00e0 droite ou \u00e0 gauche. Le vocabulaire exacte est : elles l&rsquo;ont du <span style=\"color: #0000ff\">cot\u00e9 dextre<\/span> ou <span style=\"color: #0000ff\">fenestre<\/span>. Par ailleurs elles peuvent\u00a0\u00eatre\u00a0montantes ou descendantes en fonction de leur\u00a0auteur sur la port\u00e9e.<\/span><\/p>\n<p><a href=\"https:\/\/blogs.univ-tlse2.fr\/musique-renaissance\/files\/2014\/01\/Sans-titre2.png\"><img loading=\"lazy\" decoding=\"async\" class=\" wp-image-610 alignnone\" alt=\"Sans titre2\" src=\"https:\/\/blogs.univ-tlse2.fr\/musique-renaissance\/files\/2014\/01\/Sans-titre2.png\" width=\"703\" height=\"490\" srcset=\"https:\/\/blogs.univ-tlse2.fr\/musique-renaissance\/files\/2014\/01\/Sans-titre2.png 1172w, https:\/\/blogs.univ-tlse2.fr\/musique-renaissance\/files\/2014\/01\/Sans-titre2-300x208.png 300w, https:\/\/blogs.univ-tlse2.fr\/musique-renaissance\/files\/2014\/01\/Sans-titre2-1024x712.png 1024w\" sizes=\"auto, (max-width: 703px) 100vw, 703px\" \/><\/a><\/p>\n<p><span style=\"color: #800000\">Si vous souhaitez compl\u00e9ter vos connaissances vous le pouvez en consultant<\/span> <a title=\"Trait\u00e9 de Maximilien Guilliaud\" href=\"https:\/\/blogs.univ-tlse2.fr\/musique-renaissance\/theorie-pratique\/traites\/traite-de-maximilien-guillaud\/\">le Trait\u00e9 de Maximilien Guilliaud<\/a>.<\/p>\n","protected":false},"excerpt":{"rendered":"<p>A cette \u00e9poque il existe 2 notations diff\u00e9rentes : la notation de la musique pour les instruments et celle pour les voix:\u00a0 Les\u00a0quartes\u00a0premi\u00e8re\u00a0notes \u00e0 conna\u00eetre \u00a0: la maxime [..]<\/p>\n","protected":false},"author":205,"featured_media":0,"parent":597,"menu_order":0,"comment_status":"closed","ping_status":"open","template":"","meta":{"footnotes":""},"class_list":["post-608","page","type-page","status-publish","hentry"],"_links":{"self":[{"href":"https:\/\/blogs.univ-tlse2.fr\/musique-renaissance\/wp-json\/wp\/v2\/pages\/608","targetHints":{"allow":["GET"]}}],"collection":[{"href":"https:\/\/blogs.univ-tlse2.fr\/musique-renaissance\/wp-json\/wp\/v2\/pages"}],"about":[{"href":"https:\/\/blogs.univ-tlse2.fr\/musique-renaissance\/wp-json\/wp\/v2\/types\/page"}],"author":[{"embeddable":true,"href":"https:\/\/blogs.univ-tlse2.fr\/musique-renaissance\/wp-json\/wp\/v2\/users\/205"}],"replies":[{"embeddable":true,"href":"https:\/\/blogs.univ-tlse2.fr\/musique-renaissance\/wp-json\/wp\/v2\/comments?post=608"}],"version-history":[{"count":11,"href":"https:\/\/blogs.univ-tlse2.fr\/musique-renaissance\/wp-json\/wp\/v2\/pages\/608\/revisions"}],"predecessor-version":[{"id":810,"href":"https:\/\/blogs.univ-tlse2.fr\/musique-renaissance\/wp-json\/wp\/v2\/pages\/608\/revisions\/810"}],"up":[{"embeddable":true,"href":"https:\/\/blogs.univ-tlse2.fr\/musique-renaissance\/wp-json\/wp\/v2\/pages\/597"}],"wp:attachment":[{"href":"https:\/\/blogs.univ-tlse2.fr\/musique-renaissance\/wp-json\/wp\/v2\/media?parent=608"}],"curies":[{"name":"wp","href":"https:\/\/api.w.org\/{rel}","templated":true}]}}