 {"id":618,"date":"2014-01-03T17:35:57","date_gmt":"2014-01-03T15:35:57","guid":{"rendered":"https:\/\/blogs.univ-tlse2.fr\/musique-renaissance\/?page_id=618"},"modified":"2025-03-12T17:24:13","modified_gmt":"2025-03-12T16:24:13","slug":"les-regrets-de-la-musique","status":"publish","type":"page","link":"https:\/\/blogs.univ-tlse2.fr\/musique-renaissance\/imitation-emprunt-dans-les-musiques-deglise\/les-regrets-de-la-musique\/","title":{"rendered":"Les degr\u00e9s de la musique."},"content":{"rendered":"<p>D&rsquo;apr\u00e8s Blockland il y a trois degr\u00e9s dans la musique:<\/p>\n<ul>\n<li>Le premier degr\u00e9:<strong><span style=\"color: #800000\">\u00a0les modes<\/span><\/strong> (majeur\/ mineur) : si les maximes font la mesure selon les longues alors le mode est dit\u00a0<span style=\"color: #ff0000\">majeur<\/span>\u00a0et si les longues font la mesure selon les br\u00e8ves alors il est dit\u00a0<span style=\"color: #ff0000\">mineur.<\/span><\/li>\n<li>Le second degr\u00e9:<strong><span style=\"color: #008000\"> le temps<\/span><\/strong> par lequel les br\u00e8ves font la mesure selon les demibr\u00e8ves.<\/li>\n<li>Le troisi\u00e8me est dit <span style=\"color: #ff9900\">prolation<\/span> par laquelle les demibr\u00e8ves font la mesure selon les minimes.<\/li>\n<\/ul>\n<p>Ces degr\u00e9s sont dits <span style=\"color: #0000ff\">parfaits<\/span> quand leurs notes sont mesur\u00e9es par 3. Ils sont dit<span style=\"color: #0000ff\">\u00a0imparfaits<\/span>\u00a0quand leurs notes sont mesur\u00e9es par 2.<\/p>\n<p><a href=\"https:\/\/blogs.univ-tlse2.fr\/musique-renaissance\/files\/2014\/01\/Sans-titre4.png\"><img loading=\"lazy\" decoding=\"async\" class=\" wp-image-619 alignnone\" alt=\"Sans titre4\" src=\"https:\/\/blogs.univ-tlse2.fr\/musique-renaissance\/files\/2014\/01\/Sans-titre4.png\" width=\"734\" height=\"944\" srcset=\"https:\/\/blogs.univ-tlse2.fr\/musique-renaissance\/files\/2014\/01\/Sans-titre4.png 1223w, https:\/\/blogs.univ-tlse2.fr\/musique-renaissance\/files\/2014\/01\/Sans-titre4-233x300.png 233w, https:\/\/blogs.univ-tlse2.fr\/musique-renaissance\/files\/2014\/01\/Sans-titre4-796x1024.png 796w\" sizes=\"auto, (max-width: 734px) 100vw, 734px\" \/><\/a><\/p>\n<p>&nbsp;<\/p>\n<p>Pour connaitre les notations de mesure qui d\u00e9coule de ce que vous venez d&rsquo;apprendre, dirigez vous vers la page \u00ab\u00a0<a title=\"Les Proportions\" href=\"https:\/\/blogs.univ-tlse2.fr\/musique-renaissance\/theorie-pratique\/traites\/la-musique-de-la-renaissance-pour-les-nuls\/les-proportions\/\">les Prolations<\/a>\u00ab\u00a0.<\/p>\n","protected":false},"excerpt":{"rendered":"<p>D&rsquo;apr\u00e8s Blockland il y a trois degr\u00e9s dans la musique: Le premier degr\u00e9:\u00a0les modes (majeur\/ mineur) : si les maximes font la mesure selon les longues alors le [..]<\/p>\n","protected":false},"author":205,"featured_media":0,"parent":17,"menu_order":0,"comment_status":"closed","ping_status":"open","template":"","meta":{"footnotes":""},"class_list":["post-618","page","type-page","status-publish","hentry"],"_links":{"self":[{"href":"https:\/\/blogs.univ-tlse2.fr\/musique-renaissance\/wp-json\/wp\/v2\/pages\/618","targetHints":{"allow":["GET"]}}],"collection":[{"href":"https:\/\/blogs.univ-tlse2.fr\/musique-renaissance\/wp-json\/wp\/v2\/pages"}],"about":[{"href":"https:\/\/blogs.univ-tlse2.fr\/musique-renaissance\/wp-json\/wp\/v2\/types\/page"}],"author":[{"embeddable":true,"href":"https:\/\/blogs.univ-tlse2.fr\/musique-renaissance\/wp-json\/wp\/v2\/users\/205"}],"replies":[{"embeddable":true,"href":"https:\/\/blogs.univ-tlse2.fr\/musique-renaissance\/wp-json\/wp\/v2\/comments?post=618"}],"version-history":[{"count":7,"href":"https:\/\/blogs.univ-tlse2.fr\/musique-renaissance\/wp-json\/wp\/v2\/pages\/618\/revisions"}],"predecessor-version":[{"id":829,"href":"https:\/\/blogs.univ-tlse2.fr\/musique-renaissance\/wp-json\/wp\/v2\/pages\/618\/revisions\/829"}],"up":[{"embeddable":true,"href":"https:\/\/blogs.univ-tlse2.fr\/musique-renaissance\/wp-json\/wp\/v2\/pages\/17"}],"wp:attachment":[{"href":"https:\/\/blogs.univ-tlse2.fr\/musique-renaissance\/wp-json\/wp\/v2\/media?parent=618"}],"curies":[{"name":"wp","href":"https:\/\/api.w.org\/{rel}","templated":true}]}}