 {"id":662,"date":"2014-01-07T14:05:02","date_gmt":"2014-01-07T12:05:02","guid":{"rendered":"https:\/\/blogs.univ-tlse2.fr\/musique-renaissance\/?page_id=662"},"modified":"2025-03-12T17:24:52","modified_gmt":"2025-03-12T16:24:52","slug":"les-enluminures","status":"publish","type":"page","link":"https:\/\/blogs.univ-tlse2.fr\/musique-renaissance\/theorie-pratique\/formats-materiaux\/les-enluminures\/","title":{"rendered":"Les Enluminures"},"content":{"rendered":"<p>L&rsquo;Enluminure de la Renaissance d\u00e9signe la <span style=\"color: #339966\">production de manuscrits enlumin\u00e9s<\/span> \u00e0 la fin du XV<sup>e <\/sup>et au XVI<sup>e <\/sup>si\u00e8cle en Europe occidentale, influenc\u00e9e par les techniques de repr\u00e9sentation et les motifs de la peinture de la Renaissance. Avec l&rsquo;invention de l&rsquo;imprimerie, la peinture dans les livres ne dispara\u00eet pas brutalement et persiste dans certains manuscrits de luxe, voire dans certains ouvrages imprim\u00e9s. Les enlumineurs de l&rsquo;\u00e9poque utilisent les techniques de repr\u00e9sentation en perspective ainsi que les th\u00e8mes iconographiques propres \u00e0 la p\u00e9riode. Cantonn\u00e9e \u00e0 des ouvrages de luxes, cette production diminue au fur et \u00e0 mesure de la seconde moiti\u00e9 du XVI<sup>e<\/sup>\u00a0si\u00e8cle avec la concurrence de plus en plus grande de la <span style=\"color: #800080\">Gravure<\/span> !<\/p>\n<p>&nbsp;<\/p>\n<p>Au cours du XV<sup>e<\/sup>\u00a0si\u00e8cle en Italie, puis \u00e0 la fin de ce m\u00eame si\u00e8cle et au d\u00e9but du suivant dans les autres pays, l&rsquo;enluminure n&rsquo;est plus un art novateur, mais suit les \u00e9volutions perceptibles dans les autres arts comme la peinture sur bois ou encore la fresque et la sculpture.<\/p>\n<p>Elle adopte petit \u00e0 petit des innovations comme l&rsquo;usage de la perspective et du point de fuite.<\/p>\n<div style=\"width: 326px\" class=\"wp-caption alignnone\"><img loading=\"lazy\" decoding=\"async\" alt=\"\" src=\"http:\/\/upload.wikimedia.org\/wikipedia\/commons\/thumb\/d\/d2\/Messale_558%2C_vergine_protettrice_dei_domenicani.jpg\/455px-Messale_558%2C_vergine_protettrice_dei_domenicani.jpg\" width=\"316\" height=\"418\" \/><p class=\"wp-caption-text\">Lettrine du Missel 558 du Couvent San Marco, attribu\u00e9 \u00e0 l&rsquo;atelier de Fra Angelico.<\/p><\/div>\n<p>Avec le d\u00e9veloppement du dessin au cours du XV<sup>e<\/sup>\u00a0si\u00e8cle, les enluminures dessin\u00e9es \u00e0 la <span style=\"color: #33cccc\">plume<\/span> concurrencent peu \u00e0 peu les miniatures peintes. Avec le d\u00e9veloppement de l&rsquo;usage du papier, de plus en plus de manuscrits sont r\u00e9dig\u00e9s et d\u00e9cor\u00e9s sur ce support, sans supplanter totalement le parchemin.<\/p>\n<p>La production se limitant de plus en plus \u00e0 une client\u00e8le de<span style=\"color: #ff9900\"> luxe<\/span>, les ouvrages produits doivent se distinguer de la concurrence imprim\u00e9e.<\/p>\n<p>De nouveaux ouvrages sont tout d&rsquo;abord d\u00e9cor\u00e9s\u00a0: l&rsquo;humanisme de l&rsquo;\u00e9poque incite \u00e0 une demande renouvel\u00e9e de textes venus de l&rsquo;Antiquit\u00e9 gr\u00e9co-romaine . Une quantit\u00e9 consid\u00e9rable de manuscrits de Virgil, Su\u00e9tone et Cic\u00e9ron sont d\u00e9cor\u00e9s. Des textes d&rsquo;Hom\u00e8re ou d&rsquo;Aristote en \u00e9criture grecque originale sont aussi recopi\u00e9s et d\u00e9cor\u00e9s<\/p>\n<p>&nbsp;<\/p>\n<p>Plusieurs ouvrages de cette \u00e9poque sont aussi compos\u00e9s enti\u00e8rement d<span style=\"color: #ff99cc\">&lsquo;illustrations<\/span>, <img loading=\"lazy\" decoding=\"async\" class=\"alignright\" alt=\"\" src=\"http:\/\/upload.wikimedia.org\/wikipedia\/commons\/4\/4a\/Histoire_d%27Amour_sans_paroles_-_Mus%C3%A9e_Cond%C3%A9_-_f4.jpg\" width=\"211\" height=\"286\" \/>sans\u00a0qu&rsquo;on sache \u00e0 quel usage pr\u00e9cis ils \u00e9taient destin\u00e9s le plus souvent. C&rsquo;est le cas de \u00ab\u00a0l&rsquo;histoire d&rsquo;amour sans paroles\u00a0\u00bbactuellement conserv\u00e9 au mus\u00e9e Cond\u00e9 \u00e0 Chantilly.<\/p>\n<p><img loading=\"lazy\" decoding=\"async\" class=\"alignleft\" alt=\"\" src=\"http:\/\/upload.wikimedia.org\/wikipedia\/commons\/c\/c2\/Histoire_d%27amour_sans_paroles_-_Mus%C3%A9e_Cond%C3%A9_f1v.jpg\" width=\"213\" height=\"288\" \/><\/p>\n<p>&nbsp;<\/p>\n<p>&nbsp;<\/p>\n<p>&nbsp;<\/p>\n<p>&nbsp;<\/p>\n<p>&nbsp;<\/p>\n<p>&nbsp;<\/p>\n<p>&nbsp;<\/p>\n<p>C&rsquo;est \u00e0 Padoue ( Italie ) que le nouveau style appara\u00eet et s&rsquo;\u00e9panouit en premier. C&rsquo;est l\u00e0-bas qu&rsquo;un groupe d&rsquo;humanistes \u00ab\u00a0arch\u00e9ologues\u00a0\u00bb s&rsquo;int\u00e9ressent particuli\u00e8rement aux anciens manuscrits, d\u00e8s les ann\u00e9es 1430. C&rsquo;est l\u00e0 que l&rsquo;on s&rsquo;inspire des motifs de l&rsquo;Antiquit\u00e9 pour cr\u00e9er de nouvelles d\u00e9corations, que l&rsquo;on teinte de pourpre les parchemins et que l&rsquo;on cr\u00e9\u00e9e des frontispices sous la forme de monuments classiques.<\/p>\n","protected":false},"excerpt":{"rendered":"<p>L&rsquo;Enluminure de la Renaissance d\u00e9signe la production de manuscrits enlumin\u00e9s \u00e0 la fin du XVe et au XVIe si\u00e8cle en Europe occidentale, influenc\u00e9e par les techniques de repr\u00e9sentation [..]<\/p>\n","protected":false},"author":205,"featured_media":0,"parent":111,"menu_order":0,"comment_status":"closed","ping_status":"open","template":"","meta":{"footnotes":""},"class_list":["post-662","page","type-page","status-publish","hentry"],"_links":{"self":[{"href":"https:\/\/blogs.univ-tlse2.fr\/musique-renaissance\/wp-json\/wp\/v2\/pages\/662","targetHints":{"allow":["GET"]}}],"collection":[{"href":"https:\/\/blogs.univ-tlse2.fr\/musique-renaissance\/wp-json\/wp\/v2\/pages"}],"about":[{"href":"https:\/\/blogs.univ-tlse2.fr\/musique-renaissance\/wp-json\/wp\/v2\/types\/page"}],"author":[{"embeddable":true,"href":"https:\/\/blogs.univ-tlse2.fr\/musique-renaissance\/wp-json\/wp\/v2\/users\/205"}],"replies":[{"embeddable":true,"href":"https:\/\/blogs.univ-tlse2.fr\/musique-renaissance\/wp-json\/wp\/v2\/comments?post=662"}],"version-history":[{"count":7,"href":"https:\/\/blogs.univ-tlse2.fr\/musique-renaissance\/wp-json\/wp\/v2\/pages\/662\/revisions"}],"predecessor-version":[{"id":740,"href":"https:\/\/blogs.univ-tlse2.fr\/musique-renaissance\/wp-json\/wp\/v2\/pages\/662\/revisions\/740"}],"up":[{"embeddable":true,"href":"https:\/\/blogs.univ-tlse2.fr\/musique-renaissance\/wp-json\/wp\/v2\/pages\/111"}],"wp:attachment":[{"href":"https:\/\/blogs.univ-tlse2.fr\/musique-renaissance\/wp-json\/wp\/v2\/media?parent=662"}],"curies":[{"name":"wp","href":"https:\/\/api.w.org\/{rel}","templated":true}]}}