 {"id":679,"date":"2014-01-07T22:24:57","date_gmt":"2014-01-07T20:24:57","guid":{"rendered":"https:\/\/blogs.univ-tlse2.fr\/musique-renaissance\/?page_id=679"},"modified":"2025-03-12T17:24:52","modified_gmt":"2025-03-12T16:24:52","slug":"the-blocklands-quizz","status":"publish","type":"page","link":"https:\/\/blogs.univ-tlse2.fr\/musique-renaissance\/theorie-pratique\/quizz\/the-blocklands-quizz\/","title":{"rendered":"The blockland&rsquo;s quizz"},"content":{"rendered":"<h3><span style=\"color: #3366ff\">1. Le Trait\u00e9 de Blockland pourrait s&rsquo;apparenter de nos jours \u00e0 :<\/span><\/h3>\n<ol>\n<li>La cuisine pour les nuls<\/li>\n<li>Le luth pour les nuls<\/li>\n<li>L&rsquo;histoire de la musique de la renaissance pour les nuls<\/li>\n<li>La musique pratique de la renaissance pour les nuls<\/li>\n<\/ol>\n<h3><span style=\"color: #ff9900\">2. Qu&rsquo;est ce qu&rsquo;un point de perfection:<\/span><\/h3>\n<ol>\n<li>Un grain de beaut\u00e9 rajout\u00e9 \u00e0 l&rsquo;aide d&rsquo;un crayon noir sur le visage des femmes.<\/li>\n<li>\u00a0Un point qui rectifie le rythme initial pour le rendre parfait par rapport \u00e0 la mesure.<\/li>\n<li>Un \u00a0point qui augmente de moiti\u00e9 la note initiale pour la rendre parfaite.<\/li>\n<li>Un point qui s\u00e9pare deux notes, technique utilis\u00e9e pour rendre parfait le chant.<\/li>\n<\/ol>\n<h3><span style=\"color: #99cc00\">3. Quels sont les trois degr\u00e9s dans la musique:<\/span><\/h3>\n<ol>\n<li>l&rsquo;Espace, le Temps et la Dimension<\/li>\n<li>le Mode, le Temps, la Prolation<\/li>\n<li>Pair, Impair, Nul<\/li>\n<li>Celsius, Fahrenheit, Kelvin<\/li>\n<\/ol>\n<h3><span style=\"color: #e11d97\">4. Quelle valeur de note est la plus longue parmi ces quatre propositions:<\/span><\/h3>\n<ol>\n<li>La minime<\/li>\n<li>La br\u00e8ve<\/li>\n<li>La longue<\/li>\n<li>La demi-br\u00e8ve<\/li>\n<\/ol>\n<h3><span style=\"color: #0b977e\">5. Quelle notation ancienne est toujours pr\u00e9sente dans la notation moderne:<\/span><\/h3>\n<ol>\n<li>Les barres de mesure<\/li>\n<li>Les notes en losange<\/li>\n<li>Le C indicateur d&rsquo;une mesure \u00e0 quatre temps (4\/4)<\/li>\n<li>La clef de sol<\/li>\n<\/ol>\n<p>&nbsp;<\/p>\n<h2><span style=\"color: #ff0000\">R\u00e9ponses :<\/span><\/h2>\n<ul>\n<li><a title=\"La musique pratique de la renaissance pour les nuls !\" href=\"https:\/\/blogs.univ-tlse2.fr\/musique-renaissance\/theorie-pratique\/traites\/la-musique-de-la-renaissance-pour-les-nuls\/\">Premi\u00e8re question<\/a><\/li>\n<li><a title=\"Les 3 esp\u00e8ces de points.\" href=\"https:\/\/blogs.univ-tlse2.fr\/musique-renaissance\/theorie-pratique\/traites\/la-musique-de-la-renaissance-pour-les-nuls\/les-3-especes-de-points\/\">Deuxi\u00e8me question<\/a><\/li>\n<li><a title=\"Les degr\u00e9s de la musique.\" href=\"https:\/\/blogs.univ-tlse2.fr\/musique-renaissance\/theorie-pratique\/traites\/la-musique-de-la-renaissance-pour-les-nuls\/les-regrets-de-la-musique\/\">Troisi\u00e8me question\u00a0<\/a><\/li>\n<li><a title=\"Les notations des notes, leurs valeurs, et leurs silences.\" href=\"https:\/\/blogs.univ-tlse2.fr\/musique-renaissance\/theorie-pratique\/traites\/la-musique-de-la-renaissance-pour-les-nuls\/les-notations-des-notes-leurs-valeurs-et-leur-pauses\/\">Quatri\u00e8me question<\/a><\/li>\n<li><a title=\"Les Prolations ou la Notation des Mesures\" href=\"https:\/\/blogs.univ-tlse2.fr\/musique-renaissance\/theorie-pratique\/traites\/la-musique-de-la-renaissance-pour-les-nuls\/les-proportions\/\">Cinqui\u00e8me question<\/a><\/li>\n<\/ul>\n","protected":false},"excerpt":{"rendered":"<p>1. Le Trait\u00e9 de Blockland pourrait s&rsquo;apparenter de nos jours \u00e0 : La cuisine pour les nuls Le luth pour les nuls L&rsquo;histoire de la musique de la [..]<\/p>\n","protected":false},"author":205,"featured_media":0,"parent":639,"menu_order":0,"comment_status":"closed","ping_status":"open","template":"","meta":{"footnotes":""},"class_list":["post-679","page","type-page","status-publish","hentry"],"_links":{"self":[{"href":"https:\/\/blogs.univ-tlse2.fr\/musique-renaissance\/wp-json\/wp\/v2\/pages\/679","targetHints":{"allow":["GET"]}}],"collection":[{"href":"https:\/\/blogs.univ-tlse2.fr\/musique-renaissance\/wp-json\/wp\/v2\/pages"}],"about":[{"href":"https:\/\/blogs.univ-tlse2.fr\/musique-renaissance\/wp-json\/wp\/v2\/types\/page"}],"author":[{"embeddable":true,"href":"https:\/\/blogs.univ-tlse2.fr\/musique-renaissance\/wp-json\/wp\/v2\/users\/205"}],"replies":[{"embeddable":true,"href":"https:\/\/blogs.univ-tlse2.fr\/musique-renaissance\/wp-json\/wp\/v2\/comments?post=679"}],"version-history":[{"count":12,"href":"https:\/\/blogs.univ-tlse2.fr\/musique-renaissance\/wp-json\/wp\/v2\/pages\/679\/revisions"}],"predecessor-version":[{"id":838,"href":"https:\/\/blogs.univ-tlse2.fr\/musique-renaissance\/wp-json\/wp\/v2\/pages\/679\/revisions\/838"}],"up":[{"embeddable":true,"href":"https:\/\/blogs.univ-tlse2.fr\/musique-renaissance\/wp-json\/wp\/v2\/pages\/639"}],"wp:attachment":[{"href":"https:\/\/blogs.univ-tlse2.fr\/musique-renaissance\/wp-json\/wp\/v2\/media?parent=679"}],"curies":[{"name":"wp","href":"https:\/\/api.w.org\/{rel}","templated":true}]}}