 {"id":685,"date":"2014-01-07T22:50:04","date_gmt":"2014-01-07T20:50:04","guid":{"rendered":"https:\/\/blogs.univ-tlse2.fr\/musique-renaissance\/?page_id=685"},"modified":"2025-03-12T17:24:52","modified_gmt":"2025-03-12T16:24:52","slug":"quizz-traite-instruments","status":"publish","type":"page","link":"https:\/\/blogs.univ-tlse2.fr\/musique-renaissance\/theorie-pratique\/quizz\/quizz-traite-instruments\/","title":{"rendered":"Quizz trait\u00e9 instruments"},"content":{"rendered":"<p><span style=\"color: #800000\">1) Les trait\u00e9s de Virdung et Agricola sont \u00e9crit en :<\/span><\/p>\n<ul>\n<li>fran\u00e7ais<\/li>\n<li>latin<\/li>\n<li>grec<\/li>\n<li>allemand<\/li>\n<\/ul>\n<p><span style=\"color: #ff6600\">2) Les th\u00e9oriciens classent les instruments :<\/span><\/p>\n<ul>\n<li>suivant leur tailles<\/li>\n<li>par pays<\/li>\n<li>en famille<\/li>\n<li>suivant leurs inventeurs<\/li>\n<\/ul>\n<p><span style=\"color: #ff0000\">3) Cette classification appara\u00eet au :\u00a0<\/span><\/p>\n<ul>\n<li>XIII<sup>e <\/sup>si\u00e8cle<\/li>\n<li>XV<sup>e<\/sup> si\u00e8cle<\/li>\n<li>XVIII<sup>e<\/sup> si\u00e8cle<\/li>\n<li>XX<sup>e<\/sup> si\u00e8cle<\/li>\n<\/ul>\n<p><span style=\"color: #800080\">4) Que sont les instruments \u00e0 frettes ?<\/span><\/p>\n<ul>\n<li>ils sont tr\u00e8s utiles pour se gratter le dos<\/li>\n<li>ils ont besoin d&rsquo;une tablature comme la harpe<\/li>\n<li>ce sont des instruments dont le son ressemble \u00e0 \u00ab\u00a0fffreeeeettes\u00a0\u00bb<\/li>\n<li>ils se basent sur une tablature (luth, viole)<\/li>\n<\/ul>\n<p><span style=\"color: #333399\">5) La trompette marine est :<\/span><\/p>\n<ul>\n<li>une trompette qui fonctionne sous l&rsquo;eau<\/li>\n<li>un cuivre<\/li>\n<li>un instrument \u00e0 une corde sans frettes<\/li>\n<li>un instrument qui dans la mythologie charmait les sir\u00e8nes<\/li>\n<\/ul>\n<p>&nbsp;<\/p>\n<p>r\u00e9ponses : <a href=\"https:\/\/blogs.univ-tlse2.fr\/musique-renaissance\/theorie-pratique\/traites\/226-2\/\">trait\u00e9 sur les instruments<\/a><\/p>\n<p>&nbsp;<\/p>\n","protected":false},"excerpt":{"rendered":"<p>1) Les trait\u00e9s de Virdung et Agricola sont \u00e9crit en : fran\u00e7ais latin grec allemand 2) Les th\u00e9oriciens classent les instruments : suivant leur tailles par pays en [..]<\/p>\n","protected":false},"author":205,"featured_media":0,"parent":639,"menu_order":2,"comment_status":"closed","ping_status":"open","template":"","meta":{"footnotes":""},"class_list":["post-685","page","type-page","status-publish","hentry"],"_links":{"self":[{"href":"https:\/\/blogs.univ-tlse2.fr\/musique-renaissance\/wp-json\/wp\/v2\/pages\/685","targetHints":{"allow":["GET"]}}],"collection":[{"href":"https:\/\/blogs.univ-tlse2.fr\/musique-renaissance\/wp-json\/wp\/v2\/pages"}],"about":[{"href":"https:\/\/blogs.univ-tlse2.fr\/musique-renaissance\/wp-json\/wp\/v2\/types\/page"}],"author":[{"embeddable":true,"href":"https:\/\/blogs.univ-tlse2.fr\/musique-renaissance\/wp-json\/wp\/v2\/users\/205"}],"replies":[{"embeddable":true,"href":"https:\/\/blogs.univ-tlse2.fr\/musique-renaissance\/wp-json\/wp\/v2\/comments?post=685"}],"version-history":[{"count":5,"href":"https:\/\/blogs.univ-tlse2.fr\/musique-renaissance\/wp-json\/wp\/v2\/pages\/685\/revisions"}],"predecessor-version":[{"id":744,"href":"https:\/\/blogs.univ-tlse2.fr\/musique-renaissance\/wp-json\/wp\/v2\/pages\/685\/revisions\/744"}],"up":[{"embeddable":true,"href":"https:\/\/blogs.univ-tlse2.fr\/musique-renaissance\/wp-json\/wp\/v2\/pages\/639"}],"wp:attachment":[{"href":"https:\/\/blogs.univ-tlse2.fr\/musique-renaissance\/wp-json\/wp\/v2\/media?parent=685"}],"curies":[{"name":"wp","href":"https:\/\/api.w.org\/{rel}","templated":true}]}}