 {"id":7,"date":"2013-07-25T18:49:38","date_gmt":"2013-07-25T17:49:38","guid":{"rendered":"https:\/\/blogs.univ-tlse2.fr\/musique-renaissance\/?page_id=7"},"modified":"2025-03-12T17:24:34","modified_gmt":"2025-03-12T16:24:34","slug":"la-chanson-francaise-1520-1580","status":"publish","type":"page","link":"https:\/\/blogs.univ-tlse2.fr\/musique-renaissance\/la-chanson-francaise-1520-1580\/","title":{"rendered":"La chanson fran\u00e7aise, 1520-1580"},"content":{"rendered":"<p>Cette page et celles qui lui sont associ\u00e9es proposent une s\u00e9rie de ressources, documents et articles qui permettent de mieux conna\u00eetre le r\u00e9pertoire de la chanson polyphonique fran\u00e7aise compos\u00e9e entre 1520 et 1580.<\/p>\n<p>On y trouvera notamment des r\u00e9ponses aux questions suivantes:<\/p>\n<p>Comment peut-on d\u00e9crire le rapport entre texte et musique dans la chanson fran\u00e7aise du 16<sup>e<\/sup> si\u00e8cle\u00a0?<\/p>\n<p>Quelles sont les formes et genres po\u00e9tiques mis en musique ?<\/p>\n<p>Comment \u00e9volue le style musical des chansons au cours du 16e si\u00e8cle ?<\/p>\n<p>Notre groupe de travail est constitu\u00e9 de :<\/p>\n<p>Ana\u00efs TIRABOSCHI<\/p>\n<p>Caroline CAUMONT<\/p>\n<p>Matthieu SENMARTIN<\/p>\n<p>Paul-Olivier DEHEURLES.<\/p>\n<p>&nbsp;<\/p>\n","protected":false},"excerpt":{"rendered":"<p>Cette page et celles qui lui sont associ\u00e9es proposent une s\u00e9rie de ressources, documents et articles qui permettent de mieux conna\u00eetre le r\u00e9pertoire de la chanson polyphonique fran\u00e7aise [..]<\/p>\n","protected":false},"author":205,"featured_media":0,"parent":0,"menu_order":0,"comment_status":"closed","ping_status":"open","template":"","meta":{"footnotes":""},"class_list":["post-7","page","type-page","status-publish","hentry"],"_links":{"self":[{"href":"https:\/\/blogs.univ-tlse2.fr\/musique-renaissance\/wp-json\/wp\/v2\/pages\/7","targetHints":{"allow":["GET"]}}],"collection":[{"href":"https:\/\/blogs.univ-tlse2.fr\/musique-renaissance\/wp-json\/wp\/v2\/pages"}],"about":[{"href":"https:\/\/blogs.univ-tlse2.fr\/musique-renaissance\/wp-json\/wp\/v2\/types\/page"}],"author":[{"embeddable":true,"href":"https:\/\/blogs.univ-tlse2.fr\/musique-renaissance\/wp-json\/wp\/v2\/users\/205"}],"replies":[{"embeddable":true,"href":"https:\/\/blogs.univ-tlse2.fr\/musique-renaissance\/wp-json\/wp\/v2\/comments?post=7"}],"version-history":[{"count":7,"href":"https:\/\/blogs.univ-tlse2.fr\/musique-renaissance\/wp-json\/wp\/v2\/pages\/7\/revisions"}],"predecessor-version":[{"id":859,"href":"https:\/\/blogs.univ-tlse2.fr\/musique-renaissance\/wp-json\/wp\/v2\/pages\/7\/revisions\/859"}],"wp:attachment":[{"href":"https:\/\/blogs.univ-tlse2.fr\/musique-renaissance\/wp-json\/wp\/v2\/media?parent=7"}],"curies":[{"name":"wp","href":"https:\/\/api.w.org\/{rel}","templated":true}]}}