 {"id":717,"date":"2014-01-08T02:24:37","date_gmt":"2014-01-08T00:24:37","guid":{"rendered":"https:\/\/blogs.univ-tlse2.fr\/musique-renaissance\/?page_id=717"},"modified":"2025-03-12T17:24:34","modified_gmt":"2025-03-12T16:24:34","slug":"2eme-partie","status":"publish","type":"page","link":"https:\/\/blogs.univ-tlse2.fr\/musique-renaissance\/theorie-pratique\/traites\/traite-de-la-musique-pratique-de-jean-yssandon\/2eme-partie\/","title":{"rendered":"2\u00e8me partie"},"content":{"rendered":"<p style=\"text-align: justify\"><strong><span style=\"color: #ff0000\">La deuxi\u00e8me partie<\/span><\/strong> du <a href=\"http:\/\/conquest.imslp.info\/files\/imglnks\/usimg\/b\/b4\/IMSLP112169-PMLP229088-yssandon_traitede_la_musique_pratique.pdf\">trait\u00e9<\/a> contient, contrairement \u00e0 <a title=\"1\u00e8re partie\" href=\"https:\/\/blogs.univ-tlse2.fr\/musique-renaissance\/theorie-pratique\/traites\/traite-de-la-musique-pratique-de-jean-yssandon\/1ere-partie\/\">la premi\u00e8re partie<\/a>, de tr\u00e8s nombreux sch\u00e9mas, exemples, tables, illustrations r\u00e9capitulatives, etc, le tout\u00a0<strong><span style=\"color: #0000ff\">toujours accompagn\u00e9 d\u2019une br\u00e8ve explication, en fran\u00e7ais, s&rsquo;il vous pla\u00eet.<\/span><span style=\"color: #0000ff\"><br \/>\n<\/span><\/strong><\/p>\n<p style=\"text-align: justify\"><a href=\"https:\/\/blogs.univ-tlse2.fr\/musique-renaissance\/files\/2014\/01\/Labr\u00e9g\u00e9-des-proportions.png\"><img loading=\"lazy\" decoding=\"async\" class=\"size-full wp-image-721 aligncenter\" alt=\"L'abr\u00e9g\u00e9 des proportions\" src=\"https:\/\/blogs.univ-tlse2.fr\/musique-renaissance\/files\/2014\/01\/Labr\u00e9g\u00e9-des-proportions.png\" width=\"1181\" height=\"564\" srcset=\"https:\/\/blogs.univ-tlse2.fr\/musique-renaissance\/files\/2014\/01\/Labr\u00e9g\u00e9-des-proportions.png 1181w, https:\/\/blogs.univ-tlse2.fr\/musique-renaissance\/files\/2014\/01\/Labr\u00e9g\u00e9-des-proportions-300x143.png 300w, https:\/\/blogs.univ-tlse2.fr\/musique-renaissance\/files\/2014\/01\/Labr\u00e9g\u00e9-des-proportions-1024x489.png 1024w\" sizes=\"auto, (max-width: 1181px) 100vw, 1181px\" \/><\/a><\/p>\n<p style=\"text-align: justify\">Cette d\u00e9marche t\u00e9moigne de l&rsquo;envie de Jean Yssandon de procurer au lecteur de son trait\u00e9 <strong><span style=\"color: #ff6600\">des outils didactiques, mn\u00e9motechniques et clairs<\/span><\/strong> qui puissent \u00e9ventuellement \u00eatre <strong><span style=\"color: #009900\">utilis\u00e9s \u00e0 des fins\u00a0p\u00e9dagogiques<\/span><\/strong>, tant pour les musiciens et compositeurs amateurs que professionnels.<\/p>\n<p style=\"text-align: justify\"><a href=\"https:\/\/blogs.univ-tlse2.fr\/musique-renaissance\/files\/2014\/01\/Tables-des-8-modes.png\"><img loading=\"lazy\" decoding=\"async\" class=\"size-full wp-image-722 aligncenter\" alt=\"Tables des 8 modes\" src=\"https:\/\/blogs.univ-tlse2.fr\/musique-renaissance\/files\/2014\/01\/Tables-des-8-modes.png\" width=\"589\" height=\"773\" srcset=\"https:\/\/blogs.univ-tlse2.fr\/musique-renaissance\/files\/2014\/01\/Tables-des-8-modes.png 589w, https:\/\/blogs.univ-tlse2.fr\/musique-renaissance\/files\/2014\/01\/Tables-des-8-modes-228x300.png 228w\" sizes=\"auto, (max-width: 589px) 100vw, 589px\" \/><\/a><\/p>\n<p style=\"text-align: justify\">Voici un bref sommaire non d\u00e9taill\u00e9 du contenu de cette deuxi\u00e8me partie de trait\u00e9 :<\/p>\n<ul>\n<li style=\"text-align: justify\">Des 5 intervalles<\/li>\n<li style=\"text-align: justify\">Echelle et noms des voix et clefs que les modernes utilisent<\/li>\n<li style=\"text-align: justify\">Les 7 esp\u00e8ces de diapason<\/li>\n<li style=\"text-align: justify\">Table des 8 tons, \u00e0 savoir m\u00e9diante, dominante et finale<\/li>\n<li style=\"text-align: justify\">Autre d\u00e9claration des tons, sur le plain-chant que l\u2019on nomme musique gr\u00e9gorienne<\/li>\n<li style=\"text-align: justify\">De la g\u00e9n\u00e9rale intonation des psaumes,<\/li>\n<li style=\"text-align: justify\">Du mode, temps ou prolation<\/li>\n<li style=\"text-align: justify\">De la perfection et imperfection<\/li>\n<li style=\"text-align: justify\">Autre r\u00e8gle des notes noires<\/li>\n<li style=\"text-align: justify\">De la battue ou tact et \u00e0 savoir si elle a des esp\u00e8ces<\/li>\n<li style=\"text-align: justify\">Des proportions et leur diversit\u00e9 de mesures<\/li>\n<li style=\"text-align: justify\">Des points : d&rsquo;augmentation, d&rsquo;alt\u00e9ration, de division, de perfection <a title=\"Les 3 esp\u00e8ces de points.\" href=\"https:\/\/blogs.univ-tlse2.fr\/musique-renaissance\/theorie-pratique\/traites\/la-musique-de-la-renaissance-pour-les-nuls\/les-3-especes-de-points\/\">(<em>cf.<\/em>\u00a0les 3 esp\u00e8ces de point chez Blockland)<\/a><\/li>\n<li style=\"text-align: justify\">De la syncope<\/li>\n<li style=\"text-align: justify\">Des ligatures<\/li>\n<li style=\"text-align: justify\">Petit discours sur les tons<\/li>\n<\/ul>\n","protected":false},"excerpt":{"rendered":"<p>La deuxi\u00e8me partie du trait\u00e9 contient, contrairement \u00e0 la premi\u00e8re partie, de tr\u00e8s nombreux sch\u00e9mas, exemples, tables, illustrations r\u00e9capitulatives, etc, le tout\u00a0toujours accompagn\u00e9 d\u2019une br\u00e8ve explication, en fran\u00e7ais, [..]<\/p>\n","protected":false},"author":205,"featured_media":0,"parent":695,"menu_order":2,"comment_status":"closed","ping_status":"open","template":"","meta":{"footnotes":""},"class_list":["post-717","page","type-page","status-publish","hentry"],"_links":{"self":[{"href":"https:\/\/blogs.univ-tlse2.fr\/musique-renaissance\/wp-json\/wp\/v2\/pages\/717","targetHints":{"allow":["GET"]}}],"collection":[{"href":"https:\/\/blogs.univ-tlse2.fr\/musique-renaissance\/wp-json\/wp\/v2\/pages"}],"about":[{"href":"https:\/\/blogs.univ-tlse2.fr\/musique-renaissance\/wp-json\/wp\/v2\/types\/page"}],"author":[{"embeddable":true,"href":"https:\/\/blogs.univ-tlse2.fr\/musique-renaissance\/wp-json\/wp\/v2\/users\/205"}],"replies":[{"embeddable":true,"href":"https:\/\/blogs.univ-tlse2.fr\/musique-renaissance\/wp-json\/wp\/v2\/comments?post=717"}],"version-history":[{"count":7,"href":"https:\/\/blogs.univ-tlse2.fr\/musique-renaissance\/wp-json\/wp\/v2\/pages\/717\/revisions"}],"predecessor-version":[{"id":728,"href":"https:\/\/blogs.univ-tlse2.fr\/musique-renaissance\/wp-json\/wp\/v2\/pages\/717\/revisions\/728"}],"up":[{"embeddable":true,"href":"https:\/\/blogs.univ-tlse2.fr\/musique-renaissance\/wp-json\/wp\/v2\/pages\/695"}],"wp:attachment":[{"href":"https:\/\/blogs.univ-tlse2.fr\/musique-renaissance\/wp-json\/wp\/v2\/media?parent=717"}],"curies":[{"name":"wp","href":"https:\/\/api.w.org\/{rel}","templated":true}]}}