 {"id":730,"date":"2014-01-08T02:48:24","date_gmt":"2014-01-08T00:48:24","guid":{"rendered":"https:\/\/blogs.univ-tlse2.fr\/musique-renaissance\/?page_id=730"},"modified":"2025-03-12T17:24:52","modified_gmt":"2025-03-12T16:24:52","slug":"quizz-sur-le-traite-de-jean-yssandon","status":"publish","type":"page","link":"https:\/\/blogs.univ-tlse2.fr\/musique-renaissance\/theorie-pratique\/quizz\/quizz-sur-le-traite-de-jean-yssandon\/","title":{"rendered":"Quizz sur le Trait\u00e9 de Jean Yssandon"},"content":{"rendered":"<p><span style=\"color: #ff0000\"><strong>1) De quel endroit Jean Yssandon vient-il ?<\/strong><\/span><\/p>\n<ul>\n<li>Du comt\u00e9 de Florence, en Italie<\/li>\n<li>De Gen\u00e8ve, en Suisse<\/li>\n<li>De Lesart, dans le comt\u00e9 de Foix<\/li>\n<li>De Saint Salvadou, en Aveyron<\/li>\n<\/ul>\n<p><span style=\"color: #0000ff\"><strong>2) Quelle fut la traduction effectu\u00e9e par Yssandon dans son trait\u00e9 ?<\/strong><\/span><\/p>\n<ul>\n<li>de l&rsquo;Italien au Fran\u00e7ais<\/li>\n<li>du Latin au Fran\u00e7ais<\/li>\n<li>de l&rsquo;Allemand \u00e0 l&rsquo;Italien<\/li>\n<li>du Grec au Latin<\/li>\n<\/ul>\n<p><span style=\"color: #009900\"><strong>3) Pourquoi Yssandon a-t-il r\u00e9dig\u00e9 son trait\u00e9 ?<\/strong><\/span><\/p>\n<ul>\n<li>Parce qu&rsquo;il s&rsquo;ennuyait chez son m\u00e9c\u00e8ne<\/li>\n<li>Parce que ses \u00e9l\u00e8ves \u00e9taient tr\u00e8s mauvais<\/li>\n<li>Parce que sa femme le lui a demand\u00e9<\/li>\n<li>Parce que beaucoup de musiciens ne pouvaient pas lire les trait\u00e9s antiques.<\/li>\n<\/ul>\n<p><span style=\"color: #ff6600\"><strong>4) Parmi ces cat\u00e9gories, laquelle est abord\u00e9e dans le trait\u00e9 d&rsquo;Yssandon ?<\/strong><\/span><\/p>\n<ul>\n<li>Le chant mou, dur et naturel<\/li>\n<li>Le dod\u00e9caphonisme<\/li>\n<li>Le chant fin<\/li>\n<li>La notation.<\/li>\n<\/ul>\n<p><span style=\"color: #ff00ff\"><strong>5) Que contient en masse la 2\u00e8me partie du trait\u00e9, contrairement \u00e0 la 1\u00e8re ?<\/strong><\/span><\/p>\n<ul>\n<li>Des fautes d&rsquo;orthographes<\/li>\n<li>Des sch\u00e9mas et des illustrations<\/li>\n<li>Des chants \u00e0 4 voix<\/li>\n<li>Des recettes de cuisine<\/li>\n<\/ul>\n<p>Pour conna\u00eetre les r\u00e9ponses \u00e0 ce quizz, cliquez <a title=\"\u00ab\u00a0Trait\u00e9 de la musique pratique\u00a0\u00bb de Jean Yssandon\" href=\"https:\/\/blogs.univ-tlse2.fr\/musique-renaissance\/theorie-pratique\/traites\/traite-de-la-musique-pratique-de-jean-yssandon\/\">ici<\/a> !<\/p>\n","protected":false},"excerpt":{"rendered":"<p>1) De quel endroit Jean Yssandon vient-il ? Du comt\u00e9 de Florence, en Italie De Gen\u00e8ve, en Suisse De Lesart, dans le comt\u00e9 de Foix De Saint Salvadou, [..]<\/p>\n","protected":false},"author":205,"featured_media":0,"parent":639,"menu_order":0,"comment_status":"closed","ping_status":"open","template":"","meta":{"footnotes":""},"class_list":["post-730","page","type-page","status-publish","hentry"],"_links":{"self":[{"href":"https:\/\/blogs.univ-tlse2.fr\/musique-renaissance\/wp-json\/wp\/v2\/pages\/730","targetHints":{"allow":["GET"]}}],"collection":[{"href":"https:\/\/blogs.univ-tlse2.fr\/musique-renaissance\/wp-json\/wp\/v2\/pages"}],"about":[{"href":"https:\/\/blogs.univ-tlse2.fr\/musique-renaissance\/wp-json\/wp\/v2\/types\/page"}],"author":[{"embeddable":true,"href":"https:\/\/blogs.univ-tlse2.fr\/musique-renaissance\/wp-json\/wp\/v2\/users\/205"}],"replies":[{"embeddable":true,"href":"https:\/\/blogs.univ-tlse2.fr\/musique-renaissance\/wp-json\/wp\/v2\/comments?post=730"}],"version-history":[{"count":2,"href":"https:\/\/blogs.univ-tlse2.fr\/musique-renaissance\/wp-json\/wp\/v2\/pages\/730\/revisions"}],"predecessor-version":[{"id":732,"href":"https:\/\/blogs.univ-tlse2.fr\/musique-renaissance\/wp-json\/wp\/v2\/pages\/730\/revisions\/732"}],"up":[{"embeddable":true,"href":"https:\/\/blogs.univ-tlse2.fr\/musique-renaissance\/wp-json\/wp\/v2\/pages\/639"}],"wp:attachment":[{"href":"https:\/\/blogs.univ-tlse2.fr\/musique-renaissance\/wp-json\/wp\/v2\/media?parent=730"}],"curies":[{"name":"wp","href":"https:\/\/api.w.org\/{rel}","templated":true}]}}