 {"id":839,"date":"2014-01-23T18:48:01","date_gmt":"2014-01-23T17:48:01","guid":{"rendered":"https:\/\/blogs.univ-tlse2.fr\/musique-renaissance\/?page_id=839"},"modified":"2025-03-12T17:24:52","modified_gmt":"2025-03-12T16:24:52","slug":"quizz-sur-les-manuscrits-enlumines","status":"publish","type":"page","link":"https:\/\/blogs.univ-tlse2.fr\/musique-renaissance\/theorie-pratique\/quizz\/quizz-sur-les-manuscrits-enlumines\/","title":{"rendered":"Quizz sur les manuscrits enlumin\u00e9s"},"content":{"rendered":"<p><span style=\"color: #ff00ff\"><span style=\"color: #ff9900\">1) Par quoi est influenc\u00e9e la production de manuscrits enlumin\u00e9s<\/span> ?<\/span><\/p>\n<ul>\n<li>par la d\u00e9coration de la salle de bain du Roi d&rsquo;Agobert<\/li>\n<li>par les motifs de la peinture de la Renaissance<\/li>\n<li>par les peintures que l&rsquo;on trouve dans les grottes de Lascaux<\/li>\n<li>par les dessins d&rsquo;enfant retrouv\u00e9 sur les cahiers d&rsquo;harmonie<\/li>\n<\/ul>\n<p><span style=\"color: #ffcc00\">2) Les enluminures sont dessin\u00e9es \u00e0 l&rsquo;aide<\/span> :<\/p>\n<ul>\n<li>d&rsquo;une plume<\/li>\n<li>d&rsquo;un cure-dent<\/li>\n<li>d&rsquo;un coton tige<\/li>\n<li>d&rsquo;une feuille d&rsquo;arbre<\/li>\n<\/ul>\n<p><span style=\"color: #ffff00\">3) A quoi sont destin\u00e9s les manuscrits ?<\/span><\/p>\n<ul>\n<li>A mettre au feu pour r\u00e9chauffer le roi<\/li>\n<li>A conserver le r\u00e9pertoire<\/li>\n<li>A \u00eatre lu aux enfants le soir avant qu&rsquo;il se couche<\/li>\n<li>A enseigner le japonais<\/li>\n<\/ul>\n<p><span style=\"color: #00ff00\">4) Quelles sont les trois activit\u00e9s que comporte l&rsquo;enluminures ?<\/span><\/p>\n<ul>\n<li>esquisse, m\u00e9lange des pigments et coloriage<\/li>\n<li>peinture, \u00e9criture et tricot<\/li>\n<li>dessin, collage et point de croix<\/li>\n<li>\u00a0couture, harmonie et analyse<\/li>\n<\/ul>\n<p><span style=\"color: #00ccff\">5) Quelle est la particularit\u00e9 des manuscrits enlumin\u00e9s par rapport des manuscrits ordinaires ?<\/span><\/p>\n<ul>\n<li>Ils sont aussi tout petit et rentre dans une poche de pantalon<\/li>\n<li>Ils sont en cuir v\u00e9ritable<\/li>\n<li>Ils sont soign\u00e9 et \u00e9l\u00e9gant<\/li>\n<li>Ils sont fait avec des v\u00e9g\u00e9taux<\/li>\n<\/ul>\n","protected":false},"excerpt":{"rendered":"<p>1) Par quoi est influenc\u00e9e la production de manuscrits enlumin\u00e9s ? par la d\u00e9coration de la salle de bain du Roi d&rsquo;Agobert par les motifs de la peinture [..]<\/p>\n","protected":false},"author":205,"featured_media":0,"parent":639,"menu_order":0,"comment_status":"closed","ping_status":"open","template":"","meta":{"footnotes":""},"class_list":["post-839","page","type-page","status-publish","hentry"],"_links":{"self":[{"href":"https:\/\/blogs.univ-tlse2.fr\/musique-renaissance\/wp-json\/wp\/v2\/pages\/839","targetHints":{"allow":["GET"]}}],"collection":[{"href":"https:\/\/blogs.univ-tlse2.fr\/musique-renaissance\/wp-json\/wp\/v2\/pages"}],"about":[{"href":"https:\/\/blogs.univ-tlse2.fr\/musique-renaissance\/wp-json\/wp\/v2\/types\/page"}],"author":[{"embeddable":true,"href":"https:\/\/blogs.univ-tlse2.fr\/musique-renaissance\/wp-json\/wp\/v2\/users\/205"}],"replies":[{"embeddable":true,"href":"https:\/\/blogs.univ-tlse2.fr\/musique-renaissance\/wp-json\/wp\/v2\/comments?post=839"}],"version-history":[{"count":3,"href":"https:\/\/blogs.univ-tlse2.fr\/musique-renaissance\/wp-json\/wp\/v2\/pages\/839\/revisions"}],"predecessor-version":[{"id":842,"href":"https:\/\/blogs.univ-tlse2.fr\/musique-renaissance\/wp-json\/wp\/v2\/pages\/839\/revisions\/842"}],"up":[{"embeddable":true,"href":"https:\/\/blogs.univ-tlse2.fr\/musique-renaissance\/wp-json\/wp\/v2\/pages\/639"}],"wp:attachment":[{"href":"https:\/\/blogs.univ-tlse2.fr\/musique-renaissance\/wp-json\/wp\/v2\/media?parent=839"}],"curies":[{"name":"wp","href":"https:\/\/api.w.org\/{rel}","templated":true}]}}