 {"id":2,"date":"2016-05-24T00:00:06","date_gmt":"2016-05-23T22:00:06","guid":{"rendered":"https:\/\/blogs.univ-tlse2.fr\/nacelles\/?page_id=2"},"modified":"2016-06-01T17:59:04","modified_gmt":"2016-06-01T15:59:04","slug":"presentation","status":"publish","type":"page","link":"https:\/\/blogs.univ-tlse2.fr\/nacelles\/","title":{"rendered":""},"content":{"rendered":"<p><strong>Introduction<\/strong><\/p>\n<p>La fondation de la revue scientifique <em>Nacelles. Pass\u00e9 et pr\u00e9sent de l\u2019a\u00e9ronautique et du spatial<\/em> r\u00e9pond \u00e0 une volont\u00e9 de f\u00e9d\u00e9rer les recherches interdisciplinaires en sciences humaines et sociales qui s\u2019int\u00e9ressent \u00e0 l\u2019aviation, \u00e0 la construction a\u00e9ronautique et au spatial dans un temps long, des premi\u00e8res exp\u00e9riences li\u00e9es au vol au XVIIIe si\u00e8cle jusqu\u2019\u00e0 nos jours. Il s\u2019agit de rassembler les initiatives des historiens, g\u00e9ographes, \u00e9conomistes, gestionnaires, sociologues, etc. qui prennent pour objet d\u2019\u00e9tude les \u00ab\u00a0choses de l\u2019air\u00a0\u00bb dans une perspective historique sans toutefois se limiter aux m\u00e9thodes et aux grilles d\u2019analyses d\u00e9velopp\u00e9es par les historiens.<\/p>\n<p>Cette revue s\u2019adresse aussi bien aux chercheurs et sp\u00e9cialistes de ces questions qu\u2019\u00e0 toute personne susceptible d\u2019\u00eatre int\u00e9ress\u00e9e par les th\u00e9matiques d\u00e9velopp\u00e9es. Les auteurs sont donc invit\u00e9s \u00e0 rester accessibles \u00e0 un public de non-sp\u00e9cialistes, tout en ne perdant pas de vue les exigences li\u00e9es \u00e0 la recherche scientifique. Les propositions d\u2019articles font l\u2019objet d\u2019une \u00e9tude attentive de la part du comit\u00e9 de lecture constitu\u00e9 des membres du comit\u00e9 de r\u00e9daction, et selon les th\u00e8mes, d\u2019une expertise de la part des membres du comit\u00e9 scientifique, dans le cadre de la proc\u00e9dure dite de \u00ab\u00a0double lecture anonyme\u00a0\u00bb. <em>Nacelles. Pass\u00e9 et pr\u00e9sent de l\u2019a\u00e9ronautique et du spatial<\/em>, souhaitant \u00e9largir les collaborations, les rencontres, l\u2019\u00e9mulation entre les chercheurs et s\u2019ouvrir \u00e0 l\u2019international, accepte les contributions en fran\u00e7ais et en anglais.<\/p>\n<p>Revue semestrielle soutenue par FRAMESPA et le Labex SMS, chacun de ses num\u00e9ros peut contenir des dossiers th\u00e9matiques, des comptes rendus de manifestations scientifiques, des recensions d\u2019ouvrages, des synth\u00e8ses de m\u00e9moires de Master, des pr\u00e9sentations de sources de documents historiques ou tout autres rubriques qui pr\u00e9sentent un int\u00e9r\u00eat pour la recherche a\u00e9ronautique et spatiale. Elle est publi\u00e9e par les <em>Presses Universitaires du Midi<\/em> (PUM), et les propositions de textes adress\u00e9es doivent respecter certaines r\u00e8gles d\u00e9crites dans les recommandations aux auteurs. En outre, d\u00e9velopp\u00e9e au format num\u00e9rique, la revue accepte les photographies, vid\u00e9os ou tous autres supports illustrant les textes.<\/p>\n<p>Si la vocation de cette revue est avant tout d\u2019analyser les permanences, les mutations et les \u00e9volutions de l\u2019a\u00e9ronautique et du spatial dans une perspective historique, il s\u2019agit aussi de valoriser les travaux des chercheurs confirm\u00e9s ou en devenir, afin de contribuer \u00e0 l\u2019\u00e9mergence d\u2019un p\u00f4le de recherches performant et interdisciplinaire. Dans cette optique, la revue accorde une large place aux aspects \u00e9conomiques, sociaux et culturels. Elle souhaite aussi s\u2019int\u00e9resser plus particuli\u00e8rement aux acteurs qui participent de pr\u00e8s ou de loin \u00e0 la construction, \u00e0 l\u2019exploitation ou encore \u00e0 l\u2019administration de ce secteur, dans une perspective \u00e0 la fois locale, nationale et internationale.<\/p>\n<p><strong>Rubriques<\/strong><\/p>\n<p>&#8211; Dossier et varia\u00a0: Les articles sont sign\u00e9s par leurs auteurs et appuy\u00e9s sur un appareillage critique. L\u2019article de recherche est un texte scientifique de 80\u00a0000 signes maximum (espaces inclus, soit 12\u00a0000 mots). Les auteurs ont aussi la possibilit\u00e9 de soumettre un dossier th\u00e9matique (merci de prendre contact au pr\u00e9alable avec le Comit\u00e9 \u00e9ditorial). Celui-ci contient au minimum quatre articles de recherche de quatre auteurs diff\u00e9rents + une introduction au dossier (en fran\u00e7ais et en anglais).<\/p>\n<p>&#8211; Sources, acteurs, t\u00e9moignages\u00a0: cette rubrique est destin\u00e9e \u00e0 la retranscription d\u2019entretiens avec des acteurs et t\u00e9moins de l\u2019aviation et du spatial, ou \u00e0 la pr\u00e9sentation de sources originales et d\u2019importance. Ils doivent \u00eatre accompagn\u00e9s d\u2019une courte remise en contexte et ne pas d\u00e9passer 40 \u00e0 60\u00a0000 signes (espaces inclus, soit 8\u00a0000 mots).<\/p>\n<p>&#8211; Recensions d\u2019ouvrages\u00a0: Les recensions, in\u00e9dites, ne doivent pas d\u00e9passer 20\u00a0000 signes (espaces inclus, soit 3\u00a0000 mots). Elles peuvent porter sur tout ouvrage publi\u00e9 dans un des th\u00e8mes privil\u00e9gi\u00e9s de la revue. Elles sont accompagn\u00e9es d\u2019une photographie de la couverture de l\u2019ouvrage comment\u00e9.<\/p>\n<p>&#8211; Position de master et de th\u00e8se\u00a0: Les positions de masters et de th\u00e8ses sont des r\u00e9sum\u00e9s de travaux soutenus dans les cinq ann\u00e9es pr\u00e9c\u00e9dentes, sans limitation de lieu. Elles ne doivent pas d\u00e9passer 10\u00a0000 signes (soit 2\u00a0000 mots) pour les positions de master et 20\u00a0000 signes (soit 3\u00a0000 mots) pour les positions de th\u00e8ses.<\/p>\n<p>&#8211; Comptes rendus de manifestations scientifiques\u00a0: Les comptes rendus de manifestations scientifiques visent \u00e0 pr\u00e9senter les r\u00e9sultats des s\u00e9minaires, des journ\u00e9es d\u2019\u00e9tudes ou autres. Ils ne doivent pas d\u00e9passer 20\u00a0000 signes (espaces inclus, soit 3\u00a0000 mots).<\/p>\n<p>&#8211; Autres\u00a0: Si vous souhaitez proposer d\u2019autres projets, merci de contacter le Comit\u00e9 \u00e9ditorial<\/p>\n<p>n&#97;&#x63;&#x65;ll&#101;&#x73;&#x40;un&#105;&#x76;&#x2d;tl&#x73;&#x65;&#x32;&#46;&#102;&#x72;<\/p>\n<p>&nbsp;<\/p>\n<hr \/>\n<p><strong>Introduction<\/strong><\/p>\n<p>The scholarly journal <em>Nacelles. Past and Present of Aeronautics and Space<\/em>\u00a0seeks to bring together interdisciplinary research in the humanities and social sciences in the field of aviation, aeronautics, the space industry and other subjects related to the \u201cconquest of the sky\u201d from the eighteenth century\u2019s first flight experiments to the present day. We publish research from historians, geographers, economists, managers, sociologists, and other fields who study flight and its objects in a historical perspective, without, however, requiring traditional historical methods or theoretical frameworks.<\/p>\n<p>This journal welcomes submissions from researchers and specialists in the field, but also any other person with a scholarly interest in these subjects. Authors are therefore requested to write in such a way as to be understandable for non-specialists while remaining rigorous academic standards. Article submission must be have solid scholarly and critical foundations; they will be attentively studied by the Executive Board, composed of members of the Editorial Board, and sometimes including members of the Academic Board if the object of study calls for specific expertise, within the procedure of double-blind peer-reviewing. In order to promote international collaboration and exchange, <em>Nacelles.\u00a0Past and Present of Aeronautics and Space\u00a0<\/em>accepts submissions in both French and English.<\/p>\n<p><em>Nacelles.\u00a0Past and Present of Aeronautics and Space<\/em> is a bi-annual review supported by the research centre FRAMESPA (Toulouse) and the Labex SMS, and published by the <em>Presses Universitaires du Midi<\/em>. Each issue consists of a thematic section, reports from academic conferences, book and dissertation reviews, source and historical document reviews or any other text which may be of interest for the field of aeronautics and the space industry. Submitted articles must follow the specific requirements as described in the author guidelines. Moreover, as an electronic journal, the review accepts any pictures, videos or media that illustrate the articles.<\/p>\n<p>The primary mission of the journal is to analyse the constants, the transformations, and historical changes in the social field of aeronautics and space. Another practical goal is to highlight the works of both experienced and younger scholars, in order to support the emergence of a strong interdisciplinary cluster. It is for this reason that the journal offers a broad space for economic, social and cultural aspects, as well as to participants and witnesses who played a part in the construction, the operation, and the management of this sector whether locally, nationally or internationally. The journal <em>Nacelles. Past and Present of Aeronautics and Space<\/em> seeks to substantially renew our knowledge in the field by bringing together a variety of studies and initiatives to enhance new research agendas.<\/p>\n<p><strong>Sections<\/strong><\/p>\n<p>&#8211; Thematic dossier and varia: Articles will be signed by the authors and must be have a strong scholarly basis and critical apparatus. Research articles will be no more than 12,000 words. Authors may also submit a proposal for an entire thematic issue (in this case, please contact the editorial board). A thematic section includes at least four research articles from four different authors, with an introduction written in both French and English.<\/p>\n<p>&#8211; Sources, participants, records: this section is dedicated to interviews, transcriptions from witnesses and stakeholders in the field of aeronautics and space industry, or to the presentation of original and important historical sources. These texts must have a short context description and a maximum of 8000 words.<\/p>\n<p>&#8211; Book reviews: Reviews may not exceed 3,000 words and must not have been published elsewhere. They may refer to any book related to the academic fields of the journal. They have the cover image of the reviewed book.<\/p>\n<p>&#8211; Master\u2019s thesis and Ph.D. dissertation reviews: They consist of summaries of works defended in any country in the course of the 5 previous years. They may not exceed 2,000 words for master\u2019s thesis reviews and 3,000 words for dissertation reviews.<\/p>\n<p>&#8211; Academic conference reports: These texts present results of research presented at scientific symposiums or conferences, and have a maximum of 3,000 words.<\/p>\n<p>&#8211; Other: If you wish to propose other projects, please contact the Editorial Board<\/p>\n<p>&#x6e;&#x61;&#x63;&#x65;&#108;&#108;es&#64;un&#x69;&#x76;&#x2d;&#x74;&#x6c;&#115;e2&#46;fr<\/p>\n","protected":false},"excerpt":{"rendered":"<p>Introduction La fondation de la revue scientifique Nacelles. Pass\u00e9 et pr\u00e9sent de l\u2019a\u00e9ronautique et du spatial r\u00e9pond \u00e0 une volont\u00e9 de f\u00e9d\u00e9rer les recherches interdisciplinaires en sciences humaines et sociales qui s\u2019int\u00e9ressent \u00e0 l\u2019aviation, \u00e0 la construction a\u00e9ronautique et au spatial dans un temps long, des premi\u00e8res exp\u00e9riences li\u00e9es au vol au XVIIIe si\u00e8cle jusqu\u2019\u00e0 &hellip; <a href=\"https:\/\/blogs.univ-tlse2.fr\/nacelles\/\" class=\"more-link\">Continuer la lecture<span class=\"screen-reader-text\"> de &laquo;&nbsp;&nbsp;&raquo;<\/span><\/a><\/p>\n","protected":false},"author":304,"featured_media":19,"parent":0,"menu_order":0,"comment_status":"closed","ping_status":"open","template":"","meta":{"footnotes":""},"class_list":["post-2","page","type-page","status-publish","has-post-thumbnail","hentry"],"_links":{"self":[{"href":"https:\/\/blogs.univ-tlse2.fr\/nacelles\/wp-json\/wp\/v2\/pages\/2","targetHints":{"allow":["GET"]}}],"collection":[{"href":"https:\/\/blogs.univ-tlse2.fr\/nacelles\/wp-json\/wp\/v2\/pages"}],"about":[{"href":"https:\/\/blogs.univ-tlse2.fr\/nacelles\/wp-json\/wp\/v2\/types\/page"}],"author":[{"embeddable":true,"href":"https:\/\/blogs.univ-tlse2.fr\/nacelles\/wp-json\/wp\/v2\/users\/304"}],"replies":[{"embeddable":true,"href":"https:\/\/blogs.univ-tlse2.fr\/nacelles\/wp-json\/wp\/v2\/comments?post=2"}],"version-history":[{"count":9,"href":"https:\/\/blogs.univ-tlse2.fr\/nacelles\/wp-json\/wp\/v2\/pages\/2\/revisions"}],"predecessor-version":[{"id":71,"href":"https:\/\/blogs.univ-tlse2.fr\/nacelles\/wp-json\/wp\/v2\/pages\/2\/revisions\/71"}],"wp:featuredmedia":[{"embeddable":true,"href":"https:\/\/blogs.univ-tlse2.fr\/nacelles\/wp-json\/wp\/v2\/media\/19"}],"wp:attachment":[{"href":"https:\/\/blogs.univ-tlse2.fr\/nacelles\/wp-json\/wp\/v2\/media?parent=2"}],"curies":[{"name":"wp","href":"https:\/\/api.w.org\/{rel}","templated":true}]}}