 {"id":121,"date":"2011-09-21T20:24:28","date_gmt":"2011-09-21T18:24:28","guid":{"rendered":"http:\/\/npl-aphasia-2012.com\/?page_id=121"},"modified":"2015-07-13T17:15:27","modified_gmt":"2015-07-13T15:15:27","slug":"registration","status":"publish","type":"page","link":"https:\/\/blogs.univ-tlse2.fr\/npl-aphasia-2012\/fr\/registration\/","title":{"rendered":"Registration"},"content":{"rendered":"<p><br \/>\nDate limite pour l&rsquo;inscription : 07\/06.<\/p>\n<p>Remplir le formulaire en ligne :<br \/>\n<span style=\"text-decoration: underline\"><span style=\"color: #000080\"><strong><a href=\"http:\/\/w3.colloquescprs.univ-tlse2.fr\/spip.php?rubrique52&amp;lang=en\" target=\"_blank\"><span style=\"color: #000080;text-decoration: underline\">http:\/\/w3.colloquescprs.univ-tlse2.fr\/spip.php?rubrique52&amp;lang=en<\/span><\/a><\/strong><\/span><\/span><\/p>\n<p><span style=\"color: #000080\"><strong>Droits d&rsquo;entr\u00e9e :<\/strong><\/span><br \/>\n&gt;90\u20ac (tarif unique pour 1, 2 ou 3 jours)<br \/>\n&gt;acc\u00e8s libre et sur inscription : \u00e9tudiants, personnes aphasiques et membres de groupe \/ association de personnes aphasiques, enseignants de l&rsquo;UTM<\/p>\n<div><span style=\"color: #000080\"><strong>Nom et num\u00e9ro de l&rsquo;organisme.<br \/>\n<\/strong><\/span><\/div>\n<div>Universit\u00e9 de Toulouse II-Le Mirail. 19311383400017.<br \/>\nCe num\u00e9ro d&rsquo;enregistrement ne vaut pas agr\u00e9ment de l&rsquo;\u00c9tat.<\/div>\n<div><strong><span style=\"color: #000080\">Agr\u00e9ment FIF-PL.<\/span><\/strong><\/div>\n<p><\/p>","protected":false},"excerpt":{"rendered":"<p>Date limite pour l&rsquo;inscription : 07\/06. Remplir le formulaire en ligne : http:\/\/w3.colloquescprs.univ-tlse2.fr\/spip.php?rubrique52&amp;lang=en Droits d&rsquo;entr\u00e9e : &gt;90\u20ac (tarif unique pour 1, 2 ou 3 jours) &gt;acc\u00e8s libre et sur inscription : \u00e9tudiants, personnes aphasiques et membres de groupe \/ association de personnes aphasiques, enseignants de l&rsquo;UTM Nom et num\u00e9ro de l&rsquo;organisme. Universit\u00e9 de Toulouse II-Le [&hellip;]<\/p>\n","protected":false},"author":128,"featured_media":0,"parent":0,"menu_order":5,"comment_status":"closed","ping_status":"open","template":"","meta":{"footnotes":""},"class_list":["post-121","page","type-page","status-publish","hentry"],"_links":{"self":[{"href":"https:\/\/blogs.univ-tlse2.fr\/npl-aphasia-2012\/fr\/wp-json\/wp\/v2\/pages\/121","targetHints":{"allow":["GET"]}}],"collection":[{"href":"https:\/\/blogs.univ-tlse2.fr\/npl-aphasia-2012\/fr\/wp-json\/wp\/v2\/pages"}],"about":[{"href":"https:\/\/blogs.univ-tlse2.fr\/npl-aphasia-2012\/fr\/wp-json\/wp\/v2\/types\/page"}],"author":[{"embeddable":true,"href":"https:\/\/blogs.univ-tlse2.fr\/npl-aphasia-2012\/fr\/wp-json\/wp\/v2\/users\/128"}],"replies":[{"embeddable":true,"href":"https:\/\/blogs.univ-tlse2.fr\/npl-aphasia-2012\/fr\/wp-json\/wp\/v2\/comments?post=121"}],"version-history":[{"count":5,"href":"https:\/\/blogs.univ-tlse2.fr\/npl-aphasia-2012\/fr\/wp-json\/wp\/v2\/pages\/121\/revisions"}],"predecessor-version":[{"id":751,"href":"https:\/\/blogs.univ-tlse2.fr\/npl-aphasia-2012\/fr\/wp-json\/wp\/v2\/pages\/121\/revisions\/751"}],"wp:attachment":[{"href":"https:\/\/blogs.univ-tlse2.fr\/npl-aphasia-2012\/fr\/wp-json\/wp\/v2\/media?parent=121"}],"curies":[{"name":"wp","href":"https:\/\/api.w.org\/{rel}","templated":true}]}}