 {"id":23,"date":"2011-09-17T13:56:00","date_gmt":"2011-09-17T13:56:00","guid":{"rendered":"http:\/\/npl-aphasia-2012.com\/?page_id=23"},"modified":"2015-07-13T17:19:50","modified_gmt":"2015-07-13T15:19:50","slug":"home","status":"publish","type":"page","link":"https:\/\/blogs.univ-tlse2.fr\/npl-aphasia-2012\/fr\/","title":{"rendered":"International conference &#8211; neuropsycholinguistic perspectives on aphasia 21-22-23 Juin 2012"},"content":{"rendered":"<p><\/p>\n<p style=\"text-align: center\"><a href=\"https:\/\/blogs.univ-tlse2.fr\/npl-aphasia-2012\/files\/2012\/07\/PROCEEDINGS_FINAL.pdf\" target=\"_blank\"><span style=\"text-decoration: underline\"><span style=\"color: #000080;text-decoration: underline\"><span style=\"color: #000080;text-decoration: underline\"><strong>r\u00e9sum\u00e9s des communications<\/strong><\/span><\/span><\/span><\/a><\/p>\n<p style=\"text-align: justify\"><span style=\"color: #000080\"><strong>Conf\u00e9renciers invit\u00e9s<\/strong><\/span><br \/>\nMarie-Pierre DE PARTZ, Universit\u00e9 Catholique de Louvain<br \/>\nMarina LAGANARO, Universit\u00e9 de Gen\u00e8ve<br \/>\nJean-Luc NESPOULOUS, Universit\u00e9 de Toulouse-Le Mirail<br \/>\nMichel PARADIS, Universit\u00e9 McGill &amp; UQ\u00c0M<\/p>\n<hr \/>\n<p style=\"text-align: justify\">\n<p style=\"text-align: center\"><span style=\"color: #000080\"><strong><a href=\"http:\/\/octogone.univ-tlse2.fr\/accueil\/composantes\/lordat\/\" target=\"_blank\"><img loading=\"lazy\" decoding=\"async\" class=\"alignnone  wp-image-740 aligncenter\" src=\"https:\/\/blogs.univ-tlse2.fr\/npl-aphasia-2012\/files\/2015\/07\/Lordat2.jpg\" alt=\"Lordat\" width=\"99\" height=\"82\" \/><\/a><\/strong><\/span><span style=\"color: #000080\"><strong><a href=\"http:\/\/octogone.univ-tlse2.fr\/\" target=\"_blank\"><img loading=\"lazy\" decoding=\"async\" class=\"  wp-image-738 aligncenter\" src=\"https:\/\/blogs.univ-tlse2.fr\/npl-aphasia-2012\/files\/2015\/07\/logo-octogone1-300x300.jpg\" alt=\"logo-octogone\" width=\"97\" height=\"97\" srcset=\"https:\/\/blogs.univ-tlse2.fr\/npl-aphasia-2012\/files\/2015\/07\/logo-octogone1-300x300.jpg 300w, https:\/\/blogs.univ-tlse2.fr\/npl-aphasia-2012\/files\/2015\/07\/logo-octogone1-150x150.jpg 150w, https:\/\/blogs.univ-tlse2.fr\/npl-aphasia-2012\/files\/2015\/07\/logo-octogone1.jpg 472w\" sizes=\"auto, (max-width: 97px) 100vw, 97px\" \/><\/a><\/strong><\/span><a href=\"http:\/\/www.ifr96.ups-tlse.fr\/\" target=\"_blank\"><img loading=\"lazy\" decoding=\"async\" class=\"alignnone  wp-image-67\" src=\"https:\/\/blogs.univ-tlse2.fr\/npl-aphasia-2012\/files\/2011\/09\/ISC.jpg\" alt=\"ISC\" width=\"97\" height=\"52\" \/><\/a><\/p>\n<hr \/>\n<p style=\"text-align: justify\">L&rsquo;\u00e9tude de la pathologie acquise du langage, et l\u2019<span style=\"color: #000080\"><strong>aphasie<\/strong><\/span> chez l\u2019adulte en particulier, fait converger diverses perspectives de recherche en sciences du langage et de la cognition\u00a0:<\/p>\n<ul style=\"text-align: justify\">\n<li>La <span style=\"color: #000080\"><strong>neurolinguistique<\/strong><\/span> (\u00e0 travers l\u2019\u00e9tude de l\u2019ancrage neurobiologique des fonctions langagi\u00e8res et cognitives);<\/li>\n<li>La <span style=\"color: #000080\"><strong>psycholinguistique<\/strong><\/span> (\u00e0 travers l\u2019\u00e9tude des processus de d\u00e9codage et d\u2019encodage de l\u2019information linguistique impliqu\u00e9s dans les divers niveaux de traitements)\u00a0;<\/li>\n<li>La <span style=\"color: #000080\"><strong>linguistique<\/strong><\/span> (\u00e0 travers l\u2019\u00e9tude des diff\u00e9rents niveaux de repr\u00e9sentations et leurs interfaces en phon\u00e9tique, phonologie, morphologie, s\u00e9mantique, lexique, syntaxe, discours, pragmatique, prosodie).<\/li>\n<\/ul>\n<p style=\"text-align: justify\">Afin d\u2019\u00e9tayer, selon divers points de vue, la r\u00e9flexion autour de l\u2019aphasie, ce colloque interdisciplinaire a pour objectif de mettre en avant des travaux portant sur les approches qualitative et quantitative des troubles langagiers chez des patients c\u00e9r\u00e9bro-l\u00e9s\u00e9s gauche et\/ou droit (l\u00e9sions d&rsquo;origine traumatique, vasculaire, d\u00e9mence &#8211; \u00e9tudes de groupes ou \u00e9tudes de cas), qu\u2019elles rel\u00e8vent d\u2019une des approches pr\u00e9cit\u00e9es en particulier, ou de plusieurs de ces approches \u00e0 la fois.<\/p>\n<hr \/>\n<p style=\"text-align: center\"><span style=\"color: #000080\"><strong><a href=\"http:\/\/www.univ-tlse2.fr\/#m51861766771973143\" target=\"_blank\"><img loading=\"lazy\" decoding=\"async\" class=\"alignnone  wp-image-739\" src=\"https:\/\/blogs.univ-tlse2.fr\/npl-aphasia-2012\/files\/2015\/07\/logo-utm-compresse2.jpg\" alt=\"logo-utm-compresse\" width=\"96\" height=\"70\" srcset=\"https:\/\/blogs.univ-tlse2.fr\/npl-aphasia-2012\/files\/2015\/07\/logo-utm-compresse2.jpg 160w, https:\/\/blogs.univ-tlse2.fr\/npl-aphasia-2012\/files\/2015\/07\/logo-utm-compresse2-150x110.jpg 150w\" sizes=\"auto, (max-width: 96px) 100vw, 96px\" \/><\/a><\/strong><\/span><span style=\"color: #000080\"><strong><a href=\"http:\/\/www.univ-tlse2.fr\/#m51861766771973143\" target=\"_blank\"><img loading=\"lazy\" decoding=\"async\" class=\"alignnone  wp-image-737\" src=\"https:\/\/blogs.univ-tlse2.fr\/npl-aphasia-2012\/files\/2015\/07\/LOGO-Q-texte-noir-300x72.png\" alt=\"LOGO - Q texte noir\" width=\"196\" height=\"47\" srcset=\"https:\/\/blogs.univ-tlse2.fr\/npl-aphasia-2012\/files\/2015\/07\/LOGO-Q-texte-noir-300x72.png 300w, https:\/\/blogs.univ-tlse2.fr\/npl-aphasia-2012\/files\/2015\/07\/LOGO-Q-texte-noir-150x36.png 150w, https:\/\/blogs.univ-tlse2.fr\/npl-aphasia-2012\/files\/2015\/07\/LOGO-Q-texte-noir-1024x244.png 1024w, https:\/\/blogs.univ-tlse2.fr\/npl-aphasia-2012\/files\/2015\/07\/LOGO-Q-texte-noir-624x149.png 624w, https:\/\/blogs.univ-tlse2.fr\/npl-aphasia-2012\/files\/2015\/07\/LOGO-Q-texte-noir.png 1040w\" sizes=\"auto, (max-width: 196px) 100vw, 196px\" \/><\/a><\/strong><\/span><span style=\"color: #000080\"><strong>\u00a0<\/strong><\/span><span style=\"color: #000080\"><strong><a href=\"http:\/\/www.univ-toulouse.fr\/\" target=\"_blank\"><img loading=\"lazy\" decoding=\"async\" class=\"alignnone  wp-image-741\" src=\"https:\/\/blogs.univ-tlse2.fr\/npl-aphasia-2012\/files\/2015\/07\/Univ-toulouse-logo-press-1_1354197509732-gif-200x300.gif\" alt=\"Univ-toulouse-logo-press-1_1354197509732-gif\" width=\"83\" height=\"125\" srcset=\"https:\/\/blogs.univ-tlse2.fr\/npl-aphasia-2012\/files\/2015\/07\/Univ-toulouse-logo-press-1_1354197509732-gif-200x300.gif 200w, https:\/\/blogs.univ-tlse2.fr\/npl-aphasia-2012\/files\/2015\/07\/Univ-toulouse-logo-press-1_1354197509732-gif-100x150.gif 100w, https:\/\/blogs.univ-tlse2.fr\/npl-aphasia-2012\/files\/2015\/07\/Univ-toulouse-logo-press-1_1354197509732-gif-624x935.gif 624w\" sizes=\"auto, (max-width: 83px) 100vw, 83px\" \/><\/a><\/strong><\/span><\/p>\n<hr \/>\n<p style=\"text-align: center\"><span style=\"color: #000080\"><strong><a href=\"http:\/\/www.cnrs.fr\/\" target=\"_blank\"><img loading=\"lazy\" decoding=\"async\" class=\"alignnone size-full wp-image-66\" src=\"https:\/\/blogs.univ-tlse2.fr\/npl-aphasia-2012\/files\/2011\/09\/CNRS.jpg\" alt=\"UMR 7023 SFL \/ Paris 8\" width=\"75\" height=\"75\" \/><\/a> \u00a0\u00a0 <a href=\"http:\/\/www.umr7023.cnrs.fr\/\" target=\"_blank\"><img loading=\"lazy\" decoding=\"async\" class=\"alignnone size-medium wp-image-260\" src=\"https:\/\/blogs.univ-tlse2.fr\/npl-aphasia-2012\/files\/2011\/09\/logo-Labo1-300x58.jpg\" alt=\"logo-Labo1\" width=\"300\" height=\"58\" srcset=\"https:\/\/blogs.univ-tlse2.fr\/npl-aphasia-2012\/files\/2011\/09\/logo-Labo1-300x58.jpg 300w, https:\/\/blogs.univ-tlse2.fr\/npl-aphasia-2012\/files\/2011\/09\/logo-Labo1-150x29.jpg 150w, https:\/\/blogs.univ-tlse2.fr\/npl-aphasia-2012\/files\/2011\/09\/logo-Labo1.jpg 314w\" sizes=\"auto, (max-width: 300px) 100vw, 300px\" \/><\/a><\/strong><\/span><\/p>\n<hr \/>\n<p style=\"text-align: center\"><span style=\"color: #000080\"><strong><a href=\"http:\/\/iuf.amue.fr\/\" target=\"_blank\"><img loading=\"lazy\" decoding=\"async\" class=\"  wp-image-536 aligncenter\" src=\"https:\/\/blogs.univ-tlse2.fr\/npl-aphasia-2012\/files\/2012\/05\/iuf-logo-90-90.jpg\" alt=\"iuf logo 90-90\" width=\"107\" height=\"107\" \/><\/a><\/strong><\/span><span style=\"color: #000080\"><strong><a href=\"http:\/\/www.midipyrenees.fr\/\" target=\"_blank\"><img loading=\"lazy\" decoding=\"async\" class=\"alignnone  wp-image-543 aligncenter\" src=\"https:\/\/blogs.univ-tlse2.fr\/npl-aphasia-2012\/files\/2012\/05\/340px-Logo_CR_Midi-Pyr\u00e9n\u00e9esPETIT.svg_.png\" alt=\"340px-Logo_CR_Midi-Pyr\u00e9n\u00e9esPETIT.svg\" width=\"110\" height=\"110\" srcset=\"https:\/\/blogs.univ-tlse2.fr\/npl-aphasia-2012\/files\/2012\/05\/340px-Logo_CR_Midi-Pyr\u00e9n\u00e9esPETIT.svg_.png 160w, https:\/\/blogs.univ-tlse2.fr\/npl-aphasia-2012\/files\/2012\/05\/340px-Logo_CR_Midi-Pyr\u00e9n\u00e9esPETIT.svg_-150x150.png 150w\" sizes=\"auto, (max-width: 110px) 100vw, 110px\" \/><\/a><\/strong><\/span> <a href=\"https:\/\/blogs.univ-tlse2.fr\/npl-aphasia-2012\/files\/2011\/09\/aphasia.jpg\"><img loading=\"lazy\" decoding=\"async\" class=\"alignnone size-full wp-image-176\" src=\"https:\/\/blogs.univ-tlse2.fr\/npl-aphasia-2012\/files\/2011\/09\/aphasia.jpg\" alt=\"aphasia\" width=\"90\" height=\"65\" \/><\/a> <a href=\"https:\/\/blogs.univ-tlse2.fr\/npl-aphasia-2012\/files\/2011\/09\/apropos.jpg\"><img loading=\"lazy\" decoding=\"async\" class=\"alignnone  wp-image-175\" src=\"https:\/\/blogs.univ-tlse2.fr\/npl-aphasia-2012\/files\/2011\/09\/apropos.jpg\" alt=\"apropos\" width=\"111\" height=\"68\" \/><\/a> <a href=\"http:\/\/lurco.unadreo.org\/\" target=\"_blank\"><img loading=\"lazy\" decoding=\"async\" class=\"alignnone  wp-image-76\" src=\"https:\/\/blogs.univ-tlse2.fr\/npl-aphasia-2012\/files\/2011\/09\/UNADREO-e1316721152256.jpg\" alt=\"UNADREO\" width=\"96\" height=\"69\" \/><\/a> <a href=\"http:\/\/lurco.unadreo.org\/\" target=\"_blank\"><img loading=\"lazy\" decoding=\"async\" class=\"alignnone  wp-image-75\" src=\"https:\/\/blogs.univ-tlse2.fr\/npl-aphasia-2012\/files\/2011\/09\/LURCO-e1316721172333.jpg\" alt=\"LURCO\" width=\"83\" height=\"69\" \/><\/a><\/p>\n<p style=\"text-align: justify\"><!--more-->En se focalisant autant sur les aspects fondamentaux des troubles (dysfonctionnement sous-jacent, r\u00e9organisation fonctionnelle, \u00e9mergence de strat\u00e9gies d\u2019adaptation, etc.) que sur les aspects pratiques (recherche applicative pour la prise en charge), des propositions de contributions se situant dans l&rsquo;une ou plusieurs des perspectives ci-dessous sont particuli\u00e8rement encourag\u00e9es (non restrictif)\u00a0:<\/p>\n<ul style=\"text-align: justify\">\n<li>La <span style=\"color: #000080\"><strong>perspective<\/strong> <strong>de<\/strong> <strong>mod\u00e9lisation <\/strong><\/span>des structures et fonctions langagi\u00e8res et cognitives\u00a0;<\/li>\n<li>La <span style=\"color: #000080\"><strong>perspective de rem\u00e9diation <\/strong><\/span>pour la prise en charge des patients c\u00e9r\u00e9bro-l\u00e9s\u00e9s en orthophonie (\u00e9laboration et validation de programmes de r\u00e9\u00e9ducation ou de tests d\u2019\u00e9valuation, notamment issus de travaux en recherche clinique) ;<\/li>\n<li>Les<strong><span style=\"color: #000080\"> perspectives th\u00e9matiques transversales<\/span>\u00a0:<\/strong><br \/>\n&#8211; Dysfonctionnement et normalit\u00e9\u00a0;<br \/>\n&#8211; Approche translinguistique et bilinguisme ;<br \/>\n&#8211; M\u00e9thodologies empiriques et exp\u00e9rimentales ;<br \/>\n&#8211; Stabilit\u00e9 et instabilit\u00e9 des performances\u00a0;<br \/>\n&#8211; R\u00e9adaptation \/ rem\u00e9diation \/ \u00e9valuation \/ programmes de r\u00e9\u00e9ducation ;<br \/>\n&#8211; Strat\u00e9gies spontan\u00e9es ou induites, et leur place dans la prise en charge.<\/li>\n<\/ul>\n<p style=\"text-align: justify\">Une attention particuli\u00e8re sera accord\u00e9e aux travaux consacr\u00e9s aux dissociations, qu&rsquo;elles soient pertinentes ou non, et aux travaux permettant d\u2019envisager les structures, processus et usages du langage en contexte neuro-pathologique et dans la \u00ab\u00a0normalit\u00e9\u00a0\u00bb, sur la base de m\u00e9thodes empiriques ou exp\u00e9rimentales originales (traitement automatique, approche formelle, recueil et analyse de corpus, oculom\u00e9trie, \u00e9tude des variabilit\u00e9s intra- ou inter-t\u00e2che(s) \/ intra- ou inter-sujet(s) \/ intra- ou inter-langue(s), dissociations entre modalit\u00e9s : compr\u00e9hension &#8211; production \/ oral &#8211; \u00e9crit &#8211; non verbal, IRMf, TEP, chirurgie \u00e9veill\u00e9e, etc.).<\/p>\n<p style=\"text-align: justify\">Les contributions seront pr\u00e9sent\u00e9es et discut\u00e9es lors de s\u00e9ances de communications orales (20 minutes de pr\u00e9sentation + questions) et affich\u00e9es. De plus, des <span style=\"color: #000080\"><strong>sessions d&rsquo;ateliers<\/strong><\/span> seront organis\u00e9es afin d\u2019encourager des discussions plus approfondies. Les ateliers se d\u00e9clineront en quatre axes th\u00e9matiques\u00a0:<br \/>\n<span style=\"color: #000080\"><strong>1-<\/strong><\/span> Approche translinguistique \/ typologique en aphasiologie\u00a0;<br \/>\n<span style=\"color: #000080\"><strong>2-<\/strong><\/span> M\u00e9thodes empiriques et exp\u00e9rimentales en aphasiologie\u00a0;<br \/>\n<span style=\"color: #000080\"><strong>3-<\/strong><\/span> Application clinique: validation et re-validation de programmes de prise en charge (en cours ou envisag\u00e9s)\u00a0;<br \/>\n<span style=\"color: #000080\"><strong>4-<\/strong><\/span> R\u00e9adaptation sociale de la personne aphasique\u00a0: du mieux communiquer au mieux vivre.<\/p>\n<p style=\"text-align: justify\">Les propositions de communications (maximum 600 mots, r\u00e9f\u00e9rences bibliographiques comprises) pr\u00e9ciseront la forme de pr\u00e9sentation souhait\u00e9e (communication orale, communication affich\u00e9e ou communication orale\/affich\u00e9e en atelier).<\/p>\n<p><\/p>","protected":false},"excerpt":{"rendered":"<p>D\u00e9sol\u00e9, cet article est seulement disponible en English.<\/p>\n","protected":false},"author":128,"featured_media":0,"parent":0,"menu_order":0,"comment_status":"closed","ping_status":"open","template":"","meta":{"footnotes":""},"class_list":["post-23","page","type-page","status-publish","hentry"],"_links":{"self":[{"href":"https:\/\/blogs.univ-tlse2.fr\/npl-aphasia-2012\/fr\/wp-json\/wp\/v2\/pages\/23","targetHints":{"allow":["GET"]}}],"collection":[{"href":"https:\/\/blogs.univ-tlse2.fr\/npl-aphasia-2012\/fr\/wp-json\/wp\/v2\/pages"}],"about":[{"href":"https:\/\/blogs.univ-tlse2.fr\/npl-aphasia-2012\/fr\/wp-json\/wp\/v2\/types\/page"}],"author":[{"embeddable":true,"href":"https:\/\/blogs.univ-tlse2.fr\/npl-aphasia-2012\/fr\/wp-json\/wp\/v2\/users\/128"}],"replies":[{"embeddable":true,"href":"https:\/\/blogs.univ-tlse2.fr\/npl-aphasia-2012\/fr\/wp-json\/wp\/v2\/comments?post=23"}],"version-history":[{"count":20,"href":"https:\/\/blogs.univ-tlse2.fr\/npl-aphasia-2012\/fr\/wp-json\/wp\/v2\/pages\/23\/revisions"}],"predecessor-version":[{"id":752,"href":"https:\/\/blogs.univ-tlse2.fr\/npl-aphasia-2012\/fr\/wp-json\/wp\/v2\/pages\/23\/revisions\/752"}],"wp:attachment":[{"href":"https:\/\/blogs.univ-tlse2.fr\/npl-aphasia-2012\/fr\/wp-json\/wp\/v2\/media?parent=23"}],"curies":[{"name":"wp","href":"https:\/\/api.w.org\/{rel}","templated":true}]}}