 {"id":85,"date":"2011-09-21T19:14:19","date_gmt":"2011-09-21T17:14:19","guid":{"rendered":"http:\/\/npl-aphasia-2012.com\/?page_id=85"},"modified":"2015-07-13T15:54:31","modified_gmt":"2015-07-13T13:54:31","slug":"committees","status":"publish","type":"page","link":"https:\/\/blogs.univ-tlse2.fr\/npl-aphasia-2012\/committees\/","title":{"rendered":"Committees"},"content":{"rendered":"<p><\/p>\n<h1><span style=\"color: #000080\">Scientific committee<\/span><\/h1>\n<p><strong><span style=\"color: #000080\">Corine AST\u00c9SANO<\/span><\/strong> (LPL, Aix-en-Provence \/ OCTOGONE-J. Lordat, Toulouse 2)<br \/>\n<strong><span style=\"color: #000080\">Lorraine BAQU\u00c9<\/span><\/strong> (Laboratori fLexSem, Universitat Aut\u00f2noma de Barcelona)<br \/>\n<span style=\"color: #000080\"><strong>Melissa BARKAT-DEFRADAS<\/strong><\/span> (PRAXILING, UMR 5267, CNRS \/ Montpellier 3)<br \/>\n<span style=\"color: #000080\"><strong>Roelien BASTIAANSE<\/strong><\/span> (Research Group Neurolinguistics, University Groningen)<br \/>\n<span style=\"color: #000080\"><strong>Gabriel BERGOUNIOUX<\/strong><\/span> (University of Orl\u00e9ans)<br \/>\n<span style=\"color: #000080\"><strong>Wendy BEST<\/strong><\/span> (University College London)<br \/>\n<span style=\"color: #000080\"><strong>Ria DE BLESER<\/strong><\/span> (University of Potsdam)<br \/>\n<span style=\"color: #000080\"><strong>Xavier DE BOISSEZON<\/strong><\/span> (INSERM U825, Toulouse University Hospital)<br \/>\n<span style=\"color: #000080\"><strong>Marie-Pierre DE PARTZ <\/strong><\/span>(FNRS \/ Universit\u00e9 Catholique de Louvain)<br \/>\n<span style=\"color: #000080\"><strong>Marion FOSSARD<\/strong><\/span> (Chair of Logopedics II \/ ISCL, University of Neufch\u00e2tel)<br \/>\n<span style=\"color: #000080\"><strong>Jacques FRAN\u00c7OIS<\/strong><\/span> (University of Caen-Basse-Normandie)<br \/>\n<span style=\"color: #000080\"><strong>Peggy GATIGNOL<\/strong><\/span> (Unadr\u00e9o\/LURCO, Speech Therapist \/ Piti\u00e9-Salp\u00eatri\u00e8re Hospital, Paris)<br \/>\n<span style=\"color: #000080\"><strong>Anna GAVARR\u00d3<\/strong><\/span> (Universitat Aut\u00f2noma de Barcelona)<br \/>\n<strong><span style=\"color: #000080\">Sol\u00e8ne HAMEAU<\/span><\/strong> (Orthophoniste, Le-Mans)<span style=\"color: #000080\"><strong><br \/>\nOlivier H\u00c9RAL<\/strong><\/span> (Speech Therapist, Castres)<br \/>\n<span style=\"color: #000080\"><strong>Maya HICKMANN<\/strong><\/span> (Structures Formelles du Langage, UMR 7023, CNRS \/ Paris8)<br \/>\n<span style=\"color: #000080\"><strong>M\u00e9lanie JUCLA<\/strong><\/span> (OCTOGONE-J. Lordat, University of Toulouse 2)<br \/>\n<span style=\"color: #000080\"><strong>Barbara K\u00d6PKE<\/strong><\/span> (OCTOGONE-J. Lordat, University of Toulouse 2)<br \/>\n<span style=\"color: #000080\"><strong>Marina LAGANARO<\/strong><\/span> (University of Geneva)<br \/>\n<span style=\"color: #000080\"><strong>H\u00e9l\u00e8ne LE ROUX<\/strong><\/span> (Speech Therapist, Unadr\u00e9o\/LURCO, APROPOS)<br \/>\n<span style=\"color: #000080\"><strong>Brian MACWHINNEY<\/strong><\/span> (Carnegie Mellon University)<br \/>\n<span style=\"color: #000080\"><strong>Jean-Michel MAZAUX<\/strong><\/span> (Unit 4136 Handicap and Nervous System, University of Bordeaux)<br \/>\n<strong><span style=\"color: #000080\">Franck M\u00c9DINA<\/span><\/strong> (Speech Therapist, N\u00eemes)<br \/>\n<span style=\"color: #000080\"><strong>Jean-Luc NESPOULOUS<\/strong><\/span> (OCTOGONE-J. Lordat, University of Toulouse 2)<br \/>\n<span style=\"color: #000080\"><strong>Loraine OBLER<\/strong><\/span> (Ph.D. Prog. Speech-Language-Hearing Sciences, CUNY Grad. Center)<br \/>\n<strong><span style=\"color: #000080\">J\u00e9r\u00e9mie PARIENTE<\/span><\/strong> (INSERM U825, Toulouse University Hospital)<br \/>\n<span style=\"color: #000080\"><strong>Agnesa PILLON<\/strong><\/span> (FNRS \/ Universit\u00e9 Catholique de Louvain)<br \/>\n<span style=\"color: #000080\"><strong>Katia PROD\u2019HOMME<\/strong><\/span> (Speech Therapist, OCTOGONE-J. Lordat, University of Toulouse 2)<br \/>\n<span style=\"color: #000080\"><strong>Thierry ROUSSEAU<\/strong><\/span> (Speech Therapist, Unadr\u00e9o\/LURCO)<br \/>\n<span style=\"color: #000080\"><strong>Halima SAHRAOUI<\/strong><\/span> (OCTOGONE-J. Lordat, University of Toulouse 2)<br \/>\n<span style=\"color: #000080\"><strong>Xavier SERON <\/strong><\/span>(FNRS \/ Universit\u00e9 Catholique de Louvain)<br \/>\n<span style=\"color: #000080\"><strong>Efstathia SOROLI<\/strong><\/span> (Structures Formelles du Langage, UMR 7023, CNRS \/ Paris8)<br \/>\n<span style=\"color: #000080\"><strong>Thi Mai TRAN<\/strong><\/span> (Institute for Speech Therapy, University of Lille 2)<\/p>\n<h1><span style=\"color: #000080\">Organizing committee<\/span><\/h1>\n<p><span style=\"color: #000080\"><strong>Halima SAHRAOUI<\/strong><\/span> (OCTOGONE-Jacques Lordat, Toulouse 2)<br \/>\n<span style=\"color: #000080\"><strong>Sol\u00e8ne HAMEAU <\/strong><\/span>(Speech Therapist, OCTOGONE-Jacques Lordat, Toulouse 2)<br \/>\n<span style=\"color: #000080\"><strong>Barbara K\u00d6PKE<\/strong><\/span> (OCTOGONE-Jacques Lordat, Toulouse 2)<br \/>\n<span style=\"color: #000080\"><strong>H\u00e9l\u00e8ne LE ROUX<\/strong><\/span> (Speech Therapist, Unadr\u00e9o \/ LURCO)<br \/>\n<span style=\"color: #000080\"><strong>Efstathia SOROLI<\/strong><\/span> (Structures Formelles du Langage, UMR 7023, CNRS \/ Paris8)<\/p>\n<p><strong><span style=\"color: #000080\">And : Fabienne Denuc, Emmanuelle Coster, Pascale Deylaud, Beno\u00eet Colas (CPRS)\u00a0; Damien Laurent (DAR-UMS 838)\u00a0; Bruno Bastard (DTICE)<\/span><\/strong><\/p>\n<p><\/p>\n<p><\/p>","protected":false},"excerpt":{"rendered":"<p>Scientific committee Corine AST\u00c9SANO (LPL, Aix-en-Provence \/ OCTOGONE-J. Lordat, Toulouse 2) Lorraine BAQU\u00c9 (Laboratori fLexSem, Universitat Aut\u00f2noma de Barcelona) Melissa BARKAT-DEFRADAS (PRAXILING, UMR 5267, CNRS \/ Montpellier 3) Roelien BASTIAANSE (Research Group Neurolinguistics, University Groningen) Gabriel BERGOUNIOUX (University of Orl\u00e9ans) Wendy BEST (University College London) Ria DE BLESER (University of Potsdam) Xavier DE BOISSEZON (INSERM [&hellip;]<\/p>\n","protected":false},"author":128,"featured_media":0,"parent":0,"menu_order":1,"comment_status":"closed","ping_status":"closed","template":"","meta":{"footnotes":""},"class_list":["post-85","page","type-page","status-publish","hentry"],"_links":{"self":[{"href":"https:\/\/blogs.univ-tlse2.fr\/npl-aphasia-2012\/wp-json\/wp\/v2\/pages\/85","targetHints":{"allow":["GET"]}}],"collection":[{"href":"https:\/\/blogs.univ-tlse2.fr\/npl-aphasia-2012\/wp-json\/wp\/v2\/pages"}],"about":[{"href":"https:\/\/blogs.univ-tlse2.fr\/npl-aphasia-2012\/wp-json\/wp\/v2\/types\/page"}],"author":[{"embeddable":true,"href":"https:\/\/blogs.univ-tlse2.fr\/npl-aphasia-2012\/wp-json\/wp\/v2\/users\/128"}],"replies":[{"embeddable":true,"href":"https:\/\/blogs.univ-tlse2.fr\/npl-aphasia-2012\/wp-json\/wp\/v2\/comments?post=85"}],"version-history":[{"count":2,"href":"https:\/\/blogs.univ-tlse2.fr\/npl-aphasia-2012\/wp-json\/wp\/v2\/pages\/85\/revisions"}],"predecessor-version":[{"id":709,"href":"https:\/\/blogs.univ-tlse2.fr\/npl-aphasia-2012\/wp-json\/wp\/v2\/pages\/85\/revisions\/709"}],"wp:attachment":[{"href":"https:\/\/blogs.univ-tlse2.fr\/npl-aphasia-2012\/wp-json\/wp\/v2\/media?parent=85"}],"curies":[{"name":"wp","href":"https:\/\/api.w.org\/{rel}","templated":true}]}}