 {"id":12,"date":"2015-09-29T10:26:16","date_gmt":"2015-09-29T09:26:16","guid":{"rendered":"https:\/\/blogs.univ-tlse2.fr\/numeriquetoulouse\/?page_id=12"},"modified":"2015-11-18T11:09:41","modified_gmt":"2015-11-18T10:09:41","slug":"inscription","status":"publish","type":"page","link":"https:\/\/blogs.univ-tlse2.fr\/numeriquetoulouse\/inscription\/","title":{"rendered":"Inscription"},"content":{"rendered":"<h2><span style=\"color: #7acced\">L&rsquo;inscription au colloque est gratuite mais <strong>obligatoire<\/strong><\/span><\/h2>\n<p>Apr\u00e8s le 17 novembre, envoyer un mail avec les renseignements ci-dessous \u00e0 <a href=\"&#x6d;&#x61;&#x69;&#x6c;&#x74;&#111;&#58;lydie&#x66;&#x40;&#x75;&#x6e;&#x69;&#x76;&#45;&#116;lse2&#x2e;&#x66;&#x72;\">&#x6c;&#x79;&#x64;&#x69;&#x65;&#x66;&#x40;&#x75;&#x6e;&#x69;&#x76;&#x2d;&#x74;&#x6c;&#x73;&#x65;&#x32;&#x2e;&#x66;&#x72;<\/a><\/p>\n<p>Nom, pr\u00e9nom<br \/>\nAdresse mail<br \/>\nInstitution, fonction ou statut<br \/>\nJour(s) de pr\u00e9sence<\/p>\n","protected":false},"excerpt":{"rendered":"<p>L&rsquo;inscription au colloque est gratuite mais obligatoire Apr\u00e8s le 17 novembre, envoyer un mail avec les renseignements ci-dessous \u00e0 &#108;&#x79;&#100;&#x69;&#101;&#x66;&#64;&#x75;&#110;&#x69;v&#x2d;t&#x6c;s&#x65;2&#x2e;f&#x72; Nom, pr\u00e9nom Adresse mail Institution, fonction ou statut Jour(s) de pr\u00e9sence<\/p>\n","protected":false},"author":1,"featured_media":0,"parent":0,"menu_order":0,"comment_status":"closed","ping_status":"closed","template":"","meta":{"footnotes":""},"class_list":["post-12","page","type-page","status-publish","hentry"],"_links":{"self":[{"href":"https:\/\/blogs.univ-tlse2.fr\/numeriquetoulouse\/wp-json\/wp\/v2\/pages\/12","targetHints":{"allow":["GET"]}}],"collection":[{"href":"https:\/\/blogs.univ-tlse2.fr\/numeriquetoulouse\/wp-json\/wp\/v2\/pages"}],"about":[{"href":"https:\/\/blogs.univ-tlse2.fr\/numeriquetoulouse\/wp-json\/wp\/v2\/types\/page"}],"author":[{"embeddable":true,"href":"https:\/\/blogs.univ-tlse2.fr\/numeriquetoulouse\/wp-json\/wp\/v2\/users\/1"}],"replies":[{"embeddable":true,"href":"https:\/\/blogs.univ-tlse2.fr\/numeriquetoulouse\/wp-json\/wp\/v2\/comments?post=12"}],"version-history":[{"count":6,"href":"https:\/\/blogs.univ-tlse2.fr\/numeriquetoulouse\/wp-json\/wp\/v2\/pages\/12\/revisions"}],"predecessor-version":[{"id":108,"href":"https:\/\/blogs.univ-tlse2.fr\/numeriquetoulouse\/wp-json\/wp\/v2\/pages\/12\/revisions\/108"}],"wp:attachment":[{"href":"https:\/\/blogs.univ-tlse2.fr\/numeriquetoulouse\/wp-json\/wp\/v2\/media?parent=12"}],"curies":[{"name":"wp","href":"https:\/\/api.w.org\/{rel}","templated":true}]}}