 {"id":14,"date":"2015-09-29T10:26:51","date_gmt":"2015-09-29T09:26:51","guid":{"rendered":"https:\/\/blogs.univ-tlse2.fr\/numeriquetoulouse\/?page_id=14"},"modified":"2015-11-26T15:23:56","modified_gmt":"2015-11-26T14:23:56","slug":"participants","status":"publish","type":"page","link":"https:\/\/blogs.univ-tlse2.fr\/numeriquetoulouse\/participants\/","title":{"rendered":"Participants"},"content":{"rendered":"<p><strong><a href=\"http:\/\/www.univ-toulouse.fr\/universite\/actualites\/marie-france-barthet-presidente-de-universite-de-toulouse\">Marie-France Barthet<\/a><\/strong>, Pr\u00e9sidente de l\u2019Universit\u00e9 F\u00e9d\u00e9rale de Toulouse<\/p>\n<p><a href=\"http:\/\/www.digitalplace.fr\/index.php\/fr\/digitalplace\/equipe\/le-conseil-dadministration\"><strong>Daniel Benchimol<\/strong><\/a>, Pr\u00e9sident du Cluster Digital Place, Toulouse<\/p>\n<p><strong><a href=\"http:\/\/www.karimbenyekhlef.ca\/a-propos\/biographie\/\">Karim Benyekhlef<\/a>, <\/strong>Professeur titulaire \u00e0 la Facult\u00e9 de droit de l&rsquo;Universit\u00e9 de Montr\u00e9al, Directeur du Laboratoire de cyberjustice<\/p>\n<p><strong><a href=\"http:\/\/www.fondationtrudeau.ca\/fr\/communaute\/guy-berthiaume\">Guy Berthiaume<\/a>,<\/strong>\u00a0Biblioth\u00e9caire et archiviste du Canada<\/p>\n<p><strong><a href=\"http:\/\/recteur.umontreal.ca\/nc\/equipe-de-direction\/vice-rectrice-a-la-recherche-a-la-creation-et-a-linnovation-par-interim\/\">Dominique B\u00e9rub\u00e9<\/a><\/strong>, Vice-rectrice adjointe aux op\u00e9rations et \u00e0 la concertation de l\u2019Universit\u00e9 de Montr\u00e9al, Pr\u00e9sidente du consortium Erudit<\/p>\n<p><strong><a href=\"http:\/\/www.medialab.sciences-po.fr\/fr\/people\/dominique-boullier\/\">Dominique Boullier<\/a>,<\/strong> Sociologue, Professeur \u00e0 Sciences-Po Paris<\/p>\n<p><strong><a href=\"http:\/\/Patrice Bourdelais\">Patrice Bourdelais<\/a><\/strong>, Directeur de l\u2019Institut des Sciences Humaines et Sociales du CNRS<\/p>\n<p><strong><a href=\"http:\/\/www.lerass.com\/person\/robert-boure\/\">Robert Boure<\/a>, <\/strong>Professeur en Sciences de l\u2019Information et de la Communication, Universit\u00e9 Toulouse 3<\/p>\n<p><strong><a href=\"http:\/\/www.unicaen.fr\/recherche\/mrsh\/annuaire\/70657\">Pascal Bul\u00e9on<\/a><a href=\"http:\/\/www.editions-msh.fr\/contacts\/\">, <\/a><\/strong>G\u00e9ographe, Directeur de recherche CNRS, Directeur de la Tr\u00e8s Grande Infrastructure de Recherche PROGEDO, Paris\/Caen<\/p>\n<p><strong><a href=\"https:\/\/www.ined.fr\/fr\/recherche\/chercheurs\/Cases+Chantal\">Chantal Cases<\/a><\/strong>, Economiste et statisticienne, Directrice de l\u2019Institut national d\u2019\u00e9tudes d\u00e9mographiques INED<\/p>\n<p><a href=\"&#109;a&#x69;l&#x74;o&#x3a;e&#x63;o&#x72;n&#x65;&#64;&#x6d;s&#x68;-&#x70;&#97;&#x72;&#105;&#x73;&#46;&#x66;&#114;\"><strong>Emmanuelle Corne,<\/strong><\/a> direction des \u00c9ditions de la FMSH, Maison des sciences de l&rsquo;homme ; Association of European University Presses (AEUP)<\/p>\n<p><strong><a href=\"http:\/\/marin.dacos.org\/cv-fr\/\">Marin Dacos<\/a><a href=\"http:\/\/www.gouvernement.fr\/ministre\/thierry-mandon\">,<\/a> <\/strong>Ing\u00e9nieur de recherche CNRS, Directeur du Centre pour l\u2019\u00e9dition \u00e9lectronique ouverte OpenEdition, Marseille<\/p>\n<p><a href=\"http:\/\/www.hec.ca\/profs\/benoit.dostie.html\"><strong>Benoit Dostie<\/strong>,<\/a> Economiste, Professeur titulaire \u00e0 HEC Montr\u00e9al et Directeur acad\u00e9mique du Centre interuniversitaire qu\u00e9b\u00e9cois de statistiques sociales<\/p>\n<p><strong><a href=\"http:\/\/www.ihpst.cnrs.fr\/sites\/default\/files\/cv_dubucs_jacques.pdf\">Jacques Dubucs<\/a><\/strong>, Directeur de Recherche CNRS, Directeur scientifique secteur Sciences Humaines et Sociales \u00e0 la Direction g\u00e9n\u00e9rale de la recherche et de l&rsquo;innovation DGRI, Pr\u00e9sident ESFRI Strategic Working Group for Societal and Cultural Innovation<\/p>\n<p><strong><a href=\"http:\/\/www.anthropobiologie.fr\/members\/en\/ci-6-18-.php?&amp;lang=fr\">Francis Duranthon<\/a><\/strong>, Directeur du Museum de Toulouse<\/p>\n<p><strong><a href=\"http:\/\/www.creatis.insa-lyon.fr\/site\/fr\/users\/glatard\">Tristan Glatard<\/a><\/strong>, Informaticien, Chercheur CNRS et Professeur invit\u00e9 \u00e0 l&rsquo;Universit\u00e9 McGill, membre du projet CBRAIN<\/p>\n<p><a href=\"http:\/\/www.ined.fr\/fr\/recherche\/chercheurs\/H%C3%A9ran+Fran%C3%A7ois\/\"><strong>Fran\u00e7ois H\u00e9ran<\/strong>,<\/a> Directeur du d\u00e9partement Sciences Humaines et Sociales \u00e0 l\u2019Agence Nationale de la Recherche<\/p>\n<p><strong><a href=\"http:\/\/professeurs.uqam.ca\/component\/savrepertoireprofesseurs\/ficheProfesseur?mId=XPvckjSuuT0_\">Joanne Lalonde<\/a>,<\/strong> Professeure titulaire de S\u00e9miologie des arts visuels \u00e0 l\u2019Universit\u00e9 du Qu\u00e9bec \u00e0 Montr\u00e9al, membre du NT2<\/p>\n<p><strong><a href=\"http:\/\/www.ebsi.umontreal.ca\/repertoire-ecole\/vue\/lariviere-vincent\/\">Vincent Larivi\u00e8re<\/a><\/strong>, Professeur agr\u00e9g\u00e9 \u00e0 l\u2019\u00c9cole de biblioth\u00e9conomie et des sciences de l\u2019information de l\u2019Universit\u00e9 de Montr\u00e9al, Directeur scientifique d\u2019ERUDIT<\/p>\n<p><strong><a href=\"http:\/\/www.afdel.fr\/organization#2\">Pierre-Marie Lehucher<\/a><\/strong>, Pr\u00e9sident Directeur G\u00e9n\u00e9ral du CA Berger Levrault, \u00e9diteur<\/p>\n<p><strong><a href=\"http:\/\/www.technicolor.com\/en\/martin-may\">Martin May<\/a><\/strong>, Director of Technology Strategy, Director of Technicolor Paris Research Labs, Technicolor, Rennes<\/p>\n<p><strong><a href=\"http:&#x2f;&#x2f;&#x70;&#x65;&#121;&#114;as&#64;&#x74;&#x6f;&#x75;&#x6c;&#x6f;&#117;&#115;e-t&#x65;&#x63;&#x68;&#x2d;&#x74;&#114;&#97;nsf&#x65;&#x72;&#x2e;&#x63;&#x6f;&#109;\">Julien Peyras<\/a><\/strong>, Charg\u00e9 de valorisation, Toulouse Tech Transfer<\/p>\n<p><strong><a href=\"http:\/\/www.uquebec.ca\/communications\/article.cfm?archive=0&amp;annee=2015&amp;cat=1&amp;newsid=11525\">Louise Poissant<\/a><\/strong>, Directrice scientifique du Fonds de recherche du Qu\u00e9bec \u2013 Soci\u00e9t\u00e9 et culture FRQSC<\/p>\n<p><strong><a href=\"http:\/\/www.huma-num.fr\/personne\/stephane-pouyllau\">St\u00e9phane Pouyllau<\/a>, <\/strong>Directeur Technique de la Tr\u00e8s Grande Infrastructure de Recherche HUMANUM, Paris<\/p>\n<p><strong><a href=\"http:\/\/inria-alumni.fr\/index.php\/fr\/page\/article\/id\/355\">Laure Reinhart<\/a><\/strong>, Directrice des partenariats, BPIFrance<\/p>\n<p><strong><a href=\"http:\/\/www.international.gouv.qc.ca\/fr\/paris\/chef-de-poste\">Michel Robitaille<\/a>, <\/strong>D\u00e9l\u00e9gu\u00e9 G\u00e9n\u00e9ral du Qu\u00e9bec \u00e0 Paris<\/p>\n<p><strong><a href=\"http:\/\/arsindustrialis.org\/bernard-stiegler-cadrer-dans-la-nouvelle-motricit%C3%A9\">Bernard Stiegler<\/a><\/strong>, Philosophe, Directeur de l&rsquo;Institut de recherche et d&rsquo;innovation et Pr\u00e9sident de l&rsquo;Association Ars Industrialis, Paris<\/p>\n<p><a href=\"http:\/\/www.cpaf.cnrs.fr\/spip.php?article27\"><strong>Daniel St\u00f6ekl<\/strong><\/a>, Philologue, Directeur d\u2019Etudes \u00e0 l&rsquo;Ecole Pratique des Hautes Etudes, Paris<\/p>\n<p><strong><a href=\"http:\/\/www.allianceathena.fr\/sites\/default\/files\/telechargements\/f_thibault_-_mini_bio.pdf\">Fran\u00e7oise Thibaut<\/a><\/strong>, D\u00e9l\u00e9gu\u00e9e g\u00e9n\u00e9rale Alliance ATHENA<\/p>\n<p><a href=\"https:\/\/www.inbenta.com\/fr\/qui-sommes-nous\/team\/luc-truntzler\"><strong>Luc Truntzler<\/strong><\/a>, Directeur associ\u00e9 INBENTA France et enseignant e-business aupr\u00e8s de Grandes \u00c9coles, Toulouse<\/p>\n<p><strong><a href=\"http:\/\/cesr.cnrs.fr\/chercheurs\/philippe-vendrix\">Philippe Vendrix<\/a><\/strong>, Musicologue, Directeur de Recherche CNRS, Pr\u00e9sident du R\u00e9seau National des Maisons des Sciences de l\u2019Homme, Paris\/Tours<\/p>\n<p><a href=\"http:\/\/cadis.ehess.fr\/index.php?\/membres-du-centre\/membres-permanents\/1153-michel-wieviorka\"><strong>Michel Wieviorka<\/strong><\/a>, Sociologue, Directeur d\u2019Etudes \u00e0 l\u2019Ecole des Hautes Etudes en Sciences Sociales, Administrateur de la Fondation Maison des Sciences de l\u2019Homme, Paris<\/p>\n<p><strong><a href=\"http:\/\/www.ihpst.cnrs.fr\/membres\/membres-associes\/zwirn-herve\">Herv\u00e9 Zwirn<\/a>, <\/strong>Directeur ex\u00e9cutif du Consortium de Valorisation th\u00e9matique en Sciences Humaines et Sociales<\/p>\n<p>&nbsp;<\/p>\n<p>&nbsp;<\/p>\n<p>&nbsp;<\/p>\n<p>&nbsp;<\/p>\n<p>&nbsp;<\/p>\n<p>&nbsp;<\/p>\n<p>&nbsp;<\/p>\n<p><em>\u00a0<\/em><\/p>\n<p>&nbsp;<\/p>\n<p>&nbsp;<\/p>\n","protected":false},"excerpt":{"rendered":"<p>Marie-France Barthet, Pr\u00e9sidente de l\u2019Universit\u00e9 F\u00e9d\u00e9rale de Toulouse Daniel Benchimol, Pr\u00e9sident du Cluster Digital Place, Toulouse Karim Benyekhlef, Professeur titulaire \u00e0 la Facult\u00e9 de droit de l&rsquo;Universit\u00e9 de Montr\u00e9al, Directeur du Laboratoire de cyberjustice Guy Berthiaume,\u00a0Biblioth\u00e9caire et archiviste du Canada Dominique B\u00e9rub\u00e9, Vice-rectrice adjointe aux op\u00e9rations et \u00e0 la concertation de l\u2019Universit\u00e9 de Montr\u00e9al, Pr\u00e9sidente [&hellip;]<\/p>\n","protected":false},"author":1,"featured_media":0,"parent":0,"menu_order":0,"comment_status":"closed","ping_status":"closed","template":"","meta":{"footnotes":""},"class_list":["post-14","page","type-page","status-publish","hentry"],"_links":{"self":[{"href":"https:\/\/blogs.univ-tlse2.fr\/numeriquetoulouse\/wp-json\/wp\/v2\/pages\/14","targetHints":{"allow":["GET"]}}],"collection":[{"href":"https:\/\/blogs.univ-tlse2.fr\/numeriquetoulouse\/wp-json\/wp\/v2\/pages"}],"about":[{"href":"https:\/\/blogs.univ-tlse2.fr\/numeriquetoulouse\/wp-json\/wp\/v2\/types\/page"}],"author":[{"embeddable":true,"href":"https:\/\/blogs.univ-tlse2.fr\/numeriquetoulouse\/wp-json\/wp\/v2\/users\/1"}],"replies":[{"embeddable":true,"href":"https:\/\/blogs.univ-tlse2.fr\/numeriquetoulouse\/wp-json\/wp\/v2\/comments?post=14"}],"version-history":[{"count":17,"href":"https:\/\/blogs.univ-tlse2.fr\/numeriquetoulouse\/wp-json\/wp\/v2\/pages\/14\/revisions"}],"predecessor-version":[{"id":118,"href":"https:\/\/blogs.univ-tlse2.fr\/numeriquetoulouse\/wp-json\/wp\/v2\/pages\/14\/revisions\/118"}],"wp:attachment":[{"href":"https:\/\/blogs.univ-tlse2.fr\/numeriquetoulouse\/wp-json\/wp\/v2\/media?parent=14"}],"curies":[{"name":"wp","href":"https:\/\/api.w.org\/{rel}","templated":true}]}}