 {"id":16,"date":"2015-09-29T10:27:21","date_gmt":"2015-09-29T09:27:21","guid":{"rendered":"https:\/\/blogs.univ-tlse2.fr\/numeriquetoulouse\/?page_id=16"},"modified":"2015-10-02T10:51:14","modified_gmt":"2015-10-02T09:51:14","slug":"partenaires","status":"publish","type":"page","link":"https:\/\/blogs.univ-tlse2.fr\/numeriquetoulouse\/partenaires\/","title":{"rendered":"Partenaires"},"content":{"rendered":"<p><a href=\"http:\/\/www.cnrs.fr\/\">Centre National de la Recherche Scientifique CNRS<\/a><\/p>\n<p><a href=\"http:\/\/www.education.gouv.fr\/\">Minist\u00e8re de l&rsquo;\u00c9ducation nationale, de l&rsquo;Enseignement sup\u00e9rieur et de la Recherche<\/a><\/p>\n<p class=\"firstHeading\" lang=\"fr\"><a href=\"http:\/\/www.frqsc.gouv.qc.ca\/\">Fonds de recherche du Qu\u00e9bec \u2013 Soci\u00e9t\u00e9 et culture FRQSC <\/a><\/p>\n<p id=\"firstHeading\" class=\"firstHeading\" lang=\"fr\"><a href=\"http:\/\/www.univ-toulouse.fr\/\">Universit\u00e9 F\u00e9d\u00e9rale Toulouse Midi-Pyr\u00e9n\u00e9es<\/a><\/p>\n<p class=\"firstHeading\" lang=\"fr\"><a href=\"http:\/\/w3.msh.univ-tlse2.fr\/\">Maison des Sciences de l&rsquo;Homme et de la Soci\u00e9t\u00e9 de Toulouse MSHS-T USR 3414<\/a><\/p>\n<p class=\"firstHeading\" lang=\"fr\"><a href=\"http:\/\/www.cvt-athena.fr\/\">Consortium de Valorisation Th\u00e9matique de l&rsquo;Alliance Ath\u00e9na CVT ATHENA<\/a><\/p>\n<p class=\"firstHeading\" lang=\"fr\"><a href=\"http:\/\/www.toulouse.fr\/\">Mairie de Toulouse<\/a><\/p>\n<p class=\"firstHeading\" lang=\"fr\"><a href=\"http:\/\/www.madeeli.fr\/\"><span class=\"st\">MADEELIi Agence <\/span><span class=\"st\">du d\u00e9veloppement \u00e9conomique, de l&rsquo;export et de l&rsquo;innovation en Midi-Pyr\u00e9n\u00e9es<\/span><\/a><\/p>\n","protected":false},"excerpt":{"rendered":"<p>Centre National de la Recherche Scientifique CNRS Minist\u00e8re de l&rsquo;\u00c9ducation nationale, de l&rsquo;Enseignement sup\u00e9rieur et de la Recherche Fonds de recherche du Qu\u00e9bec \u2013 Soci\u00e9t\u00e9 et culture FRQSC Universit\u00e9 F\u00e9d\u00e9rale Toulouse Midi-Pyr\u00e9n\u00e9es Maison des Sciences de l&rsquo;Homme et de la Soci\u00e9t\u00e9 de Toulouse MSHS-T USR 3414 Consortium de Valorisation Th\u00e9matique de l&rsquo;Alliance Ath\u00e9na CVT ATHENA [&hellip;]<\/p>\n","protected":false},"author":1,"featured_media":0,"parent":0,"menu_order":0,"comment_status":"closed","ping_status":"closed","template":"","meta":{"footnotes":""},"class_list":["post-16","page","type-page","status-publish","hentry"],"_links":{"self":[{"href":"https:\/\/blogs.univ-tlse2.fr\/numeriquetoulouse\/wp-json\/wp\/v2\/pages\/16","targetHints":{"allow":["GET"]}}],"collection":[{"href":"https:\/\/blogs.univ-tlse2.fr\/numeriquetoulouse\/wp-json\/wp\/v2\/pages"}],"about":[{"href":"https:\/\/blogs.univ-tlse2.fr\/numeriquetoulouse\/wp-json\/wp\/v2\/types\/page"}],"author":[{"embeddable":true,"href":"https:\/\/blogs.univ-tlse2.fr\/numeriquetoulouse\/wp-json\/wp\/v2\/users\/1"}],"replies":[{"embeddable":true,"href":"https:\/\/blogs.univ-tlse2.fr\/numeriquetoulouse\/wp-json\/wp\/v2\/comments?post=16"}],"version-history":[{"count":4,"href":"https:\/\/blogs.univ-tlse2.fr\/numeriquetoulouse\/wp-json\/wp\/v2\/pages\/16\/revisions"}],"predecessor-version":[{"id":62,"href":"https:\/\/blogs.univ-tlse2.fr\/numeriquetoulouse\/wp-json\/wp\/v2\/pages\/16\/revisions\/62"}],"wp:attachment":[{"href":"https:\/\/blogs.univ-tlse2.fr\/numeriquetoulouse\/wp-json\/wp\/v2\/media?parent=16"}],"curies":[{"name":"wp","href":"https:\/\/api.w.org\/{rel}","templated":true}]}}