 {"id":18,"date":"2015-09-29T10:27:43","date_gmt":"2015-09-29T09:27:43","guid":{"rendered":"https:\/\/blogs.univ-tlse2.fr\/numeriquetoulouse\/?page_id=18"},"modified":"2015-10-23T14:14:29","modified_gmt":"2015-10-23T13:14:29","slug":"renseignements-pratiques","status":"publish","type":"page","link":"https:\/\/blogs.univ-tlse2.fr\/numeriquetoulouse\/renseignements-pratiques\/","title":{"rendered":"Renseignements pratiques"},"content":{"rendered":"<p><span style=\"color: #7acced\"><strong>Colloque international \u00ab\u00a0Nouvelles collaborations scientifiques autour des infrastructures du num\u00e9rique\u00a0: France-Europe-Qu\u00e9bec\u00a0\u00bb<br \/>\n26-27 Novembre 2015, Toulouse<br \/>\nH\u00f4tel Mercure Compans Caffarelli<br \/>\nBoulevard Lascrosses &#8211; 8 Esplanade Compans Caffarelli 31000\u00a0 Toulouse<\/strong><\/span><\/p>\n<h1><span style=\"color: #e975a7\">H\u00e9bergement<\/span><\/h1>\n<p>Pour vous loger, vous pouvez consulter le site <a href=\"http:\/\/www.toulouse-tourisme.com\/\">So Toulouse Office de tourisme<\/a> qui vous pr\u00e9sente une <a href=\"http:\/\/www.toulouse-tourisme.com\/offre\/recherche\/Preparer-son-sejour\/Ou-dormir\/Hotels\/~~~\/page-1\">liste d&rsquo;h\u00f4tels<\/a> class\u00e9s par quartier : Compans Cafarelli et Pierre Baudis sont les quartiers \u00e0 proximit\u00e9 du Mercure o\u00f9 se d\u00e9roule le colloque. Le Capitole est la place la plus centrale, avec la place Wilson.<\/p>\n<h1><span style=\"color: #e975a7\">Repas et gastronomie<\/span><\/h1>\n<p>Vous n&rsquo;aurez que l&#8217;embarras du choix, Toulouse est une ville gastronomique, mais pour tous les go\u00fbts. Pour vous ouvrir l&rsquo;app\u00eatit, allez consulter <a href=\"http:\/\/www.toulouse-tourisme.com\/offre\/recherche\/Preparer-son-sejour\/Restaurants\/~~~\/page-1\">ces pages<\/a><\/p>\n<h1><span style=\"color: #e975a7\"><strong>Plans et acc\u00e8s<\/strong><\/span><\/h1>\n<h2><strong>D\u00e9placements<\/strong><\/h2>\n<p style=\"text-align: left\"><span style=\"color: #ff0000\"><strong>A noter :<\/strong><span style=\"color: #000000\"> la navette Tiss\u00e9o part de l&rsquo;a\u00e9roport Toulouse Blagnac et comporte un arr\u00eat devant l&rsquo;h\u00f4tel Mercure<\/span><\/span><\/p>\n<p style=\"text-align: left\">L&rsquo;a\u00e9roport est \u00e9galement desservi par la ligne T2 du tram toulousain, avec une correspondance \u00e0 l&rsquo;arr\u00eat Ar\u00e8nes (et non Ar\u00e8nes romaines) pour la ligne A du m\u00e9tro qui dessert le centre ville et le terminus \u00e0 Palais de Justice , avec une correspondance pour la ligne B du m\u00e9tro qui dessert le centre ville et comporte un arr\u00eat \u00e0 5 min \u00e0 pied de l&rsquo;h\u00f4tel Mercure (arr\u00eat Compans Cafarelli).<\/p>\n<p>Afin de faciliter vos d\u00e9placements vous trouverez\u00a0 sous format PDF\u00a0:<\/p>\n<ul>\n<li><a href=\"https:\/\/blogs.univ-tlse2.fr\/arcd2016\/files\/2015\/05\/Guide-navette-Tiss%C3%A9o.pdf\">Guide navette Tiss\u00e9o<\/a><\/li>\n<li><a href=\"https:\/\/blogs.univ-tlse2.fr\/arcd2016\/files\/2015\/05\/Plan-du-m%C3%A9tro-et-Tram-Toulouse.pdf\">Plan du m\u00e9tro et Tram Toulouse<\/a><\/li>\n<li><a href=\"https:\/\/blogs.univ-tlse2.fr\/arcd2016\/files\/2015\/05\/Plan-du-centre-ville-de-Toulouse.pdf\">Plan du centre ville de Toulous<\/a><\/li>\n<\/ul>\n<h2>Transports \u00e0 proximit\u00e9 de l&rsquo;h\u00f4tel<\/h2>\n<ul>\n<li>Gare ferroviaire\n<ul>\n<li>TOULOUSE MATABIAU (1.50 km \/ 0.94 mn)<\/li>\n<\/ul>\n<\/li>\n<li>\u00a0A\u00e9roport\n<ul>\n<li>TOULOUSE BLAGNAC (6.00 km \/ 3.73 mn)<\/li>\n<\/ul>\n<\/li>\n<li>Sortie d&rsquo;autoroute\n<ul>\n<li>TOULOUSE (2.50 km \/ 1.55 mn)<\/li>\n<\/ul>\n<\/li>\n<\/ul>\n<p><strong>Parkings <\/strong><\/p>\n<ul>\n<li>Parking public couvert<sup><br \/>\n<\/sup><\/li>\n<li>Parking priv\u00e9 couvert<sup><br \/>\n<\/sup><\/li>\n<\/ul>\n<p><a href=\"http:\/\/www.mercure.com\/fr\/hotel-1585-hotel-mercure-toulouse-compans-caffarelli\/location.shtml\">http:\/\/www.mercure.com\/fr\/hotel-1585-hotel-mercure-toulouse-compans-caffarelli\/location.shtml<\/a><\/p>\n<h1><span style=\"color: #e975a7\">Pour la restauration, les d\u00e9placements, les visites, balades, les loisirs, \u00e9v\u00e8nements, shopping\u2026 tout y est<br \/>\n<\/span><\/h1>\n<p>Site internet de l\u2019Office du tourisme de Toulouse\u00a0:<br \/>\n<a href=\"http:\/\/www.toulouse-tourisme.com\">www.toulouse-tourisme.com<\/a><\/p>\n","protected":false},"excerpt":{"rendered":"<p>Colloque international \u00ab\u00a0Nouvelles collaborations scientifiques autour des infrastructures du num\u00e9rique\u00a0: France-Europe-Qu\u00e9bec\u00a0\u00bb 26-27 Novembre 2015, Toulouse H\u00f4tel Mercure Compans Caffarelli Boulevard Lascrosses &#8211; 8 Esplanade Compans Caffarelli 31000\u00a0 Toulouse H\u00e9bergement Pour vous loger, vous pouvez consulter le site So Toulouse Office de tourisme qui vous pr\u00e9sente une liste d&rsquo;h\u00f4tels class\u00e9s par quartier : Compans Cafarelli et [&hellip;]<\/p>\n","protected":false},"author":1,"featured_media":0,"parent":0,"menu_order":0,"comment_status":"closed","ping_status":"closed","template":"","meta":{"footnotes":""},"class_list":["post-18","page","type-page","status-publish","hentry"],"_links":{"self":[{"href":"https:\/\/blogs.univ-tlse2.fr\/numeriquetoulouse\/wp-json\/wp\/v2\/pages\/18","targetHints":{"allow":["GET"]}}],"collection":[{"href":"https:\/\/blogs.univ-tlse2.fr\/numeriquetoulouse\/wp-json\/wp\/v2\/pages"}],"about":[{"href":"https:\/\/blogs.univ-tlse2.fr\/numeriquetoulouse\/wp-json\/wp\/v2\/types\/page"}],"author":[{"embeddable":true,"href":"https:\/\/blogs.univ-tlse2.fr\/numeriquetoulouse\/wp-json\/wp\/v2\/users\/1"}],"replies":[{"embeddable":true,"href":"https:\/\/blogs.univ-tlse2.fr\/numeriquetoulouse\/wp-json\/wp\/v2\/comments?post=18"}],"version-history":[{"count":11,"href":"https:\/\/blogs.univ-tlse2.fr\/numeriquetoulouse\/wp-json\/wp\/v2\/pages\/18\/revisions"}],"predecessor-version":[{"id":92,"href":"https:\/\/blogs.univ-tlse2.fr\/numeriquetoulouse\/wp-json\/wp\/v2\/pages\/18\/revisions\/92"}],"wp:attachment":[{"href":"https:\/\/blogs.univ-tlse2.fr\/numeriquetoulouse\/wp-json\/wp\/v2\/media?parent=18"}],"curies":[{"name":"wp","href":"https:\/\/api.w.org\/{rel}","templated":true}]}}