 {"id":2,"date":"2015-09-29T10:06:00","date_gmt":"2015-09-29T09:06:00","guid":{"rendered":"https:\/\/blogs.univ-tlse2.fr\/numeriquetoulouse\/?page_id=2"},"modified":"2015-10-01T09:30:18","modified_gmt":"2015-10-01T08:30:18","slug":"comite-scientifique","status":"publish","type":"page","link":"https:\/\/blogs.univ-tlse2.fr\/numeriquetoulouse\/comite-scientifique\/","title":{"rendered":"Comit\u00e9 scientifique"},"content":{"rendered":"<ul>\n<li>Alain Bideau, Directeur de Recherche \u00e9m\u00e9rite, CNRS<\/li>\n<li>Pascal Gaillard, Enseignant-Chercheur, Directeur de la Maison des Sciences de l&rsquo;Homme et de la Soci\u00e9t\u00e9 de Toulouse, MSHS-T USR 3414 CNRS<\/li>\n<li>Bertrand Jouve, Directeur de Recherche et Directeur-Adjoint Scientifique, CNRS<\/li>\n<li>Normand Labrie, Directeur scientifique, Fonds de recherche du Qu\u00e9bec \u2013 Soci\u00e9t\u00e9 et culture<\/li>\n<li>Laurent Lacheny, MADEELI Agence du d\u00e9veloppement \u00e9conomique, de l&rsquo;export et de l&rsquo;innovation en Midi-Pyr\u00e9n\u00e9es<\/li>\n<\/ul>\n","protected":false},"excerpt":{"rendered":"<p>Alain Bideau, Directeur de Recherche \u00e9m\u00e9rite, CNRS Pascal Gaillard, Enseignant-Chercheur, Directeur de la Maison des Sciences de l&rsquo;Homme et de la Soci\u00e9t\u00e9 de Toulouse, MSHS-T USR 3414 CNRS Bertrand Jouve, Directeur de Recherche et Directeur-Adjoint Scientifique, CNRS Normand Labrie, Directeur scientifique, Fonds de recherche du Qu\u00e9bec \u2013 Soci\u00e9t\u00e9 et culture Laurent Lacheny, MADEELI Agence du [&hellip;]<\/p>\n","protected":false},"author":287,"featured_media":0,"parent":0,"menu_order":0,"comment_status":"closed","ping_status":"closed","template":"page-templates\/full-width.php","meta":{"footnotes":""},"class_list":["post-2","page","type-page","status-publish","hentry"],"_links":{"self":[{"href":"https:\/\/blogs.univ-tlse2.fr\/numeriquetoulouse\/wp-json\/wp\/v2\/pages\/2","targetHints":{"allow":["GET"]}}],"collection":[{"href":"https:\/\/blogs.univ-tlse2.fr\/numeriquetoulouse\/wp-json\/wp\/v2\/pages"}],"about":[{"href":"https:\/\/blogs.univ-tlse2.fr\/numeriquetoulouse\/wp-json\/wp\/v2\/types\/page"}],"author":[{"embeddable":true,"href":"https:\/\/blogs.univ-tlse2.fr\/numeriquetoulouse\/wp-json\/wp\/v2\/users\/287"}],"replies":[{"embeddable":true,"href":"https:\/\/blogs.univ-tlse2.fr\/numeriquetoulouse\/wp-json\/wp\/v2\/comments?post=2"}],"version-history":[{"count":7,"href":"https:\/\/blogs.univ-tlse2.fr\/numeriquetoulouse\/wp-json\/wp\/v2\/pages\/2\/revisions"}],"predecessor-version":[{"id":56,"href":"https:\/\/blogs.univ-tlse2.fr\/numeriquetoulouse\/wp-json\/wp\/v2\/pages\/2\/revisions\/56"}],"wp:attachment":[{"href":"https:\/\/blogs.univ-tlse2.fr\/numeriquetoulouse\/wp-json\/wp\/v2\/media?parent=2"}],"curies":[{"name":"wp","href":"https:\/\/api.w.org\/{rel}","templated":true}]}}