 {"id":2,"date":"2017-07-03T10:23:13","date_gmt":"2017-07-03T08:23:13","guid":{"rendered":"https:\/\/blogs.univ-tlse2.fr\/olga-spevak\/?page_id=2"},"modified":"2022-11-16T18:42:49","modified_gmt":"2022-11-16T17:42:49","slug":"page-d-exemple","status":"publish","type":"page","link":"https:\/\/blogs.univ-tlse2.fr\/olga-spevak\/page-d-exemple\/","title":{"rendered":"Ouvrages"},"content":{"rendered":"<ul>\n<li><strong>Auteur<\/strong><\/li>\n<\/ul>\n<p><em>La concession en latin<\/em>, Bruxelles, Latomus, 2005, 260 p.<\/p>\n<p>Bohuslaus Balbinus, <em>Verisimilia humaniorum disciplinarum<\/em>. Texte, commentaire et traduction en tch\u00e8que d\u2019un manuel des Humanit\u00e9s du XVII<sup>e <\/sup>si\u00e8cle, Prague, Koniasch Latin Press, 2006, xxxviii-698 p.<\/p>\n<p><a href=\"https:\/\/benjamins.com\/#catalog\/books\/slcs.117\/main\"><em>Constituent Order in Classical Latin Prose<\/em><\/a>, Benjamins, Amsterdam, 2010, 318 p.<\/p>\n<p>Isidore de S\u00e9ville, <em>\u00c9tymologies<\/em>, <a href=\"https:\/\/www.lesbelleslettres.com\/livre\/688-etymologies-livre-xiv\">livre 14, <em>De Terra<\/em><\/a>; texte \u00e9tabli, traduit et comment\u00e9, Paris, Les Belles Lettres, 2011, LXV-210 p.<\/p>\n<p><a href=\"http:\/\/www.brill.com\/products\/book\/noun-phrase-classical-latin-prose\"><em>The Noun Phrase in Classical Latin Prose<\/em><\/a>, Brill, Amsterdam, 2014, 375 p.<\/p>\n<p>corrigendum: on p. 221, instead of example (9) please read: <em>Sed ipse\u00a0<span class=\"high\">paucos\u00a0\u00a0\u00a0 post <\/span>annos morbo atque aetate confectus<\/em> (Sal. <em>Iug. <\/em>9.4)<\/p>\n<p><a href=\"https:\/\/www.lesbelleslettres.com\/livre\/4153-etymologies-livre-i\">Isidore de S\u00e9ville, <em>\u00c9tymologies<\/em>, livre 1<\/a>, <em>De Grammatica<\/em>; texte \u00e9tabli, traduit et comment\u00e9, 2020, CLVII-470; deuxi\u00e8me tirage 2021.<\/p>\n<p><a href=\"https:\/\/global.oup.com\/academic\/product\/nominalization-in-latin-9780192866011?facet_narrowbypubdate_facet=Next%203%20months&amp;lang=en&amp;cc=ng\"><em>Nominalization in Latin<\/em><\/a>, Oxford, Oxford University Press, 2022, 272 p.<\/p>\n<ul>\n<li><strong>\u00c9diteur<\/strong><\/li>\n<\/ul>\n<p><em>Le Syntagme nominal en latin: Nouvelles contributions<\/em>, O. Spevak (\u00e9d.), Paris, l\u2019Harmattan, Kubaba, 2010, 232 p.<\/p>\n<p><em>La quantification en latin<\/em>, M. Fruyt et O. Spevak (\u00e9ds.), Paris, l\u2019Harmattan, Kubaba, 2011, 480 p.<\/p>\n<p><em>Les \u00e9volutions du latin<\/em>, A. Christol et O. Spevak (\u00e9ds.), Paris, l\u2019Harmattan, Kubaba, 2012, 392 p.<\/p>\n<p><a href=\"https:\/\/benjamins.com\/#catalog\/books\/slcs.190\/main\"><em>Noun Valency<\/em><\/a>, O. Spevak (\u00e9d.), [Studies in Language Companion Series 158] Amsterdam, J. Benjamins, xvi-213 p.<\/p>\n<p><em>Pallas<\/em>, <em>Revue d\u2019\u00c9tudes Antiques<\/em>, O. Spevak (coord.), <a href=\"http:\/\/pum.univ-tlse2.fr\/~no-102-Etudes-de-linguistique~.html\">n\u00b0\u00a0102<\/a>, <em>\u00c9tudes de linguistique latine I<\/em>, 2016, 336 p.<\/p>\n<p>&gt;&gt; Les articles sont en OpenEdition <a href=\"https:\/\/journals.openedition.org\/pallas\/3518\">https:\/\/journals.openedition.org\/pallas\/3518<\/a>.<\/p>\n<p><em>Pallas<\/em>, <em>Revue d\u2019\u00c9tudes Antiques<\/em>, O. Spevak (coord.), <a href=\"http:\/\/pum.univ-tlse2.fr\/~no-103-Etudes-de-linguistique~.html\">n\u00b0\u00a0103<\/a>, <em>\u00c9tudes de linguistique latine II<\/em>, 2017, 352 p.<\/p>\n<p>&gt;&gt; Les articles sont en OpenEdition <a href=\"https:\/\/journals.openedition.org\/pallas\/4008.\">https:\/\/journals.openedition.org\/pallas\/4008.<\/a><\/p>\n<p>Avec Camille Denizot (\u00e9ds.),<em><a href=\"https:\/\/benjamins.com\/#catalog\/books\/slcs.190\/main\"> Pragmatic Approaches to Latin and Ancient Greek<\/a>, <\/em>[Studies in Language Companion Series 190], Amsterdam, J. Benjamins, 2017 (octobre), xvi-309 p.<\/p>\n<p>Avec Colette Bodelot (\u00e9ds.), <em>Les constructions \u00e0 verbe support en latin <\/em>(<em>Cahiers du LRL <\/em>7), Clermont-Ferrand, Presses universitaires Blaise-Pascal, 2018, 250 p.<\/p>\n","protected":false},"excerpt":{"rendered":"<p>Auteur La concession en latin, Bruxelles, Latomus, 2005, 260 p. Bohuslaus Balbinus, Verisimilia humaniorum disciplinarum. Texte, commentaire et traduction en tch\u00e8que d\u2019un manuel des Humanit\u00e9s du XVIIe si\u00e8cle, Prague, Koniasch Latin Press, 2006, xxxviii-698 p. Constituent Order in Classical Latin &hellip; <a href=\"https:\/\/blogs.univ-tlse2.fr\/olga-spevak\/page-d-exemple\/\">Continuer la lecture <span class=\"meta-nav\">&rarr;<\/span><\/a><\/p>\n","protected":false},"author":417,"featured_media":0,"parent":0,"menu_order":2,"comment_status":"closed","ping_status":"closed","template":"","meta":{"footnotes":""},"class_list":["post-2","page","type-page","status-publish","hentry"],"_links":{"self":[{"href":"https:\/\/blogs.univ-tlse2.fr\/olga-spevak\/wp-json\/wp\/v2\/pages\/2","targetHints":{"allow":["GET"]}}],"collection":[{"href":"https:\/\/blogs.univ-tlse2.fr\/olga-spevak\/wp-json\/wp\/v2\/pages"}],"about":[{"href":"https:\/\/blogs.univ-tlse2.fr\/olga-spevak\/wp-json\/wp\/v2\/types\/page"}],"author":[{"embeddable":true,"href":"https:\/\/blogs.univ-tlse2.fr\/olga-spevak\/wp-json\/wp\/v2\/users\/417"}],"replies":[{"embeddable":true,"href":"https:\/\/blogs.univ-tlse2.fr\/olga-spevak\/wp-json\/wp\/v2\/comments?post=2"}],"version-history":[{"count":19,"href":"https:\/\/blogs.univ-tlse2.fr\/olga-spevak\/wp-json\/wp\/v2\/pages\/2\/revisions"}],"predecessor-version":[{"id":369,"href":"https:\/\/blogs.univ-tlse2.fr\/olga-spevak\/wp-json\/wp\/v2\/pages\/2\/revisions\/369"}],"wp:attachment":[{"href":"https:\/\/blogs.univ-tlse2.fr\/olga-spevak\/wp-json\/wp\/v2\/media?parent=2"}],"curies":[{"name":"wp","href":"https:\/\/api.w.org\/{rel}","templated":true}]}}