 {"id":35,"date":"2017-07-04T20:24:13","date_gmt":"2017-07-04T18:24:13","guid":{"rendered":"https:\/\/blogs.univ-tlse2.fr\/olga-spevak\/?page_id=35"},"modified":"2019-12-06T21:44:34","modified_gmt":"2019-12-06T20:44:34","slug":"introduction","status":"publish","type":"page","link":"https:\/\/blogs.univ-tlse2.fr\/olga-spevak\/latin-archaique\/introduction\/","title":{"rendered":"Chapitre 1"},"content":{"rendered":"<h1>INTRODUCTION<\/h1>\n<p>Spevak Latin archaique I Introduction:<\/p>\n<p>Ce chapitre comprend:<\/p>\n<p>1<span lang=\"FR\">.1. Les langues de l\u2019Italie ancienne<\/span><\/p>\n<p>1.2. L&rsquo;alphabet<\/p>\n<p>1.3. La ponctuation<\/p>\n<p><span lang=\"FR\">1.4. Traits caract\u00e9ristiques du latin archa\u00efque et pr\u00e9classique<\/span><\/p>\n<p>1.5. La variation r\u00e9gionale du latin<\/p>\n<p>1<span lang=\"FR\">.6. Les documents\u00a0\u00e9pigraphiques<\/span><\/p>\n<p style=\"text-align: center\">\n","protected":false},"excerpt":{"rendered":"<p>INTRODUCTION Spevak Latin archaique I Introduction: Ce chapitre comprend: 1.1. Les langues de l\u2019Italie ancienne 1.2. L&rsquo;alphabet 1.3. La ponctuation 1.4. Traits caract\u00e9ristiques du latin archa\u00efque et pr\u00e9classique 1.5. La variation r\u00e9gionale du latin 1.6. Les documents\u00a0\u00e9pigraphiques<\/p>\n","protected":false},"author":417,"featured_media":0,"parent":29,"menu_order":1,"comment_status":"closed","ping_status":"closed","template":"","meta":{"footnotes":""},"class_list":["post-35","page","type-page","status-publish","hentry"],"_links":{"self":[{"href":"https:\/\/blogs.univ-tlse2.fr\/olga-spevak\/wp-json\/wp\/v2\/pages\/35","targetHints":{"allow":["GET"]}}],"collection":[{"href":"https:\/\/blogs.univ-tlse2.fr\/olga-spevak\/wp-json\/wp\/v2\/pages"}],"about":[{"href":"https:\/\/blogs.univ-tlse2.fr\/olga-spevak\/wp-json\/wp\/v2\/types\/page"}],"author":[{"embeddable":true,"href":"https:\/\/blogs.univ-tlse2.fr\/olga-spevak\/wp-json\/wp\/v2\/users\/417"}],"replies":[{"embeddable":true,"href":"https:\/\/blogs.univ-tlse2.fr\/olga-spevak\/wp-json\/wp\/v2\/comments?post=35"}],"version-history":[{"count":9,"href":"https:\/\/blogs.univ-tlse2.fr\/olga-spevak\/wp-json\/wp\/v2\/pages\/35\/revisions"}],"predecessor-version":[{"id":241,"href":"https:\/\/blogs.univ-tlse2.fr\/olga-spevak\/wp-json\/wp\/v2\/pages\/35\/revisions\/241"}],"up":[{"embeddable":true,"href":"https:\/\/blogs.univ-tlse2.fr\/olga-spevak\/wp-json\/wp\/v2\/pages\/29"}],"wp:attachment":[{"href":"https:\/\/blogs.univ-tlse2.fr\/olga-spevak\/wp-json\/wp\/v2\/media?parent=35"}],"curies":[{"name":"wp","href":"https:\/\/api.w.org\/{rel}","templated":true}]}}