 {"id":53,"date":"2017-08-01T18:54:50","date_gmt":"2017-08-01T16:54:50","guid":{"rendered":"https:\/\/blogs.univ-tlse2.fr\/olga-spevak\/?page_id=53"},"modified":"2019-12-06T21:44:01","modified_gmt":"2019-12-06T20:44:01","slug":"chapitre-iii","status":"publish","type":"page","link":"https:\/\/blogs.univ-tlse2.fr\/olga-spevak\/latin-archaique\/chapitre-iii\/","title":{"rendered":"Chapitre 3"},"content":{"rendered":"<h1>TEXTES \u00c9PIGRAPHIQUES DE L\u2019\u00c9POQUE<\/h1>\n<h1>R\u00c9PUBLICAINE<\/h1>\n<p>Spevak Latin archaique III Epoque republicaine:<\/p>\n<p>Ce chapitre comprend:<\/p>\n<p>3.1. Inscriptions honorifiques et d\u00e9dicaces officielles<\/p>\n<ol start=\"14\">\n<li>\u00c9loge d\u2019Appius Claudius Caecus<\/li>\n<li>D\u00e9dicace votive de M. Fulvius Flaccus<\/li>\n<li>La colonne rostrale de Duilius<\/li>\n<li>D\u00e9dicace \u00e0 Hercule par Minucius<\/li>\n<li>D\u00e9dicace comm\u00e9morative de M. Claudius<\/li>\n<li>D\u00e9dicace comm\u00e9morative de L. Aemilius Paullus<\/li>\n<li>D\u00e9dicace votive de L. Mummius<\/li>\n<li>Inscription honorifique de P. Popillius<\/li>\n<li>Inscription honorifique de L. Betilienus Varus<\/li>\n<\/ol>\n<p>3.2. Inscriptions fun\u00e9raires<\/p>\n<ol start=\"23\">\n<li>\u00c9loge de Lucius Cornelius Scipion le Barbu<\/li>\n<li>\u00c9loge de Lucius Cornelius Scipion le fils<\/li>\n<li>\u00c9pitaphe de Marcus Caecilius<\/li>\n<li>L\u2019\u00e9pitaphe de Claudia<\/li>\n<\/ol>\n<p>3.3. Inscriptions d\u2019appartenance et d\u00e9dicaces priv\u00e9es<\/p>\n<ol start=\"27\">\n<li>Inscriptions sur des lampes \u00e0 huile<\/li>\n<li>Signatures d\u2019auteur<\/li>\n<\/ol>\n<p>3.4. D\u00e9dicaces<\/p>\n<p>3.4.1. D\u00e9dicaces \u00e0 des personnes<\/p>\n<ol start=\"29\">\n<li>D\u00e9dicace \u00e0 Flacca<\/li>\n<li>D\u00e9dicace de Dindia Magulnia<\/li>\n<\/ol>\n<p>3.4.2. D\u00e9dicaces \u00e0 des divinit\u00e9s<\/p>\n<ol start=\"31\">\n<li>D\u00e9dicace \u00e0 Fortuna Primigenia<\/li>\n<li>D\u00e9dicace \u00e0 Diane<\/li>\n<li>D\u00e9dicace \u00e0 Hercule par les fr\u00e8res Pompilii<\/li>\n<li>D\u00e9dicace \u00e0 Junon Regina<\/li>\n<li>D\u00e9dicace \u00e0 Mater Matuta<\/li>\n<li>D\u00e9dicace \u00e0 Minerve<\/li>\n<li>D\u00e9dicace des cuisiniers de Sardaigne<\/li>\n<li>D\u00e9dicace des fr\u00e8res Vertulei<\/li>\n<li>D\u00e9dicace de Lucius Munius<\/li>\n<li>D\u00e9dicace bilingue de D\u00e9los<\/li>\n<\/ol>\n<p>3.5. Actes publics<\/p>\n<ol start=\"41\">\n<li>La loi sacr\u00e9e de Spol\u00e8te<\/li>\n<li>L\u2019\u00e9dit de L. Aemilius Paullus<\/li>\n<li>L\u2019\u00e9dit de Luc\u00e9rie<\/li>\n<li>L\u2019\u00e9dit sur le Pagus Montanus<\/li>\n<li>\u00c9dit de L. Sentius<\/li>\n<li>Le S\u00e9natus-consulte des bacchanales<\/li>\n<li>Le s\u00e9natus-consulte des Tiburtins<\/li>\n<li>Le s\u00e9natus-consulte des Thisbains<\/li>\n<li>La Sentence des Minucii<\/li>\n<li>La table de Bantia<\/li>\n<li>La loi sur la restitution des biens<\/li>\n<li>La loi agraire<\/li>\n<li>La loi Corn\u00e9lia sur les vingt questeurs<\/li>\n<li>Le contrat de construction d\u2019un mur<\/li>\n<\/ol>\n<p><strong>Les encadr\u00e9s<\/strong><\/p>\n<p><em>Primus inuentor <\/em>(p. 56)<\/p>\n<p><em>Imperator <\/em>et <em>triumphus <\/em>(p. 60)<\/p>\n<p><em>Sacer <\/em>et l\u2019acte de cons\u00e9cration (p. 62)<\/p>\n<p>Temples votifs (p. 66)<\/p>\n<p>Rites fun\u00e9raires (p. 73)<\/p>\n<p><em>Cursus honorum <\/em>(p. 74)<\/p>\n<p>Le vers saturnien (p. 77)<\/p>\n<p>Les offrandes (p. 90)<\/p>\n<p>Hercule (p. 93)<\/p>\n<p>Le bois sacr\u00e9 (p. 108)<\/p>\n<p>Les proc\u00e9dures de vote (p. 151)<\/p>\n<p>L\u2019<em>ager publicus <\/em>(p. 157)<\/p>\n<p style=\"text-align: center\">\n","protected":false},"excerpt":{"rendered":"<p>TEXTES \u00c9PIGRAPHIQUES DE L\u2019\u00c9POQUE R\u00c9PUBLICAINE Spevak Latin archaique III Epoque republicaine: Ce chapitre comprend: 3.1. Inscriptions honorifiques et d\u00e9dicaces officielles \u00c9loge d\u2019Appius Claudius Caecus D\u00e9dicace votive de M. Fulvius Flaccus La colonne rostrale de Duilius D\u00e9dicace \u00e0 Hercule par Minucius &hellip; <a href=\"https:\/\/blogs.univ-tlse2.fr\/olga-spevak\/latin-archaique\/chapitre-iii\/\">Continuer la lecture <span class=\"meta-nav\">&rarr;<\/span><\/a><\/p>\n","protected":false},"author":417,"featured_media":0,"parent":29,"menu_order":3,"comment_status":"closed","ping_status":"closed","template":"","meta":{"footnotes":""},"class_list":["post-53","page","type-page","status-publish","hentry"],"_links":{"self":[{"href":"https:\/\/blogs.univ-tlse2.fr\/olga-spevak\/wp-json\/wp\/v2\/pages\/53","targetHints":{"allow":["GET"]}}],"collection":[{"href":"https:\/\/blogs.univ-tlse2.fr\/olga-spevak\/wp-json\/wp\/v2\/pages"}],"about":[{"href":"https:\/\/blogs.univ-tlse2.fr\/olga-spevak\/wp-json\/wp\/v2\/types\/page"}],"author":[{"embeddable":true,"href":"https:\/\/blogs.univ-tlse2.fr\/olga-spevak\/wp-json\/wp\/v2\/users\/417"}],"replies":[{"embeddable":true,"href":"https:\/\/blogs.univ-tlse2.fr\/olga-spevak\/wp-json\/wp\/v2\/comments?post=53"}],"version-history":[{"count":13,"href":"https:\/\/blogs.univ-tlse2.fr\/olga-spevak\/wp-json\/wp\/v2\/pages\/53\/revisions"}],"predecessor-version":[{"id":240,"href":"https:\/\/blogs.univ-tlse2.fr\/olga-spevak\/wp-json\/wp\/v2\/pages\/53\/revisions\/240"}],"up":[{"embeddable":true,"href":"https:\/\/blogs.univ-tlse2.fr\/olga-spevak\/wp-json\/wp\/v2\/pages\/29"}],"wp:attachment":[{"href":"https:\/\/blogs.univ-tlse2.fr\/olga-spevak\/wp-json\/wp\/v2\/media?parent=53"}],"curies":[{"name":"wp","href":"https:\/\/api.w.org\/{rel}","templated":true}]}}