 {"id":35,"date":"2023-02-17T12:34:51","date_gmt":"2023-02-17T11:34:51","guid":{"rendered":"https:\/\/blogs.univ-tlse2.fr\/paacte-filiere-pastorale-occitanie\/?page_id=35"},"modified":"2023-03-15T13:53:32","modified_gmt":"2023-03-15T12:53:32","slug":"les-publications","status":"publish","type":"page","link":"https:\/\/blogs.univ-tlse2.fr\/paacte-filiere-pastorale-occitanie\/les-publications\/","title":{"rendered":"Bibliographie"},"content":{"rendered":"\n<h2 class=\"wp-block-heading\"><strong>R\u00c9F\u00c9RENCES BIBLIOGRAPHIQUES GLOBALES PROVISOIRES<\/strong><\/h2>\n\n\n\n<p><strong>Alli\u00e9 Louis<\/strong>, <em>La gestion de l\u2019espace dans des Parcs naturels r\u00e9gionaux sous pressions touristique et urbaine ou comment les acteurs bricolent du d\u00e9veloppement et de la pr\u00e9servation dans les massifs de Chartreuse et du Vercors\u202f?<\/em>, Th\u00e8se de doctorat, Universit\u00e9 Joseph Fourier, Grenoble, France, Canada, 2005.<\/p>\n\n\n\n<p><strong>Aragon Anne, Sans Pierre<\/strong>, \u00c9cole nationale v\u00e9t\u00e9rinaire et Institut national polytechnique, \u00ab\u00a0La transhumance ovine dans les Pyr\u00e9n\u00e9es: pratique ancestrale et solution d\u2019avenir, aspects zootechniques et sanitaires.\u00a0\u00bb<\/p>\n\n\n\n<p><strong>BAL M.Cl.<\/strong>, &amp; al &#8211; (2019) Risque de perte de diversit\u00e9 paysag\u00e8re et culturelle dans les montagnes m\u00e9diterran\u00e9ennes (Massif central, Sierra de Gredos et Apennins septentrionaux): l\u2019approche g\u00e9o-historique et la mise en r\u00e9seau indispensables \u00e0 une meilleure valorisation du territoire. Dans <em>G\u00e9ohistoire de l\u2019environnement et des paysages\u00a0: actes de colloque de Toulouse<\/em>, <em>12-14 octobre 2016<\/em>,\u00a0 sous la direction de Ph. Valette et JM. Carozza. CNRS \u00e9ditions: pp. 409-419.<\/p>\n\n\n\n<p><strong>BAL M.Cl.<\/strong>, &amp; al &#8211; (2015) &#8211; Charcoal from soil: the origin of <em>Nardus stricta<\/em> grassland and the history of a mountain cultural landscape (Mont Loz\u00e8re, France) since the Neolithic period. <em>The Quaternary International<\/em>, vol. 366, pp. 3-14.<\/p>\n\n\n\n<p><strong>Balliett James Fargo<\/strong>, <em>Mountains: environmental issues, global perspectives<\/em>, Armonk, NY, Etats-Unis d\u2019Am\u00e9rique, M.E. Sharpe, 2010.<\/p>\n\n\n\n<p><strong>Barri\u00e8re Olivier<\/strong> &amp; al. (ed.),\u00a0 <em>Coviability of social and ecological systems : reconnecting mankind to the biosphere in an era of global change<\/em>. Vol. 1 : <em>The foundations of a new paradigm.<\/em> Cham : Springer, 2019, 728 p. Vol. 2 : <em>Coviability questioned by a diversity of situations.<\/em>, 340 p.<\/p>\n\n\n\n<p><strong>Barthe, L. et Eychenne, C.<\/strong> \u00ab\u00a0Les associations fonci\u00e8res pastorales : Un dispositif de gouvernance concr\u00e8te du foncier dans les territoires de montagne\u00a0\u00bb, <em>EchoG\u00e9o<\/em>,n\u00b043, 2018 .(10.4000\/echogeo.15228)<\/p>\n\n\n\n<p><strong>BELIS-BERGOUIGNAN, M.C., LEVY, R.<\/strong>, \u201cSharing a common resource in a sustainable development context: The case of a wood innovation system\u201d. Technological Forecasting &amp; Social Change, n\u00b077, 2010, p. 1126-1138.<\/p>\n\n\n\n<p><strong>BELIS-BERGOUIGNAN, M.C., LEVY, R.<\/strong>, 2010. \u201cSharing a common resource in a sustainable development context: The case of a wood innovation system\u201d. Technological Forecasting &amp; Social Change (cat 2 CNRS), 77, pp. 1126-1138.<\/p>\n\n\n\n<p><strong>Beniston Martin<\/strong>, <em>Environmental change in mountains and uplands<\/em>, London, Royaume-Uni de Grande-Bretagne et d\u2019Irlande du Nord, Arnold, 2000.<\/p>\n\n\n\n<p><strong>Berg\u00e8s Louis, Belle Elsa, Bertoncini Pierre, Carpi Anna-Lisa, Chandivert Arnauld, Costa Sandra, Delpech Viviane, Espinosa Laurence, Gras Philippe, Kraus Sabine, Langlois Gauthier, Lapacherie Jean-G\u00e9rard, Manso Christian, Molinier Claude, Ounoughi Samia, Parsis-Barub\u00e9 Odile, P\u00e9py \u00c9milie-Anne, Peyr\u00e9 Pierre, Richard-Brunet V\u00e9ronique, Rocher Gonzalez Manel, Tessier-Brusetti Chlo\u00e9 et Venzal Christel<\/strong>, <em>La montagne explor\u00e9e, \u00e9tudi\u00e9e et repr\u00e9sent\u00e9e: \u00e9volution des pratiques culturelles depuis le xviiie si\u00e8cle<\/em>, Paris, \u00c9ditions du Comit\u00e9 des travaux historiques et scientifiques, 2020.<\/p>\n\n\n\n<p><strong>Besson Liliane<\/strong>, <em>Les risques naturels en montagne: traitement, pr\u00e9vention, surveillance<\/em>, Bourg d\u2019Oisans (Is\u00e8re), France, Art\u00e8s, 1996.<\/p>\n\n\n\n<p><strong>BEZZON, B. et LEVY, R.<\/strong>, \u00abLe r\u00f4le des diff\u00e9rentes proximit\u00e9s pour construire des relations d\u2019affaires dans un cluster. Le cas du SPL Mecanic vall\u00e9e \u00bb, <em>Management International<\/em>, 2019.<\/p>\n\n\n\n<p><strong>BEZZON, B. et LEVY, R., 2019.<\/strong> \u00abLe r\u00f4le des diff\u00e9rentes proximit\u00e9s pour construire des relations d\u2019affaires dans un cluster. Le cas du SPL Mecanic vall\u00e9e \u00bb, Management International.<\/p>\n\n\n\n<p><strong>BILLE E.<\/strong>,\u00a0 <em>Seigneurs, maisons et vacants : la Cerdagne du dixi\u00e8me au quatorzi\u00e8me si\u00e8cle<\/em>, Th\u00e8se doctorat Histoire, universit\u00e9 Toulouse II, Cursente (Beno\u00eet) (dir.), 2004, 2 vol., 529 p.<\/p>\n\n\n\n<p><strong>BILLE E.<\/strong>, \u201cRemarques sur les modes de spatialisation des droits et des pratiques sur les vacants en Cerdagne aux XII<sup>e<\/sup>-XIV<sup>e<\/sup> si\u00e8cles\u201d, Catafau (A.) (\u00e9d.) <em>Les ressources naturelles des Pyr\u00e9n\u00e9es du Moyen \u00c2ge \u00e0 l\u2019\u00e9poque moderne. Exploitation, gestion, appropriation<\/em>, Actes du Congr\u00e8s international RESOPYR 1 (8-10 nov. 2002), r\u00e9unis par Catafau (Aymat), Perpignan, PUP, \u00ab\u00a0\u00c9tudes\u00a0\u00bb, 2005, p. 239-252.<\/p>\n\n\n\n<p><strong>BILLE E., Conesa (M.), Viader (R.)<\/strong>, \u201cL\u2019appropriation des espaces communautaires dans l\u2019Est des Pyr\u00e9n\u00e9es m\u00e9di\u00e9vales et modernes\u00a0: enqu\u00eate sur les <em>cortals<\/em>\u201d, Actes du colloque de Clermont-Ferrand (mars 2004), <em>Les Espaces collectifs dans les campagnes, XI<sup>e<\/sup>-XXI<sup>e<\/sup> si\u00e8cle<\/em>, Clermont-Ferrand, Presses Universitaires Blaise Pascal, 2007, p.177-194.<\/p>\n\n\n\n<p><strong>Bille E., Conesa M.<\/strong>, \u201cLes territoires de l\u2019herbe en Cerdagne du XIII<sup>e<\/sup> au XIX<sup>e<\/sup> si\u00e8cle. D\u2019une communaut\u00e9 d\u2019usage \u00e0 une fracture spatiale\u201d, Actes du colloque des journ\u00e9es internationales de l\u2019abbaye de <em>Flaran<\/em> (sept. 2006), Toulouse, 2008, PUM, p. 153-171.<\/p>\n\n\n\n<p><strong>BILLE E.<\/strong>,\u201cAutour des dev\u00e8ses\u00a0: d\u00e9fens, <em>devesias<\/em> (XII<sup>e<\/sup> \u2013 XIV<sup>e<\/sup> si\u00e8cle)\u201d, Rendu (Christine) (dir.), <em>PCR Cerdagne. Estivage et structuration sociale d\u2019un espace montagnard. Rapport interm\u00e9diaire 2004\u201d<\/em>, DRAC, SRA Languedoc-Roussillon, 2004, p. 97-106.<\/p>\n\n\n\n<p><strong>BILLE E.,Conesa (M.), Rendu (C), Bosom (S.)<\/strong>, \u201cL\u2019\u00e9levage du Moyen \u00c2ge \u00e0 l\u2019\u00e9poque moderne au prisme des contrats de <em>parceria<\/em>. Le chantier histoire\u00a0: retour sur une exp\u00e9rience originale\u201d, <em>Ceretania<\/em>, 2005, n\u00b04, p. 265 \u2013 277.<\/p>\n\n\n\n<p><strong>Blanc Julien<\/strong>, \u00ab\u00a0Du naturel du produit \u00e0 la production de la nature: les agneaux de parcours du Parc national des C\u00e9v\u00e9nnes, figure d\u2019une protection de la nature n\u00e9goci\u00e9e\u00a0\u00bb.<\/p>\n\n\n\n<p><strong>Bories, O., Eychenne, C. <\/strong>et al, \u00ab\u00a0Quand les moutons circulent sur les trottoirs de nos villes,\u00a0\u00bb. Urbanit\u00e9s, n\u00b011, 2017<\/p>\n\n\n\n<p><strong>Boschma, R. <\/strong>(2005) Proximity and Innovation: A Critical Assessment, Regional Studies, 39:1, 61-74<\/p>\n\n\n\n<p><strong>Boschma, R.<\/strong> (Proximity and Innovation: A Critical Assessment, Regional Studies, n\u00b039\/, 2005, p. 61-74<\/p>\n\n\n\n<p><strong>Bosquet Leah, Eychenne Corinne Pr\u00e9facier, D\u00e9prez Gwladys et Schuermans Magali<\/strong>, <em>Estivage<\/em>, Bruxelles, Belgique, Husson, 2009.<\/p>\n\n\n\n<p><strong>Brisebarre Anne-Marie Auteur, Brisebarre Jean-Jacques et Rivi\u00e8re Georges-Henri Pr\u00e9facier<\/strong>, <em>Bergers des C\u00e9vennes: histoire et ethnographie du monde pastoral et de la transhumance en C\u00e9vennes<\/em>, Nancy, France, Berger-Levrault, 1978.<\/p>\n\n\n\n<p><strong>Cambus Pierre et Chandivert Arnauld<\/strong>, <em>Pays Couserans, lieux de m\u00e9moire, m\u00e9moire des lieux: perspectives contemporaines sur une toponymie gasconne<\/em>, Saint-Lizier, France, Syndicat mixte<\/p>\n\n\n\n<p><strong>Chandivert Arnauld<\/strong>, <em>Promouvoir les singularit\u00e9s locales: politiques de l\u2019authenticit\u00e9 et usages sociaux du patrimoine en Couserans, Ari\u00e8ge<\/em>, Th\u00e8se de doctorat, Universit\u00e9 Paul Val\u00e9ry, Montpellier, France, 2010.<\/p>\n\n\n\n<p><strong>Chevalier M.<\/strong>, La vie humaine dans les Pyr\u00e9n\u00e9es ari\u00e9geoises, Paris, \u00e9d. Genin, 1956, 1061 p.<\/p>\n\n\n\n<p><strong>Colletis, G., et Pecqueur, B., (2005)<\/strong>. \u00ab R\u00e9v\u00e9lation de ressources sp\u00e9cifiques et coordination situ\u00e9e \u00bb, Economie et Institutions, n\u00b06-7, pp. 51-74<\/p>\n\n\n\n<p><strong>Colletis, G., et Pecqueur, B., (2005)<\/strong>. \u00ab R\u00e9v\u00e9lation de ressources sp\u00e9cifiques et coordination situ\u00e9e\u00a0\u00bb, <em>Economie et Institutions<\/em>, n\u00b06-7, pp. 51-74.<\/p>\n\n\n\n<p><strong>Colletis, G., et Pecqueur, B.<\/strong>, <em>L\u2019\u00e9conomie territoriale<\/em>, Presses universitaires de Grenoble, 2013.<\/p>\n\n\n\n<p><strong>Conesa M.<\/strong>, \u201cEspaces en partage et partage des espaces. Organisation et acteurs de la transhumance et de l\u2019estivage dans les Pyr\u00e9n\u00e9es de l\u2019est. (Cerdagne, XV<sup>e<\/sup>\u2013XVIII<sup>e<\/sup> si\u00e8cle)\u201d, actes du colloque de l\u2019abbaye de <em>Flaran<\/em> (sept. 2004), Toulouse, PUM, 2006,\u00a0 p.307-326.<\/p>\n\n\n\n<p><strong>Conesa M.<\/strong>, \u201cL\u2019herbe et la terre. Communaut\u00e9s rurales de Cerdagne fran\u00e7aise au XVIII<sup>e<\/sup> si\u00e8cle et acc\u00e8s aux estives\u00a0: un lien structurant\u201d, Catafau (A.) (\u00e9d.) <em>Les ressources naturelles des Pyr\u00e9n\u00e9es du Moyen \u00c2ge \u00e0 l\u2019\u00e9poque moderne. Exploitation, gestion, appropriation<\/em>, Actes du Congr\u00e8s international RESOPYR 1 (8-10 nov. 2002), r\u00e9unis par Catafau (Aymat), Perpignan, PUP, \u00ab\u00a0\u00c9tudes\u00a0\u00bb, 2005, p. 205-219.<\/p>\n\n\n\n<p><strong>Conesa M.<\/strong>, \u201c<em>Muntanya a la venda\u00a0! A l\u2019entorn de 1715 cap a l\u2019est del Pirineu : el Carlit, el veguer i la frontera<\/em>\u201d, <em>Afers, fulls de recerca i pensament<\/em>, n\u00b058, 2007, p. 693-714. (la version fran\u00e7aise est disponible sur HAL: <a href=\"http:\/\/hal.archives-ouvertes.fr\/hal-00175701\/en\/\">http:\/\/hal.archives-ouvertes.fr\/hal-00175701\/en\/<\/a>).<\/p>\n\n\n\n<p><strong>Cugny Carole<\/strong>, <em>Apports des microfossiles non-polliniques \u00e0 l\u2019histoire du pastoralisme sur le versant nord Pyr\u00e9n\u00e9en: entre r\u00e9f\u00e9rentiels actuels et reconstitution du pass\u00e9<\/em>, Th\u00e8se de doctorat, Universit\u00e9 Toulouse-Jean Jaur\u00e8s, France, 2011.<\/p>\n\n\n\n<p><strong>Davezies L.<\/strong>, <em>La crise qui vient\u00a0: la nouvelle fracture territoriale<\/em>, Ed. du Seuil, 2012.<\/p>\n\n\n\n<p>Direction R\u00e9gionale de l\u2019 Alimentation de l\u2019Agriculture et de la For\u00eat de Midi-Pyr\u00e9n\u00e9es et France. D\u00e9l\u00e9gation \u00e0 l\u2019am\u00e9nagement du territoire et \u00e0 l\u2019action r\u00e9gionale, <em>Plan de soutien \u00e0 l\u2019\u00e9conomie agro-sylvo-pastorale 2007-2013: Rapport de synth\u00e8se 2007-2011<\/em>, France, Datar Pyr\u00e9n\u00e9es, 2012.<\/p>\n\n\n\n<p><strong>Dumez Richard et Rou\u00e9 Marie Pr\u00e9facier<\/strong>, <em>Le feu, savoirs et pratiques en C\u00e9vennes<\/em>, Versailles, France, Quae, 2010.<\/p>\n\n\n\n<p><strong>Eychenne, C., Bories, O.<\/strong> (2020), \u00ab\u00a0(\u00c9co)p\u00e2turage, (\u00e9co)pastoralisme : la gestion de l\u2019espace par les troupeaux, \u00e9l\u00e9ments d\u2019analyse et de compr\u00e9hension\u00a0\u00bb, <em>Carnets de g\u00e9ographes<\/em>, 14, rubrique carnets de recherches) .<\/p>\n\n\n\n<p><strong>Eychenne, C., Buclet, N.<\/strong> et al. Dossier : \u00ab\u00a0Activit\u00e9s pastorales et dynamiques territoriales : Quelles articulations ? Quelles synergies ?\u00a0\u00bb. <em>Pastum<\/em>, (Hors-s\u00e9rie) , 2017. Montpellier, Association fran\u00e7aise de pastoralisme,C ard\u00e8re \u00e9diteur,Saint-Martin-d\u2019H\u00e8res, 125 p.<\/p>\n\n\n\n<p><strong>Gouriveau Emilie<\/strong>, <em>R\u00e9silience des \u00e9cosyst\u00e8mes: approche multiproxy de l\u2019impact environnemental des activit\u00e9s humaines pass\u00e9es et r\u00e9centes dans les Vosges du Nord (mines, verreries, activit\u00e9s militaires et agro-pastorales).<\/em>, Th\u00e8se de doctorat, Universit\u00e9 Bourgogne Franche-Comt\u00e9, France, 2020.<\/p>\n\n\n\n<p><strong>Gros Andr\u00e9<\/strong>, <em>L\u2019Elevage du Caussenard, mouton des Garrigues et des C\u00e9vennes m\u00e9ridionales<\/em>, France, 1934.<\/p>\n\n\n\n<p><em>Hommes et troupeaux des Pyr\u00e9n\u00e9es: Images des Hautes-Pyr\u00e9n\u00e9es<\/em>, France, 1982.<\/p>\n\n\n\n<p><strong>Huber Uli M., Bugmann Harald K. M. et Reasoner Mel A.<\/strong>\u00a0(\u00e9d.), <em>Global change and mountain regions: an overview of current knowledge<\/em>, Dordrecht, Pays-Bas, Springer, 2005.<\/p>\n\n\n\n<p><strong>Jacob S. <\/strong>et al., \u201cHabitat choice meets thermal specialization: Competition with specialists may drive suboptimal habitat preferences in generalists\u201d, PNAS, \u00a011988\u201311993, vol. 115, no. 47, 2018.<\/p>\n\n\n\n<p><strong>LABROUCHE G. et LEVY R.<\/strong>,\u00a0 \u00ab Pourquoi rester en \u00ab ville moyenne ? Le cas d\u2019entreprises agroalimentaires d\u2019Occitanie \u00bb, <em>Economie Rurale<\/em>, n\u00b0368, 2019, p.35-54.<\/p>\n\n\n\n<p><strong>LABROUCHE G. et LEVY R.<\/strong>, 2019. \u00ab Pourquoi rester en \u00ab ville moyenne\u00a0 ? Le cas d\u2019entreprises agroalimentaires d\u2019Occitanie \u00bb, Economie Rurale , n\u00b0368, pp.35-54.<\/p>\n\n\n\n<p><strong>Lazaro Lucie<\/strong>, <em>Estives en partage: une approche relationnelle des externalit\u00e9s du pastoralisme collectif pyr\u00e9n\u00e9en<\/em>, th\u00e8se de doctorat, Universit\u00e9 de Toulouse Jean-Jaur\u00e8s, 2015.<\/p>\n\n\n\n<p><strong>Le Cou\u00e9dic M\u00e9lanie<\/strong>, <em>Les pratiques pastorales d\u2019altitude dans une perspective ethnoarch\u00e9ologique. Cabanes, troupeaux et territoires pastoraux pyr\u00e9n\u00e9ens de la pr\u00e9histoire \u00e0 nos jours.<\/em>, Th\u00e8se de doctorat, Universit\u00e9 de Tours, France, 2010.<\/p>\n\n\n\n<p><strong>Leclerc, C.<\/strong>,<strong> Courchamp, F., Bellard, C.<\/strong> \u201cFuture climate change vulnerability of endemic island mammals\u201d, \u00a0<em>Nat Commun<\/em>\u00a0<strong>11,\u00a0<\/strong>4943 (2020). <a href=\"https:\/\/doi.org\/10.1038\/s41467-020-18740-x\">https:\/\/doi.org\/10.1038\/s41467-020-18740-x<\/a><\/p>\n\n\n\n<p><strong>Leclerc, C<\/strong>., Vill\u00e9ger S., Marino C., B\u00e9llard C., \u201cGlobal changes threaten functional and taxonomic diversity of insular species worldwide\u201d,\u00a0 <em>Biodiversity Research<\/em>,n\u00b026 (4), 2020, DOI:<a rel=\"noreferrer noopener\" href=\"http:\/\/dx.doi.org\/10.1111\/ddi.13024\" target=\"_blank\">10.1111\/ddi.13024<\/a><\/p>\n\n\n\n<p><strong>LEVY R., TRIBOULET P. et NAVEREAU B<\/strong>. \u00ab La trajectoire de projets collaboratifs innovants dans le secteur agro-alimentaire : r\u00f4le des proximit\u00e9s et des interm\u00e9diaires dans la circulation des connaissances \u00bb, <em>G\u00e9ographie Economie<\/em>, 2021, \u00e0 para\u00eetre<\/p>\n\n\n\n<p><strong>LEVY R., TRIBOULET P. et NAVEREAU B.<\/strong>, 2021. \u00ab La trajectoire de projets collaboratifs innovants dans le secteur agro-alimentaire : r\u00f4le des proximit\u00e9s et des interm\u00e9diaires dans la circulation des connaissances \u00bb, a paraitre dans\u00a0 G\u00e9ographie Economie Soci\u00e9t\u00e9<\/p>\n\n\n\n<p><strong>LEVY, R., BELIS-BERGOUIGNAN, M.C<\/strong>., \u00ab Quel d\u00e9veloppement pour une fili\u00e8re fond\u00e9e sur le partage d\u2019une ressource localis\u00e9e? \u00bb, <em>Revue d\u2019Economie R\u00e9gionale et Urbaine<\/em>, 2011, n\u00b03, pp 469-497.<\/p>\n\n\n\n<p><strong>LEVY, R., BELIS-BERGOUIGNAN, M.C.<\/strong>, 2011. \u00ab Quel d\u00e9veloppement pour une fili\u00e8re fond\u00e9e sur le partage d\u2019une ressource localis\u00e9e? \u00bb, Revue d\u2019Economie R\u00e9gionale et Urbaine , 2011-3, pp 469-497.<\/p>\n\n\n\n<p><strong>Marguet Christian<\/strong>, <em>Le Mouton dans l\u2019exploitation pastorale des Pyr\u00e9n\u00e9es<\/em>, Grenoble, France, CERAFER, 1971.<\/p>\n\n\n\n<p><strong>Meschinet de Richemond Nancy<\/strong>, <em>Les crues historiques dans les Pyr\u00e9n\u00e9es-Orientales<\/em>, Lieu de publication inconnu, France, 1994.<\/p>\n\n\n\n<p><strong>Minovez, J.-M.<\/strong>, \u00ab\u00a0De la draperie \u00e0 la bonneterie de laine. Histoire d\u2019une substitution (Pyr\u00e9n\u00e9es, fin XVIII<sup>e<\/sup>-XIX<sup>e<\/sup> si\u00e8cle)\u00a0\u00bb,\u00a0 <em>Annales du Midi<\/em>, T.\u00a0130, n\u00b0\u00a0303, 3, 2018, p.\u00a0291-309.<\/p>\n\n\n\n<p><strong>Minovez, J.-M.<\/strong>, \u00ab\u00a0La d\u00e9sindustrialisation en longue dur\u00e9e\u00a0\u00bb,\u00a0 <em>20\u00a0&amp;\u00a021. Revue d\u2019histoire<\/em>, n\u00b0\u00a0144, oct.-d\u00e9c.\u00a02019, p.\u00a019-33.<\/p>\n\n\n\n<p><strong>Minovez, J.-M.<\/strong>, \u00ab\u00a0Laines et draperies des montagnes du Midi fran\u00e7ais. Circulations et productions intra et transpyr\u00e9n\u00e9ennes, milieu XVII<sup>e<\/sup>-d\u00e9but XIX<sup>e<\/sup> si\u00e8cles\u00a0\u00bb, <em>Circulations montagnardes, circulations europ\u00e9ennes<\/em>, 143<sup>e<\/sup> congr\u00e8s du CTHS, Universit\u00e9 de Pau et des Pays de l\u2019Adour, 24-29 avril 2017, Conf\u00e9rence en formation pl\u00e9ni\u00e8re sur invitation prononc\u00e9e le 25 avril 2017, N.\u00a0Lemaitre\u00a0(dir.), <em>Des routes et des hommes\u00a0: la construction des \u00e9changes par les itin\u00e9raires et les transports<\/em>, Paris, CTHS, 2019, p.\u00a0240-267.<\/p>\n\n\n\n<p><strong>Minovez, J.-M<\/strong>.,<em>L\u2019industrie invisible\u00a0: les draperies du Midi, XVII<sup>e<\/sup>-XX<sup>e\u00a0<\/sup>si\u00e8cles. Essai sur l\u2019originalit\u00e9 d\u2019une trajectoire<\/em>, Paris, CNRS \u00e9ditions, 2012.<\/p>\n\n\n\n<p><strong>Minovez, J.-M.<\/strong>,<em>La puissance du Midi. Les draperies de Colbert \u00e0 la R\u00e9volution<\/em>, Rennes, Presses universitaires de Rennes, 2012.<\/p>\n\n\n\n<p><strong>Neustadtl Sara<\/strong>, <em>Moving mountains: coping with change in mountain communities<\/em>, Boston, MA, Etats-Unis d\u2019Am\u00e9rique, Appalachian Mountain Club, 1987.<\/p>\n\n\n\n<p><strong>Ostrom E.<\/strong>, <em>Governing the commons: the evolution of institutions for collective action<\/em>, Cambridge, 1990, 280 p.<\/p>\n\n\n\n<p><strong>Ostrom, E.<\/strong>, Burger, J., Field, C., Norgaard, R. et Policansky, D., 1999. \u201c Revisiting the Commons: Local Lessons, Global Challenges\u201d, Science\u00a0 09 Apr 1999, Vol. 284, Issue 5412, pp. 278-282, DOI: 10.1126\/science.284.5412.278<\/p>\n\n\n\n<p><strong>Ostrom, E., Burger, J., Field, C., Norgaard, R. et Policansky, D.<\/strong>, 1999. \u201cRevisiting the Commons: Local Lessons, Global Challenges\u201d, <em>Science<\/em>, 09 Apr 1999: Vol. 284, Issue 5412, pp. 278-282.<\/p>\n\n\n\n<p><strong>Pacifici<\/strong> et al., \u201cAssessing species vulnerability to climate change\u201d, <em>nature climate change, <\/em>, n\u00b05, 2015, p.215-224<\/p>\n\n\n\n<p><strong>Pecqueur, B.<\/strong>, <em>Le d\u00e9veloppement local\u00a0: mode ou mod\u00e8le\u00a0?<\/em>, Syros Alternatives, 2000.<\/p>\n\n\n\n<p><strong>Rendu (Christine)<\/strong>, \u201c\u00a0\u00ab\u00a0Transhumance\u00a0\u00bb\u00a0: pr\u00e9lude \u00e0 l\u2019histoire d\u2019un mot voyageur\u201d, <strong>Laffont (P.-Y.)<\/strong> (\u00e9d.), <em>Transhumance et estivage en Occident des origines aux enjeux actuels<\/em>, Actes des XXVI<sup>e<\/sup> Journ\u00e9es Internationales d\u2019Histoire de l\u2019Abbaye de Flaran (sept. 2004), PUM, \u00ab\u00a0Flaran\u00a0\u00bb, 2006, p.7-30.<\/p>\n\n\n\n<p><strong>Rendu C.<\/strong> et al.,\u201cMargins and centres in the construction of the Pyrenean slopes : medieval dynamics within the long term perspective\u201d, <strong>ABERG A.<\/strong> (dir.), <em>Medieval rural settlement in marginal landscapes<\/em>, Cardiff, 8-14 september 2007, <em>Ruralia <\/em>VII, Tunhout Brepols, Publishers, 2009, p. 3-16.<\/p>\n\n\n\n<p><strong>Rendu C.<\/strong>\u201c Aux sources d\u2019une tradition\u00a0: l\u2019utopie pastorale de la fruiti\u00e8re du Barr\u00e8s\u201d, <em>Etudes Roussillonaises<\/em>, 1999, T. XVII, p. 105-117.<\/p>\n\n\n\n<p><strong>Rendu C.<\/strong>\u201c <em>La Montagne d\u2019Enveig : une estive pyr\u00e9n\u00e9enne dans la longue dur\u00e9e<\/em>, Th\u00e8se de doctorat : Anthropologie sociale et historique, EHESS, Paris, Fabre (Daniel) (dir.), 2000, 2 vol., 628 p.<\/p>\n\n\n\n<p><strong>Rendu C.<\/strong>\u201c<em>La montagne d\u2019Enveig<\/em>, <em>Une estive pyr\u00e9n\u00e9enne sur la longue dur\u00e9e<\/em>, Perpignan, Trabucaire, 2003, 606 p.<\/p>\n\n\n\n<p><strong>Rendu C.<\/strong>\u201cPistes et propositions pour une arch\u00e9ologie de l\u2019estivage, \u00e0 partir d\u2019une exp\u00e9rience dans les Pyr\u00e9n\u00e9es de l\u2019Est\u201d, <em>Arch\u00e9ologie du Midi M\u00e9di\u00e9val<\/em>, T.21, 2003, p. 147-157.<\/p>\n\n\n\n<p><strong>Richins Harold et Hull John S.<\/strong>\u00a0(\u00e9d.), <em>Mountain tourism: experiences, communities, environments and sustainable futures<\/em>, Wallingford, Oxfordshire, Royaume-Uni de Grande-Bretagne et d\u2019Irlande du Nord, 2016.<\/p>\n\n\n\n<p><strong>Sarramon A.<\/strong>, Les Quatre Vall\u00e9es. Aure \u00ad- Barousse \u2013 Neste \u2013 Magnoac (Essai historique), 1966, 3e \u00e9d., Toulouse, Milan, 1985, 644 p.<\/p>\n\n\n\n<p><strong>Schlager E., Ostrom E.<\/strong>, \u00ab Property-Rights Regimes and Natural Resources : A conceptual Analysis \u00bb, <em>Land Economics, <\/em>1992, vol. 68, no 3, p. 249-262.<\/p>\n\n\n\n<p><strong>Tanguy\u00a0Jean-Michel,\u00a0Charreyron-Perchet\u00a0Anne<\/strong>, \u00ab\u00a0La r\u00e9silience territoriale\u00a0: un premier diagnostic\u00a0\u00bb,\u00a0<em>Annales des Mines &#8211; Responsabilit\u00e9 et environnement<\/em>, 2013\/4 (N\u00b0 72), p. 32-36. DOI : 10.3917\/re.072.0032. URL : <a href=\"https:\/\/www.cairn.info\/revue-responsabilite-et-environnement1-2013-4-page-32.htm\">https:\/\/www.cairn.info\/revue-responsabilite-et-environnement1-2013-4-page-32.htm<\/a><\/p>\n\n\n\n<p><strong>Villeneuve A., Castelein Astrid et Mekouar Mohamed Ali<\/strong>, <em>Les montagnes et le droit: Tendances \u00e9mergentes<\/em>, Rome, Italie, Organisation des Nations Unies pour l\u2019alimentation et l\u2019agriculture, 2006.<\/p>\n","protected":false},"excerpt":{"rendered":"<p>R\u00c9F\u00c9RENCES BIBLIOGRAPHIQUES GLOBALES PROVISOIRES Alli\u00e9 Louis, La gestion de l\u2019espace dans des Parcs naturels r\u00e9gionaux sous pressions touristique et urbaine ou comment les acteurs bricolent du d\u00e9veloppement et de la pr\u00e9servation dans les massifs de Chartreuse et du Vercors\u202f?, Th\u00e8se de doctorat, Universit\u00e9 Joseph Fourier, Grenoble, France, Canada, 2005. Aragon Anne, Sans Pierre, \u00c9cole nationale [&hellip;]<\/p>\n","protected":false},"author":968,"featured_media":0,"parent":0,"menu_order":0,"comment_status":"closed","ping_status":"closed","template":"","meta":{"footnotes":""},"class_list":["post-35","page","type-page","status-publish","hentry","post-preview"],"featured_image_src":null,"featured_image_src_square":null,"_links":{"self":[{"href":"https:\/\/blogs.univ-tlse2.fr\/paacte-filiere-pastorale-occitanie\/wp-json\/wp\/v2\/pages\/35","targetHints":{"allow":["GET"]}}],"collection":[{"href":"https:\/\/blogs.univ-tlse2.fr\/paacte-filiere-pastorale-occitanie\/wp-json\/wp\/v2\/pages"}],"about":[{"href":"https:\/\/blogs.univ-tlse2.fr\/paacte-filiere-pastorale-occitanie\/wp-json\/wp\/v2\/types\/page"}],"author":[{"embeddable":true,"href":"https:\/\/blogs.univ-tlse2.fr\/paacte-filiere-pastorale-occitanie\/wp-json\/wp\/v2\/users\/968"}],"replies":[{"embeddable":true,"href":"https:\/\/blogs.univ-tlse2.fr\/paacte-filiere-pastorale-occitanie\/wp-json\/wp\/v2\/comments?post=35"}],"version-history":[{"count":3,"href":"https:\/\/blogs.univ-tlse2.fr\/paacte-filiere-pastorale-occitanie\/wp-json\/wp\/v2\/pages\/35\/revisions"}],"predecessor-version":[{"id":114,"href":"https:\/\/blogs.univ-tlse2.fr\/paacte-filiere-pastorale-occitanie\/wp-json\/wp\/v2\/pages\/35\/revisions\/114"}],"wp:attachment":[{"href":"https:\/\/blogs.univ-tlse2.fr\/paacte-filiere-pastorale-occitanie\/wp-json\/wp\/v2\/media?parent=35"}],"curies":[{"name":"wp","href":"https:\/\/api.w.org\/{rel}","templated":true}]}}