 {"id":37,"date":"2023-02-17T12:36:10","date_gmt":"2023-02-17T11:36:10","guid":{"rendered":"https:\/\/blogs.univ-tlse2.fr\/paacte-filiere-pastorale-occitanie\/?page_id=37"},"modified":"2023-04-11T11:16:59","modified_gmt":"2023-04-11T09:16:59","slug":"en-savoir-plus","status":"publish","type":"page","link":"https:\/\/blogs.univ-tlse2.fr\/paacte-filiere-pastorale-occitanie\/en-savoir-plus\/","title":{"rendered":"En savoir plus"},"content":{"rendered":"\n<h2 class=\"wp-block-heading\">Retour de terrain<\/h2>\n\n\n\n<figure class=\"wp-block-image size-full\"><img loading=\"lazy\" decoding=\"async\" width=\"800\" height=\"208\" src=\"https:\/\/blogs.univ-tlse2.fr\/paacte-filiere-pastorale-occitanie\/files\/2023\/02\/131582588.jpg\" alt=\"\" class=\"wp-image-38\" srcset=\"https:\/\/blogs.univ-tlse2.fr\/paacte-filiere-pastorale-occitanie\/files\/2023\/02\/131582588.jpg 800w, https:\/\/blogs.univ-tlse2.fr\/paacte-filiere-pastorale-occitanie\/files\/2023\/02\/131582588-300x78.jpg 300w, https:\/\/blogs.univ-tlse2.fr\/paacte-filiere-pastorale-occitanie\/files\/2023\/02\/131582588-768x200.jpg 768w\" sizes=\"auto, (max-width: 800px) 100vw, 800px\" \/><\/figure>\n\n\n\n<p><strong>Juin 2022<\/strong> : l&rsquo;\u00e9quipe interdisciplinaire de PAACTe, constitu\u00e9e pour GEODE de Marie-Claude Bal, Florence Mazier, Emmanuel Chapron, Sylvain Morvan, Sylvie Guillerme, mais aussi Gabrielle Martin (EDB), le CBN, Marc Conesa, Nicolas Guyard et St\u00e9phane Durand (CRISES), Christine Rendu (FRAMESPA), Pierre Campmajo, Francesca Cornella (Universit\u00e0 di Trento), J\u00e9rome Poulenard (EDYTEM) s&rsquo;est rendue dans la vall\u00e9e du Lis, petit retour sur cette mission :<\/p>\n\n\n\n<ul class=\"wp-block-list\">\n<li>Florence Mazier, Emmanuel Chapron, Sylvain Morvan et Magali Philippe ont men\u00e9 deux campagnes r\u00e9ussies de carottages du lac vert et du lac de Saussat en vue d&rsquo;explorer les dynamiques hydro-s\u00e9dimentaires et de v\u00e9g\u00e9tation (via la palynologie)<\/li>\n\n\n\n<li>Gabrielle Martin (labo EDB) aid\u00e9e de coll\u00e8gues du CBN ont pu faire les relev\u00e9s botaniques sur 3 parcelles de suivi de la biodiversit\u00e9 en zone de p\u00e2ture dans la vall\u00e9e du Lys (selon le protocole du programme Orchamp). Une nouvelle mission en septembre permettra de positionner cette fois les placettes au c\u0153ur des vieilles for\u00eats du m\u00eame secteur. Au c\u0153ur ou \u00e0 proximit\u00e9 imm\u00e9diate de ces placettes des fosses p\u00e9dologiques pour descriptions macrop\u00e9dologiques ont \u00e9t\u00e9 faites par Marie-Claude Bal, J\u00e9r\u00f4me Poulenard et Francesca Cornella, pr\u00e9l\u00e8vements pour analyse de sols, pr\u00e9l\u00e8vements de charbons de bois pour \u00e9tude de la dynamique de la<br>v\u00e9g\u00e9tation ligneuse et analyses micromorphologiques. Une autre mission en septembre compl\u00e8tera cette premi\u00e8re dans les zones de vieilles for\u00eats toujours en lien avec les parcelles de suivi de la biodiversit\u00e9.<\/li>\n\n\n\n<li>Travail avec nos coll\u00e8gues historiens Marc conesa, Nicolas Guyard et St\u00e9phane Durand, Christine Rendu sur les sources \u00e9crites avec des questionnements autour de la construction des paysages pastoraux, des communs, du foncier etc. Nous croiserons entre autre les sources \u00e9crites et les donn\u00e9es p\u00e9doanthracologiques dans la m\u00eame vall\u00e9e du Lis. Les prospections arch\u00e9ologiques au niveau de la coume (artigue) \u00e0 1400m d&rsquo;altitude gr\u00e2ce \u00e0 la collaboration de Pierre Campmajo (arch\u00e9ologue) ont r\u00e9v\u00e9l\u00e9 une entit\u00e9 pastorale (cabane et plusieurs enclos). Nous organiserons une campagne de fouille l&rsquo;\u00e9t\u00e9 prochain.<\/li>\n<\/ul>\n\n\n\n<p><strong>En savoir plus encore ?<\/strong> <a href=\"https:\/\/geode.univ-tlse2.fr\/accueil\/retour-mission-projet-paacte\" target=\"_blank\" rel=\"noreferrer noopener\">Rendez-vous sur la page du GEODE<\/a>&#8230;<\/p>\n\n\n\n<h2 class=\"wp-block-heading\">Formulaire de contact<\/h2>\n\n\n\n<p>Vous souhaitez obtenir plus d&rsquo;infos sur le programme de recherche ou sur les membres qui al compose, n&rsquo;h\u00e9sitez pas \u00e0 nous laisser un message, nous vous r\u00e9pondrons d\u00e8s que possible.<\/p>\n\n\n\n<div class=\"wp-block-contact-form-7-contact-form-selector\">\n<div class=\"wpcf7 no-js\" id=\"wpcf7-f311-o1\" lang=\"fr-FR\" dir=\"ltr\" data-wpcf7-id=\"311\">\n<div class=\"screen-reader-response\"><p role=\"status\" aria-live=\"polite\" aria-atomic=\"true\"><\/p> <ul><\/ul><\/div>\n<form action=\"\/paacte-filiere-pastorale-occitanie\/wp-json\/wp\/v2\/pages\/37#wpcf7-f311-o1\" method=\"post\" class=\"wpcf7-form init\" aria-label=\"Formulaire de contact\" novalidate=\"novalidate\" data-status=\"init\">\n<fieldset class=\"hidden-fields-container\"><input type=\"hidden\" name=\"_wpcf7\" value=\"311\" \/><input type=\"hidden\" name=\"_wpcf7_version\" value=\"6.1.5\" \/><input type=\"hidden\" name=\"_wpcf7_locale\" value=\"fr_FR\" \/><input type=\"hidden\" name=\"_wpcf7_unit_tag\" value=\"wpcf7-f311-o1\" \/><input type=\"hidden\" name=\"_wpcf7_container_post\" value=\"0\" \/><input type=\"hidden\" name=\"_wpcf7_posted_data_hash\" value=\"\" \/>\n<\/fieldset>\n<p><label> Votre nom<br \/>\n<span class=\"wpcf7-form-control-wrap\" data-name=\"your-name\"><input size=\"40\" maxlength=\"400\" class=\"wpcf7-form-control wpcf7-text wpcf7-validates-as-required\" autocomplete=\"name\" aria-required=\"true\" aria-invalid=\"false\" value=\"\" type=\"text\" name=\"your-name\" \/><\/span> <\/label>\n<\/p>\n<p><label> Votre e-mail<br \/>\n<span class=\"wpcf7-form-control-wrap\" data-name=\"your-email\"><input size=\"40\" maxlength=\"400\" class=\"wpcf7-form-control wpcf7-email wpcf7-validates-as-required wpcf7-text wpcf7-validates-as-email\" autocomplete=\"email\" aria-required=\"true\" aria-invalid=\"false\" value=\"\" type=\"email\" name=\"your-email\" \/><\/span> <\/label>\n<\/p>\n<p><label> Objet<br \/>\n<span class=\"wpcf7-form-control-wrap\" data-name=\"your-subject\"><input size=\"40\" maxlength=\"400\" class=\"wpcf7-form-control wpcf7-text wpcf7-validates-as-required\" aria-required=\"true\" aria-invalid=\"false\" value=\"\" type=\"text\" name=\"your-subject\" \/><\/span> <\/label>\n<\/p>\n<p><label> Votre message (facultatif)<br \/>\n<span class=\"wpcf7-form-control-wrap\" data-name=\"your-message\"><textarea cols=\"40\" rows=\"10\" maxlength=\"2000\" class=\"wpcf7-form-control wpcf7-textarea\" aria-invalid=\"false\" name=\"your-message\"><\/textarea><\/span> <\/label>\n<\/p>\n<p><input class=\"wpcf7-form-control wpcf7-submit has-spinner\" type=\"submit\" value=\"Envoyer\" \/>\n<\/p><div class=\"wpcf7-response-output\" aria-hidden=\"true\"><\/div>\n<\/form>\n<\/div>\n<\/div>\n","protected":false},"excerpt":{"rendered":"<p>Retour de terrain Juin 2022 : l&rsquo;\u00e9quipe interdisciplinaire de PAACTe, constitu\u00e9e pour GEODE de Marie-Claude Bal, Florence Mazier, Emmanuel Chapron, Sylvain Morvan, Sylvie Guillerme, mais aussi Gabrielle Martin (EDB), le CBN, Marc Conesa, Nicolas Guyard et St\u00e9phane Durand (CRISES), Christine Rendu (FRAMESPA), Pierre Campmajo, Francesca Cornella (Universit\u00e0 di Trento), J\u00e9rome Poulenard (EDYTEM) s&rsquo;est rendue dans [&hellip;]<\/p>\n","protected":false},"author":968,"featured_media":0,"parent":0,"menu_order":0,"comment_status":"closed","ping_status":"closed","template":"","meta":{"footnotes":""},"class_list":["post-37","page","type-page","status-publish","hentry","post-preview"],"featured_image_src":null,"featured_image_src_square":null,"_links":{"self":[{"href":"https:\/\/blogs.univ-tlse2.fr\/paacte-filiere-pastorale-occitanie\/wp-json\/wp\/v2\/pages\/37","targetHints":{"allow":["GET"]}}],"collection":[{"href":"https:\/\/blogs.univ-tlse2.fr\/paacte-filiere-pastorale-occitanie\/wp-json\/wp\/v2\/pages"}],"about":[{"href":"https:\/\/blogs.univ-tlse2.fr\/paacte-filiere-pastorale-occitanie\/wp-json\/wp\/v2\/types\/page"}],"author":[{"embeddable":true,"href":"https:\/\/blogs.univ-tlse2.fr\/paacte-filiere-pastorale-occitanie\/wp-json\/wp\/v2\/users\/968"}],"replies":[{"embeddable":true,"href":"https:\/\/blogs.univ-tlse2.fr\/paacte-filiere-pastorale-occitanie\/wp-json\/wp\/v2\/comments?post=37"}],"version-history":[{"count":4,"href":"https:\/\/blogs.univ-tlse2.fr\/paacte-filiere-pastorale-occitanie\/wp-json\/wp\/v2\/pages\/37\/revisions"}],"predecessor-version":[{"id":375,"href":"https:\/\/blogs.univ-tlse2.fr\/paacte-filiere-pastorale-occitanie\/wp-json\/wp\/v2\/pages\/37\/revisions\/375"}],"wp:attachment":[{"href":"https:\/\/blogs.univ-tlse2.fr\/paacte-filiere-pastorale-occitanie\/wp-json\/wp\/v2\/media?parent=37"}],"curies":[{"name":"wp","href":"https:\/\/api.w.org\/{rel}","templated":true}]}}