 {"id":81,"date":"2021-07-12T18:12:21","date_gmt":"2021-07-12T16:12:21","guid":{"rendered":"https:\/\/blogs.univ-tlse2.fr\/pac2021\/?page_id=81"},"modified":"2021-12-18T13:29:01","modified_gmt":"2021-12-18T12:29:01","slug":"about-us","status":"publish","type":"page","link":"https:\/\/blogs.univ-tlse2.fr\/pac2021\/about-us\/","title":{"rendered":"About Us"},"content":{"rendered":"\n<p>PAC (<a href=\"https:\/\/www.pacprogramme.net\/Presentation\">Phonologie de l\u2019Anglais Contemporain &#8211; <em>Phonology of Contempary English<\/em><\/a>) is an international research programme based in four French universities (<a href=\"https:\/\/www.univ-tlse2.fr\/\">Universit\u00e9 Toulouse Jean Jaur\u00e8s<\/a>, <a href=\"https:\/\/u-paris.fr\/\">Universit\u00e9 de Paris<\/a>, <a href=\"https:\/\/www.parisnanterre.fr\/\">Universit\u00e9 Paris Nanterre<\/a>, <a href=\"https:\/\/www.univ-amu.fr\/\">Universit\u00e9 Aix-Marseille<\/a>) which has several international partnerships including <a href=\"http:\/\/wgyxy.nwpu.edu.cn\/en.htm\">Northwestern Polytechnical University in Xi\u2019an Shaanxi, China<\/a> and <a href=\"https:\/\/www.uwo.ca\/\">University of Western Ontario, Canada<\/a>.<\/p>\n\n\n\n<p>Since 2004, what started as <a href=\"http:\/\/clle.univ-tlse2.fr\/accueil\/actualites\/annuaire\/durand-jacques-29292.kjsp?RH=erss\">Jacques Durand<\/a>\u2019s idea for a local team project in Toulouse has developed into a research programme with a national and international scientific community, regular international conferences and summer workshops (PAC Summer Schools), senior and junior researchers as well as PhD students.<\/p>\n\n\n\n<p>The PAC programme has phonetic and phonological roots as its original purpose is to build phonological corpora for the study of the varieties of English spoken worldwide. It brings together students, teachers and researchers with many different fields of expertise in linguistics, which is why it has developed into 5 thematic research groups with dedicated research interests&nbsp;: <a href=\"https:\/\/www.pacprogramme.net\/PAC-LVTI\">PAC-LVTI<\/a>, <a href=\"https:\/\/www.pacprogramme.net\/IPCE-IPAC\">IPCE-IPAC<\/a>, <a href=\"https:\/\/www.pacprogramme.net\/PAC-ToE\">PAC-ToE<\/a>, <a href=\"https:\/\/www.pacprogramme.net\/PAC-Prosody\">PAC-Prosody<\/a> &amp; <a href=\"https:\/\/www.pacprogramme.net\/PAC-Syntax\">PAC-Syntax<\/a>.<\/p>\n\n\n\n<h2 class=\"wp-block-heading\">Previous PAC Conferences<\/h2>\n\n\n\n<p>PAC 2019: Phonetic and phonological variation in contemporary English: Xperience-Xperimentation<\/p>\n\n\n\n<p>PAC 2017: Phonology and interphonology of contemporary English: from native corpora to learner corpora<\/p>\n\n\n\n<p>PAC 2015: Variation, change and spoken corpora: advances in the phonology and phonetics of contemporary English<\/p>\n\n\n\n<p>PAC 2013: Spoken English Corpora: from annotation to interphonologies<\/p>\n\n\n\n<p>PAC 2012: The Phonology of Contemporary English: Variation and Change <\/p>\n\n\n\n<h2 class=\"wp-block-heading\">More information<\/h2>\n\n\n\n<p><a href=\"https:\/\/www.pacprogramme.net\/?lang=en\">https:\/\/www.pacprogramme.net\/?lang=en<\/a><\/p>\n\n\n\n<p><a href=\"https:\/\/clle.univ-tlse2.fr\/\">https:\/\/clle.univ-tlse2.fr<\/a><\/p>\n","protected":false},"excerpt":{"rendered":"<p>PAC (Phonologie de l\u2019Anglais Contemporain &#8211; Phonology of Contempary English) is an international research programme based in four French universities (Universit\u00e9 Toulouse Jean Jaur\u00e8s, Universit\u00e9 de Paris, Universit\u00e9 Paris Nanterre, Universit\u00e9 Aix-Marseille) which has several international partnerships including Northwestern Polytechnical University in Xi\u2019an Shaanxi, China and University of Western Ontario, Canada. Since 2004, what started &hellip; <\/p>\n<p class=\"link-more\"><a href=\"https:\/\/blogs.univ-tlse2.fr\/pac2021\/about-us\/\" class=\"more-link\">Continuer la lecture<span class=\"screen-reader-text\"> de &laquo;&nbsp;About Us&nbsp;&raquo;<\/span><\/a><\/p>\n","protected":false},"author":1029,"featured_media":0,"parent":0,"menu_order":0,"comment_status":"closed","ping_status":"closed","template":"","meta":{"footnotes":""},"class_list":["post-81","page","type-page","status-publish","hentry"],"_links":{"self":[{"href":"https:\/\/blogs.univ-tlse2.fr\/pac2021\/wp-json\/wp\/v2\/pages\/81","targetHints":{"allow":["GET"]}}],"collection":[{"href":"https:\/\/blogs.univ-tlse2.fr\/pac2021\/wp-json\/wp\/v2\/pages"}],"about":[{"href":"https:\/\/blogs.univ-tlse2.fr\/pac2021\/wp-json\/wp\/v2\/types\/page"}],"author":[{"embeddable":true,"href":"https:\/\/blogs.univ-tlse2.fr\/pac2021\/wp-json\/wp\/v2\/users\/1029"}],"replies":[{"embeddable":true,"href":"https:\/\/blogs.univ-tlse2.fr\/pac2021\/wp-json\/wp\/v2\/comments?post=81"}],"version-history":[{"count":9,"href":"https:\/\/blogs.univ-tlse2.fr\/pac2021\/wp-json\/wp\/v2\/pages\/81\/revisions"}],"predecessor-version":[{"id":313,"href":"https:\/\/blogs.univ-tlse2.fr\/pac2021\/wp-json\/wp\/v2\/pages\/81\/revisions\/313"}],"wp:attachment":[{"href":"https:\/\/blogs.univ-tlse2.fr\/pac2021\/wp-json\/wp\/v2\/media?parent=81"}],"curies":[{"name":"wp","href":"https:\/\/api.w.org\/{rel}","templated":true}]}}