 {"id":14,"date":"2013-04-04T17:43:40","date_gmt":"2013-04-04T15:43:40","guid":{"rendered":"https:\/\/blogs.univ-tlse2.fr\/pachakuti\/?page_id=14"},"modified":"2013-04-04T18:05:40","modified_gmt":"2013-04-04T16:05:40","slug":"quienes","status":"publish","type":"page","link":"https:\/\/blogs.univ-tlse2.fr\/pachakuti\/zh\/quienes\/","title":{"rendered":"Qui\u00e9nes somos"},"content":{"rendered":"<p>Cuarta ciudad de Francia pero segunda ciudad universitaria del pa\u00eds, Toulouse atrae, desde la Edad Media, a los estudiantes de toda Europa, tanto por la calidad y diversidad de sus formaciones acad\u00e9micas como en raz\u00f3n de su reconocida calidad de vida, su animaci\u00f3n cultural y una oferta deportiva de muy alto nivel.<br \/>\nReconocida a nivel internacional por sus investigaciones en el campo de Letras, Idiomas y Arte as\u00ed como en el de las Ciencias Humanas y Sociales, la Universidad de Toulouse II Le Mirail ofrece hoy <strong>una <a title=\"Site du d\u00e9partement d'histoire\" href=\"http:\/\/w3.histoire.univ-tlse2.fr\/Licence%20bilingue.html\" target=\"_blank\">carrera innovadora bilingu\u0308e<\/a> (castellano y franc\u00e9s) en el campo de la Historia<\/strong>.<\/p>\n<p>Aqu\u00ed prensentamos las actividades desarolladas por los estudiantes.<\/p>\n","protected":false},"excerpt":{"rendered":"<p>Cuarta ciudad de Francia pero segunda ciudad universita [&hellip;]<\/p>\n","protected":false},"author":188,"featured_media":0,"parent":0,"menu_order":1,"comment_status":"open","ping_status":"open","template":"","meta":{"footnotes":""},"class_list":["post-14","page","type-page","status-publish","hentry"],"_links":{"self":[{"href":"https:\/\/blogs.univ-tlse2.fr\/pachakuti\/zh\/wp-json\/wp\/v2\/pages\/14","targetHints":{"allow":["GET"]}}],"collection":[{"href":"https:\/\/blogs.univ-tlse2.fr\/pachakuti\/zh\/wp-json\/wp\/v2\/pages"}],"about":[{"href":"https:\/\/blogs.univ-tlse2.fr\/pachakuti\/zh\/wp-json\/wp\/v2\/types\/page"}],"author":[{"embeddable":true,"href":"https:\/\/blogs.univ-tlse2.fr\/pachakuti\/zh\/wp-json\/wp\/v2\/users\/188"}],"replies":[{"embeddable":true,"href":"https:\/\/blogs.univ-tlse2.fr\/pachakuti\/zh\/wp-json\/wp\/v2\/comments?post=14"}],"version-history":[{"count":6,"href":"https:\/\/blogs.univ-tlse2.fr\/pachakuti\/zh\/wp-json\/wp\/v2\/pages\/14\/revisions"}],"predecessor-version":[{"id":28,"href":"https:\/\/blogs.univ-tlse2.fr\/pachakuti\/zh\/wp-json\/wp\/v2\/pages\/14\/revisions\/28"}],"wp:attachment":[{"href":"https:\/\/blogs.univ-tlse2.fr\/pachakuti\/zh\/wp-json\/wp\/v2\/media?parent=14"}],"curies":[{"name":"wp","href":"https:\/\/api.w.org\/{rel}","templated":true}]}}