 {"id":14,"date":"2014-04-07T12:42:35","date_gmt":"2014-04-07T10:42:35","guid":{"rendered":"http:\/\/www.palethnologie.org\/?page_id=14"},"modified":"2015-12-11T23:21:12","modified_gmt":"2015-12-11T22:21:12","slug":"nous-contacter-2","status":"publish","type":"page","link":"https:\/\/blogs.univ-tlse2.fr\/palethnologie\/en\/nous-contacter-2\/","title":{"rendered":"Contact us"},"content":{"rendered":"<p><\/p>\n<p>Vanessa L\u00c9A, Research associates<\/p>\n<h2>P@lethnology Review<\/h2>\n<p>CNRS\u2009\/\u2009UMR 5608 \u2013 TRACES<\/p>\n<p>Maison de la recherche<br \/>\n5, all\u00e9es Antonio Machado<br \/>\n31058 Toulouse cedex 9, FRANCE<\/p>\n<p>T\u00e9l\u00e9phone: +33 (0)5 61 50 36 98<br \/>\nfax: +33 (0)5 61 50 49 59<br \/>\nmail:\u00a0<a href=\"m&#97;&#x69;&#x6c;t&#111;&#x3a;&#x76;a&#110;&#x65;&#x73;s&#97;&#x2e;&#x6c;e&#97;&#x40;&#x75;n&#105;&#x76;&#x2d;t&#108;&#x73;&#x65;2&#46;&#x66;&#x72;\">&#x76;a&#x6e;&#101;s&#x73;a&#x2e;&#x6c;e&#x61;&#64;u&#x6e;i&#x76;&#45;t&#x6c;&#115;e&#x32;&#46;&#x66;&#114;<\/a><\/p>\n<p><\/p>","protected":false},"excerpt":{"rendered":"<p>Vanessa L\u00c9A, Research associates P@lethnology Review CNRS\u2009\/\u2009UMR 5608 \u2013 TRACES Maison de la recherche 5, all\u00e9es Antonio Machado 31058 Toulouse cedex 9, FRANCE T\u00e9l\u00e9phone: +33 (0)5 61 50 36 98 fax: +33 (0)5 61 50 49 59 mail:\u00a0&#x76;a&#x6e;&#101;s&#x73;a&#x2e;&#x6c;e&#x61;&#64;u&#x6e;i&#x76;&#45;t&#x6c;&#115;e&#x32;&#46;&#x66;&#114;<\/p>\n","protected":false},"author":231,"featured_media":0,"parent":0,"menu_order":4,"comment_status":"closed","ping_status":"closed","template":"","meta":{"footnotes":""},"class_list":["post-14","page","type-page","status-publish","hentry"],"_links":{"self":[{"href":"https:\/\/blogs.univ-tlse2.fr\/palethnologie\/en\/wp-json\/wp\/v2\/pages\/14","targetHints":{"allow":["GET"]}}],"collection":[{"href":"https:\/\/blogs.univ-tlse2.fr\/palethnologie\/en\/wp-json\/wp\/v2\/pages"}],"about":[{"href":"https:\/\/blogs.univ-tlse2.fr\/palethnologie\/en\/wp-json\/wp\/v2\/types\/page"}],"author":[{"embeddable":true,"href":"https:\/\/blogs.univ-tlse2.fr\/palethnologie\/en\/wp-json\/wp\/v2\/users\/231"}],"replies":[{"embeddable":true,"href":"https:\/\/blogs.univ-tlse2.fr\/palethnologie\/en\/wp-json\/wp\/v2\/comments?post=14"}],"version-history":[{"count":5,"href":"https:\/\/blogs.univ-tlse2.fr\/palethnologie\/en\/wp-json\/wp\/v2\/pages\/14\/revisions"}],"predecessor-version":[{"id":2925,"href":"https:\/\/blogs.univ-tlse2.fr\/palethnologie\/en\/wp-json\/wp\/v2\/pages\/14\/revisions\/2925"}],"wp:attachment":[{"href":"https:\/\/blogs.univ-tlse2.fr\/palethnologie\/en\/wp-json\/wp\/v2\/media?parent=14"}],"curies":[{"name":"wp","href":"https:\/\/api.w.org\/{rel}","templated":true}]}}