 {"id":20,"date":"2014-04-07T13:17:10","date_gmt":"2014-04-07T11:17:10","guid":{"rendered":"http:\/\/www.palethnologie.org\/?page_id=20"},"modified":"2017-11-17T13:36:14","modified_gmt":"2017-11-17T12:36:14","slug":"organisation-de-la-revue-2","status":"publish","type":"page","link":"https:\/\/blogs.univ-tlse2.fr\/palethnologie\/en\/organisation-de-la-revue-2\/","title":{"rendered":"Organization"},"content":{"rendered":"<p><\/p>\n<h1>Organization<\/h1>\n<p><strong>Director<\/strong><br \/>\n<a href=\"http:\/\/traces.univ-tlse2.fr\/accueil-traces\/equipes-de-recherche\/prbm-prehistoire-recente-du-bassin-mediterraneen\/lea-vanessa-49765.kjsp?RH=neolithique_traces\" target=\"_blank\">Vanessa LEA<\/a>, Research fellow, CNRS \/ UMR 5608 &#8211; Traces, Toulouse, France<\/p>\n<p><strong>Chief editor<\/strong><\/p>\n<p><a href=\"http:\/\/traces.univ-tlse2.fr\/fauvelle-francois-xavier-47373.kjsp?RH=Afrique_traces\" target=\"_blank\">Fran\u00e7ois-Xavier FAUVELLE<\/a>, Research director, CNRS \/ UMR 5608 &#8211; Traces, Toulouse, France<\/p>\n<p><strong>Editorial committee<\/strong><\/p>\n<p><a href=\"http:\/\/www.crfj.org\/\" target=\"_blank\">Fran\u00e7ois BON<\/a>, Director, Centre de recherche fran\u00e7ais \u00e0 J\u00e9rusalem (UMIFRE CNRS \u2013 MEAE)<br \/>\n<a href=\"http:\/\/traces.univ-tlse2.fr\/accueil-traces\/equipes-de-recherche\/smp3c-societes-et-milieux-des-populations-de-chasseurs-cueilleurs-collecteurs\/chalard-pierre-50115.kjsp?RH=Societes_traces\" target=\"_blank\">Pierre CHALARD<\/a>, Curator for Cultural Heritage, DRAC Occitanie, Toulouse, France<br \/>\n<a href=\"http:\/\/ua.unige.ch\/fr\/personne\/katjadouze\/\" target=\"_blank\">Katja DOUZE<\/a>, Researcher, Department of Genetics and Evolution, Anthropology Unit, Gen\u00e8ve, Switzerland<br \/>\n<a href=\"http:\/\/docente.unife.it\/federica.fontana\/curriculum\" target=\"_blank\">Federica FONTANA<\/a>, Senior lecturer, University of Ferrara, Italy<br \/>\n<a href=\"http:\/\/traces.univ-tlse2.fr\/accueil-traces\/equipes-de-recherche\/prbm-prehistoire-recente-du-bassin-mediterraneen\/gernigon-karim-217566.kjsp?RH=neolithique_traces\" target=\"_blank\">Karim GERNIGON<\/a>, Curator for Cultural Heritage, DRAC Normandie, Caen, France<br \/>\n<a href=\"https:\/\/www.york.ac.uk\/archaeology\/staff\/academic-staff\/aimee-little\/\" target=\"_blank\">Aim\u00e9e LITTLE<\/a>, Lecturer in Archaeology, Department of Archaeology, University of York, United kingdom<br \/>\n<a href=\"http:\/\/traces.univ-tlse2.fr\/accueil-traces\/equipes-de-recherche\/prbm-prehistoire-recente-du-bassin-mediterraneen\/valdeyron-nicolas-47531.kjsp?RH=neolithique_traces\" target=\"_blank\">Nicolas VALDEYRON<\/a>, Professor, University of Toulouse Jean Jaur\u00e8s, Toulouse, France<\/p>\n<p><strong>Scientific committee<\/strong><\/p>\n<p>Michel BARBAZA, Professor emeritus, University of Toulouse Jean Jaur\u00e8s, Toulouse, France<br \/>\nMarie BESSE, Professor, University of Geneva, Geneva, Switzerland<br \/>\nFanny BOCQUENTIN, Research fellow, CNRS \/ UMR 7041 &#8211; ArScAn, Paris, France<br \/>\nLaurent BRUXELLES, charg\u00e9 d&#8217;op\u00e9ration et de recherche, INRAP \/ UMR 5608 &#8211; Traces, Toulouse, France<br \/>\nAdrian BURKE, Professor, University of Montreal, Montreal, Canada<br \/>\nSandrine COSTAMAGNO, Research director, CNRS \/ UMR 5608 &#8211; Traces, Toulouse, France<br \/>\nPhilippe CROMB\u00c9, Professor, Ghent University, Ghent, Belgium<br \/>\nJes\u00fas GONZ\u00c1LEZ URQUIJO, University of Cantabria, Santander, Spain<br \/>\nJacques JAUBERT, Professor, University of Bordeaux \/ UMR 5199 &#8211; Pacea, Bordeaux, France<br \/>\nClaire MANEN, Research fellow, CNRS \/ UMR 5608 &#8211; Traces, Toulouse, France<br \/>\nGr\u00e9gor MARCHAND, Research fellow, CNRS \/ UMR 6566 &#8211; CReAAH, Rennes, France<br \/>\nMarco PERESANI, Professor, University of Ferrara, Ferrara, Italy<br \/>\nGenevi\u00e8ve PIN\u00c7ON, Director of the National Center of Prehistory, P\u00e9rigueux, France<br \/>\nKarim SADR, Professor, University of Witwatersrand, Johannesburg, South Africa<br \/>\nIsabelle TH\u00c9RY-PARISOT, Research director, CNRS \/ UMR 7264 &#8211; Cepam, Nice, France<br \/>\nBoris VALENTIN, Professor, University Paris 1 Panth\u00e9on-Sorbonne, Paris, France<br \/>\nJean VAQUER, Research director, CNRS \/ UMR 5608 &#8211; Traces, Toulouse, France<br \/>\nRandall WHITE, Professor, New York University, New York, United States of America<\/p>\n<p><strong>Translation<\/strong><\/p>\n<p>M\u00e9lanie D\u00c9MERAUX<br \/>\nKarim GERNIGON<br \/>\nMagen O\u2019FARRELL<br \/>\nRowan LACEY<\/p>\n<p><strong>Layout, graphics, webmaster<\/strong><\/p>\n<p>Fabien TESSIER<\/p>","protected":false},"excerpt":{"rendered":"<p>Organization Director Vanessa LEA, Research fellow, CNRS \/ UMR 5608 &#8211; Traces, Toulouse, France Chief editor Fran\u00e7ois-Xavier FAUVELLE, Research director, CNRS \/ UMR 5608 &#8211; Traces, Toulouse, France Editorial committee Fran\u00e7ois BON, Director, Centre de recherche fran\u00e7ais \u00e0 J\u00e9rusalem (UMIFRE CNRS \u2013 MEAE) Pierre CHALARD, Curator for Cultural Heritage, DRAC Occitanie, Toulouse, France Katja DOUZE, &hellip; <a href=\"https:\/\/blogs.univ-tlse2.fr\/palethnologie\/en\/organisation-de-la-revue-2\/\" class=\"more-link\">Continue reading <span class=\"screen-reader-text\">Organization<\/span> <span class=\"meta-nav\">&rarr;<\/span><\/a><\/p>\n","protected":false},"author":231,"featured_media":0,"parent":0,"menu_order":2,"comment_status":"closed","ping_status":"closed","template":"","meta":{"footnotes":""},"class_list":["post-20","page","type-page","status-publish","hentry"],"_links":{"self":[{"href":"https:\/\/blogs.univ-tlse2.fr\/palethnologie\/en\/wp-json\/wp\/v2\/pages\/20","targetHints":{"allow":["GET"]}}],"collection":[{"href":"https:\/\/blogs.univ-tlse2.fr\/palethnologie\/en\/wp-json\/wp\/v2\/pages"}],"about":[{"href":"https:\/\/blogs.univ-tlse2.fr\/palethnologie\/en\/wp-json\/wp\/v2\/types\/page"}],"author":[{"embeddable":true,"href":"https:\/\/blogs.univ-tlse2.fr\/palethnologie\/en\/wp-json\/wp\/v2\/users\/231"}],"replies":[{"embeddable":true,"href":"https:\/\/blogs.univ-tlse2.fr\/palethnologie\/en\/wp-json\/wp\/v2\/comments?post=20"}],"version-history":[{"count":37,"href":"https:\/\/blogs.univ-tlse2.fr\/palethnologie\/en\/wp-json\/wp\/v2\/pages\/20\/revisions"}],"predecessor-version":[{"id":3210,"href":"https:\/\/blogs.univ-tlse2.fr\/palethnologie\/en\/wp-json\/wp\/v2\/pages\/20\/revisions\/3210"}],"wp:attachment":[{"href":"https:\/\/blogs.univ-tlse2.fr\/palethnologie\/en\/wp-json\/wp\/v2\/media?parent=20"}],"curies":[{"name":"wp","href":"https:\/\/api.w.org\/{rel}","templated":true}]}}