 {"id":14,"date":"2014-04-07T12:42:35","date_gmt":"2014-04-07T10:42:35","guid":{"rendered":"http:\/\/www.palethnologie.org\/?page_id=14"},"modified":"2015-12-11T23:21:12","modified_gmt":"2015-12-11T22:21:12","slug":"nous-contacter-2","status":"publish","type":"page","link":"https:\/\/blogs.univ-tlse2.fr\/palethnologie\/nous-contacter-2\/","title":{"rendered":"Nous contacter"},"content":{"rendered":"<p><\/p>\n<p>Vanessa L\u00c9A, charg\u00e9e de recherche<\/p>\n<h2>Revue P@lethnologie<\/h2>\n<p>CNRS\u2009\/\u2009UMR 5608 \u2013 TRACES<\/p>\n<p>Maison de la recherche<br \/>\n5, all\u00e9es Antonio Machado<br \/>\n31058 Toulouse cedex 9, FRANCE<\/p>\n<p>T\u00e9l\u00e9phone : +33 (0)5 61 50 36 98<br \/>\nT\u00e9l\u00e9copie : +33 (0)5 61 50 49 59<br \/>\nCourriel :\u00a0<a href=\"&#109;a&#x69;l&#x74;o&#x3a;v&#x61;n&#x65;s&#x73;a&#x2e;l&#x65;a&#x40;&#117;&#x6e;&#105;&#x76;&#45;&#x74;&#108;s&#x65;2&#x2e;f&#x72;\">va&#110;&#x65;&#x73;&#x73;a&#46;l&#101;&#x61;&#x40;&#x75;ni&#118;&#45;&#x74;&#x6c;&#x73;e2&#46;&#x66;&#x72;<\/a><\/p>\n<p><\/p>","protected":false},"excerpt":{"rendered":"<p>Vanessa L\u00c9A, charg\u00e9e de recherche Revue P@lethnologie CNRS\u2009\/\u2009UMR 5608 \u2013 TRACES Maison de la recherche 5, all\u00e9es Antonio Machado 31058 Toulouse cedex 9, FRANCE T\u00e9l\u00e9phone : +33 (0)5 61 50 36 98 T\u00e9l\u00e9copie : +33 (0)5 61 50 49 59 Courriel :\u00a0&#x76;&#97;n&#x65;&#x73;sa&#x2e;&#x6c;ea&#x40;&#117;n&#x69;&#x76;&#45;t&#x6c;&#x73;e2&#x2e;&#102;r<\/p>\n","protected":false},"author":231,"featured_media":0,"parent":0,"menu_order":4,"comment_status":"closed","ping_status":"closed","template":"","meta":{"footnotes":""},"class_list":["post-14","page","type-page","status-publish","hentry"],"_links":{"self":[{"href":"https:\/\/blogs.univ-tlse2.fr\/palethnologie\/wp-json\/wp\/v2\/pages\/14","targetHints":{"allow":["GET"]}}],"collection":[{"href":"https:\/\/blogs.univ-tlse2.fr\/palethnologie\/wp-json\/wp\/v2\/pages"}],"about":[{"href":"https:\/\/blogs.univ-tlse2.fr\/palethnologie\/wp-json\/wp\/v2\/types\/page"}],"author":[{"embeddable":true,"href":"https:\/\/blogs.univ-tlse2.fr\/palethnologie\/wp-json\/wp\/v2\/users\/231"}],"replies":[{"embeddable":true,"href":"https:\/\/blogs.univ-tlse2.fr\/palethnologie\/wp-json\/wp\/v2\/comments?post=14"}],"version-history":[{"count":5,"href":"https:\/\/blogs.univ-tlse2.fr\/palethnologie\/wp-json\/wp\/v2\/pages\/14\/revisions"}],"predecessor-version":[{"id":2925,"href":"https:\/\/blogs.univ-tlse2.fr\/palethnologie\/wp-json\/wp\/v2\/pages\/14\/revisions\/2925"}],"wp:attachment":[{"href":"https:\/\/blogs.univ-tlse2.fr\/palethnologie\/wp-json\/wp\/v2\/media?parent=14"}],"curies":[{"name":"wp","href":"https:\/\/api.w.org\/{rel}","templated":true}]}}