 {"id":20,"date":"2014-04-07T13:17:10","date_gmt":"2014-04-07T11:17:10","guid":{"rendered":"http:\/\/www.palethnologie.org\/?page_id=20"},"modified":"2017-11-17T13:36:14","modified_gmt":"2017-11-17T12:36:14","slug":"organisation-de-la-revue-2","status":"publish","type":"page","link":"https:\/\/blogs.univ-tlse2.fr\/palethnologie\/organisation-de-la-revue-2\/","title":{"rendered":"Organisation"},"content":{"rendered":"<p><\/p>\n<h1>Organisation<\/h1>\n<p><strong>Directrice<\/strong><\/p>\n<p><a href=\"http:\/\/traces.univ-tlse2.fr\/accueil-traces\/equipes-de-recherche\/prbm-prehistoire-recente-du-bassin-mediterraneen\/lea-vanessa-49765.kjsp?RH=neolithique_traces\" target=\"_blank\">Vanessa LEA<\/a>, Charg\u00e9e de recherche, CNRS \/ UMR 5608 &#8211; Traces, Toulouse, France<\/p>\n<p><strong>R\u00e9dacteur en chef<\/strong><\/p>\n<p><a href=\"http:\/\/traces.univ-tlse2.fr\/fauvelle-francois-xavier-47373.kjsp?RH=Afrique_traces\" target=\"_blank\">Fran\u00e7ois-Xavier FAUVELLE<\/a>, Directeur de recherche, CNRS \/ UMR 5608 &#8211; Traces, Toulouse, France<\/p>\n<p><strong>Comit\u00e9 \u00e9ditorial<\/strong><\/p>\n<p><a href=\"http:\/\/www.crfj.org\/\" target=\"_blank\">Fran\u00e7ois BON<\/a>, Directeur, Centre de recherche fran\u00e7ais \u00e0 J\u00e9rusalem (UMIFRE CNRS \u2013 MEAE)<br \/>\n<a href=\"http:\/\/traces.univ-tlse2.fr\/accueil-traces\/equipes-de-recherche\/smp3c-societes-et-milieux-des-populations-de-chasseurs-cueilleurs-collecteurs\/chalard-pierre-50115.kjsp?RH=Societes_traces\" target=\"_blank\">Pierre CHALARD<\/a>, Conservateur en chef du patrimoine, DRAC Occitanie, Toulouse, France<br \/>\n<a href=\"http:\/\/ua.unige.ch\/fr\/personne\/katjadouze\/\" target=\"_blank\">Katja DOUZE<\/a>, Chercheur, D\u00e9partement de G\u00e9n\u00e9tique et \u00c9volution, Unit\u00e9 d&rsquo;anthropologie, Gen\u00e8ve, Suisse<br \/>\n<a href=\"http:\/\/docente.unife.it\/federica.fontana\/curriculum\" target=\"_blank\">Federica FONTANA<\/a>, Ma\u00eetresse de conf\u00e9rence, Universit\u00e9 de Ferrara, Ferrara, Italie<br \/>\n<a href=\"http:\/\/traces.univ-tlse2.fr\/accueil-traces\/equipes-de-recherche\/prbm-prehistoire-recente-du-bassin-mediterraneen\/gernigon-karim-217566.kjsp?RH=neolithique_traces\" target=\"_blank\">Karim GERNIGON<\/a>, Conservateur en chef du patrimoine, Conservateur r\u00e9gional de l&rsquo;arch\u00e9ologie, DRAC Normandie, Caen, France<br \/>\n<a href=\"https:\/\/www.york.ac.uk\/archaeology\/staff\/academic-staff\/aimee-little\/\" target=\"_blank\">Aim\u00e9e LITTLE<\/a>, Enseignante, D\u00e9partement d\u2019Arch\u00e9ologie, Universit\u00e9 de York, Royaume-Uni<br \/>\n<a href=\"http:\/\/traces.univ-tlse2.fr\/accueil-traces\/equipes-de-recherche\/prbm-prehistoire-recente-du-bassin-mediterraneen\/valdeyron-nicolas-47531.kjsp?RH=neolithique_traces\" target=\"_blank\">Nicolas VALDEYRON<\/a>, Professeur, Universit\u00e9 Toulouse Jean Jaur\u00e8s, Toulouse, France<\/p>\n<p><strong>Comit\u00e9 scientifique<\/strong><\/p>\n<p>Michel BARBAZA, Professeur \u00e9m\u00e9rite, Universit\u00e9 Toulouse Jean Jaur\u00e8s, Toulouse, France<br \/>\nMarie BESSE, Professeur, Universit\u00e9 de Gen\u00e8ve, Gen\u00e8ve, Suisse<br \/>\nFanny BOCQUENTIN, Charg\u00e9e de recherche, CNRS \/ UMR 7041 &#8211; ArScAn, Paris, France<br \/>\nLaurent BRUXELLES, Charg\u00e9 d&rsquo;op\u00e9ration et de recherche, INRAP \/ UMR 5608 &#8211; Traces, Toulouse, France<br \/>\nAdrian BURKE, Professeur, Universit\u00e9 de Montr\u00e9al, Montr\u00e9al, Canada<br \/>\nSandrine COSTAMAGNO, Directrice de recherche, CNRS \/ UMR 5608 &#8211; Traces, Toulouse, France<br \/>\nPhilippe CROMB\u00c9, Professeur, Universit\u00e9 de Gand, Gand, Belgique<br \/>\nJes\u00fas GONZ\u00c1LEZ URQUIJO, Universit\u00e9 de Cantabrie, Santander, Espagne<br \/>\nJacques JAUBERT, Professeur, Universit\u00e9 de Bordeaux \/ UMR 5199 &#8211; Pacea, Bordeaux, France<br \/>\nClaire MANEN, Charg\u00e9e de recherche, CNRS \/ UMR 5608 &#8211; Traces, Toulouse, France<br \/>\nGr\u00e9gor MARCHAND, Charg\u00e9 de recherche, CNRS \/ UMR 6566 &#8211; CReAAH, Rennes, France<br \/>\nMarco PERESANI, Professeur, Universit\u00e9 de Ferrara, Ferrara, Italie<br \/>\nGenevi\u00e8ve PIN\u00c7ON, Directrice du Centre national de Pr\u00e9histoire, P\u00e9rigueux, France<br \/>\nKarim SADR, Professeur, Universit\u00e9 de Witwatersrand, Johannesburg, Afrique du Sud<br \/>\nIsabelle TH\u00c9RY-PARISOT, Directrice de recherche, CNRS \/ UMR 7264 &#8211; Cepam, Nice, France<br \/>\nBoris VALENTIN, Professeur, Universit\u00e9 Paris 1 Panth\u00e9on-Sorbonne, Paris, France<br \/>\nJean VAQUER, Directeur de recherche, CNRS \/ UMR 5608 &#8211; Traces, Toulouse, France<br \/>\nRandall WHITE, Professeur, New York University, New York, \u00c9tats-Unis<\/p>\n<p><strong>Traduction<\/strong><\/p>\n<p>M\u00e9lanie D\u00c9MERAUX<br \/>\nKarim GERNIGON<br \/>\nMagen O\u2019FARRELL<br \/>\nRowan LACEY<\/p>\n<p><strong>Mise en page, infographie, webmestre<\/strong><\/p>\n<p>Fabien TESSIER<\/p>","protected":false},"excerpt":{"rendered":"<p>Organisation Directrice Vanessa LEA, Charg\u00e9e de recherche, CNRS \/ UMR 5608 &#8211; Traces, Toulouse, France R\u00e9dacteur en chef Fran\u00e7ois-Xavier FAUVELLE, Directeur de recherche, CNRS \/ UMR 5608 &#8211; Traces, Toulouse, France Comit\u00e9 \u00e9ditorial Fran\u00e7ois BON, Directeur, Centre de recherche fran\u00e7ais \u00e0 J\u00e9rusalem (UMIFRE CNRS \u2013 MEAE) Pierre CHALARD, Conservateur en chef du patrimoine, DRAC Occitanie, &hellip; <a href=\"https:\/\/blogs.univ-tlse2.fr\/palethnologie\/organisation-de-la-revue-2\/\" class=\"more-link\">Continuer la lecture de <span class=\"screen-reader-text\">Organisation<\/span>  <span class=\"meta-nav\">&rarr;<\/span><\/a><\/p>\n","protected":false},"author":231,"featured_media":0,"parent":0,"menu_order":2,"comment_status":"closed","ping_status":"closed","template":"","meta":{"footnotes":""},"class_list":["post-20","page","type-page","status-publish","hentry"],"_links":{"self":[{"href":"https:\/\/blogs.univ-tlse2.fr\/palethnologie\/wp-json\/wp\/v2\/pages\/20","targetHints":{"allow":["GET"]}}],"collection":[{"href":"https:\/\/blogs.univ-tlse2.fr\/palethnologie\/wp-json\/wp\/v2\/pages"}],"about":[{"href":"https:\/\/blogs.univ-tlse2.fr\/palethnologie\/wp-json\/wp\/v2\/types\/page"}],"author":[{"embeddable":true,"href":"https:\/\/blogs.univ-tlse2.fr\/palethnologie\/wp-json\/wp\/v2\/users\/231"}],"replies":[{"embeddable":true,"href":"https:\/\/blogs.univ-tlse2.fr\/palethnologie\/wp-json\/wp\/v2\/comments?post=20"}],"version-history":[{"count":37,"href":"https:\/\/blogs.univ-tlse2.fr\/palethnologie\/wp-json\/wp\/v2\/pages\/20\/revisions"}],"predecessor-version":[{"id":3210,"href":"https:\/\/blogs.univ-tlse2.fr\/palethnologie\/wp-json\/wp\/v2\/pages\/20\/revisions\/3210"}],"wp:attachment":[{"href":"https:\/\/blogs.univ-tlse2.fr\/palethnologie\/wp-json\/wp\/v2\/media?parent=20"}],"curies":[{"name":"wp","href":"https:\/\/api.w.org\/{rel}","templated":true}]}}