 {"id":179,"date":"2023-11-29T15:37:34","date_gmt":"2023-11-29T14:37:34","guid":{"rendered":"https:\/\/penserlasante.wordpress.com\/?page_id=179"},"modified":"2024-02-07T15:48:03","modified_gmt":"2024-02-07T14:48:03","slug":"conferences-plenieres","status":"publish","type":"page","link":"https:\/\/blogs.univ-tlse2.fr\/penserlasante\/vulnerabilite-en-sante-vulnerability-in-healthcare-2024\/conferences-plenieres\/","title":{"rendered":"Conf\u00e9rences pl\u00e9ni\u00e8res"},"content":{"rendered":"\n<div class=\"wp-block-group alignfull has-ast-global-color-4-background-color has-background has-global-padding is-layout-constrained wp-container-core-group-is-layout-aa6f33f4 wp-block-group-is-layout-constrained\" style=\"padding-top:var(--wp--preset--spacing--70);padding-right:var(--wp--preset--spacing--50);padding-bottom:var(--wp--preset--spacing--70);padding-left:var(--wp--preset--spacing--50)\">\n<div class=\"wp-block-columns alignwide is-layout-flex wp-container-core-columns-is-layout-28f84493 wp-block-columns-is-layout-flex\">\n<div class=\"wp-block-column is-layout-flow wp-block-column-is-layout-flow\">\n<div class=\"wp-block-group alignwide has-ast-global-color-5-background-color has-background has-global-padding is-layout-constrained wp-container-core-group-is-layout-da976f36 wp-block-group-is-layout-constrained\" style=\"padding-top:0px;padding-right:0px;padding-bottom:0px;padding-left:0px\">\n<div class=\"wp-block-columns is-layout-flex wp-container-core-columns-is-layout-28f84493 wp-block-columns-is-layout-flex\">\n<div class=\"wp-block-column is-layout-flow wp-block-column-is-layout-flow\"><\/div>\n<\/div>\n\n\n\n<div style=\"height:20px\" aria-hidden=\"true\" class=\"wp-block-spacer\"><\/div>\n<\/div>\n<\/div>\n<\/div>\n\n\n\n<div class=\"wp-block-columns alignwide is-layout-flex wp-container-core-columns-is-layout-28f84493 wp-block-columns-is-layout-flex\">\n<div class=\"wp-block-column is-layout-flow wp-block-column-is-layout-flow\">\n<div class=\"wp-block-group alignwide has-ast-global-color-5-background-color has-background has-global-padding is-layout-constrained wp-container-core-group-is-layout-da976f36 wp-block-group-is-layout-constrained\" style=\"padding-top:0px;padding-right:0px;padding-bottom:0px;padding-left:0px\">\n<div class=\"wp-block-columns is-layout-flex wp-container-core-columns-is-layout-28f84493 wp-block-columns-is-layout-flex\">\n<div class=\"wp-block-column is-layout-flow wp-block-column-is-layout-flow\"><\/div>\n\n\n\n<div class=\"wp-block-column is-layout-flow wp-block-column-is-layout-flow\"><\/div>\n<\/div>\n<\/div>\n\n\n\n<div class=\"wp-block-media-text is-stacked-on-mobile\" style=\"grid-template-columns:23% auto\"><figure class=\"wp-block-media-text__media\"><img loading=\"lazy\" decoding=\"async\" width=\"683\" height=\"1024\" src=\"https:\/\/blogs.univ-tlse2.fr\/penserlasante\/files\/2023\/11\/img_5891-683x1024.jpg\" alt=\"\" class=\"wp-image-181 size-full\" srcset=\"https:\/\/blogs.univ-tlse2.fr\/penserlasante\/files\/2023\/11\/img_5891-683x1024.jpg 683w, https:\/\/blogs.univ-tlse2.fr\/penserlasante\/files\/2023\/11\/img_5891-200x300.jpg 200w, https:\/\/blogs.univ-tlse2.fr\/penserlasante\/files\/2023\/11\/img_5891-768x1152.jpg 768w, https:\/\/blogs.univ-tlse2.fr\/penserlasante\/files\/2023\/11\/img_5891-600x900.jpg 600w, https:\/\/blogs.univ-tlse2.fr\/penserlasante\/files\/2023\/11\/img_5891-1024x1536.jpg 1024w, https:\/\/blogs.univ-tlse2.fr\/penserlasante\/files\/2023\/11\/img_5891-1365x2048.jpg 1365w, https:\/\/blogs.univ-tlse2.fr\/penserlasante\/files\/2023\/11\/img_5891-scaled.jpg 1707w\" sizes=\"auto, (max-width: 683px) 100vw, 683px\" \/><\/figure><div class=\"wp-block-media-text__content\">\n<h2 class=\"wp-block-heading has-large-font-size\">Flora Bastiani<\/h2>\n\n\n\n<p>Ma\u00eetresse de conf\u00e9rences HDR en \u00e9thique de la sant\u00e9 et co-responsable du master \u00c9thique du soin \u00e0 l&rsquo;Universit\u00e9 Jean Jaur\u00e8s. <\/p>\n<\/div><\/div>\n\n\n\n<div class=\"wp-block-media-text is-stacked-on-mobile\" style=\"grid-template-columns:23% auto\"><figure class=\"wp-block-media-text__media\"><img loading=\"lazy\" decoding=\"async\" width=\"530\" height=\"768\" src=\"https:\/\/blogs.univ-tlse2.fr\/penserlasante\/files\/2023\/11\/image-12-11-2023-a-17.39.jpg\" alt=\"\" class=\"wp-image-189 size-full\" srcset=\"https:\/\/blogs.univ-tlse2.fr\/penserlasante\/files\/2023\/11\/image-12-11-2023-a-17.39.jpg 530w, https:\/\/blogs.univ-tlse2.fr\/penserlasante\/files\/2023\/11\/image-12-11-2023-a-17.39-207x300.jpg 207w\" sizes=\"auto, (max-width: 530px) 100vw, 530px\" \/><\/figure><div class=\"wp-block-media-text__content\">\n<h2 class=\"wp-block-heading has-large-font-size\">Xavier Bioy<\/h2>\n\n\n\n<p>Professeur agr\u00e9g\u00e9 de droit public et co-responsable du Master \u00c9thique du soin \u00e0 l&rsquo;universit\u00e9 Capitole. <\/p>\n<\/div><\/div>\n\n\n\n<div class=\"wp-block-media-text is-stacked-on-mobile\" style=\"grid-template-columns:23% auto\"><figure class=\"wp-block-media-text__media\"><img loading=\"lazy\" decoding=\"async\" width=\"800\" height=\"800\" src=\"https:\/\/blogs.univ-tlse2.fr\/penserlasante\/files\/2024\/02\/Celia-CARDOSO.jpeg\" alt=\"\" class=\"wp-image-329 size-full\" srcset=\"https:\/\/blogs.univ-tlse2.fr\/penserlasante\/files\/2024\/02\/Celia-CARDOSO.jpeg 800w, https:\/\/blogs.univ-tlse2.fr\/penserlasante\/files\/2024\/02\/Celia-CARDOSO-300x300.jpeg 300w, https:\/\/blogs.univ-tlse2.fr\/penserlasante\/files\/2024\/02\/Celia-CARDOSO-150x150.jpeg 150w, https:\/\/blogs.univ-tlse2.fr\/penserlasante\/files\/2024\/02\/Celia-CARDOSO-768x768.jpeg 768w, https:\/\/blogs.univ-tlse2.fr\/penserlasante\/files\/2024\/02\/Celia-CARDOSO-600x600.jpeg 600w\" sizes=\"auto, (max-width: 800px) 100vw, 800px\" \/><\/figure><div class=\"wp-block-media-text__content\">\n<h3 class=\"wp-block-heading\">Celia Cardoso<\/h3>\n\n\n\n<p>Pr\u00e9sidente\u00a0fondatrice de l&rsquo;association Tintamarre, administratrice de l&rsquo;institut Savoir(s) Patient(s), formatrice et consultante en partenariat en sant\u00e9.<\/p>\n<\/div><\/div>\n\n\n\n<div class=\"wp-block-media-text is-stacked-on-mobile\" style=\"grid-template-columns:23% auto\"><figure class=\"wp-block-media-text__media\"><img loading=\"lazy\" decoding=\"async\" width=\"766\" height=\"1102\" src=\"https:\/\/blogs.univ-tlse2.fr\/penserlasante\/files\/2023\/11\/capture-decran-2023-11-12-a-17.58.19-3.jpeg?w=712\" alt=\"\" class=\"wp-image-205 size-full\" srcset=\"https:\/\/blogs.univ-tlse2.fr\/penserlasante\/files\/2023\/11\/capture-decran-2023-11-12-a-17.58.19-3.jpeg 766w, https:\/\/blogs.univ-tlse2.fr\/penserlasante\/files\/2023\/11\/capture-decran-2023-11-12-a-17.58.19-3-209x300.jpeg 209w, https:\/\/blogs.univ-tlse2.fr\/penserlasante\/files\/2023\/11\/capture-decran-2023-11-12-a-17.58.19-3-712x1024.jpeg 712w, https:\/\/blogs.univ-tlse2.fr\/penserlasante\/files\/2023\/11\/capture-decran-2023-11-12-a-17.58.19-3-600x863.jpeg 600w\" sizes=\"auto, (max-width: 766px) 100vw, 766px\" \/><\/figure><div class=\"wp-block-media-text__content\">\n<h2 class=\"wp-block-heading has-large-font-size\">Guillaume Ducos<\/h2>\n\n\n\n<p>M\u00e9decin anesth\u00e9siste-r\u00e9animateur au service de r\u00e9animation polyvalente du CHU de Toulouse et de l&rsquo;Oncop\u00f4le. <\/p>\n<\/div><\/div>\n\n\n\n<div class=\"wp-block-media-text is-stacked-on-mobile\" style=\"grid-template-columns:23% auto\"><figure class=\"wp-block-media-text__media\"><img loading=\"lazy\" decoding=\"async\" width=\"728\" height=\"1050\" src=\"https:\/\/blogs.univ-tlse2.fr\/penserlasante\/files\/2023\/11\/capture-decran-2023-11-12-a-17.56.09.jpeg?w=710\" alt=\"\" class=\"wp-image-195 size-full\" srcset=\"https:\/\/blogs.univ-tlse2.fr\/penserlasante\/files\/2023\/11\/capture-decran-2023-11-12-a-17.56.09.jpeg 728w, https:\/\/blogs.univ-tlse2.fr\/penserlasante\/files\/2023\/11\/capture-decran-2023-11-12-a-17.56.09-208x300.jpeg 208w, https:\/\/blogs.univ-tlse2.fr\/penserlasante\/files\/2023\/11\/capture-decran-2023-11-12-a-17.56.09-710x1024.jpeg 710w, https:\/\/blogs.univ-tlse2.fr\/penserlasante\/files\/2023\/11\/capture-decran-2023-11-12-a-17.56.09-600x865.jpeg 600w\" sizes=\"auto, (max-width: 728px) 100vw, 728px\" \/><\/figure><div class=\"wp-block-media-text__content\">\n<h2 class=\"wp-block-heading has-large-font-size\">\u00c9milie Gilbert-Fontan<\/h2>\n\n\n\n<p class=\"has-text-align-justify\">M\u00e9decin dans l&rsquo;\u00e9quipe de soins palliatifs du CHU de Toulouse.<\/p>\n<\/div><\/div>\n\n\n\n<div class=\"wp-block-media-text is-stacked-on-mobile\" style=\"grid-template-columns:23% auto\"><figure class=\"wp-block-media-text__media\"><img loading=\"lazy\" decoding=\"async\" width=\"200\" height=\"200\" src=\"https:\/\/blogs.univ-tlse2.fr\/penserlasante\/files\/2023\/11\/patrick_lartiguet-200x200-1.png?w=200\" alt=\"\" class=\"wp-image-209 size-full\" srcset=\"https:\/\/blogs.univ-tlse2.fr\/penserlasante\/files\/2023\/11\/patrick_lartiguet-200x200-1.png 200w, https:\/\/blogs.univ-tlse2.fr\/penserlasante\/files\/2023\/11\/patrick_lartiguet-200x200-1-150x150.png 150w\" sizes=\"auto, (max-width: 200px) 100vw, 200px\" \/><\/figure><div class=\"wp-block-media-text__content\">\n<h2 class=\"wp-block-heading has-large-font-size\">Patrick Lartiguet<\/h2>\n\n\n\n<p>Ma\u00eetre de conf\u00e9rences associ\u00e9 au d\u00e9partement de Sciences de l&rsquo;\u00e9ducation et de la formation de l&rsquo;universit\u00e9 Jean Jaur\u00e8s. <\/p>\n<\/div><\/div>\n\n\n\n<div class=\"wp-block-media-text is-stacked-on-mobile\" style=\"grid-template-columns:23% auto\"><figure class=\"wp-block-media-text__media\"><img loading=\"lazy\" decoding=\"async\" width=\"318\" height=\"458\" src=\"https:\/\/blogs.univ-tlse2.fr\/penserlasante\/files\/2023\/11\/capture-decran-2023-11-12-a-18.45.52-1.jpeg?w=318\" alt=\"\" class=\"wp-image-214 size-full\" srcset=\"https:\/\/blogs.univ-tlse2.fr\/penserlasante\/files\/2023\/11\/capture-decran-2023-11-12-a-18.45.52-1.jpeg 318w, https:\/\/blogs.univ-tlse2.fr\/penserlasante\/files\/2023\/11\/capture-decran-2023-11-12-a-18.45.52-1-208x300.jpeg 208w\" sizes=\"auto, (max-width: 318px) 100vw, 318px\" \/><\/figure><div class=\"wp-block-media-text__content\">\n<h2 class=\"wp-block-heading has-large-font-size\">Yasuhiko Murakami<\/h2>\n\n\n\n<p>Professeur de philosophie \u00e0 l&rsquo;universit\u00e9 d&rsquo;Osaka, sp\u00e9cialiste des pratiques param\u00e9dicales. <\/p>\n<\/div><\/div>\n\n\n\n<div class=\"wp-block-media-text is-stacked-on-mobile\" style=\"grid-template-columns:23% auto\"><figure class=\"wp-block-media-text__media\"><img loading=\"lazy\" decoding=\"async\" width=\"505\" height=\"626\" src=\"https:\/\/blogs.univ-tlse2.fr\/penserlasante\/files\/2023\/11\/bi_2120.jpg?w=505\" alt=\"\" class=\"wp-image-217 size-full\" srcset=\"https:\/\/blogs.univ-tlse2.fr\/penserlasante\/files\/2023\/11\/bi_2120.jpg 505w, https:\/\/blogs.univ-tlse2.fr\/penserlasante\/files\/2023\/11\/bi_2120-242x300.jpg 242w\" sizes=\"auto, (max-width: 505px) 100vw, 505px\" \/><\/figure><div class=\"wp-block-media-text__content\">\n<h2 class=\"wp-block-heading has-large-font-size\">Eimantas Pei\u010dius<\/h2>\n\n\n\n<p>Ph.D, Professor in the department of bioethics, Lithuanian University of Health Sciences, Kaunas. <\/p>\n<\/div><\/div>\n\n\n\n<div class=\"wp-block-media-text is-stacked-on-mobile\" style=\"grid-template-columns:23% auto\"><figure class=\"wp-block-media-text__media\"><img loading=\"lazy\" decoding=\"async\" width=\"732\" height=\"1048\" src=\"https:\/\/blogs.univ-tlse2.fr\/penserlasante\/files\/2023\/11\/capture-decran-2023-11-12-a-19.17.13.jpeg?w=715\" alt=\"\" class=\"wp-image-223 size-full\" srcset=\"https:\/\/blogs.univ-tlse2.fr\/penserlasante\/files\/2023\/11\/capture-decran-2023-11-12-a-19.17.13.jpeg 732w, https:\/\/blogs.univ-tlse2.fr\/penserlasante\/files\/2023\/11\/capture-decran-2023-11-12-a-19.17.13-210x300.jpeg 210w, https:\/\/blogs.univ-tlse2.fr\/penserlasante\/files\/2023\/11\/capture-decran-2023-11-12-a-19.17.13-715x1024.jpeg 715w, https:\/\/blogs.univ-tlse2.fr\/penserlasante\/files\/2023\/11\/capture-decran-2023-11-12-a-19.17.13-600x859.jpeg 600w\" sizes=\"auto, (max-width: 732px) 100vw, 732px\" \/><\/figure><div class=\"wp-block-media-text__content\">\n<h2 class=\"wp-block-heading has-large-font-size\">Jean-Fran\u00e7ois Rey<\/h2>\n\n\n\n<p>Professeur honoraire de l&rsquo;universit\u00e9 d&rsquo;Artois. Sp\u00e9cialiste de l&rsquo;oeuvre d&rsquo;Emmanuel Levinas et de Henri Maldiney.<\/p>\n<\/div><\/div>\n\n\n\n<div class=\"wp-block-media-text is-stacked-on-mobile\" style=\"grid-template-columns:23% auto\"><figure class=\"wp-block-media-text__media\"><img loading=\"lazy\" decoding=\"async\" width=\"560\" height=\"842\" src=\"https:\/\/blogs.univ-tlse2.fr\/penserlasante\/files\/2023\/11\/capture-decran-2023-11-12-a-19.07.48.jpeg?w=560\" alt=\"\" class=\"wp-image-220 size-full\" srcset=\"https:\/\/blogs.univ-tlse2.fr\/penserlasante\/files\/2023\/11\/capture-decran-2023-11-12-a-19.07.48.jpeg 560w, https:\/\/blogs.univ-tlse2.fr\/penserlasante\/files\/2023\/11\/capture-decran-2023-11-12-a-19.07.48-200x300.jpeg 200w\" sizes=\"auto, (max-width: 560px) 100vw, 560px\" \/><\/figure><div class=\"wp-block-media-text__content\">\n<h2 class=\"wp-block-heading has-large-font-size\">Gvidas Urbonas<\/h2>\n\n\n\n<p>Ph.D in philosophy, head of the department of bioethics, Lithuanian University of Health Sciences, Kaunas. <\/p>\n<\/div><\/div>\n<\/div>\n<\/div>\n<\/div>\n\n\n\n<p><\/p>\n","protected":false},"excerpt":{"rendered":"<p>Flora Bastiani Ma\u00eetresse de conf\u00e9rences HDR en \u00e9thique de la sant\u00e9 et co-responsable du master \u00c9thique du soin \u00e0 l&rsquo;Universit\u00e9 Jean Jaur\u00e8s. Xavier Bioy Professeur agr\u00e9g\u00e9 de droit public et co-responsable du Master \u00c9thique du soin \u00e0 l&rsquo;universit\u00e9 Capitole. Celia Cardoso Pr\u00e9sidente\u00a0fondatrice de l&rsquo;association Tintamarre, administratrice de l&rsquo;institut Savoir(s) Patient(s), formatrice et consultante en partenariat [&hellip;]<\/p>\n","protected":false},"author":405,"featured_media":0,"parent":251,"menu_order":0,"comment_status":"closed","ping_status":"closed","template":"","meta":{"footnotes":""},"class_list":["post-179","page","type-page","status-publish","hentry"],"_links":{"self":[{"href":"https:\/\/blogs.univ-tlse2.fr\/penserlasante\/wp-json\/wp\/v2\/pages\/179","targetHints":{"allow":["GET"]}}],"collection":[{"href":"https:\/\/blogs.univ-tlse2.fr\/penserlasante\/wp-json\/wp\/v2\/pages"}],"about":[{"href":"https:\/\/blogs.univ-tlse2.fr\/penserlasante\/wp-json\/wp\/v2\/types\/page"}],"author":[{"embeddable":true,"href":"https:\/\/blogs.univ-tlse2.fr\/penserlasante\/wp-json\/wp\/v2\/users\/405"}],"replies":[{"embeddable":true,"href":"https:\/\/blogs.univ-tlse2.fr\/penserlasante\/wp-json\/wp\/v2\/comments?post=179"}],"version-history":[{"count":10,"href":"https:\/\/blogs.univ-tlse2.fr\/penserlasante\/wp-json\/wp\/v2\/pages\/179\/revisions"}],"predecessor-version":[{"id":330,"href":"https:\/\/blogs.univ-tlse2.fr\/penserlasante\/wp-json\/wp\/v2\/pages\/179\/revisions\/330"}],"up":[{"embeddable":true,"href":"https:\/\/blogs.univ-tlse2.fr\/penserlasante\/wp-json\/wp\/v2\/pages\/251"}],"wp:attachment":[{"href":"https:\/\/blogs.univ-tlse2.fr\/penserlasante\/wp-json\/wp\/v2\/media?parent=179"}],"curies":[{"name":"wp","href":"https:\/\/api.w.org\/{rel}","templated":true}]}}