 {"id":251,"date":"2023-12-11T16:10:17","date_gmt":"2023-12-11T15:10:17","guid":{"rendered":"https:\/\/blogs.univ-tlse2.fr\/penserlasante\/?page_id=251"},"modified":"2024-03-29T19:06:54","modified_gmt":"2024-03-29T18:06:54","slug":"vulnerabilite-en-sante-vulnerability-in-healthcare-2024","status":"publish","type":"page","link":"https:\/\/blogs.univ-tlse2.fr\/penserlasante\/vulnerabilite-en-sante-vulnerability-in-healthcare-2024\/","title":{"rendered":"Vuln\u00e9rabilit\u00e9 en sant\u00e9\/Vuln\u00e9rability in healthcare &#8211; 2024"},"content":{"rendered":"\n<h2 class=\"wp-block-heading has-text-align-center\">Vulnerability in Health\/&nbsp;Vuln\u00e9rabilit\u00e9 en Sant\u00e9<\/h2>\n\n\n\n<h3 class=\"wp-block-heading has-text-align-center\">International Interdisciplinary Conference \/&nbsp;<\/h3>\n\n\n\n<h3 class=\"wp-block-heading has-text-align-center\">Colloque international interdisciplinaire<\/h3>\n\n\n\n<p class=\"has-text-align-center\">March 26-27-28, 2024 \u2013 Toulouse<\/p>\n\n\n\n<div class=\"wp-block-buttons is-content-justification-center is-layout-flex wp-container-core-buttons-is-layout-a89b3969 wp-block-buttons-is-layout-flex\">\n<div class=\"wp-block-button\"><a class=\"wp-block-button__link wp-element-button\" href=\"https:\/\/blogs.univ-tlse2.fr\/penserlasante\/appel-a-communication\/\">Pr\u00e9sentation<\/a><\/div>\n<\/div>\n\n\n\n<div class=\"wp-block-buttons is-content-justification-center is-layout-flex wp-container-core-buttons-is-layout-a89b3969 wp-block-buttons-is-layout-flex\">\n<div class=\"wp-block-button\"><a class=\"wp-block-button__link wp-element-button\" href=\"https:\/\/blogs.univ-tlse2.fr\/penserlasante\/vulnerabilite-en-sante-vulnerability-in-healthcare-2024\/conferences-plenieres\/\">Conf\u00e9rences pl\u00e9ni\u00e8res<\/a><\/div>\n<\/div>\n\n\n\n<div class=\"wp-block-buttons is-content-justification-center is-layout-flex wp-container-core-buttons-is-layout-a89b3969 wp-block-buttons-is-layout-flex\">\n<div class=\"wp-block-button\"><a class=\"wp-block-button__link wp-element-button\" href=\"https:\/\/blogs.univ-tlse2.fr\/penserlasante\/vulnerabilite-en-sante-vulnerability-in-healthcare-2024\/programm\/\">Programme\/Program<\/a><\/div>\n<\/div>\n\n\n\n<div class=\"wp-block-buttons is-content-justification-center is-layout-flex wp-container-core-buttons-is-layout-a89b3969 wp-block-buttons-is-layout-flex\">\n<div class=\"wp-block-button\"><a class=\"wp-block-button__link wp-element-button\" href=\"https:\/\/blogs.univ-tlse2.fr\/penserlasante\/programme-des-ateliers-workshops-program\/\">Programme des ateliers\/Worshop program<\/a><\/div>\n<\/div>\n\n\n\n<div class=\"wp-block-buttons is-content-justification-center is-layout-flex wp-container-core-buttons-is-layout-a89b3969 wp-block-buttons-is-layout-flex\">\n<div class=\"wp-block-button\"><a class=\"wp-block-button__link wp-element-button\" href=\"https:\/\/blogs.univ-tlse2.fr\/penserlasante\/vulnerabilite-en-sante-vulnerability-in-healthcare-2024\/places-lieux\/\">Lieux\/Places<\/a><\/div>\n<\/div>\n\n\n\n<div class=\"wp-block-buttons is-content-justification-center is-layout-flex wp-container-core-buttons-is-layout-a89b3969 wp-block-buttons-is-layout-flex\">\n<div class=\"wp-block-button\"><a class=\"wp-block-button__link wp-element-button\" href=\"https:\/\/blogs.univ-tlse2.fr\/penserlasante\/vulnerabilite-en-sante-vulnerability-in-healthcare-2024\/partenaires\/\">Partenaires<\/a><\/div>\n<\/div>\n\n\n\n<figure class=\"wp-block-image aligncenter size-large is-resized\"><img loading=\"lazy\" decoding=\"async\" width=\"724\" height=\"1024\" src=\"https:\/\/blogs.univ-tlse2.fr\/penserlasante\/files\/2024\/02\/Aff-bastiani-2-724x1024.jpg\" alt=\"\" class=\"wp-image-378\" style=\"width:311px;height:auto\" srcset=\"https:\/\/blogs.univ-tlse2.fr\/penserlasante\/files\/2024\/02\/Aff-bastiani-2-724x1024.jpg 724w, https:\/\/blogs.univ-tlse2.fr\/penserlasante\/files\/2024\/02\/Aff-bastiani-2-212x300.jpg 212w, https:\/\/blogs.univ-tlse2.fr\/penserlasante\/files\/2024\/02\/Aff-bastiani-2-768x1087.jpg 768w, https:\/\/blogs.univ-tlse2.fr\/penserlasante\/files\/2024\/02\/Aff-bastiani-2-600x849.jpg 600w, https:\/\/blogs.univ-tlse2.fr\/penserlasante\/files\/2024\/02\/Aff-bastiani-2.jpg 841w\" sizes=\"auto, (max-width: 724px) 100vw, 724px\" \/><\/figure>\n\n\n\n<div class=\"wp-block-group alignfull has-base-2-background-color has-background has-global-padding is-layout-constrained wp-container-core-group-is-layout-669513ed wp-block-group-is-layout-constrained\" style=\"margin-top:0;margin-bottom:0;padding-top:var(--wp--preset--spacing--50);padding-right:var(--wp--preset--spacing--50);padding-bottom:var(--wp--preset--spacing--50);padding-left:var(--wp--preset--spacing--50)\">\n<h2 class=\"wp-block-heading has-text-align-center\">Th\u00e8mes\/Topics<\/h2>\n\n\n\n<div class=\"wp-block-group is-vertical is-content-justification-center is-layout-flex wp-container-core-group-is-layout-52b864f0 wp-block-group-is-layout-flex\">\n<div style=\"height:0px\" aria-hidden=\"true\" class=\"wp-block-spacer wp-container-content-4f2ccadb\"><\/div>\n<\/div>\n\n\n\n<div class=\"wp-block-columns alignwide is-layout-flex wp-container-core-columns-is-layout-d0bbbce0 wp-block-columns-is-layout-flex\">\n<div class=\"wp-block-column is-layout-flow wp-container-core-column-is-layout-e3d1c41b wp-block-column-is-layout-flow\">\n<h3 class=\"wp-block-heading has-text-align-left is-style-asterisk has-body-font-family has-medium-font-size\" style=\"font-style:normal;font-weight:600\">Temps\/Time<\/h3>\n\n\n\n<p>Comment penser la temporalit\u00e9 de la vuln\u00e9rabilit\u00e9 dans la maladie, dans la relation de soin pour les proches aidants et les professionnels de sant\u00e9 ?<\/p>\n\n\n\n<p class=\"has-text-align-left\">How can we think about the temporality of vulnerability in illness and in the care relationship for family caregivers and health professionals?<\/p>\n<\/div>\n\n\n\n<div class=\"wp-block-column is-layout-flow wp-container-core-column-is-layout-e3d1c41b wp-block-column-is-layout-flow\">\n<h3 class=\"wp-block-heading has-text-align-left is-style-asterisk has-body-font-family has-medium-font-size\" style=\"font-style:normal;font-weight:600\">Corps\/Body<\/h3>\n\n\n\n<p>Qu\u2019est-ce qu\u2019un corps vuln\u00e9rable dans le soin et dans l\u2019institution ?<\/p>\n\n\n\n<p class=\"has-text-align-left\">What is a vulnerable body in care and in the institution?<\/p>\n<\/div>\n\n\n\n<div class=\"wp-block-column is-layout-flow wp-container-core-column-is-layout-e3d1c41b wp-block-column-is-layout-flow\">\n<h3 class=\"wp-block-heading has-text-align-left is-style-asterisk has-body-font-family has-medium-font-size\" style=\"font-style:normal;font-weight:600\">Experience clinique\/Clinical experience<\/h3>\n\n\n\n<p>Qui est destinataire du soin dans un service de sant\u00e9 ?<\/p>\n\n\n\n<p class=\"has-text-align-left\">Who is the recipient of care in a health service?<\/p>\n<\/div>\n<\/div>\n\n\n\n<div style=\"height:var(--wp--preset--spacing--20)\" aria-hidden=\"true\" class=\"wp-block-spacer\"><\/div>\n\n\n\n<div class=\"wp-block-columns alignwide is-layout-flex wp-container-core-columns-is-layout-d0bbbce0 wp-block-columns-is-layout-flex\">\n<div class=\"wp-block-column is-layout-flow wp-container-core-column-is-layout-e3d1c41b wp-block-column-is-layout-flow\">\n<h3 class=\"wp-block-heading has-text-align-left is-style-asterisk has-body-font-family has-medium-font-size\" style=\"font-style:normal;font-weight:600\">D\u00e9cision m\u00e9dicale\/Medical decision<\/h3>\n\n\n\n<p>Comment interviennent la vuln\u00e9rabilit\u00e9 et l\u2019incapacit\u00e9 dans la prise de d\u00e9cisions m\u00e9dicales ?<\/p>\n\n\n\n<p class=\"has-text-align-left\">How do vulnerability and incapacity affect medical decision making?<\/p>\n<\/div>\n\n\n\n<div class=\"wp-block-column is-layout-flow wp-container-core-column-is-layout-e3d1c41b wp-block-column-is-layout-flow\">\n<h3 class=\"wp-block-heading has-text-align-left is-style-asterisk has-body-font-family has-medium-font-size\" style=\"font-style:normal;font-weight:600\">Institution<\/h3>\n\n\n\n<p>Comment penser les injonctions contradictoires qui traversent la pratique clinique comme un facteur de vuln\u00e9rabilit\u00e9 des professionnels du soin ?<\/p>\n\n\n\n<p>How can we consider the conflicting imperatives that permeate clinical practice as a factor in the vulnerability of health professionals?<\/p>\n<\/div>\n\n\n\n<div class=\"wp-block-column is-layout-flow wp-container-core-column-is-layout-e3d1c41b wp-block-column-is-layout-flow\">\n<h3 class=\"wp-block-heading has-text-align-left is-style-asterisk has-body-font-family has-medium-font-size\" style=\"font-style:normal;font-weight:600\">Expertise des patients\/Expertise of patients<\/h3>\n\n\n\n<p>Quelle place donner \u00e0 l\u2019exp\u00e9rience du patient face aux soignants, entre vuln\u00e9rabilit\u00e9 et expertise ?<\/p>\n\n\n\n<p>What is the place of the patient&rsquo;s own experience of care in relation to professional caregivers, between vulnerability and expertise?<\/p>\n<\/div>\n<\/div>\n<\/div>\n","protected":false},"excerpt":{"rendered":"<p>Vulnerability in Health\/&nbsp;Vuln\u00e9rabilit\u00e9 en Sant\u00e9 International Interdisciplinary Conference \/&nbsp; Colloque international interdisciplinaire March 26-27-28, 2024 \u2013 Toulouse Th\u00e8mes\/Topics Temps\/Time Comment penser la temporalit\u00e9 de la vuln\u00e9rabilit\u00e9 dans la maladie, dans la relation de soin pour les proches aidants et les professionnels de sant\u00e9 ? How can we think about the temporality of vulnerability in illness [&hellip;]<\/p>\n","protected":false},"author":405,"featured_media":0,"parent":0,"menu_order":0,"comment_status":"closed","ping_status":"closed","template":"","meta":{"footnotes":""},"class_list":["post-251","page","type-page","status-publish","hentry"],"_links":{"self":[{"href":"https:\/\/blogs.univ-tlse2.fr\/penserlasante\/wp-json\/wp\/v2\/pages\/251","targetHints":{"allow":["GET"]}}],"collection":[{"href":"https:\/\/blogs.univ-tlse2.fr\/penserlasante\/wp-json\/wp\/v2\/pages"}],"about":[{"href":"https:\/\/blogs.univ-tlse2.fr\/penserlasante\/wp-json\/wp\/v2\/types\/page"}],"author":[{"embeddable":true,"href":"https:\/\/blogs.univ-tlse2.fr\/penserlasante\/wp-json\/wp\/v2\/users\/405"}],"replies":[{"embeddable":true,"href":"https:\/\/blogs.univ-tlse2.fr\/penserlasante\/wp-json\/wp\/v2\/comments?post=251"}],"version-history":[{"count":5,"href":"https:\/\/blogs.univ-tlse2.fr\/penserlasante\/wp-json\/wp\/v2\/pages\/251\/revisions"}],"predecessor-version":[{"id":504,"href":"https:\/\/blogs.univ-tlse2.fr\/penserlasante\/wp-json\/wp\/v2\/pages\/251\/revisions\/504"}],"wp:attachment":[{"href":"https:\/\/blogs.univ-tlse2.fr\/penserlasante\/wp-json\/wp\/v2\/media?parent=251"}],"curies":[{"name":"wp","href":"https:\/\/api.w.org\/{rel}","templated":true}]}}