 {"id":335,"date":"2024-02-14T18:31:56","date_gmt":"2024-02-14T17:31:56","guid":{"rendered":"https:\/\/blogs.univ-tlse2.fr\/penserlasante\/?page_id=335"},"modified":"2024-03-29T18:42:13","modified_gmt":"2024-03-29T17:42:13","slug":"inscription-a-la-liste-de-diffusion-penser-la-sante","status":"publish","type":"page","link":"https:\/\/blogs.univ-tlse2.fr\/penserlasante\/inscription-a-la-liste-de-diffusion-penser-la-sante\/","title":{"rendered":"Liste de diffusion"},"content":{"rendered":"\n<p class=\"has-text-align-left\">La liste de diffusion Penserlasant\u00e9\/Thinkinghealth a pour vocation de permettre le partage d&rsquo;informations li\u00e9es \u00e0 la r\u00e9flexion sur la sant\u00e9 dans toutes les disciplines et ainsi de favoriser les rencontres entre chercheurs. &nbsp;<\/p>\n\n\n\n<p>Chaque membre peut diffuser directement sur la liste des informations concernant les manifestations scientifiques (programmes de colloques, journ\u00e9es d&rsquo;\u00e9tude, s\u00e9minaires, groupes de travail, appels \u00e0 communication etc.), annoncer la publication d&rsquo;un livre, d&rsquo;un article ou d&rsquo;un projet de recherche, partager une annonce de recrutement, de bourse ou toute autre information concernant le champ de la recherche sur la sant\u00e9. <\/p>\n\n\n\n<h4 class=\"wp-block-heading\"><strong>Fonctionnement : <\/strong><\/h4>\n\n\n\n<p>Une fois inscrit, chaque membre peut adresser un email \u00e0 l&rsquo;ensemble de la liste en utilisant directement l&rsquo;adresse propre \u00e0 la liste de diffusion. <\/p>\n\n\n\n<p>Veuillez noter qu&rsquo;il n&rsquo;est pas possible de \u00ab\u00a0r\u00e9pondre \u00e0 tous\u00a0\u00bb (la r\u00e9ponse sera automatiquement dirig\u00e9e vers l&rsquo;auteur de l&#8217;email initial). <\/p>\n\n\n\n<h4 class=\"wp-block-heading\"><strong>Pour demander votre inscription sur la liste :<\/strong><\/h4>\n\n\n\n<p>Veuillez adresser un email intitul\u00e9 \u00ab\u00a0inscription\u00a0\u00bb \u00e0 <a href=\"&#109;a&#x69;l&#x74;o&#x3a;&#116;&#x68;&#105;n&#x6b;i&#x6e;g&#x68;e&#x61;&#108;&#x74;&#104;&#46;&#x74;o&#x75;l&#x6f;&#117;&#x73;&#101;&#64;&#x67;m&#x61;i&#x6c;&#46;&#x63;&#111;&#x6d;\">&#116;&#x68;i&#x6e;k&#x69;n&#103;&#x68;e&#x61;l&#x74;h&#46;&#x74;o&#x75;l&#x6f;u&#115;&#x65;&#64;&#x67;m&#x61;i&#108;&#x2e;c&#x6f;m<\/a><\/p>\n\n\n\n<p>Vous recevrez un message confirmant votre inscription dans les jours suivants. Et vous pourrez \u00e0 partir de ce moment utiliser la liste.<\/p>\n\n\n\n<p>La d\u00e9sinscription peut se faire depuis un lien qui appara\u00eet tout en bas des emails \u00e9manant de la liste. <\/p>\n","protected":false},"excerpt":{"rendered":"<p>La liste de diffusion Penserlasant\u00e9\/Thinkinghealth a pour vocation de permettre le partage d&rsquo;informations li\u00e9es \u00e0 la r\u00e9flexion sur la sant\u00e9 dans toutes les disciplines et ainsi de favoriser les rencontres entre chercheurs. &nbsp; Chaque membre peut diffuser directement sur la liste des informations concernant les manifestations scientifiques (programmes de colloques, journ\u00e9es d&rsquo;\u00e9tude, s\u00e9minaires, groupes de [&hellip;]<\/p>\n","protected":false},"author":405,"featured_media":0,"parent":0,"menu_order":0,"comment_status":"closed","ping_status":"closed","template":"","meta":{"footnotes":""},"class_list":["post-335","page","type-page","status-publish","hentry"],"_links":{"self":[{"href":"https:\/\/blogs.univ-tlse2.fr\/penserlasante\/wp-json\/wp\/v2\/pages\/335","targetHints":{"allow":["GET"]}}],"collection":[{"href":"https:\/\/blogs.univ-tlse2.fr\/penserlasante\/wp-json\/wp\/v2\/pages"}],"about":[{"href":"https:\/\/blogs.univ-tlse2.fr\/penserlasante\/wp-json\/wp\/v2\/types\/page"}],"author":[{"embeddable":true,"href":"https:\/\/blogs.univ-tlse2.fr\/penserlasante\/wp-json\/wp\/v2\/users\/405"}],"replies":[{"embeddable":true,"href":"https:\/\/blogs.univ-tlse2.fr\/penserlasante\/wp-json\/wp\/v2\/comments?post=335"}],"version-history":[{"count":7,"href":"https:\/\/blogs.univ-tlse2.fr\/penserlasante\/wp-json\/wp\/v2\/pages\/335\/revisions"}],"predecessor-version":[{"id":496,"href":"https:\/\/blogs.univ-tlse2.fr\/penserlasante\/wp-json\/wp\/v2\/pages\/335\/revisions\/496"}],"wp:attachment":[{"href":"https:\/\/blogs.univ-tlse2.fr\/penserlasante\/wp-json\/wp\/v2\/media?parent=335"}],"curies":[{"name":"wp","href":"https:\/\/api.w.org\/{rel}","templated":true}]}}