 {"id":39,"date":"2023-10-21T17:11:22","date_gmt":"2023-10-21T15:11:22","guid":{"rendered":"https:\/\/penserlasante.wordpress.com\/?page_id=39"},"modified":"2023-12-11T17:58:26","modified_gmt":"2023-12-11T16:58:26","slug":"places-lieux","status":"publish","type":"page","link":"https:\/\/blogs.univ-tlse2.fr\/penserlasante\/vulnerabilite-en-sante-vulnerability-in-healthcare-2024\/places-lieux\/","title":{"rendered":"Places\/Lieux"},"content":{"rendered":"\n<p>Universit\u00e9 Jean Jaur\u00e8s, b\u00e2timent Maison de la recherche<\/p>\n\n\n\n<ul class=\"wp-block-list\">\n<li>Plenary sessions\/S\u00e9ances pl\u00e9ni\u00e8res&nbsp;: Amphi F417<\/li>\n\n\n\n<li>Workshops\/Ateliers&nbsp;: E411 \/ E412<\/li>\n\n\n\n<li>Coffee break\/Pause caf\u00e9\u00a0: Hall Amphi 417<\/li>\n<\/ul>\n\n\n\n<figure class=\"wp-block-image size-large\"><img loading=\"lazy\" decoding=\"async\" width=\"1133\" height=\"850\" src=\"https:\/\/blogs.univ-tlse2.fr\/penserlasante\/files\/2023\/10\/plan-ut2j.jpg?w=1024\" alt=\"\" class=\"wp-image-43\" srcset=\"https:\/\/blogs.univ-tlse2.fr\/penserlasante\/files\/2023\/10\/plan-ut2j.jpg 1133w, https:\/\/blogs.univ-tlse2.fr\/penserlasante\/files\/2023\/10\/plan-ut2j-300x225.jpg 300w, https:\/\/blogs.univ-tlse2.fr\/penserlasante\/files\/2023\/10\/plan-ut2j-1024x768.jpg 1024w, https:\/\/blogs.univ-tlse2.fr\/penserlasante\/files\/2023\/10\/plan-ut2j-768x576.jpg 768w, https:\/\/blogs.univ-tlse2.fr\/penserlasante\/files\/2023\/10\/plan-ut2j-600x450.jpg 600w\" sizes=\"auto, (max-width: 1133px) 100vw, 1133px\" \/><\/figure>\n","protected":false},"excerpt":{"rendered":"<p>Universit\u00e9 Jean Jaur\u00e8s, b\u00e2timent Maison de la recherche<\/p>\n","protected":false},"author":405,"featured_media":0,"parent":251,"menu_order":0,"comment_status":"closed","ping_status":"closed","template":"","meta":{"footnotes":""},"class_list":["post-39","page","type-page","status-publish","hentry"],"_links":{"self":[{"href":"https:\/\/blogs.univ-tlse2.fr\/penserlasante\/wp-json\/wp\/v2\/pages\/39","targetHints":{"allow":["GET"]}}],"collection":[{"href":"https:\/\/blogs.univ-tlse2.fr\/penserlasante\/wp-json\/wp\/v2\/pages"}],"about":[{"href":"https:\/\/blogs.univ-tlse2.fr\/penserlasante\/wp-json\/wp\/v2\/types\/page"}],"author":[{"embeddable":true,"href":"https:\/\/blogs.univ-tlse2.fr\/penserlasante\/wp-json\/wp\/v2\/users\/405"}],"replies":[{"embeddable":true,"href":"https:\/\/blogs.univ-tlse2.fr\/penserlasante\/wp-json\/wp\/v2\/comments?post=39"}],"version-history":[{"count":1,"href":"https:\/\/blogs.univ-tlse2.fr\/penserlasante\/wp-json\/wp\/v2\/pages\/39\/revisions"}],"predecessor-version":[{"id":255,"href":"https:\/\/blogs.univ-tlse2.fr\/penserlasante\/wp-json\/wp\/v2\/pages\/39\/revisions\/255"}],"up":[{"embeddable":true,"href":"https:\/\/blogs.univ-tlse2.fr\/penserlasante\/wp-json\/wp\/v2\/pages\/251"}],"wp:attachment":[{"href":"https:\/\/blogs.univ-tlse2.fr\/penserlasante\/wp-json\/wp\/v2\/media?parent=39"}],"curies":[{"name":"wp","href":"https:\/\/api.w.org\/{rel}","templated":true}]}}