 {"id":497,"date":"2024-03-29T18:49:07","date_gmt":"2024-03-29T17:49:07","guid":{"rendered":"https:\/\/blogs.univ-tlse2.fr\/penserlasante\/?page_id=497"},"modified":"2025-10-15T08:16:13","modified_gmt":"2025-10-15T06:16:13","slug":"colloque-biennal-biennal-conference","status":"publish","type":"page","link":"https:\/\/blogs.univ-tlse2.fr\/penserlasante\/colloque-biennal-biennal-conference\/","title":{"rendered":"Colloque biennal\/Biennal conference"},"content":{"rendered":"\n<div style=\"height:55px\" aria-hidden=\"true\" class=\"wp-block-spacer\"><\/div>\n\n\n\n<div class=\"wp-block-media-text has-media-on-the-right is-stacked-on-mobile\"><div class=\"wp-block-media-text__content\">\n<h2 class=\"wp-block-heading\">2026<\/h2>\n\n\n\n<h2 class=\"wp-block-heading has-large-font-size\">Comment faire communaut\u00e9 en sant\u00e9 ?<\/h2>\n<\/div><figure class=\"wp-block-media-text__media\"><a href=\"https:\/\/blogs.univ-tlse2.fr\/penserlasante\/comment-faire-communaute-en-sante\/\"><img loading=\"lazy\" decoding=\"async\" width=\"724\" height=\"1024\" src=\"https:\/\/blogs.univ-tlse2.fr\/penserlasante\/files\/2025\/10\/Comment-faire-communaute-en-sante-3-724x1024.png\" alt=\"\" class=\"wp-image-886 size-full\" srcset=\"https:\/\/blogs.univ-tlse2.fr\/penserlasante\/files\/2025\/10\/Comment-faire-communaute-en-sante-3-724x1024.png 724w, https:\/\/blogs.univ-tlse2.fr\/penserlasante\/files\/2025\/10\/Comment-faire-communaute-en-sante-3-212x300.png 212w, https:\/\/blogs.univ-tlse2.fr\/penserlasante\/files\/2025\/10\/Comment-faire-communaute-en-sante-3-768x1086.png 768w, https:\/\/blogs.univ-tlse2.fr\/penserlasante\/files\/2025\/10\/Comment-faire-communaute-en-sante-3-600x849.png 600w, https:\/\/blogs.univ-tlse2.fr\/penserlasante\/files\/2025\/10\/Comment-faire-communaute-en-sante-3-1086x1536.png 1086w, https:\/\/blogs.univ-tlse2.fr\/penserlasante\/files\/2025\/10\/Comment-faire-communaute-en-sante-3-1448x2048.png 1448w, https:\/\/blogs.univ-tlse2.fr\/penserlasante\/files\/2025\/10\/Comment-faire-communaute-en-sante-3.png 1587w\" sizes=\"auto, (max-width: 724px) 100vw, 724px\" \/><\/a><\/figure><\/div>\n\n\n\n<div class=\"wp-block-media-text is-stacked-on-mobile\"><figure class=\"wp-block-media-text__media\"><a href=\"https:\/\/blogs.univ-tlse2.fr\/penserlasante\/vulnerabilite-en-sante-vulnerability-in-healthcare-2024\/\"><img loading=\"lazy\" decoding=\"async\" width=\"724\" height=\"1024\" src=\"https:\/\/blogs.univ-tlse2.fr\/penserlasante\/files\/2024\/02\/Aff-bastiani-2-724x1024.jpg\" alt=\"\" class=\"wp-image-378 size-full\" srcset=\"https:\/\/blogs.univ-tlse2.fr\/penserlasante\/files\/2024\/02\/Aff-bastiani-2-724x1024.jpg 724w, https:\/\/blogs.univ-tlse2.fr\/penserlasante\/files\/2024\/02\/Aff-bastiani-2-212x300.jpg 212w, https:\/\/blogs.univ-tlse2.fr\/penserlasante\/files\/2024\/02\/Aff-bastiani-2-768x1087.jpg 768w, https:\/\/blogs.univ-tlse2.fr\/penserlasante\/files\/2024\/02\/Aff-bastiani-2-600x849.jpg 600w, https:\/\/blogs.univ-tlse2.fr\/penserlasante\/files\/2024\/02\/Aff-bastiani-2.jpg 841w\" sizes=\"auto, (max-width: 724px) 100vw, 724px\" \/><\/a><\/figure><div class=\"wp-block-media-text__content\">\n<h2 class=\"wp-block-heading\">2024<\/h2>\n\n\n\n<h2 class=\"wp-block-heading has-large-font-size\">La vuln\u00e9rabilit\u00e9 en sant\u00e9 : penser le corps et le temps du soin.<\/h2>\n\n\n\n<h2 class=\"wp-block-heading has-large-font-size\">Vulnerability in health: thinking the body and the time of care.<\/h2>\n<\/div><\/div>\n\n\n\n<p><\/p>\n","protected":false},"excerpt":{"rendered":"<p>2026 Comment faire communaut\u00e9 en sant\u00e9 ? 2024 La vuln\u00e9rabilit\u00e9 en sant\u00e9 : penser le corps et le temps du soin. Vulnerability in health: thinking the body and the time of care.<\/p>\n","protected":false},"author":405,"featured_media":0,"parent":0,"menu_order":0,"comment_status":"closed","ping_status":"closed","template":"","meta":{"footnotes":""},"class_list":["post-497","page","type-page","status-publish","hentry"],"_links":{"self":[{"href":"https:\/\/blogs.univ-tlse2.fr\/penserlasante\/wp-json\/wp\/v2\/pages\/497","targetHints":{"allow":["GET"]}}],"collection":[{"href":"https:\/\/blogs.univ-tlse2.fr\/penserlasante\/wp-json\/wp\/v2\/pages"}],"about":[{"href":"https:\/\/blogs.univ-tlse2.fr\/penserlasante\/wp-json\/wp\/v2\/types\/page"}],"author":[{"embeddable":true,"href":"https:\/\/blogs.univ-tlse2.fr\/penserlasante\/wp-json\/wp\/v2\/users\/405"}],"replies":[{"embeddable":true,"href":"https:\/\/blogs.univ-tlse2.fr\/penserlasante\/wp-json\/wp\/v2\/comments?post=497"}],"version-history":[{"count":6,"href":"https:\/\/blogs.univ-tlse2.fr\/penserlasante\/wp-json\/wp\/v2\/pages\/497\/revisions"}],"predecessor-version":[{"id":888,"href":"https:\/\/blogs.univ-tlse2.fr\/penserlasante\/wp-json\/wp\/v2\/pages\/497\/revisions\/888"}],"wp:attachment":[{"href":"https:\/\/blogs.univ-tlse2.fr\/penserlasante\/wp-json\/wp\/v2\/media?parent=497"}],"curies":[{"name":"wp","href":"https:\/\/api.w.org\/{rel}","templated":true}]}}