 {"id":604,"date":"2024-06-25T10:11:32","date_gmt":"2024-06-25T08:11:32","guid":{"rendered":"https:\/\/blogs.univ-tlse2.fr\/penserlasante\/?page_id=604"},"modified":"2025-01-21T10:19:57","modified_gmt":"2025-01-21T09:19:57","slug":"chaine-video","status":"publish","type":"page","link":"https:\/\/blogs.univ-tlse2.fr\/penserlasante\/chaine-video\/","title":{"rendered":"Cha\u00eene vid\u00e9o"},"content":{"rendered":"\n<h2 class=\"wp-block-heading has-text-align-center\"><a href=\"https:\/\/www.canal-u.tv\/chaines\/ut2j\/la-vulnerabilite-en-sante-penser-le-corps-et-le-temps-du-soin\" data-type=\"link\" data-id=\"https:\/\/www.canal-u.tv\/chaines\/ut2j\/la-vulnerabilite-en-sante-penser-le-corps-et-le-temps-du-soin\">Colloque Vuln\u00e9rabilit\u00e9 en sant\u00e9<\/a><\/h2>\n\n\n\n<h4 class=\"wp-block-heading has-text-align-center\"><a href=\"https:\/\/www.canal-u.tv\/chaines\/ut2j\/vulnerabilite-et-soins-palliatifs-l-ethique-au-chevet-d-une-clinique-de-l-extreme\" data-type=\"link\" data-id=\"https:\/\/www.canal-u.tv\/chaines\/ut2j\/vulnerabilite-et-soins-palliatifs-l-ethique-au-chevet-d-une-clinique-de-l-extreme\">\u00c9milie Gilbert-Fontan : Vuln\u00e9rabilit\u00e9 et soins palliatifs, l&rsquo;\u00e9thique au chevet d&rsquo;une clinique de l&rsquo;extr\u00eame<\/a><\/h4>\n\n\n\n<figure class=\"wp-block-video\"><video controls src=\"https:\/\/www.canal-u.tv\/chaines\/ut2j\/la-vulnerabilite-en-sante-penser-le-corps-et-le-temps-du-soin\/vulnerabilite-et-soins\"><\/video><\/figure>\n\n\n\n<h4 class=\"wp-block-heading has-text-align-center\"><a href=\"https:\/\/www.canal-u.tv\/chaines\/ut2j\/le-nouement-des-corps-dans-les-gestes-du-soin-critique\" data-type=\"link\" data-id=\"https:\/\/www.canal-u.tv\/chaines\/ut2j\/le-nouement-des-corps-dans-les-gestes-du-soin-critique\">Flora Bastiani : Le nouement des corps dans les gestes du soin critique<\/a><\/h4>\n\n\n\n\n\n\n\n<h4 class=\"wp-block-heading has-text-align-center\"><a href=\"https:\/\/www.canal-u.tv\/chaines\/ut2j\/l-experience-du-patient-une-expertise-de-la-vulnerabilite\" data-type=\"link\" data-id=\"https:\/\/www.canal-u.tv\/chaines\/ut2j\/l-experience-du-patient-une-expertise-de-la-vulnerabilite\">C\u00e9lia Cardoso : L&rsquo;exp\u00e9rience du patient, une expertise de la vuln\u00e9rabilit\u00e9 ?<\/a><\/h4>\n\n\n\n<figure class=\"wp-block-video aligncenter\"><\/figure>\n\n\n\n<h4 class=\"wp-block-heading has-text-align-center\"><a href=\"https:\/\/www.canal-u.tv\/chaines\/ut2j\/le-patient-sujet-en-soin-un-soignant-vulnerable-le-partenariat-de-soin-avec-le-patient\" data-type=\"link\" data-id=\"https:\/\/www.canal-u.tv\/chaines\/ut2j\/le-patient-sujet-en-soin-un-soignant-vulnerable-le-partenariat-de-soin-avec-le-patient\">Patrick Lartiguet : Le patient, sujet en soin, un soignant vuln\u00e9rable ? Le partenariat de soin avec le patient, une \u00e9thique du soin renouvel\u00e9e<\/a><\/h4>\n\n\n\n<figure class=\"wp-block-video aligncenter\"><\/figure>\n\n\n\n<h4 class=\"wp-block-heading has-text-align-center\"><a href=\"https:\/\/www.canal-u.tv\/chaines\/ut2j\/vulnerability-in-the-workplace-the-effects-of-mobbing-on-subjective-health-and-job\" data-type=\"link\" data-id=\"https:\/\/www.canal-u.tv\/chaines\/ut2j\/vulnerability-in-the-workplace-the-effects-of-mobbing-on-subjective-health-and-job\">Gvidas Urbonas : Vuln\u00e9rabilit\u00e9 in the workplace : the effects of mobbing on subjective health and job satisfaction of nursing staff<\/a><\/h4>\n\n\n\n<figure class=\"wp-block-video aligncenter\"><\/figure>\n\n\n\n<h4 class=\"wp-block-heading has-text-align-center\"><a href=\"https:\/\/www.canal-u.tv\/chaines\/ut2j\/vulnerabilite-et-exposition-dans-les-soins-psychiques\" data-type=\"link\" data-id=\"https:\/\/www.canal-u.tv\/chaines\/ut2j\/vulnerabilite-et-exposition-dans-les-soins-psychiques\">Jean-Fran\u00e7ois Rey : Vuln\u00e9rabilit\u00e9 et exposition dans les soins psychiques<\/a><\/h4>\n\n\n\n<figure class=\"wp-block-video aligncenter\"><\/figure>\n","protected":false},"excerpt":{"rendered":"<p>Colloque Vuln\u00e9rabilit\u00e9 en sant\u00e9 \u00c9milie Gilbert-Fontan : Vuln\u00e9rabilit\u00e9 et soins palliatifs, l&rsquo;\u00e9thique au chevet d&rsquo;une clinique de l&rsquo;extr\u00eame Flora Bastiani : Le nouement des corps dans les gestes du soin critique C\u00e9lia Cardoso : L&rsquo;exp\u00e9rience du patient, une expertise de la vuln\u00e9rabilit\u00e9 ? Patrick Lartiguet : Le patient, sujet en soin, un soignant vuln\u00e9rable ? [&hellip;]<\/p>\n","protected":false},"author":405,"featured_media":0,"parent":0,"menu_order":0,"comment_status":"closed","ping_status":"closed","template":"","meta":{"footnotes":""},"class_list":["post-604","page","type-page","status-publish","hentry"],"_links":{"self":[{"href":"https:\/\/blogs.univ-tlse2.fr\/penserlasante\/wp-json\/wp\/v2\/pages\/604","targetHints":{"allow":["GET"]}}],"collection":[{"href":"https:\/\/blogs.univ-tlse2.fr\/penserlasante\/wp-json\/wp\/v2\/pages"}],"about":[{"href":"https:\/\/blogs.univ-tlse2.fr\/penserlasante\/wp-json\/wp\/v2\/types\/page"}],"author":[{"embeddable":true,"href":"https:\/\/blogs.univ-tlse2.fr\/penserlasante\/wp-json\/wp\/v2\/users\/405"}],"replies":[{"embeddable":true,"href":"https:\/\/blogs.univ-tlse2.fr\/penserlasante\/wp-json\/wp\/v2\/comments?post=604"}],"version-history":[{"count":23,"href":"https:\/\/blogs.univ-tlse2.fr\/penserlasante\/wp-json\/wp\/v2\/pages\/604\/revisions"}],"predecessor-version":[{"id":770,"href":"https:\/\/blogs.univ-tlse2.fr\/penserlasante\/wp-json\/wp\/v2\/pages\/604\/revisions\/770"}],"wp:attachment":[{"href":"https:\/\/blogs.univ-tlse2.fr\/penserlasante\/wp-json\/wp\/v2\/media?parent=604"}],"curies":[{"name":"wp","href":"https:\/\/api.w.org\/{rel}","templated":true}]}}