 {"id":76,"date":"2023-10-21T19:05:51","date_gmt":"2023-10-21T17:05:51","guid":{"rendered":"https:\/\/penserlasante.wordpress.com\/?page_id=76"},"modified":"2024-01-26T10:59:08","modified_gmt":"2024-01-26T09:59:08","slug":"partenaires","status":"publish","type":"page","link":"https:\/\/blogs.univ-tlse2.fr\/penserlasante\/vulnerabilite-en-sante-vulnerability-in-healthcare-2024\/partenaires\/","title":{"rendered":"Partenaires"},"content":{"rendered":"\n<div class=\"wp-block-group alignfull has-white-color has-base-2-background-color has-text-color has-background has-global-padding is-layout-constrained wp-container-core-group-is-layout-6ebfa08f wp-block-group-is-layout-constrained\" style=\"padding-top:100px;padding-right:100px;padding-bottom:100px;padding-left:100px\">\n<div class=\"wp-block-columns alignwide is-layout-flex wp-container-core-columns-is-layout-28f84493 wp-block-columns-is-layout-flex\">\n<div class=\"wp-block-column is-layout-flow wp-block-column-is-layout-flow\" style=\"flex-basis:100%\">\n<h2 class=\"wp-block-heading has-background-color has-text-color\" style=\"margin-top:0px;font-size:clamp(17.905px, 1.119rem + ((1vw - 3.2px) * 1.052), 28px);line-height:1.3\">Merci aux partenaires<\/h2>\n<\/div>\n<\/div>\n\n\n\n<div class=\"wp-block-columns alignwide is-layout-flex wp-container-core-columns-is-layout-28f84493 wp-block-columns-is-layout-flex\">\n<div class=\"wp-block-column is-layout-flow wp-block-column-is-layout-flow\" style=\"flex-basis:33.33%\">\n<p class=\"has-small-font-size\"><\/p>\n<\/div>\n\n\n\n<div class=\"wp-block-column is-layout-flow wp-block-column-is-layout-flow\" style=\"flex-basis:200%\">\n<p class=\"has-contrast-color has-text-color\"><a href=\"http:\/\/www.sirel-levinas.org\" target=\"_blank\" rel=\"noreferrer noopener\">Soci\u00e9t\u00e9 internationale de Recherche Emmanuel Levinas<\/a><\/p>\n\n\n\n<p class=\"has-contrast-color has-text-color\"><a href=\"https:\/\/www.univ-tlse2.fr\/accueil\/universite\/organisation\/la-commission-de-la-recherche\" target=\"_blank\" rel=\"noreferrer noopener\"><mark style=\"background-color:#ffffff\" class=\"has-inline-color has-contrast-color\">Commission de la Recherche de l&rsquo;UT2J<\/mark><\/a><\/p>\n\n\n\n<p class=\"has-contrast-color has-text-color\"><a href=\"https:\/\/efts.univ-tlse2.fr\" target=\"_blank\" rel=\"noreferrer noopener\"><mark style=\"background-color:#ffffff\" class=\"has-inline-color has-contrast-color\">Unit\u00e9 Mixte de Recherche \u00c9ducation Formation Travail Savoirs <\/mark><\/a><\/p>\n\n\n\n<p class=\"has-contrast-color has-text-color\"><a href=\"https:\/\/www.ere-occitanie.org\" target=\"_blank\" rel=\"noreferrer noopener\"><mark style=\"background-color:#ffffff\" class=\"has-inline-color has-contrast-color\">Espace de R\u00e9flexion \u00c9thique Occitanie<\/mark><\/a><\/p>\n\n\n\n<p class=\"has-contrast-color has-text-color\"><a href=\"https:\/\/www.chu-toulouse.fr\" target=\"_blank\" rel=\"noreferrer noopener\"><mark style=\"background-color:#ffffff\" class=\"has-inline-color has-contrast-color\">Comit\u00e9 d&rsquo;\u00c9thique Hospitalier du CHU de Toulouse<\/mark><\/a><\/p>\n\n\n\n<p class=\"has-contrast-color has-text-color\"><mark style=\"background-color:#ffffff\" class=\"has-inline-color has-contrast-color\"><a href=\"https:\/\/sciences-education.univ-tlse2.fr\" target=\"_blank\" rel=\"noreferrer noopener\">D\u00e9partement des sciences de l&rsquo;\u00e9ducation et de la formation de l&rsquo;UT2<\/a><\/mark><span style=\"text-decoration: underline\">J<\/span><\/p>\n\n\n\n<p class=\"has-contrast-color has-text-color\"><mark style=\"background-color:#ffffff\" class=\"has-inline-color has-contrast-color\"><span style=\"text-decoration: underline\">\u00c9quipe de Recherche sur les Rationnalit\u00e9s philosophiques et les Savoirs<\/span><\/mark><\/p>\n\n\n\n<p><mark style=\"background-color:#ffffff\" class=\"has-inline-color has-contrast-color\"><span style=\"text-decoration: underline\">D\u00e9partement de philosophie de l&rsquo;UT2J<\/span><\/mark><\/p>\n<\/div>\n<\/div>\n\n\n\n<p><\/p>\n<\/div>\n\n\n\n<p><\/p>\n","protected":false},"excerpt":{"rendered":"<p>Merci aux partenaires Soci\u00e9t\u00e9 internationale de Recherche Emmanuel Levinas Commission de la Recherche de l&rsquo;UT2J Unit\u00e9 Mixte de Recherche \u00c9ducation Formation Travail Savoirs Espace de R\u00e9flexion \u00c9thique Occitanie Comit\u00e9 d&rsquo;\u00c9thique Hospitalier du CHU de Toulouse D\u00e9partement des sciences de l&rsquo;\u00e9ducation et de la formation de l&rsquo;UT2J \u00c9quipe de Recherche sur les Rationnalit\u00e9s philosophiques et les [&hellip;]<\/p>\n","protected":false},"author":405,"featured_media":0,"parent":251,"menu_order":0,"comment_status":"closed","ping_status":"closed","template":"","meta":{"footnotes":""},"class_list":["post-76","page","type-page","status-publish","hentry"],"_links":{"self":[{"href":"https:\/\/blogs.univ-tlse2.fr\/penserlasante\/wp-json\/wp\/v2\/pages\/76","targetHints":{"allow":["GET"]}}],"collection":[{"href":"https:\/\/blogs.univ-tlse2.fr\/penserlasante\/wp-json\/wp\/v2\/pages"}],"about":[{"href":"https:\/\/blogs.univ-tlse2.fr\/penserlasante\/wp-json\/wp\/v2\/types\/page"}],"author":[{"embeddable":true,"href":"https:\/\/blogs.univ-tlse2.fr\/penserlasante\/wp-json\/wp\/v2\/users\/405"}],"replies":[{"embeddable":true,"href":"https:\/\/blogs.univ-tlse2.fr\/penserlasante\/wp-json\/wp\/v2\/comments?post=76"}],"version-history":[{"count":11,"href":"https:\/\/blogs.univ-tlse2.fr\/penserlasante\/wp-json\/wp\/v2\/pages\/76\/revisions"}],"predecessor-version":[{"id":306,"href":"https:\/\/blogs.univ-tlse2.fr\/penserlasante\/wp-json\/wp\/v2\/pages\/76\/revisions\/306"}],"up":[{"embeddable":true,"href":"https:\/\/blogs.univ-tlse2.fr\/penserlasante\/wp-json\/wp\/v2\/pages\/251"}],"wp:attachment":[{"href":"https:\/\/blogs.univ-tlse2.fr\/penserlasante\/wp-json\/wp\/v2\/media?parent=76"}],"curies":[{"name":"wp","href":"https:\/\/api.w.org\/{rel}","templated":true}]}}