 {"id":871,"date":"2025-10-15T07:46:34","date_gmt":"2025-10-15T05:46:34","guid":{"rendered":"https:\/\/blogs.univ-tlse2.fr\/penserlasante\/?page_id=871"},"modified":"2026-04-13T15:33:33","modified_gmt":"2026-04-13T13:33:33","slug":"appel-a-communication-2","status":"publish","type":"page","link":"https:\/\/blogs.univ-tlse2.fr\/penserlasante\/appel-a-communication-2\/","title":{"rendered":"Pr\u00e9sentation"},"content":{"rendered":"\n<h4 class=\"wp-block-heading has-text-align-center\"><strong>Comment faire communaut\u00e9 en sant\u00e9 ?\u00a0Soignants, Soign\u00e9s, Aidants et institutions<\/strong><\/h4>\n\n\n\n<p class=\"has-text-align-left\">Le soin est port\u00e9 par des personnes qui le font vivre au quotidien et qui portent elles-m\u00eames les \u00e9tablissements de sant\u00e9. Toute l\u2019importance et la consistance du geste de soin r\u00e9side dans son incarnation. Et c\u2019est aussi ce qui fait le lit de la fragilit\u00e9 des soignants. \u00c0 l\u2019interm\u00e9diaire entre les rencontres humaines et les r\u00e8gles administratives, ils ne peuvent appara\u00eetre ni comme les rouages d\u2019une machine qui les d\u00e9passent, ni dans le d\u00e9tachement vis-\u00e0-vis de toute organisation. En effet, prendre soin repose \u00e0 la fois sur la rencontre avec le patient et ses proches, et sur les liens tiss\u00e9s avec les autres soignants, avec les personnels d\u2019encadrement et\/ou d\u2019administration.&nbsp;<\/p>\n\n\n\n<p class=\"has-text-align-left\">L\u2019accomplissement d\u2019un soin particulier s\u2019inscrit dans un parcours o\u00f9 chaque soignant se forme, \u00e9volue, met en question son r\u00f4le et r\u00e9fl\u00e9chit sur ses pratiques. Ce cheminement n\u2019est pas solitaire. Il repose sur l\u2019accompagnement que les formateurs et les coll\u00e8gues plus ou moins aguerris prodiguent, des ann\u00e9es durant. Pas \u00e0 pas, au fil des rencontres et des \u00e9changes, se dessine pour chaque soignant une id\u00e9e du soin dont il souhaiterait \u00eatre l\u2019acteur afin de trouver sa place singuli\u00e8re dans la communaut\u00e9 soignante. Ainsi le soin na\u00eet au creux d\u2019un faisceau d\u2019exp\u00e9riences individuelles et collectives qui continue de r\u00e9sonner dans l&rsquo;actualit\u00e9 de chaque geste.<\/p>\n\n\n\n<p class=\"has-text-align-left\">Si les traces de chaque rencontre, bonne ou mauvaise, peuvent s\u2019entendre comme l&rsquo;arch\u00e9ologie du style de soin port\u00e9 par un professionnel, elles influencent \u00e9galement sa mani\u00e8re de transmettre et d\u2019accompagner les autres soignants que sont les aidants.&nbsp;<\/p>\n\n\n\n<p class=\"has-text-align-left\">En quoi le fonctionnement des institutions contribue \u00e0 la qualit\u00e9 du soin ? Quel est l\u2019impact de l\u2019\u00e9tat de sant\u00e9 des soignants sur leurs missions aupr\u00e8s des patients ? O\u00f9 placer la limite dans les attentes vis-\u00e0-vis des aidants ? Toutes ces questions am\u00e8nent vers une interrogation de ce qui fait la substance m\u00eame du soin : <em>comment faire communaut\u00e9 en sant\u00e9 ?<\/em> \u00c0 la crois\u00e9e du cadre de l\u2019institution, des fondements de la formation et de la coh\u00e9sion d\u2019une \u00e9quipe, chaque soin est toujours pris dans une toile complexe. Sa qualit\u00e9 est le fruit de la r\u00e9ussite d\u2019une communaut\u00e9 qui, \u00e0 tout niveau, intervient sur l\u2019histoire de sa conception et de son ex\u00e9cution.&nbsp;<\/p>\n\n\n\n<p class=\"has-text-align-left\">\u00c0 l\u2019occasion du deuxi\u00e8me colloque du r\u00e9seau de recherche Penser la sant\u00e9, nous souhaitons interroger les fondements et les obstacles qui interviennent dans ce \u201cfaire communaut\u00e9\u201d. En ouvrant une r\u00e9flexion pluridisciplinaire sur les valeurs et le sens qui guident les soignants \u00e0 toutes les \u00e9tapes : de leur formation \u00e0 la gouvernance d\u2019\u00e9tablissement, jusqu\u2019au soutien des aidants.&nbsp;<\/p>\n\n\n\n<p class=\"has-text-align-left\">Quelles strat\u00e9gies contribuent \u00e0 prendre soin de chaque acteur de la sant\u00e9 ? Comment accompagner la fid\u00e9lisation des professionnels pour les amener \u00e0 un haut niveau de comp\u00e9tence et d\u2019accomplissement personnel ? Quelles initiatives permettent aux \u00e9quipes des temps de rencontre et de r\u00e9flexion ? Nous proposons d\u2019explorer toutes les pistes qui conduiront \u00e0 repenser la sant\u00e9 en tant que communaut\u00e9, o\u00f9 l\u2019accueil et le respect ne sont pas seulement des valeurs \u00e0 appliquer \u00e0 la relation avec le patient, mais \u00e0 toutes les \u00e9chelles de cette communaut\u00e9.&nbsp;<\/p>\n\n\n\n<p>Nous proposons aux participants de situer leurs propositions parmi ces axes de r\u00e9flexion :&nbsp;<\/p>\n\n\n\n<ol class=\"wp-block-list\">\n<li>Prendre soin des \u00e9tudiants en sant\u00e9 \u00e0 chaque \u00e9tape de leur formation<\/li>\n\n\n\n<li>Prendre soin des soignants tout au long de leurs carri\u00e8res&nbsp;<\/li>\n\n\n\n<li>Prendre soin des patients et des aidants avant, pendant et apr\u00e8s la maladie<\/li>\n\n\n\n<li>Prendre soin des professionnels dans les \u00e9tablissements de sant\u00e9<\/li>\n<\/ol>\n\n\n\n<p><strong>Organisateurs :<\/strong> S\u00e9bastien Couarraze et Flora Bastiani<\/p>\n\n\n\n<p><strong>Langues du colloque :<\/strong> fran\u00e7ais<\/p>\n\n\n\n<p><strong>Lieu : <\/strong>Universit\u00e9 de Toulouse, Campus Paul Sabatier<\/p>\n\n\n\n<p><strong>Dates : <\/strong>7-8-9 juillet 2026<\/p>\n\n\n\n<p><strong>Information et programme&nbsp;: <\/strong><a href=\"https:\/\/blogs.univ-tlse2.fr\/penserlasante\/\">https:\/\/blogs.univ-tlse2.fr\/penserlasante\/<\/a><\/p>\n\n\n\n<p><strong>Contact : <\/strong><a href=\"mailto:thinki&#110;&#103;&#104;&#101;&#97;&#x6c;&#x74;&#x68;&#x2e;&#x74;&#x6f;&#x75;&#x6c;&#x6f;&#x75;&#x73;&#x65;&#x40;&#x67;&#x6d;ail&#46;com?subject=Proposal%20for%20the%20conference%20%22vulnerability%20in%20health%22\">t&#x68;&#x69;n&#x6b;&#x69;n&#x67;&#x68;e&#x61;&#x6c;t&#x68;&#x2e;t&#x6f;&#x75;l&#x6f;&#x75;s&#x65;&#x40;g&#x6d;&#x61;i&#x6c;&#x2e;c&#x6f;&#x6d;<\/a><\/p>\n\n\n\n<p><\/p>\n","protected":false},"excerpt":{"rendered":"<p>Comment faire communaut\u00e9 en sant\u00e9 ?\u00a0Soignants, Soign\u00e9s, Aidants et institutions Le soin est port\u00e9 par des personnes qui le font vivre au quotidien et qui portent elles-m\u00eames les \u00e9tablissements de sant\u00e9. Toute l\u2019importance et la consistance du geste de soin r\u00e9side dans son incarnation. Et c\u2019est aussi ce qui fait le lit de la fragilit\u00e9 [&hellip;]<\/p>\n","protected":false},"author":405,"featured_media":0,"parent":0,"menu_order":0,"comment_status":"closed","ping_status":"closed","template":"","meta":{"footnotes":""},"class_list":["post-871","page","type-page","status-publish","hentry"],"_links":{"self":[{"href":"https:\/\/blogs.univ-tlse2.fr\/penserlasante\/wp-json\/wp\/v2\/pages\/871","targetHints":{"allow":["GET"]}}],"collection":[{"href":"https:\/\/blogs.univ-tlse2.fr\/penserlasante\/wp-json\/wp\/v2\/pages"}],"about":[{"href":"https:\/\/blogs.univ-tlse2.fr\/penserlasante\/wp-json\/wp\/v2\/types\/page"}],"author":[{"embeddable":true,"href":"https:\/\/blogs.univ-tlse2.fr\/penserlasante\/wp-json\/wp\/v2\/users\/405"}],"replies":[{"embeddable":true,"href":"https:\/\/blogs.univ-tlse2.fr\/penserlasante\/wp-json\/wp\/v2\/comments?post=871"}],"version-history":[{"count":14,"href":"https:\/\/blogs.univ-tlse2.fr\/penserlasante\/wp-json\/wp\/v2\/pages\/871\/revisions"}],"predecessor-version":[{"id":921,"href":"https:\/\/blogs.univ-tlse2.fr\/penserlasante\/wp-json\/wp\/v2\/pages\/871\/revisions\/921"}],"wp:attachment":[{"href":"https:\/\/blogs.univ-tlse2.fr\/penserlasante\/wp-json\/wp\/v2\/media?parent=871"}],"curies":[{"name":"wp","href":"https:\/\/api.w.org\/{rel}","templated":true}]}}