 {"id":873,"date":"2025-10-15T08:00:43","date_gmt":"2025-10-15T06:00:43","guid":{"rendered":"https:\/\/blogs.univ-tlse2.fr\/penserlasante\/?page_id=873"},"modified":"2025-10-15T08:00:43","modified_gmt":"2025-10-15T06:00:43","slug":"conferences-plenieres","status":"publish","type":"page","link":"https:\/\/blogs.univ-tlse2.fr\/penserlasante\/conferences-plenieres\/","title":{"rendered":"Conf\u00e9rences pl\u00e9ni\u00e8res"},"content":{"rendered":"\n<div class=\"wp-block-media-text is-stacked-on-mobile\"><figure class=\"wp-block-media-text__media\"><img loading=\"lazy\" decoding=\"async\" width=\"716\" height=\"716\" src=\"https:\/\/blogs.univ-tlse2.fr\/penserlasante\/files\/2025\/10\/B258FCD2-6D5F-4DF7-959B-D0844CF40B85_1_201_a.jpeg\" alt=\"\" class=\"wp-image-874 size-full\" srcset=\"https:\/\/blogs.univ-tlse2.fr\/penserlasante\/files\/2025\/10\/B258FCD2-6D5F-4DF7-959B-D0844CF40B85_1_201_a.jpeg 716w, https:\/\/blogs.univ-tlse2.fr\/penserlasante\/files\/2025\/10\/B258FCD2-6D5F-4DF7-959B-D0844CF40B85_1_201_a-300x300.jpeg 300w, https:\/\/blogs.univ-tlse2.fr\/penserlasante\/files\/2025\/10\/B258FCD2-6D5F-4DF7-959B-D0844CF40B85_1_201_a-150x150.jpeg 150w, https:\/\/blogs.univ-tlse2.fr\/penserlasante\/files\/2025\/10\/B258FCD2-6D5F-4DF7-959B-D0844CF40B85_1_201_a-600x600.jpeg 600w\" sizes=\"auto, (max-width: 716px) 100vw, 716px\" \/><\/figure><div class=\"wp-block-media-text__content\">\n<h2 class=\"wp-block-heading\">Emmanuelle Rial-Sebbag<\/h2>\n<\/div><\/div>\n\n\n\n<div class=\"wp-block-media-text is-stacked-on-mobile\"><figure class=\"wp-block-media-text__media\"><img loading=\"lazy\" decoding=\"async\" width=\"1024\" height=\"1024\" src=\"https:\/\/blogs.univ-tlse2.fr\/penserlasante\/files\/2025\/10\/BE9746FB-F1AC-4B56-A2A3-921A9FE4D973_1_201_a-1024x1024.jpeg\" alt=\"\" class=\"wp-image-875 size-full\" srcset=\"https:\/\/blogs.univ-tlse2.fr\/penserlasante\/files\/2025\/10\/BE9746FB-F1AC-4B56-A2A3-921A9FE4D973_1_201_a-1024x1024.jpeg 1024w, https:\/\/blogs.univ-tlse2.fr\/penserlasante\/files\/2025\/10\/BE9746FB-F1AC-4B56-A2A3-921A9FE4D973_1_201_a-300x300.jpeg 300w, https:\/\/blogs.univ-tlse2.fr\/penserlasante\/files\/2025\/10\/BE9746FB-F1AC-4B56-A2A3-921A9FE4D973_1_201_a-150x150.jpeg 150w, https:\/\/blogs.univ-tlse2.fr\/penserlasante\/files\/2025\/10\/BE9746FB-F1AC-4B56-A2A3-921A9FE4D973_1_201_a-768x768.jpeg 768w, https:\/\/blogs.univ-tlse2.fr\/penserlasante\/files\/2025\/10\/BE9746FB-F1AC-4B56-A2A3-921A9FE4D973_1_201_a-600x600.jpeg 600w, https:\/\/blogs.univ-tlse2.fr\/penserlasante\/files\/2025\/10\/BE9746FB-F1AC-4B56-A2A3-921A9FE4D973_1_201_a.jpeg 1300w\" sizes=\"auto, (max-width: 1024px) 100vw, 1024px\" \/><\/figure><div class=\"wp-block-media-text__content\">\n<h2 class=\"wp-block-heading\">Virginie Gardette<\/h2>\n<\/div><\/div>\n\n\n\n<div class=\"wp-block-media-text is-stacked-on-mobile\"><figure class=\"wp-block-media-text__media\"><img loading=\"lazy\" decoding=\"async\" width=\"537\" height=\"600\" src=\"https:\/\/blogs.univ-tlse2.fr\/penserlasante\/files\/2025\/10\/Alexis-Bataille-Hembert-k2-medium.jpg\" alt=\"\" class=\"wp-image-876 size-full\" srcset=\"https:\/\/blogs.univ-tlse2.fr\/penserlasante\/files\/2025\/10\/Alexis-Bataille-Hembert-k2-medium.jpg 537w, https:\/\/blogs.univ-tlse2.fr\/penserlasante\/files\/2025\/10\/Alexis-Bataille-Hembert-k2-medium-269x300.jpg 269w\" sizes=\"auto, (max-width: 537px) 100vw, 537px\" \/><\/figure><div class=\"wp-block-media-text__content\">\n<h2 class=\"wp-block-heading\">Alexis Bataille-Hembert<\/h2>\n<\/div><\/div>\n\n\n\n<div class=\"wp-block-media-text is-stacked-on-mobile\"><figure class=\"wp-block-media-text__media\"><img loading=\"lazy\" decoding=\"async\" width=\"537\" height=\"537\" src=\"https:\/\/blogs.univ-tlse2.fr\/penserlasante\/files\/2025\/10\/A39BC356-B7E7-4674-BD86-57E3AE28D6E8_1_201_a.jpeg\" alt=\"\" class=\"wp-image-877 size-full\" srcset=\"https:\/\/blogs.univ-tlse2.fr\/penserlasante\/files\/2025\/10\/A39BC356-B7E7-4674-BD86-57E3AE28D6E8_1_201_a.jpeg 537w, https:\/\/blogs.univ-tlse2.fr\/penserlasante\/files\/2025\/10\/A39BC356-B7E7-4674-BD86-57E3AE28D6E8_1_201_a-300x300.jpeg 300w, https:\/\/blogs.univ-tlse2.fr\/penserlasante\/files\/2025\/10\/A39BC356-B7E7-4674-BD86-57E3AE28D6E8_1_201_a-150x150.jpeg 150w\" sizes=\"auto, (max-width: 537px) 100vw, 537px\" \/><\/figure><div class=\"wp-block-media-text__content\">\n<h2 class=\"wp-block-heading\">S\u00e9bastien Couarraze<\/h2>\n<\/div><\/div>\n","protected":false},"excerpt":{"rendered":"<p>Emmanuelle Rial-Sebbag Virginie Gardette Alexis Bataille-Hembert S\u00e9bastien Couarraze<\/p>\n","protected":false},"author":405,"featured_media":0,"parent":0,"menu_order":0,"comment_status":"closed","ping_status":"closed","template":"","meta":{"footnotes":""},"class_list":["post-873","page","type-page","status-publish","hentry"],"_links":{"self":[{"href":"https:\/\/blogs.univ-tlse2.fr\/penserlasante\/wp-json\/wp\/v2\/pages\/873","targetHints":{"allow":["GET"]}}],"collection":[{"href":"https:\/\/blogs.univ-tlse2.fr\/penserlasante\/wp-json\/wp\/v2\/pages"}],"about":[{"href":"https:\/\/blogs.univ-tlse2.fr\/penserlasante\/wp-json\/wp\/v2\/types\/page"}],"author":[{"embeddable":true,"href":"https:\/\/blogs.univ-tlse2.fr\/penserlasante\/wp-json\/wp\/v2\/users\/405"}],"replies":[{"embeddable":true,"href":"https:\/\/blogs.univ-tlse2.fr\/penserlasante\/wp-json\/wp\/v2\/comments?post=873"}],"version-history":[{"count":1,"href":"https:\/\/blogs.univ-tlse2.fr\/penserlasante\/wp-json\/wp\/v2\/pages\/873\/revisions"}],"predecessor-version":[{"id":878,"href":"https:\/\/blogs.univ-tlse2.fr\/penserlasante\/wp-json\/wp\/v2\/pages\/873\/revisions\/878"}],"wp:attachment":[{"href":"https:\/\/blogs.univ-tlse2.fr\/penserlasante\/wp-json\/wp\/v2\/media?parent=873"}],"curies":[{"name":"wp","href":"https:\/\/api.w.org\/{rel}","templated":true}]}}