 {"id":879,"date":"2025-10-15T08:11:45","date_gmt":"2025-10-15T06:11:45","guid":{"rendered":"https:\/\/blogs.univ-tlse2.fr\/penserlasante\/?page_id=879"},"modified":"2026-04-13T15:37:24","modified_gmt":"2026-04-13T13:37:24","slug":"comment-faire-communaute-en-sante","status":"publish","type":"page","link":"https:\/\/blogs.univ-tlse2.fr\/penserlasante\/comment-faire-communaute-en-sante\/","title":{"rendered":"Comment faire communaut\u00e9 en sant\u00e9 ?"},"content":{"rendered":"\n<p><\/p>\n\n\n\n<h2 class=\"wp-block-heading has-text-align-center\"><strong>Soignants, Soign\u00e9s, Aidants et institutions<\/strong><\/h2>\n\n\n\n<h3 class=\"wp-block-heading has-text-align-center\">Deuxi\u00e8me colloque du r\u00e9seau de recherche international et pluridisciplinaire Penser la sant\u00e9<\/h3>\n\n\n\n<h3 class=\"wp-block-heading has-text-align-center\">7-8-9 juillet 2026<\/h3>\n\n\n\n<h3 class=\"wp-block-heading has-text-align-center\">Universit\u00e9 de Toulouse, Campus Paul Sabatier<\/h3>\n\n\n\n<div class=\"wp-block-buttons is-content-justification-center is-layout-flex wp-container-core-buttons-is-layout-a89b3969 wp-block-buttons-is-layout-flex\">\n<div class=\"wp-block-button\"><a class=\"wp-block-button__link has-medium-font-size has-text-align-center has-custom-font-size wp-element-button\" href=\"https:\/\/blogs.univ-tlse2.fr\/penserlasante\/appel-a-communication-2\/\">Pr\u00e9sentation<\/a><\/div>\n<\/div>\n\n\n\n<div class=\"wp-block-buttons is-content-justification-center is-layout-flex wp-container-core-buttons-is-layout-a89b3969 wp-block-buttons-is-layout-flex\">\n<div class=\"wp-block-button\"><a class=\"wp-block-button__link has-medium-font-size has-custom-font-size wp-element-button\" href=\"https:\/\/blogs.univ-tlse2.fr\/penserlasante\/conferences-plenieres\/\">Conf\u00e9rences pl\u00e9ni\u00e8res<\/a><\/div>\n<\/div>\n\n\n\n<div class=\"wp-block-buttons is-content-justification-center is-layout-flex wp-container-core-buttons-is-layout-a89b3969 wp-block-buttons-is-layout-flex\">\n<div class=\"wp-block-button\"><a class=\"wp-block-button__link has-medium-font-size has-custom-font-size wp-element-button\">Programme<\/a><\/div>\n<\/div>\n\n\n\n<div class=\"wp-block-buttons is-content-justification-center is-layout-flex wp-container-core-buttons-is-layout-a89b3969 wp-block-buttons-is-layout-flex\">\n<div class=\"wp-block-button\"><a class=\"wp-block-button__link has-medium-font-size has-custom-font-size wp-element-button\">Programme des ateliers<\/a><\/div>\n<\/div>\n\n\n\n<div class=\"wp-block-buttons is-content-justification-center is-layout-flex wp-container-core-buttons-is-layout-a89b3969 wp-block-buttons-is-layout-flex\">\n<div class=\"wp-block-button\"><a class=\"wp-block-button__link has-medium-font-size has-custom-font-size wp-element-button\">Lieux du colloque<\/a><\/div>\n<\/div>\n\n\n\n<div class=\"wp-block-buttons is-content-justification-center is-layout-flex wp-container-core-buttons-is-layout-a89b3969 wp-block-buttons-is-layout-flex\">\n<div class=\"wp-block-button\"><a class=\"wp-block-button__link has-medium-font-size has-custom-font-size wp-element-button\">Partenaires<\/a><\/div>\n<\/div>\n\n\n\n<figure class=\"wp-block-image size-large\"><img loading=\"lazy\" decoding=\"async\" width=\"724\" height=\"1024\" src=\"https:\/\/blogs.univ-tlse2.fr\/penserlasante\/files\/2025\/10\/Comment-faire-communaute-en-sante-3-724x1024.png\" alt=\"\" class=\"wp-image-886\" srcset=\"https:\/\/blogs.univ-tlse2.fr\/penserlasante\/files\/2025\/10\/Comment-faire-communaute-en-sante-3-724x1024.png 724w, https:\/\/blogs.univ-tlse2.fr\/penserlasante\/files\/2025\/10\/Comment-faire-communaute-en-sante-3-212x300.png 212w, https:\/\/blogs.univ-tlse2.fr\/penserlasante\/files\/2025\/10\/Comment-faire-communaute-en-sante-3-768x1086.png 768w, https:\/\/blogs.univ-tlse2.fr\/penserlasante\/files\/2025\/10\/Comment-faire-communaute-en-sante-3-600x849.png 600w, https:\/\/blogs.univ-tlse2.fr\/penserlasante\/files\/2025\/10\/Comment-faire-communaute-en-sante-3-1086x1536.png 1086w, https:\/\/blogs.univ-tlse2.fr\/penserlasante\/files\/2025\/10\/Comment-faire-communaute-en-sante-3-1448x2048.png 1448w, https:\/\/blogs.univ-tlse2.fr\/penserlasante\/files\/2025\/10\/Comment-faire-communaute-en-sante-3.png 1587w\" sizes=\"auto, (max-width: 724px) 100vw, 724px\" \/><\/figure>\n","protected":false},"excerpt":{"rendered":"<p>Soignants, Soign\u00e9s, Aidants et institutions Deuxi\u00e8me colloque du r\u00e9seau de recherche international et pluridisciplinaire Penser la sant\u00e9 7-8-9 juillet 2026 Universit\u00e9 de Toulouse, Campus Paul Sabatier<\/p>\n","protected":false},"author":405,"featured_media":0,"parent":0,"menu_order":0,"comment_status":"closed","ping_status":"closed","template":"","meta":{"footnotes":""},"class_list":["post-879","page","type-page","status-publish","hentry"],"_links":{"self":[{"href":"https:\/\/blogs.univ-tlse2.fr\/penserlasante\/wp-json\/wp\/v2\/pages\/879","targetHints":{"allow":["GET"]}}],"collection":[{"href":"https:\/\/blogs.univ-tlse2.fr\/penserlasante\/wp-json\/wp\/v2\/pages"}],"about":[{"href":"https:\/\/blogs.univ-tlse2.fr\/penserlasante\/wp-json\/wp\/v2\/types\/page"}],"author":[{"embeddable":true,"href":"https:\/\/blogs.univ-tlse2.fr\/penserlasante\/wp-json\/wp\/v2\/users\/405"}],"replies":[{"embeddable":true,"href":"https:\/\/blogs.univ-tlse2.fr\/penserlasante\/wp-json\/wp\/v2\/comments?post=879"}],"version-history":[{"count":7,"href":"https:\/\/blogs.univ-tlse2.fr\/penserlasante\/wp-json\/wp\/v2\/pages\/879\/revisions"}],"predecessor-version":[{"id":923,"href":"https:\/\/blogs.univ-tlse2.fr\/penserlasante\/wp-json\/wp\/v2\/pages\/879\/revisions\/923"}],"wp:attachment":[{"href":"https:\/\/blogs.univ-tlse2.fr\/penserlasante\/wp-json\/wp\/v2\/media?parent=879"}],"curies":[{"name":"wp","href":"https:\/\/api.w.org\/{rel}","templated":true}]}}