 {"id":140,"date":"2025-12-03T09:25:36","date_gmt":"2025-12-03T08:25:36","guid":{"rendered":"https:\/\/blogs.univ-tlse2.fr\/periples\/?page_id=140"},"modified":"2025-12-17T10:49:49","modified_gmt":"2025-12-17T09:49:49","slug":"lassociation","status":"publish","type":"page","link":"https:\/\/blogs.univ-tlse2.fr\/periples\/qui-sommes-nous\/lassociation\/","title":{"rendered":"L&rsquo;association"},"content":{"rendered":"\n<div style=\"height:20px\" aria-hidden=\"true\" class=\"wp-block-spacer\"><\/div>\n\n\n\n<div class=\"wp-block-group alignwide has-base-background-color has-background has-global-padding is-layout-constrained wp-block-group-is-layout-constrained\">\n<p class=\"has-text-align-center\">P\u00e9riples est une association cr\u00e9\u00e9e en 2007 \u00e0 l&rsquo;universit\u00e9 de Toulouse \u2013 Jean Jaur\u00e8s \u00e0 l&rsquo;initiative d\u2019Adeline Grand-Cl\u00e9ment et de Sandra P\u00e9r\u00e9-Nogu\u00e8s, toutes deux Ma\u00eetres de conf\u00e9rences en Histoire grecque. Les membres de notre bureau et nos adh\u00e9rents sont majoritairement des \u00e9tudiants de Licence, de Master, des doctorants et des personnes pr\u00e9parant les concours ; la plupart sont inscrits en Histoire ou en Histoire de l&rsquo;Art-Arch\u00e9ologie.<\/p>\n\n\n\n<p class=\"has-text-align-center\">L&rsquo;association organise de nombreuses activit\u00e9s pour favoriser la diffusion de la connaissance des mondes anciens du bassin m\u00e9diterran\u00e9en sur le campus de l\u2019universit\u00e9 Toulouse \u2013 Jean Jaur\u00e8s, mais aussi dans la ville de Toulouse.<\/p>\n\n\n\n<p class=\"has-text-align-center\">Chaque ann\u00e9e, notre \u00e9quipe est renouvel\u00e9e. En 2025, la pr\u00e9sidence est assur\u00e9e par Or\u00e9ane Thomasson-Perri\u00e8re. Son \u00e9quipe est compos\u00e9e de R\u00e9mi Laffont (vice-pr\u00e9sident), Orianne Lefebvre (tr\u00e9sori\u00e8re), Chlo\u00e9 Cortes (secr\u00e9taire), ainsi que des membres et stagiaires charg\u00e9s de la communication, des r\u00e9seaux sociaux et de l&rsquo;animation.<\/p>\n\n\n\n<div style=\"height:19px\" aria-hidden=\"true\" class=\"wp-block-spacer\"><\/div>\n<\/div>\n\n\n\n<div class=\"wp-block-group alignfull has-base-background-color has-background has-global-padding is-layout-constrained wp-container-core-group-is-layout-669513ed wp-block-group-is-layout-constrained\" style=\"margin-top:0;margin-bottom:0;padding-top:var(--wp--preset--spacing--50);padding-right:var(--wp--preset--spacing--50);padding-bottom:var(--wp--preset--spacing--50);padding-left:var(--wp--preset--spacing--50)\">\n<div class=\"wp-block-group is-vertical is-content-justification-center is-layout-flex wp-container-core-group-is-layout-ce155fab wp-block-group-is-layout-flex\">\n<h2 class=\"wp-block-heading has-text-align-center has-xx-large-font-size\">Nos fonctions<\/h2>\n\n\n\n<div style=\"height:0px\" aria-hidden=\"true\" class=\"wp-block-spacer wp-container-content-9760934e\"><\/div>\n<\/div>\n\n\n\n<div class=\"wp-block-group alignfull has-base-background-color has-background has-global-padding is-layout-constrained wp-container-core-group-is-layout-669513ed wp-block-group-is-layout-constrained\" style=\"margin-top:0;margin-bottom:0;padding-top:var(--wp--preset--spacing--50);padding-right:var(--wp--preset--spacing--50);padding-bottom:var(--wp--preset--spacing--50);padding-left:var(--wp--preset--spacing--50)\">\n<div class=\"wp-block-columns alignwide is-layout-flex wp-container-core-columns-is-layout-4935966c wp-block-columns-is-layout-flex\" style=\"padding-right:0;padding-left:0\">\n<div class=\"wp-block-column is-layout-flow wp-block-column-is-layout-flow\">\n<figure class=\"wp-block-image size-full is-style-rounded is-style-rounded--1\"><img loading=\"lazy\" decoding=\"async\" width=\"1500\" height=\"1500\" src=\"https:\/\/blogs.univ-tlse2.fr\/periples\/files\/2025\/12\/1.png\" alt=\"\" class=\"wp-image-174\" style=\"aspect-ratio:1;object-fit:cover\" srcset=\"https:\/\/blogs.univ-tlse2.fr\/periples\/files\/2025\/12\/1.png 1500w, https:\/\/blogs.univ-tlse2.fr\/periples\/files\/2025\/12\/1-300x300.png 300w, https:\/\/blogs.univ-tlse2.fr\/periples\/files\/2025\/12\/1-1024x1024.png 1024w, https:\/\/blogs.univ-tlse2.fr\/periples\/files\/2025\/12\/1-150x150.png 150w, https:\/\/blogs.univ-tlse2.fr\/periples\/files\/2025\/12\/1-768x768.png 768w\" sizes=\"auto, (max-width: 1500px) 100vw, 1500px\" \/><\/figure>\n\n\n\n<div class=\"wp-block-group is-vertical is-content-justification-center is-nowrap is-layout-flex wp-container-core-group-is-layout-21d4e958 wp-block-group-is-layout-flex\">\n<p class=\"has-text-align-center has-small-font-size\"><strong><strong>Or\u00e9ane <\/strong><\/strong><\/p>\n\n\n\n<p class=\"has-text-align-center has-small-font-size\">Pr\u00e9sidente<\/p>\n<\/div>\n<\/div>\n\n\n\n<div class=\"wp-block-column is-layout-flow wp-block-column-is-layout-flow\">\n<figure class=\"wp-block-image size-full is-style-rounded is-style-rounded--2\"><img loading=\"lazy\" decoding=\"async\" width=\"1500\" height=\"1500\" src=\"https:\/\/blogs.univ-tlse2.fr\/periples\/files\/2025\/12\/2.png\" alt=\"\" class=\"wp-image-175\" style=\"aspect-ratio:1;object-fit:cover\" srcset=\"https:\/\/blogs.univ-tlse2.fr\/periples\/files\/2025\/12\/2.png 1500w, https:\/\/blogs.univ-tlse2.fr\/periples\/files\/2025\/12\/2-300x300.png 300w, https:\/\/blogs.univ-tlse2.fr\/periples\/files\/2025\/12\/2-1024x1024.png 1024w, https:\/\/blogs.univ-tlse2.fr\/periples\/files\/2025\/12\/2-150x150.png 150w, https:\/\/blogs.univ-tlse2.fr\/periples\/files\/2025\/12\/2-768x768.png 768w\" sizes=\"auto, (max-width: 1500px) 100vw, 1500px\" \/><\/figure>\n\n\n\n<div class=\"wp-block-group is-vertical is-content-justification-center is-nowrap is-layout-flex wp-container-core-group-is-layout-63bfd6c1 wp-block-group-is-layout-flex\">\n<p class=\"has-text-align-center has-small-font-size\"><strong><strong>R\u00e9mi <\/strong><\/strong><\/p>\n\n\n\n<p class=\"has-text-align-center has-small-font-size\">Vice-pr\u00e9sident<\/p>\n<\/div>\n<\/div>\n\n\n\n<div class=\"wp-block-column is-layout-flow wp-block-column-is-layout-flow\">\n<figure class=\"wp-block-image size-full is-style-rounded is-style-rounded--3\"><img loading=\"lazy\" decoding=\"async\" width=\"1500\" height=\"1500\" src=\"https:\/\/blogs.univ-tlse2.fr\/periples\/files\/2025\/12\/3.png\" alt=\"\" class=\"wp-image-176\" style=\"aspect-ratio:1;object-fit:cover\" srcset=\"https:\/\/blogs.univ-tlse2.fr\/periples\/files\/2025\/12\/3.png 1500w, https:\/\/blogs.univ-tlse2.fr\/periples\/files\/2025\/12\/3-300x300.png 300w, https:\/\/blogs.univ-tlse2.fr\/periples\/files\/2025\/12\/3-1024x1024.png 1024w, https:\/\/blogs.univ-tlse2.fr\/periples\/files\/2025\/12\/3-150x150.png 150w, https:\/\/blogs.univ-tlse2.fr\/periples\/files\/2025\/12\/3-768x768.png 768w\" sizes=\"auto, (max-width: 1500px) 100vw, 1500px\" \/><\/figure>\n\n\n\n<div class=\"wp-block-group is-vertical is-content-justification-center is-nowrap is-layout-flex wp-container-core-group-is-layout-63bfd6c1 wp-block-group-is-layout-flex\">\n<p class=\"has-text-align-center has-small-font-size\"><strong><strong>Orianne <\/strong><\/strong><\/p>\n\n\n\n<p class=\"has-text-align-center has-small-font-size\">Tr\u00e9sori\u00e8re<\/p>\n<\/div>\n<\/div>\n\n\n\n<div class=\"wp-block-column is-layout-flow wp-block-column-is-layout-flow\">\n<figure class=\"wp-block-image size-full is-style-rounded is-style-rounded--4\"><img loading=\"lazy\" decoding=\"async\" width=\"1500\" height=\"1500\" src=\"https:\/\/blogs.univ-tlse2.fr\/periples\/files\/2025\/12\/4.png\" alt=\"\" class=\"wp-image-177\" style=\"aspect-ratio:1;object-fit:cover\" srcset=\"https:\/\/blogs.univ-tlse2.fr\/periples\/files\/2025\/12\/4.png 1500w, https:\/\/blogs.univ-tlse2.fr\/periples\/files\/2025\/12\/4-300x300.png 300w, https:\/\/blogs.univ-tlse2.fr\/periples\/files\/2025\/12\/4-1024x1024.png 1024w, https:\/\/blogs.univ-tlse2.fr\/periples\/files\/2025\/12\/4-150x150.png 150w, https:\/\/blogs.univ-tlse2.fr\/periples\/files\/2025\/12\/4-768x768.png 768w\" sizes=\"auto, (max-width: 1500px) 100vw, 1500px\" \/><\/figure>\n\n\n\n<div class=\"wp-block-group is-vertical is-content-justification-center is-nowrap is-layout-flex wp-container-core-group-is-layout-21d4e958 wp-block-group-is-layout-flex\">\n<p class=\"has-text-align-center has-small-font-size\"><strong><strong>Chlo\u00e9  C.<\/strong><\/strong><\/p>\n\n\n\n<p class=\"has-text-align-center has-small-font-size\">Secr\u00e9taire<\/p>\n<\/div>\n<\/div>\n<\/div>\n<\/div>\n\n\n\n<div class=\"wp-block-group alignfull has-base-background-color has-background has-global-padding is-layout-constrained wp-container-core-group-is-layout-669513ed wp-block-group-is-layout-constrained\" style=\"margin-top:0;margin-bottom:0;padding-top:var(--wp--preset--spacing--50);padding-right:var(--wp--preset--spacing--50);padding-bottom:var(--wp--preset--spacing--50);padding-left:var(--wp--preset--spacing--50)\">\n<div class=\"wp-block-columns alignwide is-layout-flex wp-container-core-columns-is-layout-4935966c wp-block-columns-is-layout-flex\" style=\"padding-right:0;padding-left:0\">\n<div class=\"wp-block-column is-layout-flow wp-block-column-is-layout-flow\">\n<figure class=\"wp-block-image size-full is-style-rounded is-style-rounded--5\"><img loading=\"lazy\" decoding=\"async\" width=\"1500\" height=\"1500\" src=\"https:\/\/blogs.univ-tlse2.fr\/periples\/files\/2025\/12\/5.png\" alt=\"\" class=\"wp-image-178\" style=\"aspect-ratio:1;object-fit:cover\" srcset=\"https:\/\/blogs.univ-tlse2.fr\/periples\/files\/2025\/12\/5.png 1500w, https:\/\/blogs.univ-tlse2.fr\/periples\/files\/2025\/12\/5-300x300.png 300w, https:\/\/blogs.univ-tlse2.fr\/periples\/files\/2025\/12\/5-1024x1024.png 1024w, https:\/\/blogs.univ-tlse2.fr\/periples\/files\/2025\/12\/5-150x150.png 150w, https:\/\/blogs.univ-tlse2.fr\/periples\/files\/2025\/12\/5-768x768.png 768w\" sizes=\"auto, (max-width: 1500px) 100vw, 1500px\" \/><\/figure>\n\n\n\n<div class=\"wp-block-group is-vertical is-content-justification-center is-nowrap is-layout-flex wp-container-core-group-is-layout-21d4e958 wp-block-group-is-layout-flex\">\n<p class=\"has-text-align-center has-small-font-size\"><strong><strong>Chlo\u00e9 C., <\/strong><\/strong><\/p>\n\n\n\n<p class=\"has-text-align-center has-small-font-size\"><strong><strong>Icare et <\/strong><\/strong><\/p>\n\n\n\n<p class=\"has-text-align-center has-small-font-size\"><strong><strong>Olympe<\/strong><\/strong><\/p>\n\n\n\n<p class=\"has-text-align-center has-small-font-size\">P\u00f4le communication<\/p>\n<\/div>\n<\/div>\n\n\n\n<div class=\"wp-block-column is-layout-flow wp-block-column-is-layout-flow\">\n<figure class=\"wp-block-image size-full is-style-rounded is-style-rounded--6\"><img loading=\"lazy\" decoding=\"async\" width=\"1500\" height=\"1500\" src=\"https:\/\/blogs.univ-tlse2.fr\/periples\/files\/2025\/12\/6.png\" alt=\"\" class=\"wp-image-179\" style=\"aspect-ratio:1;object-fit:cover\" srcset=\"https:\/\/blogs.univ-tlse2.fr\/periples\/files\/2025\/12\/6.png 1500w, https:\/\/blogs.univ-tlse2.fr\/periples\/files\/2025\/12\/6-300x300.png 300w, https:\/\/blogs.univ-tlse2.fr\/periples\/files\/2025\/12\/6-1024x1024.png 1024w, https:\/\/blogs.univ-tlse2.fr\/periples\/files\/2025\/12\/6-150x150.png 150w, https:\/\/blogs.univ-tlse2.fr\/periples\/files\/2025\/12\/6-768x768.png 768w\" sizes=\"auto, (max-width: 1500px) 100vw, 1500px\" \/><\/figure>\n\n\n\n<div class=\"wp-block-group is-vertical is-content-justification-center is-nowrap is-layout-flex wp-container-core-group-is-layout-63bfd6c1 wp-block-group-is-layout-flex\">\n<p class=\"has-text-align-center has-small-font-size\"><strong><strong> David, <\/strong><\/strong><\/p>\n\n\n\n<p class=\"has-text-align-center has-small-font-size\"><strong><strong>R\u00e9mi et <\/strong><\/strong><\/p>\n\n\n\n<p class=\"has-text-align-center has-small-font-size\"><strong><strong>Olympe<br><\/strong><\/strong>Charg\u00e9s d&rsquo;animation<\/p>\n<\/div>\n<\/div>\n\n\n\n<div class=\"wp-block-column is-layout-flow wp-block-column-is-layout-flow\">\n<figure class=\"wp-block-image size-full is-style-rounded is-style-rounded--7\"><img loading=\"lazy\" decoding=\"async\" width=\"1500\" height=\"1500\" src=\"https:\/\/blogs.univ-tlse2.fr\/periples\/files\/2025\/12\/7.png\" alt=\"\" class=\"wp-image-180\" style=\"aspect-ratio:1;object-fit:cover\" srcset=\"https:\/\/blogs.univ-tlse2.fr\/periples\/files\/2025\/12\/7.png 1500w, https:\/\/blogs.univ-tlse2.fr\/periples\/files\/2025\/12\/7-300x300.png 300w, https:\/\/blogs.univ-tlse2.fr\/periples\/files\/2025\/12\/7-1024x1024.png 1024w, https:\/\/blogs.univ-tlse2.fr\/periples\/files\/2025\/12\/7-150x150.png 150w, https:\/\/blogs.univ-tlse2.fr\/periples\/files\/2025\/12\/7-768x768.png 768w\" sizes=\"auto, (max-width: 1500px) 100vw, 1500px\" \/><\/figure>\n\n\n\n<div class=\"wp-block-group is-vertical is-content-justification-center is-nowrap is-layout-flex wp-container-core-group-is-layout-63bfd6c1 wp-block-group-is-layout-flex\">\n<p class=\"has-text-align-center has-small-font-size\"><strong><strong>Or\u00e9ane <\/strong><\/strong><\/p>\n\n\n\n<p class=\"has-text-align-center has-small-font-size\"><strong><strong> et Orianne<\/strong><\/strong><\/p>\n\n\n\n<p class=\"has-text-align-center has-small-font-size\">Charg\u00e9s du voyage<\/p>\n<\/div>\n<\/div>\n\n\n\n<div class=\"wp-block-column is-layout-flow wp-block-column-is-layout-flow\">\n<figure class=\"wp-block-image size-full is-style-rounded is-style-rounded--8\"><img loading=\"lazy\" decoding=\"async\" width=\"1500\" height=\"1500\" src=\"https:\/\/blogs.univ-tlse2.fr\/periples\/files\/2025\/12\/8.png\" alt=\"\" class=\"wp-image-181\" style=\"aspect-ratio:1;object-fit:cover\" srcset=\"https:\/\/blogs.univ-tlse2.fr\/periples\/files\/2025\/12\/8.png 1500w, https:\/\/blogs.univ-tlse2.fr\/periples\/files\/2025\/12\/8-300x300.png 300w, https:\/\/blogs.univ-tlse2.fr\/periples\/files\/2025\/12\/8-1024x1024.png 1024w, https:\/\/blogs.univ-tlse2.fr\/periples\/files\/2025\/12\/8-150x150.png 150w, https:\/\/blogs.univ-tlse2.fr\/periples\/files\/2025\/12\/8-768x768.png 768w\" sizes=\"auto, (max-width: 1500px) 100vw, 1500px\" \/><\/figure>\n\n\n\n<div class=\"wp-block-group is-vertical is-content-justification-center is-nowrap is-layout-flex wp-container-core-group-is-layout-21d4e958 wp-block-group-is-layout-flex\">\n<p class=\"has-text-align-center has-small-font-size\"><strong><strong>Julian, Margaux, <\/strong><\/strong><\/p>\n\n\n\n<p class=\"has-text-align-center has-small-font-size\"><strong><strong>Chlo\u00e9 J. (stagiaire) et Sol\u00e8ne (stagiaire)<\/strong><\/strong><\/p>\n\n\n\n<p class=\"has-text-align-center has-small-font-size\">Charg\u00e9s de la SDA<\/p>\n<\/div>\n<\/div>\n<\/div>\n<\/div>\n\n\n\n<div class=\"wp-block-columns alignwide is-layout-flex wp-container-core-columns-is-layout-4935966c wp-block-columns-is-layout-flex\" style=\"padding-right:0;padding-left:0\"><\/div>\n<\/div>\n\n\n\n<p><\/p>\n","protected":false},"excerpt":{"rendered":"<p>P\u00e9riples est une association cr\u00e9\u00e9e en 2007 \u00e0 l&rsquo;universit\u00e9 de Toulouse \u2013 Jean Jaur\u00e8s \u00e0 l&rsquo;initiative d\u2019Adeline Grand-Cl\u00e9ment et de Sandra P\u00e9r\u00e9-Nogu\u00e8s, toutes deux Ma\u00eetres de conf\u00e9rences en Histoire grecque. Les membres de notre bureau et nos adh\u00e9rents sont majoritairement des \u00e9tudiants de Licence, de Master, des doctorants et des personnes pr\u00e9parant les concours ; [&hellip;]<\/p>\n","protected":false},"author":392,"featured_media":0,"parent":16,"menu_order":0,"comment_status":"closed","ping_status":"closed","template":"","meta":{"footnotes":""},"class_list":["post-140","page","type-page","status-publish","hentry"],"_links":{"self":[{"href":"https:\/\/blogs.univ-tlse2.fr\/periples\/wp-json\/wp\/v2\/pages\/140","targetHints":{"allow":["GET"]}}],"collection":[{"href":"https:\/\/blogs.univ-tlse2.fr\/periples\/wp-json\/wp\/v2\/pages"}],"about":[{"href":"https:\/\/blogs.univ-tlse2.fr\/periples\/wp-json\/wp\/v2\/types\/page"}],"author":[{"embeddable":true,"href":"https:\/\/blogs.univ-tlse2.fr\/periples\/wp-json\/wp\/v2\/users\/392"}],"replies":[{"embeddable":true,"href":"https:\/\/blogs.univ-tlse2.fr\/periples\/wp-json\/wp\/v2\/comments?post=140"}],"version-history":[{"count":10,"href":"https:\/\/blogs.univ-tlse2.fr\/periples\/wp-json\/wp\/v2\/pages\/140\/revisions"}],"predecessor-version":[{"id":233,"href":"https:\/\/blogs.univ-tlse2.fr\/periples\/wp-json\/wp\/v2\/pages\/140\/revisions\/233"}],"up":[{"embeddable":true,"href":"https:\/\/blogs.univ-tlse2.fr\/periples\/wp-json\/wp\/v2\/pages\/16"}],"wp:attachment":[{"href":"https:\/\/blogs.univ-tlse2.fr\/periples\/wp-json\/wp\/v2\/media?parent=140"}],"curies":[{"name":"wp","href":"https:\/\/api.w.org\/{rel}","templated":true}]}}