 {"id":2,"date":"2025-07-11T10:14:56","date_gmt":"2025-07-11T08:14:56","guid":{"rendered":"https:\/\/blogs.univ-tlse2.fr\/periples\/?page_id=2"},"modified":"2025-12-13T11:02:16","modified_gmt":"2025-12-13T10:02:16","slug":"page-d-exemple","status":"publish","type":"page","link":"https:\/\/blogs.univ-tlse2.fr\/periples\/","title":{"rendered":"Association P\u00e9riples"},"content":{"rendered":"\n<figure class=\"wp-block-image aligncenter size-full\"><img loading=\"lazy\" decoding=\"async\" width=\"255\" height=\"253\" src=\"https:\/\/blogs.univ-tlse2.fr\/periples\/files\/2025\/07\/Copie-de-Logo_periples_20251.png\" alt=\"\" class=\"wp-image-51\" srcset=\"https:\/\/blogs.univ-tlse2.fr\/periples\/files\/2025\/07\/Copie-de-Logo_periples_20251.png 255w, https:\/\/blogs.univ-tlse2.fr\/periples\/files\/2025\/07\/Copie-de-Logo_periples_20251-150x150.png 150w\" sizes=\"auto, (max-width: 255px) 100vw, 255px\" \/><\/figure>\n\n\n\n<p class=\"has-text-align-center\">P\u00e9riples est une association cr\u00e9\u00e9e en 2007 \u00e0 l&rsquo;universit\u00e9 de Toulouse 2 <\/p>\n\n\n\n<p class=\"has-text-align-center\">qui propose des actions pour favoriser la diffusion <\/p>\n\n\n\n<p class=\"has-text-align-center\">de la connaissance des mondes anciens.<\/p>\n\n\n\n<figure class=\"wp-block-gallery has-nested-images columns-default is-cropped wp-block-gallery-1 is-layout-flex wp-block-gallery-is-layout-flex\"><\/figure>\n\n\n\n<div class=\"wp-block-group alignfull has-global-padding is-layout-constrained wp-container-core-group-is-layout-74551962 wp-block-group-is-layout-constrained\" style=\"margin-top:0;margin-bottom:0;padding-top:var(--wp--preset--spacing--50);padding-right:var(--wp--preset--spacing--50);padding-bottom:var(--wp--preset--spacing--50);padding-left:var(--wp--preset--spacing--50)\">\n<div class=\"wp-block-columns alignwide is-layout-flex wp-container-core-columns-is-layout-ff4b9c61 wp-block-columns-is-layout-flex\" style=\"margin-top:0;margin-bottom:0\">\n<div class=\"wp-block-column is-layout-flow wp-container-core-column-is-layout-8a368f38 wp-block-column-is-layout-flow\">\n<div style=\"height:var(--wp--preset--spacing--60)\" aria-hidden=\"true\" class=\"wp-block-spacer\"><\/div>\n\n\n\n<figure class=\"wp-block-image size-large is-style-rounded is-style-rounded--2\"><img loading=\"lazy\" decoding=\"async\" width=\"1024\" height=\"680\" src=\"https:\/\/blogs.univ-tlse2.fr\/periples\/files\/2025\/12\/Acropole-1024x680.jpg\" alt=\"\" class=\"wp-image-193\" style=\"aspect-ratio:4\/3;object-fit:cover\" srcset=\"https:\/\/blogs.univ-tlse2.fr\/periples\/files\/2025\/12\/Acropole-1024x680.jpg 1024w, https:\/\/blogs.univ-tlse2.fr\/periples\/files\/2025\/12\/Acropole-300x199.jpg 300w, https:\/\/blogs.univ-tlse2.fr\/periples\/files\/2025\/12\/Acropole-768x510.jpg 768w, https:\/\/blogs.univ-tlse2.fr\/periples\/files\/2025\/12\/Acropole-1536x1020.jpg 1536w, https:\/\/blogs.univ-tlse2.fr\/periples\/files\/2025\/12\/Acropole-2048x1360.jpg 2048w\" sizes=\"auto, (max-width: 1024px) 100vw, 1024px\" \/><\/figure>\n\n\n\n<div style=\"height:var(--wp--preset--spacing--30)\" aria-hidden=\"true\" class=\"wp-block-spacer\"><\/div>\n\n\n\n<figure class=\"wp-block-image size-large is-style-rounded is-style-rounded--3\"><img loading=\"lazy\" decoding=\"async\" width=\"1024\" height=\"685\" src=\"https:\/\/blogs.univ-tlse2.fr\/periples\/files\/2025\/12\/Copie-de-Toscane-2017-1024x685.jpg\" alt=\"\" class=\"wp-image-200\" style=\"aspect-ratio:4\/3;object-fit:cover\" srcset=\"https:\/\/blogs.univ-tlse2.fr\/periples\/files\/2025\/12\/Copie-de-Toscane-2017-1024x685.jpg 1024w, https:\/\/blogs.univ-tlse2.fr\/periples\/files\/2025\/12\/Copie-de-Toscane-2017-300x201.jpg 300w, https:\/\/blogs.univ-tlse2.fr\/periples\/files\/2025\/12\/Copie-de-Toscane-2017-768x514.jpg 768w, https:\/\/blogs.univ-tlse2.fr\/periples\/files\/2025\/12\/Copie-de-Toscane-2017-1536x1028.jpg 1536w, https:\/\/blogs.univ-tlse2.fr\/periples\/files\/2025\/12\/Copie-de-Toscane-2017-2048x1371.jpg 2048w\" sizes=\"auto, (max-width: 1024px) 100vw, 1024px\" \/><\/figure>\n<\/div>\n\n\n\n<div class=\"wp-block-column is-layout-flow wp-container-core-column-is-layout-8a368f38 wp-block-column-is-layout-flow\">\n<div style=\"height:0\" aria-hidden=\"true\" class=\"wp-block-spacer\"><\/div>\n\n\n\n<figure class=\"wp-block-image size-large is-style-rounded is-style-rounded--4\"><img loading=\"lazy\" decoding=\"async\" width=\"1024\" height=\"768\" src=\"https:\/\/blogs.univ-tlse2.fr\/periples\/files\/2025\/12\/Empuries-1024x768.jpg\" alt=\"\" class=\"wp-image-194\" style=\"aspect-ratio:4\/3;object-fit:cover\" srcset=\"https:\/\/blogs.univ-tlse2.fr\/periples\/files\/2025\/12\/Empuries-1024x768.jpg 1024w, https:\/\/blogs.univ-tlse2.fr\/periples\/files\/2025\/12\/Empuries-300x225.jpg 300w, https:\/\/blogs.univ-tlse2.fr\/periples\/files\/2025\/12\/Empuries-768x576.jpg 768w, https:\/\/blogs.univ-tlse2.fr\/periples\/files\/2025\/12\/Empuries-1536x1152.jpg 1536w, https:\/\/blogs.univ-tlse2.fr\/periples\/files\/2025\/12\/Empuries-2048x1536.jpg 2048w\" sizes=\"auto, (max-width: 1024px) 100vw, 1024px\" \/><\/figure>\n\n\n\n<div style=\"height:var(--wp--preset--spacing--30)\" aria-hidden=\"true\" class=\"wp-block-spacer\"><\/div>\n\n\n\n<figure class=\"wp-block-image size-large is-style-rounded is-style-rounded--5\"><img loading=\"lazy\" decoding=\"async\" width=\"1024\" height=\"683\" src=\"https:\/\/blogs.univ-tlse2.fr\/periples\/files\/2025\/12\/Colisee-1024x683.jpg\" alt=\"\" class=\"wp-image-198\" style=\"aspect-ratio:4\/3;object-fit:cover\" srcset=\"https:\/\/blogs.univ-tlse2.fr\/periples\/files\/2025\/12\/Colisee-1024x683.jpg 1024w, https:\/\/blogs.univ-tlse2.fr\/periples\/files\/2025\/12\/Colisee-300x200.jpg 300w, https:\/\/blogs.univ-tlse2.fr\/periples\/files\/2025\/12\/Colisee-768x512.jpg 768w, https:\/\/blogs.univ-tlse2.fr\/periples\/files\/2025\/12\/Colisee-1536x1024.jpg 1536w, https:\/\/blogs.univ-tlse2.fr\/periples\/files\/2025\/12\/Colisee-2048x1365.jpg 2048w\" sizes=\"auto, (max-width: 1024px) 100vw, 1024px\" \/><\/figure>\n\n\n\n<div style=\"height:var(--wp--preset--spacing--30)\" aria-hidden=\"true\" class=\"wp-block-spacer\"><\/div>\n\n\n\n<figure class=\"wp-block-image size-large is-style-rounded is-style-rounded--6\"><img loading=\"lazy\" decoding=\"async\" width=\"1024\" height=\"569\" src=\"https:\/\/blogs.univ-tlse2.fr\/periples\/files\/2025\/12\/Uffington_White_Horse-1024x569.jpg\" alt=\"\" class=\"wp-image-204\" style=\"aspect-ratio:4\/3;object-fit:cover\" srcset=\"https:\/\/blogs.univ-tlse2.fr\/periples\/files\/2025\/12\/Uffington_White_Horse-1024x569.jpg 1024w, https:\/\/blogs.univ-tlse2.fr\/periples\/files\/2025\/12\/Uffington_White_Horse-300x167.jpg 300w, https:\/\/blogs.univ-tlse2.fr\/periples\/files\/2025\/12\/Uffington_White_Horse-768x427.jpg 768w, https:\/\/blogs.univ-tlse2.fr\/periples\/files\/2025\/12\/Uffington_White_Horse.jpg 1224w\" sizes=\"auto, (max-width: 1024px) 100vw, 1024px\" \/><\/figure>\n<\/div>\n\n\n\n<div class=\"wp-block-column is-layout-flow wp-container-core-column-is-layout-8a368f38 wp-block-column-is-layout-flow\">\n<div style=\"height:var(--wp--preset--spacing--60)\" aria-hidden=\"true\" class=\"wp-block-spacer\"><\/div>\n\n\n\n<figure class=\"wp-block-image size-large is-style-rounded is-style-rounded--7\"><img loading=\"lazy\" decoding=\"async\" width=\"1024\" height=\"683\" src=\"https:\/\/blogs.univ-tlse2.fr\/periples\/files\/2025\/12\/Agrigente-1024x683.jpg\" alt=\"\" class=\"wp-image-196\" style=\"aspect-ratio:4\/3;object-fit:cover\" srcset=\"https:\/\/blogs.univ-tlse2.fr\/periples\/files\/2025\/12\/Agrigente-1024x683.jpg 1024w, https:\/\/blogs.univ-tlse2.fr\/periples\/files\/2025\/12\/Agrigente-300x200.jpg 300w, https:\/\/blogs.univ-tlse2.fr\/periples\/files\/2025\/12\/Agrigente-768x512.jpg 768w, https:\/\/blogs.univ-tlse2.fr\/periples\/files\/2025\/12\/Agrigente.jpg 1200w\" sizes=\"auto, (max-width: 1024px) 100vw, 1024px\" \/><\/figure>\n\n\n\n<div style=\"height:var(--wp--preset--spacing--30)\" aria-hidden=\"true\" class=\"wp-block-spacer\"><\/div>\n\n\n\n<figure class=\"wp-block-image size-large is-style-rounded is-style-rounded--8\"><img loading=\"lazy\" decoding=\"async\" width=\"1024\" height=\"580\" src=\"https:\/\/blogs.univ-tlse2.fr\/periples\/files\/2025\/12\/Andalousie-2010-1-1024x580.jpg\" alt=\"\" class=\"wp-image-203\" style=\"aspect-ratio:4\/3;object-fit:cover\" srcset=\"https:\/\/blogs.univ-tlse2.fr\/periples\/files\/2025\/12\/Andalousie-2010-1-1024x580.jpg 1024w, https:\/\/blogs.univ-tlse2.fr\/periples\/files\/2025\/12\/Andalousie-2010-1-300x170.jpg 300w, https:\/\/blogs.univ-tlse2.fr\/periples\/files\/2025\/12\/Andalousie-2010-1-768x435.jpg 768w, https:\/\/blogs.univ-tlse2.fr\/periples\/files\/2025\/12\/Andalousie-2010-1-1536x871.jpg 1536w, https:\/\/blogs.univ-tlse2.fr\/periples\/files\/2025\/12\/Andalousie-2010-1.jpg 1600w\" sizes=\"auto, (max-width: 1024px) 100vw, 1024px\" \/><\/figure>\n\n\n\n<div style=\"height:var(--wp--preset--spacing--60)\" aria-hidden=\"true\" class=\"wp-block-spacer\"><\/div>\n<\/div>\n<\/div>\n<\/div>\n\n\n\n<div class=\"wp-block-group alignwide has-global-padding is-layout-constrained wp-block-group-is-layout-constrained\">\n<div class=\"wp-block-group alignwide is-layout-flow wp-block-group-is-layout-flow\" style=\"padding-top:var(--wp--preset--spacing--50);padding-bottom:var(--wp--preset--spacing--50)\">\n<hr class=\"wp-block-separator has-alpha-channel-opacity is-style-wide\" \/>\n\n\n\n<div class=\"wp-block-columns is-layout-flex wp-container-core-columns-is-layout-633352e7 wp-block-columns-is-layout-flex\" style=\"padding-top:var(--wp--preset--spacing--10)\">\n<div class=\"wp-block-column is-layout-flow wp-block-column-is-layout-flow\" style=\"flex-basis:57%\">\n<figure class=\"wp-block-image size-large is-resized\"><img loading=\"lazy\" decoding=\"async\" width=\"1024\" height=\"244\" src=\"https:\/\/blogs.univ-tlse2.fr\/periples\/files\/2025\/07\/Logo_de_luniversite_Toulouse_-_Jean_Jaures.svg_-1024x244.png\" alt=\"\" class=\"wp-image-118\" style=\"width:281px;height:auto\" srcset=\"https:\/\/blogs.univ-tlse2.fr\/periples\/files\/2025\/07\/Logo_de_luniversite_Toulouse_-_Jean_Jaures.svg_-1024x244.png 1024w, https:\/\/blogs.univ-tlse2.fr\/periples\/files\/2025\/07\/Logo_de_luniversite_Toulouse_-_Jean_Jaures.svg_-300x72.png 300w, https:\/\/blogs.univ-tlse2.fr\/periples\/files\/2025\/07\/Logo_de_luniversite_Toulouse_-_Jean_Jaures.svg_-768x183.png 768w, https:\/\/blogs.univ-tlse2.fr\/periples\/files\/2025\/07\/Logo_de_luniversite_Toulouse_-_Jean_Jaures.svg_-1536x367.png 1536w, https:\/\/blogs.univ-tlse2.fr\/periples\/files\/2025\/07\/Logo_de_luniversite_Toulouse_-_Jean_Jaures.svg_-2048x489.png 2048w\" sizes=\"auto, (max-width: 1024px) 100vw, 1024px\" \/><\/figure>\n<\/div>\n\n\n\n<div class=\"wp-block-column is-layout-flow wp-block-column-is-layout-flow\" style=\"flex-basis:30%\">\n<div class=\"wp-block-group is-vertical is-layout-flex wp-container-core-group-is-layout-ea0cb840 wp-block-group-is-layout-flex\">\n<h3 class=\"wp-block-heading has-body-font-family has-medium-font-size\">Contact<\/h3>\n\n\n\n<p><a href=\"&#x70;&#101;r&#x69;&#x70;le&#x73;&#46;u&#x74;&#x6d;&#64;g&#x6d;&#97;i&#x6c;&#x2e;&#99;o&#x6d;\">&#112;&#x65;&#114;&#x69;&#112;&#x6c;&#101;&#x73;&#46;&#x75;t&#x6d;&#64;&#x67;m&#x61;i&#x6c;&#46;&#x63;o&#x6d;<\/a><\/p>\n<\/div>\n<\/div>\n\n\n\n<div class=\"wp-block-column is-layout-flow wp-block-column-is-layout-flow\" style=\"flex-basis:30%\">\n<div class=\"wp-block-columns is-not-stacked-on-mobile is-layout-flex wp-container-core-columns-is-layout-28f84493 wp-block-columns-is-layout-flex\">\n<div class=\"wp-block-column is-layout-flow wp-block-column-is-layout-flow\">\n<div class=\"wp-block-group is-vertical is-layout-flex wp-container-core-group-is-layout-ea0cb840 wp-block-group-is-layout-flex\">\n<h3 class=\"wp-block-heading has-body-font-family has-medium-font-size\">Suivre<\/h3>\n\n\n\n<p><a href=\"https:\/\/www.instagram.com\/periples_\/\" data-type=\"link\" data-id=\"https:\/\/www.instagram.com\/periples_\/\">Instagram<\/a> \/ <a href=\"https:\/\/www.youtube.com\/@periples\">YouTube<\/a><\/p>\n<\/div>\n<\/div>\n<\/div>\n<\/div>\n<\/div>\n\n\n\n<div style=\"height:var(--wp--preset--spacing--50)\" aria-hidden=\"true\" class=\"wp-block-spacer\"><\/div>\n\n\n\n<div class=\"wp-block-group is-content-justification-center is-layout-flex wp-container-core-group-is-layout-94ea2d6b wp-block-group-is-layout-flex\">\n<p class=\"has-small-font-size\">Con\u00e7u avec <a href=\"https:\/\/csp-webdesign.fr\/\" data-type=\"link\" data-id=\"https:\/\/csp-webdesign.fr\/\" rel=\"nofollow\">CSP WebDesign<\/a><\/p>\n<\/div>\n<\/div>\n<\/div>\n","protected":false},"excerpt":{"rendered":"<p>P\u00e9riples est une association cr\u00e9\u00e9e en 2007 \u00e0 l&rsquo;universit\u00e9 de Toulouse 2 qui propose des actions pour favoriser la diffusion de la connaissance des mondes anciens. Contact &#112;&#x65;r&#x69;p&#x6c;e&#115;&#x2e;u&#x74;m&#x40;g&#109;&#x61;i&#x6c;&#46;&#x63;o&#109; Suivre Instagram \/ YouTube Con\u00e7u avec CSP WebDesign<\/p>\n","protected":false},"author":392,"featured_media":0,"parent":0,"menu_order":0,"comment_status":"closed","ping_status":"open","template":"","meta":{"footnotes":""},"class_list":["post-2","page","type-page","status-publish","hentry"],"_links":{"self":[{"href":"https:\/\/blogs.univ-tlse2.fr\/periples\/wp-json\/wp\/v2\/pages\/2","targetHints":{"allow":["GET"]}}],"collection":[{"href":"https:\/\/blogs.univ-tlse2.fr\/periples\/wp-json\/wp\/v2\/pages"}],"about":[{"href":"https:\/\/blogs.univ-tlse2.fr\/periples\/wp-json\/wp\/v2\/types\/page"}],"author":[{"embeddable":true,"href":"https:\/\/blogs.univ-tlse2.fr\/periples\/wp-json\/wp\/v2\/users\/392"}],"replies":[{"embeddable":true,"href":"https:\/\/blogs.univ-tlse2.fr\/periples\/wp-json\/wp\/v2\/comments?post=2"}],"version-history":[{"count":16,"href":"https:\/\/blogs.univ-tlse2.fr\/periples\/wp-json\/wp\/v2\/pages\/2\/revisions"}],"predecessor-version":[{"id":214,"href":"https:\/\/blogs.univ-tlse2.fr\/periples\/wp-json\/wp\/v2\/pages\/2\/revisions\/214"}],"wp:attachment":[{"href":"https:\/\/blogs.univ-tlse2.fr\/periples\/wp-json\/wp\/v2\/media?parent=2"}],"curies":[{"name":"wp","href":"https:\/\/api.w.org\/{rel}","templated":true}]}}