 {"id":27,"date":"2025-07-18T14:24:56","date_gmt":"2025-07-18T12:24:56","guid":{"rendered":"https:\/\/blogs.univ-tlse2.fr\/periples\/?page_id=27"},"modified":"2025-12-03T10:19:06","modified_gmt":"2025-12-03T09:19:06","slug":"contact","status":"publish","type":"page","link":"https:\/\/blogs.univ-tlse2.fr\/periples\/contact\/","title":{"rendered":"Contact"},"content":{"rendered":"\n<p>Nous rencontrer \u00e0 l\u2019UT2J (Mercredi et Jeudi de 12h30 \u00e0 14h) :<\/p>\n\n\n\n<p>B\u00e2timent MIE (\u00e0 gauche de l&rsquo;Accueil pr\u00e8s de la galerie des amphis) &#8211; Bureau 124<\/p>\n\n\n\n<p>Nous contacter : <a href=\"&#109;&#x61;i&#x6c;t&#x6f;:&#x70;e&#x72;i&#112;&#x6c;&#101;&#x73;&#46;&#x75;t&#x6d;&#64;&#x67;m&#x61;i&#108;&#x2e;&#99;&#x6f;m\">&#x70;e&#x72;&#105;p&#x6c;e&#x73;&#46;u&#x74;m&#x40;&#103;m&#x61;i&#x6c;&#x2e;c&#x6f;&#109;<\/a><\/p>\n\n\n\n<p>Nous suivre sur Facebook : <a href=\"https:\/\/www.facebook.com\/profile.php?id=100072324332545\">https:\/\/www.facebook.com\/profile.php?id=100072324332545<\/a><\/p>\n\n\n\n<p>Nous suivre sur Instagram : @periples_&nbsp;<\/p>\n\n\n\n<p><a href=\"https:\/\/www.instagram.com\/periples_\/\">Association P\u0395RIPLES (@periples_) \u2022 Photos et vid\u00e9os Instagram<\/a><\/p>\n\n\n\n<p>Nous suivre sur Youtube : <a href=\"https:\/\/www.youtube.com\/@periples\">P\u00e9riples &#8211; YouTube<\/a><\/p>\n\n\n\n<div class=\"wp-block-group has-global-padding is-layout-constrained wp-block-group-is-layout-constrained\"><\/div>\n","protected":false},"excerpt":{"rendered":"<p>Nous rencontrer \u00e0 l\u2019UT2J (Mercredi et Jeudi de 12h30 \u00e0 14h) : B\u00e2timent MIE (\u00e0 gauche de l&rsquo;Accueil pr\u00e8s de la galerie des amphis) &#8211; Bureau 124 Nous contacter : &#112;e&#x72;i&#x70;l&#x65;s&#x2e;&#117;&#x74;&#109;&#64;&#x67;m&#x61;i&#x6c;&#46;&#x63;o&#x6d; Nous suivre sur Facebook : https:\/\/www.facebook.com\/profile.php?id=100072324332545 Nous suivre sur Instagram : @periples_&nbsp; Association P\u0395RIPLES (@periples_) \u2022 Photos et vid\u00e9os Instagram Nous suivre sur Youtube [&hellip;]<\/p>\n","protected":false},"author":392,"featured_media":0,"parent":0,"menu_order":4,"comment_status":"closed","ping_status":"closed","template":"","meta":{"footnotes":""},"class_list":["post-27","page","type-page","status-publish","hentry"],"_links":{"self":[{"href":"https:\/\/blogs.univ-tlse2.fr\/periples\/wp-json\/wp\/v2\/pages\/27","targetHints":{"allow":["GET"]}}],"collection":[{"href":"https:\/\/blogs.univ-tlse2.fr\/periples\/wp-json\/wp\/v2\/pages"}],"about":[{"href":"https:\/\/blogs.univ-tlse2.fr\/periples\/wp-json\/wp\/v2\/types\/page"}],"author":[{"embeddable":true,"href":"https:\/\/blogs.univ-tlse2.fr\/periples\/wp-json\/wp\/v2\/users\/392"}],"replies":[{"embeddable":true,"href":"https:\/\/blogs.univ-tlse2.fr\/periples\/wp-json\/wp\/v2\/comments?post=27"}],"version-history":[{"count":7,"href":"https:\/\/blogs.univ-tlse2.fr\/periples\/wp-json\/wp\/v2\/pages\/27\/revisions"}],"predecessor-version":[{"id":167,"href":"https:\/\/blogs.univ-tlse2.fr\/periples\/wp-json\/wp\/v2\/pages\/27\/revisions\/167"}],"wp:attachment":[{"href":"https:\/\/blogs.univ-tlse2.fr\/periples\/wp-json\/wp\/v2\/media?parent=27"}],"curies":[{"name":"wp","href":"https:\/\/api.w.org\/{rel}","templated":true}]}}