 {"id":29,"date":"2025-07-18T14:27:52","date_gmt":"2025-07-18T12:27:52","guid":{"rendered":"https:\/\/blogs.univ-tlse2.fr\/periples\/?page_id=29"},"modified":"2026-02-09T11:58:47","modified_gmt":"2026-02-09T10:58:47","slug":"nos-activites","status":"publish","type":"page","link":"https:\/\/blogs.univ-tlse2.fr\/periples\/activites\/nos-activites\/","title":{"rendered":"Nos actions"},"content":{"rendered":"\n<p>Durant la p\u00e9riode universitaire, P\u00e9riples<em> <\/em>propose de nombreuses activit\u00e9s. Celles-ci sont ouvertes \u00e0 nos adh\u00e9rents, mais \u00e9galement \u00e0 l\u2019ensemble des \u00e9tudiants du campus de l\u2019universit\u00e9 Toulouse \u2013 Jean Jaur\u00e8s.<\/p>\n\n\n\n<p>Depuis 2007, notre association organise :<\/p>\n\n\n\n<p>&#8211; Un voyage annuel<\/p>\n\n\n\n<p>&#8211; La Semaine de l&rsquo;Antiquit\u00e9 (SDA) au mois de mars<\/p>\n\n\n\n<p>&#8211; Des Cin\u00e9s-d\u00e9bats, tout le long de l\u2019ann\u00e9e (\u00e9change entre les spectateurs et un professeur sp\u00e9cialiste du th\u00e8me \u00e9voqu\u00e9 dans un p\u00e9plum)<\/p>\n\n\n\n<p>&#8211; Sorties culturelles (Mus\u00e9e Saint-Raymond, Sortie \u00e0 N\u00eemes\u2026)<\/p>\n\n\n\n<p>&#8211; Rencontres (un professeur ou un doctorant pr\u00e9sente son parcours, ses th\u00e8mes de recherches&#8230;)<\/p>\n\n\n\n<p>Dans le cadre de la formation du master Mondes anciens &#8211; parcours Sciences de l&rsquo;Antiquit\u00e9 : arch\u00e9ologie, histoire, histoire de l&rsquo;art, P\u00e9riples accueille \u00e9galement plusieurs stagiaires par an. Les stagiaires participent \u00e0 l\u2019organisation de nos activit\u00e9s (Semaine de l\u2019Antiquit\u00e9\u2026) et peuvent d\u00e9couvrir le monde associatif.<\/p>\n\n\n\n<div class=\"wp-block-group alignfull has-global-padding is-layout-constrained wp-container-core-group-is-layout-b25ccd55 wp-block-group-is-layout-constrained\" style=\"margin-top:0;margin-bottom:0;padding-top:var(--wp--preset--spacing--50);padding-right:var(--wp--preset--spacing--50);padding-bottom:var(--wp--preset--spacing--50);padding-left:var(--wp--preset--spacing--50)\">\n<div class=\"wp-block-columns alignwide is-layout-flex wp-container-core-columns-is-layout-ff4b9c61 wp-block-columns-is-layout-flex\" style=\"margin-top:0;margin-bottom:0\">\n<div class=\"wp-block-column is-layout-flow wp-container-core-column-is-layout-8a368f38 wp-block-column-is-layout-flow\">\n<figure class=\"wp-block-gallery has-nested-images columns-default is-cropped wp-block-gallery-1 is-layout-flex wp-block-gallery-is-layout-flex\">\n<figure class=\"wp-block-image size-large is-style-default\" style=\"margin-right:var(--wp--preset--spacing--30);margin-left:var(--wp--preset--spacing--30)\"><img loading=\"lazy\" decoding=\"async\" width=\"819\" height=\"1024\" data-id=\"281\" src=\"https:\/\/blogs.univ-tlse2.fr\/periples\/files\/2026\/02\/CERAMIQUEMOSAIQUE-819x1024.png\" alt=\"\" class=\"wp-image-281\" srcset=\"https:\/\/blogs.univ-tlse2.fr\/periples\/files\/2026\/02\/CERAMIQUEMOSAIQUE-819x1024.png 819w, https:\/\/blogs.univ-tlse2.fr\/periples\/files\/2026\/02\/CERAMIQUEMOSAIQUE-240x300.png 240w, https:\/\/blogs.univ-tlse2.fr\/periples\/files\/2026\/02\/CERAMIQUEMOSAIQUE-768x960.png 768w, https:\/\/blogs.univ-tlse2.fr\/periples\/files\/2026\/02\/CERAMIQUEMOSAIQUE.png 1080w\" sizes=\"auto, (max-width: 819px) 100vw, 819px\" \/><\/figure>\n<\/figure>\n\n\n\n<div style=\"height:70px\" aria-hidden=\"true\" class=\"wp-block-spacer\"><\/div>\n\n\n\n<figure class=\"wp-block-image size-large\" style=\"margin-right:var(--wp--preset--spacing--50);margin-left:var(--wp--preset--spacing--50)\"><img loading=\"lazy\" decoding=\"async\" width=\"724\" height=\"1024\" src=\"https:\/\/blogs.univ-tlse2.fr\/periples\/files\/2025\/10\/Projection_2019-724x1024.jpg\" alt=\"\" class=\"wp-image-77\" srcset=\"https:\/\/blogs.univ-tlse2.fr\/periples\/files\/2025\/10\/Projection_2019-724x1024.jpg 724w, https:\/\/blogs.univ-tlse2.fr\/periples\/files\/2025\/10\/Projection_2019-212x300.jpg 212w, https:\/\/blogs.univ-tlse2.fr\/periples\/files\/2025\/10\/Projection_2019-768x1086.jpg 768w, https:\/\/blogs.univ-tlse2.fr\/periples\/files\/2025\/10\/Projection_2019-1086x1536.jpg 1086w, https:\/\/blogs.univ-tlse2.fr\/periples\/files\/2025\/10\/Projection_2019-1448x2048.jpg 1448w, https:\/\/blogs.univ-tlse2.fr\/periples\/files\/2025\/10\/Projection_2019-scaled.jpg 1810w\" sizes=\"auto, (max-width: 724px) 100vw, 724px\" \/><\/figure>\n<\/div>\n\n\n\n<div class=\"wp-block-column is-layout-flow wp-container-core-column-is-layout-8a368f38 wp-block-column-is-layout-flow\">\n<figure class=\"wp-block-image size-large\" style=\"margin-top:var(--wp--preset--spacing--30);margin-bottom:var(--wp--preset--spacing--30)\"><img loading=\"lazy\" decoding=\"async\" width=\"1024\" height=\"724\" src=\"https:\/\/blogs.univ-tlse2.fr\/periples\/files\/2025\/10\/Sortie-2013-1024x724.jpg\" alt=\"\" class=\"wp-image-78\" srcset=\"https:\/\/blogs.univ-tlse2.fr\/periples\/files\/2025\/10\/Sortie-2013-1024x724.jpg 1024w, https:\/\/blogs.univ-tlse2.fr\/periples\/files\/2025\/10\/Sortie-2013-300x212.jpg 300w, https:\/\/blogs.univ-tlse2.fr\/periples\/files\/2025\/10\/Sortie-2013-768x543.jpg 768w, https:\/\/blogs.univ-tlse2.fr\/periples\/files\/2025\/10\/Sortie-2013-1536x1086.jpg 1536w, https:\/\/blogs.univ-tlse2.fr\/periples\/files\/2025\/10\/Sortie-2013.jpg 1600w\" sizes=\"auto, (max-width: 1024px) 100vw, 1024px\" \/><\/figure>\n\n\n\n<div style=\"height:70px\" aria-hidden=\"true\" class=\"wp-block-spacer\"><\/div>\n\n\n\n<div style=\"height:var(--wp--preset--spacing--50)\" aria-hidden=\"true\" class=\"wp-block-spacer\"><\/div>\n\n\n\n<figure class=\"wp-block-image size-large has-custom-border\" style=\"margin-top:var(--wp--preset--spacing--10);margin-right:var(--wp--preset--spacing--30);margin-bottom:var(--wp--preset--spacing--10);margin-left:var(--wp--preset--spacing--30)\"><img loading=\"lazy\" decoding=\"async\" width=\"719\" height=\"1024\" src=\"https:\/\/blogs.univ-tlse2.fr\/periples\/files\/2025\/10\/Sortie-2015-719x1024.jpg\" alt=\"\" class=\"wp-image-76\" style=\"border-style:none;border-width:0px;border-top-left-radius:0px;border-top-right-radius:0px;border-bottom-left-radius:0px;border-bottom-right-radius:0px\" srcset=\"https:\/\/blogs.univ-tlse2.fr\/periples\/files\/2025\/10\/Sortie-2015-719x1024.jpg 719w, https:\/\/blogs.univ-tlse2.fr\/periples\/files\/2025\/10\/Sortie-2015-211x300.jpg 211w, https:\/\/blogs.univ-tlse2.fr\/periples\/files\/2025\/10\/Sortie-2015-768x1094.jpg 768w, https:\/\/blogs.univ-tlse2.fr\/periples\/files\/2025\/10\/Sortie-2015-1078x1536.jpg 1078w, https:\/\/blogs.univ-tlse2.fr\/periples\/files\/2025\/10\/Sortie-2015.jpg 1123w\" sizes=\"auto, (max-width: 719px) 100vw, 719px\" \/><\/figure>\n<\/div>\n<\/div>\n<\/div>\n","protected":false},"excerpt":{"rendered":"<p>Durant la p\u00e9riode universitaire, P\u00e9riples propose de nombreuses activit\u00e9s. Celles-ci sont ouvertes \u00e0 nos adh\u00e9rents, mais \u00e9galement \u00e0 l\u2019ensemble des \u00e9tudiants du campus de l\u2019universit\u00e9 Toulouse \u2013 Jean Jaur\u00e8s. Depuis 2007, notre association organise : &#8211; Un voyage annuel &#8211; La Semaine de l&rsquo;Antiquit\u00e9 (SDA) au mois de mars &#8211; Des Cin\u00e9s-d\u00e9bats, tout le long [&hellip;]<\/p>\n","protected":false},"author":392,"featured_media":0,"parent":18,"menu_order":0,"comment_status":"closed","ping_status":"closed","template":"","meta":{"footnotes":""},"class_list":["post-29","page","type-page","status-publish","hentry"],"_links":{"self":[{"href":"https:\/\/blogs.univ-tlse2.fr\/periples\/wp-json\/wp\/v2\/pages\/29","targetHints":{"allow":["GET"]}}],"collection":[{"href":"https:\/\/blogs.univ-tlse2.fr\/periples\/wp-json\/wp\/v2\/pages"}],"about":[{"href":"https:\/\/blogs.univ-tlse2.fr\/periples\/wp-json\/wp\/v2\/types\/page"}],"author":[{"embeddable":true,"href":"https:\/\/blogs.univ-tlse2.fr\/periples\/wp-json\/wp\/v2\/users\/392"}],"replies":[{"embeddable":true,"href":"https:\/\/blogs.univ-tlse2.fr\/periples\/wp-json\/wp\/v2\/comments?post=29"}],"version-history":[{"count":11,"href":"https:\/\/blogs.univ-tlse2.fr\/periples\/wp-json\/wp\/v2\/pages\/29\/revisions"}],"predecessor-version":[{"id":285,"href":"https:\/\/blogs.univ-tlse2.fr\/periples\/wp-json\/wp\/v2\/pages\/29\/revisions\/285"}],"up":[{"embeddable":true,"href":"https:\/\/blogs.univ-tlse2.fr\/periples\/wp-json\/wp\/v2\/pages\/18"}],"wp:attachment":[{"href":"https:\/\/blogs.univ-tlse2.fr\/periples\/wp-json\/wp\/v2\/media?parent=29"}],"curies":[{"name":"wp","href":"https:\/\/api.w.org\/{rel}","templated":true}]}}