 {"id":33,"date":"2025-07-18T14:28:54","date_gmt":"2025-07-18T12:28:54","guid":{"rendered":"https:\/\/blogs.univ-tlse2.fr\/periples\/?page_id=33"},"modified":"2025-12-17T10:29:30","modified_gmt":"2025-12-17T09:29:30","slug":"nos-periples","status":"publish","type":"page","link":"https:\/\/blogs.univ-tlse2.fr\/periples\/activites\/nos-periples\/","title":{"rendered":"Nos P\u00e9riples"},"content":{"rendered":"\n<div class=\"wp-block-group alignfull has-base-2-background-color has-background has-global-padding is-layout-constrained wp-container-core-group-is-layout-490fa1db wp-block-group-is-layout-constrained\" style=\"padding-top:var(--wp--preset--spacing--50);padding-right:var(--wp--preset--spacing--50);padding-bottom:var(--wp--preset--spacing--50);padding-left:var(--wp--preset--spacing--50)\">\n<div class=\"wp-block-group has-global-padding is-layout-constrained wp-container-core-group-is-layout-650790e1 wp-block-group-is-layout-constrained\">\n<div style=\"height:1.25rem\" aria-hidden=\"true\" class=\"wp-block-spacer\"><\/div>\n\n\n\n<p>Depuis 2008, notre association travaille pour offrir aux adh\u00e9rents et aux personnes int\u00e9ress\u00e9es un voyage annuel en France ou \u00e0 l\u2019\u00e9tranger. Nos p\u00e9riples sont encadr\u00e9s par des \u00e9tudiants ou des professeurs membres de l\u2019association.<\/p>\n\n\n\n<p>\u00c0 chacun de nos p\u00e9riples, nous mettons l\u2019accent sur le patrimoine arch\u00e9ologique et culturel d\u2019une ville, d\u2019une r\u00e9gion ou d\u2019un pays en rapport avec l\u2019Antiquit\u00e9. Notre association s\u2019est rendue en Angleterre, en Espagne, en Italie et en Gr\u00e8ce.<\/p>\n\n\n\n<div style=\"height:50px\" aria-hidden=\"true\" class=\"wp-block-spacer\"><\/div>\n\n\n\n<h2 class=\"wp-block-heading has-text-align-center is-style-asterisk\"><em><em>Angleterre &#8211; 2014<\/em><\/em><\/h2>\n\n\n\n<div style=\"height:25px\" aria-hidden=\"true\" class=\"wp-block-spacer\"><\/div>\n\n\n\n<p class=\"has-text-align-left\">Pendant notre s\u00e9jour en Angleterre en 2014, nous avons d\u00e9couvert la ville de Londres et plusieurs de ses prestigieux mus\u00e9es (National Gallery et British Museum). Ensuite, nous sommes all\u00e9s \u00e0 Bath, Oxford ou encore Stonehenge.<\/p>\n\n\n\n<div style=\"height:1.25rem\" aria-hidden=\"true\" class=\"wp-block-spacer\"><\/div>\n<\/div>\n\n\n\n<figure class=\"wp-block-image aligncenter size-full is-resized\"><img loading=\"lazy\" decoding=\"async\" width=\"527\" height=\"366\" src=\"https:\/\/blogs.univ-tlse2.fr\/periples\/files\/2025\/10\/Image1.png\" alt=\"\" class=\"wp-image-56\" style=\"width:620px;height:auto\" srcset=\"https:\/\/blogs.univ-tlse2.fr\/periples\/files\/2025\/10\/Image1.png 527w, https:\/\/blogs.univ-tlse2.fr\/periples\/files\/2025\/10\/Image1-300x208.png 300w\" sizes=\"auto, (max-width: 527px) 100vw, 527px\" \/><\/figure>\n\n\n\n<p class=\"has-text-align-center\"><em>Notre parcours en 2014<\/em><\/p>\n<\/div>\n\n\n\n<div class=\"wp-block-group alignfull has-base-2-background-color has-background has-global-padding is-layout-constrained wp-container-core-group-is-layout-669513ed wp-block-group-is-layout-constrained\" style=\"margin-top:0;margin-bottom:0;padding-top:var(--wp--preset--spacing--50);padding-right:var(--wp--preset--spacing--50);padding-bottom:var(--wp--preset--spacing--50);padding-left:var(--wp--preset--spacing--50)\">\n<h2 class=\"wp-block-heading has-text-align-center is-style-asterisk\"><em>Espagne &#8211; 2010, 2015 et 2025<\/em><\/h2>\n\n\n\n<div style=\"margin-top:0;margin-bottom:0;height:10px\" aria-hidden=\"true\" class=\"wp-block-spacer\"><\/div>\n\n\n\n<div class=\"wp-block-columns alignwide is-layout-flex wp-container-core-columns-is-layout-d0bbbce0 wp-block-columns-is-layout-flex\">\n<div class=\"wp-block-column is-layout-flow wp-container-core-column-is-layout-e3d1c41b wp-block-column-is-layout-flow\">\n<p class=\"has-text-align-left\">Sur le territoire espagnol, nos diff\u00e9rents s\u00e9jours nous ont fait d\u00e9couvrir les sites arch\u00e9ologiques de Catalogne et les nombreux tr\u00e9sors de l\u2019Andalousie (Grenade, S\u00e9ville\u2026).<\/p>\n<\/div>\n<\/div>\n\n\n\n<figure class=\"wp-block-image aligncenter size-full is-resized\"><img loading=\"lazy\" decoding=\"async\" width=\"602\" height=\"401\" src=\"https:\/\/blogs.univ-tlse2.fr\/periples\/files\/2025\/10\/Image3.jpg\" alt=\"\" class=\"wp-image-58\" style=\"width:620px;height:auto\" srcset=\"https:\/\/blogs.univ-tlse2.fr\/periples\/files\/2025\/10\/Image3.jpg 602w, https:\/\/blogs.univ-tlse2.fr\/periples\/files\/2025\/10\/Image3-300x200.jpg 300w\" sizes=\"auto, (max-width: 602px) 100vw, 602px\" \/><\/figure>\n\n\n\n<div style=\"height:0px\" aria-hidden=\"true\" class=\"wp-block-spacer\"><\/div>\n\n\n\n<div class=\"wp-block-columns alignwide is-layout-flex wp-container-core-columns-is-layout-d0bbbce0 wp-block-columns-is-layout-flex\">\n<div class=\"wp-block-column is-layout-flow wp-container-core-column-is-layout-e3d1c41b wp-block-column-is-layout-flow\"><\/div>\n\n\n\n<div class=\"wp-block-column is-layout-flow wp-container-core-column-is-layout-e3d1c41b wp-block-column-is-layout-flow\">\n<p class=\"has-text-align-center\"><em><em>Notre groupe en Catalogne en 2025<\/em><\/em><\/p>\n<\/div>\n\n\n\n<div class=\"wp-block-column is-layout-flow wp-container-core-column-is-layout-e3d1c41b wp-block-column-is-layout-flow\"><\/div>\n<\/div>\n<\/div>\n\n\n\n<div class=\"wp-block-group alignfull has-base-2-background-color has-background has-global-padding is-layout-constrained wp-container-core-group-is-layout-669513ed wp-block-group-is-layout-constrained\" style=\"margin-top:0;margin-bottom:0;padding-top:var(--wp--preset--spacing--50);padding-right:var(--wp--preset--spacing--50);padding-bottom:var(--wp--preset--spacing--50);padding-left:var(--wp--preset--spacing--50)\">\n<h2 class=\"wp-block-heading has-text-align-center is-style-asterisk\"><em><em>Italie &#8211; 2009, 2011, 2013, 2017, 2018, 2019, 2020 et 2026<\/em><\/em><\/h2>\n\n\n\n<div style=\"margin-top:0;margin-bottom:0;height:10px\" aria-hidden=\"true\" class=\"wp-block-spacer\"><\/div>\n\n\n\n<div class=\"wp-block-columns alignwide is-layout-flex wp-container-core-columns-is-layout-d0bbbce0 wp-block-columns-is-layout-flex\">\n<div class=\"wp-block-column is-layout-flow wp-container-core-column-is-layout-e3d1c41b wp-block-column-is-layout-flow\">\n<p class=\"has-text-align-left\">Dans la p\u00e9ninsule italienne, nos nombreux voyages ont permis aux participants de d\u00e9couvrir l\u2019Italie continentale (Rome, Florence&#8230;) et ses grands sites romains (Pomp\u00e9i, Herculanum\u2026), mais aussi les grandes cit\u00e9s antiques de l\u2019\u00eele de Sicile. En 2018, \u00e0 l&rsquo;occasion de notre voyage en V\u00e9n\u00e9tie, nous avons pass\u00e9 la fronti\u00e8re pour passer deux jours en Croatie, notamment dans la ville de Pula.<\/p>\n\n\n\n<figure class=\"wp-block-image aligncenter size-full is-resized\"><img loading=\"lazy\" decoding=\"async\" width=\"602\" height=\"403\" src=\"https:\/\/blogs.univ-tlse2.fr\/periples\/files\/2025\/10\/Image4.jpg\" alt=\"\" class=\"wp-image-59\" style=\"width:620px;height:auto\" srcset=\"https:\/\/blogs.univ-tlse2.fr\/periples\/files\/2025\/10\/Image4.jpg 602w, https:\/\/blogs.univ-tlse2.fr\/periples\/files\/2025\/10\/Image4-300x201.jpg 300w\" sizes=\"auto, (max-width: 602px) 100vw, 602px\" \/><\/figure>\n<\/div>\n<\/div>\n\n\n\n<div style=\"height:0px\" aria-hidden=\"true\" class=\"wp-block-spacer\"><\/div>\n\n\n\n<p class=\"has-text-align-center\"><em><em><em>Notre groupe en Toscane en 2017<\/em><\/em><\/em><\/p>\n<\/div>\n\n\n\n<div class=\"wp-block-group alignfull has-base-2-background-color has-background has-global-padding is-layout-constrained wp-container-core-group-is-layout-669513ed wp-block-group-is-layout-constrained\" style=\"margin-top:0;margin-bottom:0;padding-top:var(--wp--preset--spacing--50);padding-right:var(--wp--preset--spacing--50);padding-bottom:var(--wp--preset--spacing--50);padding-left:var(--wp--preset--spacing--50)\">\n<h2 class=\"wp-block-heading has-text-align-center is-style-asterisk\"><em><em><em>Gr\u00e8ce &#8211; 2008, 2012, 2016 et 2024<\/em><\/em><\/em><\/h2>\n\n\n\n<div style=\"margin-top:0;margin-bottom:0;height:10px\" aria-hidden=\"true\" class=\"wp-block-spacer\"><\/div>\n\n\n\n<div class=\"wp-block-columns alignwide is-layout-flex wp-container-core-columns-is-layout-d0bbbce0 wp-block-columns-is-layout-flex\">\n<div class=\"wp-block-column is-layout-flow wp-container-core-column-is-layout-e3d1c41b wp-block-column-is-layout-flow\">\n<p class=\"has-text-align-left\">Enfin, nous avons parcouru tous les grands sites et mus\u00e9es de la terre des Hell\u00e8nes \u00e0 plusieurs reprises : le site de Delphes, le mus\u00e9e arch\u00e9ologique de Thessalonique, les nombreux tr\u00e9sors d\u2019Ath\u00e8nes\u2026<\/p>\n<\/div>\n<\/div>\n\n\n\n<figure class=\"wp-block-image aligncenter size-full is-resized\"><img loading=\"lazy\" decoding=\"async\" width=\"602\" height=\"538\" src=\"https:\/\/blogs.univ-tlse2.fr\/periples\/files\/2025\/10\/Image5.jpg\" alt=\"\" class=\"wp-image-60\" style=\"width:620px;height:auto\" srcset=\"https:\/\/blogs.univ-tlse2.fr\/periples\/files\/2025\/10\/Image5.jpg 602w, https:\/\/blogs.univ-tlse2.fr\/periples\/files\/2025\/10\/Image5-300x268.jpg 300w\" sizes=\"auto, (max-width: 602px) 100vw, 602px\" \/><\/figure>\n\n\n\n<div style=\"height:0px\" aria-hidden=\"true\" class=\"wp-block-spacer\"><\/div>\n\n\n\n<p class=\"has-text-align-center\"><em><em><em><em>Notre groupe en 2024 pour prendre le ferry vers la Gr\u00e8ce<\/em><\/em><\/em><\/em><\/p>\n<\/div>\n\n\n\n<div class=\"wp-block-group alignfull has-global-padding is-layout-constrained wp-container-core-group-is-layout-d89aad35 wp-block-group-is-layout-constrained\" style=\"margin-top:0;margin-bottom:0;padding-top:var(--wp--preset--spacing--50);padding-right:var(--wp--preset--spacing--50);padding-bottom:var(--wp--preset--spacing--50);padding-left:var(--wp--preset--spacing--50)\">\n<div class=\"wp-block-group alignwide has-global-padding is-layout-constrained wp-container-core-group-is-layout-19e250f3 wp-block-group-is-layout-constrained\">\n<div style=\"height:19px\" aria-hidden=\"true\" class=\"wp-block-spacer\"><\/div>\n\n\n\n<div class=\"wp-block-columns alignwide is-layout-flex wp-container-core-columns-is-layout-d1c656ed wp-block-columns-is-layout-flex\">\n<div class=\"wp-block-column is-vertically-aligned-center is-layout-flow wp-block-column-is-layout-flow\" style=\"flex-basis:40%\">\n<h3 class=\"wp-block-heading is-style-asterisk\">P\u00e9riples a organis\u00e9 \u00e9galement un circuit en France. En 2023, nous avons visit\u00e9 Arles et Lyon. Ces deux grandes cit\u00e9s de l\u2019Antiquit\u00e9 romaine, nous ont offert de nombreux mus\u00e9es et vestiges \u00e0 voir.<\/h3>\n\n\n\n<ul style=\"line-height:1.75\" class=\"wp-block-list is-style-checkmark-list\"><\/ul>\n<\/div>\n\n\n\n<div class=\"wp-block-column is-layout-flow wp-block-column-is-layout-flow\" style=\"flex-basis:50%\">\n<p class=\"has-text-align-center\"><em><em><em><em><em>Notre programme en 2023<\/em><\/em><\/em><\/em><\/em><\/p>\n\n\n\n<figure class=\"wp-block-image size-full is-style-rounded is-style-rounded--1\"><img loading=\"lazy\" decoding=\"async\" width=\"511\" height=\"721\" src=\"https:\/\/blogs.univ-tlse2.fr\/periples\/files\/2025\/10\/Image6.jpg\" alt=\"\" class=\"wp-image-61\" srcset=\"https:\/\/blogs.univ-tlse2.fr\/periples\/files\/2025\/10\/Image6.jpg 511w, https:\/\/blogs.univ-tlse2.fr\/periples\/files\/2025\/10\/Image6-213x300.jpg 213w\" sizes=\"auto, (max-width: 511px) 100vw, 511px\" \/><\/figure>\n<\/div>\n<\/div>\n\n\n\n<div class=\"wp-block-group is-nowrap is-layout-flex wp-container-core-group-is-layout-6c531013 wp-block-group-is-layout-flex\">\n<div style=\"height:var(--wp--preset--spacing--40);width:0px\" aria-hidden=\"true\" class=\"wp-block-spacer wp-container-content-9d1f8957\"><\/div>\n<\/div>\n\n\n\n<div class=\"wp-block-columns alignwide is-layout-flex wp-container-core-columns-is-layout-d1c656ed wp-block-columns-is-layout-flex\">\n<div class=\"wp-block-column is-layout-flow wp-block-column-is-layout-flow\" style=\"flex-basis:50%\"><\/div>\n\n\n\n<div class=\"wp-block-column is-vertically-aligned-center is-layout-flow wp-block-column-is-layout-flow\" style=\"flex-basis:40%\">\n<ul style=\"line-height:1.75\" class=\"wp-block-list is-style-checkmark-list\"><\/ul>\n<\/div>\n<\/div>\n<\/div>\n<\/div>\n\n\n\n<div class=\"wp-block-group alignfull has-base-2-background-color has-background has-global-padding is-layout-constrained wp-container-core-group-is-layout-490fa1db wp-block-group-is-layout-constrained\" style=\"padding-top:var(--wp--preset--spacing--50);padding-right:var(--wp--preset--spacing--50);padding-bottom:var(--wp--preset--spacing--50);padding-left:var(--wp--preset--spacing--50)\">\n<h2 class=\"wp-block-heading has-text-align-center is-style-asterisk has-contrast-color has-text-color has-link-color wp-elements-c391c1eec2e9f47a680a7880fa7734ba\"><em><em><em>Nos P\u00e9riples<\/em><\/em><\/em><\/h2>\n\n\n\n<div class=\"wp-block-group has-global-padding is-layout-constrained wp-container-core-group-is-layout-650790e1 wp-block-group-is-layout-constrained\">\n<div style=\"height:1.25rem\" aria-hidden=\"true\" class=\"wp-block-spacer\"><\/div>\n<\/div>\n\n\n\n<figure class=\"wp-block-image aligncenter size-full\"><img loading=\"lazy\" decoding=\"async\" width=\"616\" height=\"479\" src=\"https:\/\/blogs.univ-tlse2.fr\/periples\/files\/2025\/10\/Image7.png\" alt=\"\" class=\"wp-image-62\" srcset=\"https:\/\/blogs.univ-tlse2.fr\/periples\/files\/2025\/10\/Image7.png 616w, https:\/\/blogs.univ-tlse2.fr\/periples\/files\/2025\/10\/Image7-300x233.png 300w\" sizes=\"auto, (max-width: 616px) 100vw, 616px\" \/><\/figure>\n<\/div>\n\n\n\n<p><\/p>\n","protected":false},"excerpt":{"rendered":"<p>Depuis 2008, notre association travaille pour offrir aux adh\u00e9rents et aux personnes int\u00e9ress\u00e9es un voyage annuel en France ou \u00e0 l\u2019\u00e9tranger. Nos p\u00e9riples sont encadr\u00e9s par des \u00e9tudiants ou des professeurs membres de l\u2019association. \u00c0 chacun de nos p\u00e9riples, nous mettons l\u2019accent sur le patrimoine arch\u00e9ologique et culturel d\u2019une ville, d\u2019une r\u00e9gion ou d\u2019un pays [&hellip;]<\/p>\n","protected":false},"author":392,"featured_media":0,"parent":18,"menu_order":0,"comment_status":"closed","ping_status":"closed","template":"","meta":{"footnotes":""},"class_list":["post-33","page","type-page","status-publish","hentry"],"_links":{"self":[{"href":"https:\/\/blogs.univ-tlse2.fr\/periples\/wp-json\/wp\/v2\/pages\/33","targetHints":{"allow":["GET"]}}],"collection":[{"href":"https:\/\/blogs.univ-tlse2.fr\/periples\/wp-json\/wp\/v2\/pages"}],"about":[{"href":"https:\/\/blogs.univ-tlse2.fr\/periples\/wp-json\/wp\/v2\/types\/page"}],"author":[{"embeddable":true,"href":"https:\/\/blogs.univ-tlse2.fr\/periples\/wp-json\/wp\/v2\/users\/392"}],"replies":[{"embeddable":true,"href":"https:\/\/blogs.univ-tlse2.fr\/periples\/wp-json\/wp\/v2\/comments?post=33"}],"version-history":[{"count":14,"href":"https:\/\/blogs.univ-tlse2.fr\/periples\/wp-json\/wp\/v2\/pages\/33\/revisions"}],"predecessor-version":[{"id":277,"href":"https:\/\/blogs.univ-tlse2.fr\/periples\/wp-json\/wp\/v2\/pages\/33\/revisions\/277"}],"up":[{"embeddable":true,"href":"https:\/\/blogs.univ-tlse2.fr\/periples\/wp-json\/wp\/v2\/pages\/18"}],"wp:attachment":[{"href":"https:\/\/blogs.univ-tlse2.fr\/periples\/wp-json\/wp\/v2\/media?parent=33"}],"curies":[{"name":"wp","href":"https:\/\/api.w.org\/{rel}","templated":true}]}}