 {"id":35,"date":"2025-07-18T14:29:10","date_gmt":"2025-07-18T12:29:10","guid":{"rendered":"https:\/\/blogs.univ-tlse2.fr\/periples\/?page_id=35"},"modified":"2026-01-19T08:32:03","modified_gmt":"2026-01-19T07:32:03","slug":"semaine-de-lantiquite","status":"publish","type":"page","link":"https:\/\/blogs.univ-tlse2.fr\/periples\/activites\/semaine-de-lantiquite\/","title":{"rendered":"Semaine de l&rsquo;Antiquit\u00e9"},"content":{"rendered":"\n<div style=\"height:40px\" aria-hidden=\"true\" class=\"wp-block-spacer\"><\/div>\n\n\n\n<div class=\"wp-block-group alignwide has-global-padding is-layout-constrained wp-block-group-is-layout-constrained\">\n<h1 class=\"wp-block-heading alignwide is-style-default has-body-font-family has-medium-font-size\" style=\"line-height:1.2\">Chaque ann\u00e9e, l\u2019Antiquit\u00e9 est mise \u00e0 l\u2019honneur au mois de mars, sous l\u2019impulsion de l\u2019Artela-Cnarela (association des enseignants de langues anciennes). Gr\u00e2ce \u00e0 diverses manifestations dans toute la France, dans les \u00e9tablissements scolaires et les universit\u00e9s, les sciences de l\u2019Antiquit\u00e9 et les mondes anciens viennent \u00e0 la rencontre de tous. Cet \u00e9v\u00e9nement propose une th\u00e9matique annuelle pour faire d\u00e9couvrir l\u2019Antiquit\u00e9. En 2025, le th\u00e8me \u00e9tait \u00ab Amour et Amiti\u00e9 \u00bb.<\/h1>\n\n\n\n<h1 class=\"wp-block-heading alignwide has-body-font-family has-medium-font-size\" style=\"line-height:1.2\">P\u00e9riples participe \u00e0 cet \u00e9v\u00e9nement et propose diverses activit\u00e9s en rapport avec le th\u00e8me retenu dans le campus universitaire de Toulouse &#8211; Jean Jaur\u00e8s et dans plusieurs \u00e9tablissements toulousains.<\/h1>\n\n\n\n<h1 class=\"wp-block-heading alignwide has-body-font-family has-medium-font-size\" style=\"line-height:1.2\">Nous organisons des conf\u00e9rences avec des enseignants-chercheurs de l\u2019universit\u00e9 Toulouse- Jean Jaur\u00e8s. Ils viennent des d\u00e9partements Histoire, Histoire de l&rsquo;art et arch\u00e9ologie ou encore Lettres, langues et civilisations anciennes. Nous invitons \u00e9galement des enseignants-chercheurs de toute la France \u00e0 l&rsquo;occasion de cette semaine.<\/h1>\n\n\n\n<h1 class=\"wp-block-heading alignwide has-body-font-family has-medium-font-size\" style=\"line-height:1.2\">Dans la ville de Toulouse, P\u00e9riples s&rsquo;associe avec la librairie Ombre Blanche pour des pr\u00e9sentations d\u2019ouvrages. Enfin, nous proposons des visites au mus\u00e9e Saint-Raymond, organis\u00e9es par nos stagiaires autour du th\u00e8me de la semaine.<\/h1>\n\n\n\n<p class=\"has-body-font-family\">Ci-dessous, nous vous invitons \u00e0 d\u00e9couvrir nos partenaires \u00e0 l\u2019occasion de cet \u00e9v\u00e9nement :<\/p>\n\n\n\n<p><a href=\"https:\/\/artela-cnarela.wixsite.com\/accueil\">Artela Cnarela<\/a><\/p>\n\n\n\n<p><a href=\"https:\/\/www.ombres-blanches.fr\/\">Librairie Ombres blanches \u2013 Toulouse<\/a><\/p>\n\n\n\n<p><a href=\"https:\/\/saintraymond.toulouse.fr\/\">Accueil &#8211; Mus\u00e9e Saint-Raymond<\/a><\/p>\n<\/div>\n\n\n\n<hr class=\"wp-block-separator has-alpha-channel-opacity is-style-wide\" style=\"margin-top:var(--wp--preset--spacing--40);margin-bottom:var(--wp--preset--spacing--40)\" \/>\n\n\n\n<h1 class=\"wp-block-heading alignwide has-text-align-center has-large-font-size\" style=\"line-height:1.2\"><strong>Historique des SDA :<\/strong><\/h1>\n\n\n\n<p>2013 : Jeux et divertissements dans l\u2019Antiquit\u00e9 m\u00e9diterran\u00e9enne<\/p>\n\n\n\n<p>2014 : Toulouse ville Bimill\u00e9naire<\/p>\n\n\n\n<p>2015 : La Guerre et la paix dans les mondes antiques<\/p>\n\n\n\n<p>2016 : Une antiquit\u00e9 dans tous les sens<\/p>\n\n\n\n<p>2017 : Pouvoir du discours, discours du pouvoir<\/p>\n\n\n\n<p>2018 : Des dieux et des hommes<\/p>\n\n\n\n<p>2019 : Le Temps<\/p>\n\n\n\n<p>2020 : La d\u00e9mocratie<\/p>\n\n\n\n<p>2021 : Le pouvoir<\/p>\n\n\n\n<p>2022 : <em>Aucune SDA<\/em><\/p>\n\n\n\n<p>2023 : Guerre et paix<\/p>\n\n\n\n<p>2024 : Les jeux olympiques<\/p>\n\n\n\n<p>2025 : Amour et Amiti\u00e9<\/p>\n\n\n\n<p>2026 : L\u2019ailleurs<\/p>\n\n\n\n<div class=\"wp-block-group alignfull has-global-padding is-layout-constrained wp-container-core-group-is-layout-b25ccd55 wp-block-group-is-layout-constrained\" style=\"margin-top:0;margin-bottom:0;padding-top:var(--wp--preset--spacing--50);padding-right:var(--wp--preset--spacing--50);padding-bottom:var(--wp--preset--spacing--50);padding-left:var(--wp--preset--spacing--50)\">\n<div class=\"wp-block-columns alignwide is-layout-flex wp-container-core-columns-is-layout-ff4b9c61 wp-block-columns-is-layout-flex\" style=\"margin-top:0;margin-bottom:0\">\n<div class=\"wp-block-column is-layout-flow wp-container-core-column-is-layout-8a368f38 wp-block-column-is-layout-flow\">\n<figure class=\"wp-block-image size-full is-style-rounded is-style-rounded--1\"><img loading=\"lazy\" decoding=\"async\" width=\"7016\" height=\"9921\" src=\"https:\/\/blogs.univ-tlse2.fr\/periples\/files\/2025\/10\/SDA-2019.png\" alt=\"\" class=\"wp-image-67\" style=\"aspect-ratio:4\/3;object-fit:cover\" \/><\/figure>\n\n\n\n<div style=\"height:var(--wp--preset--spacing--50)\" aria-hidden=\"true\" class=\"wp-block-spacer\"><\/div>\n\n\n\n<div style=\"height:var(--wp--preset--spacing--50)\" aria-hidden=\"true\" class=\"wp-block-spacer\"><\/div>\n\n\n\n<figure class=\"wp-block-image size-large is-style-rounded is-style-rounded--2\"><img loading=\"lazy\" decoding=\"async\" width=\"733\" height=\"1024\" src=\"https:\/\/blogs.univ-tlse2.fr\/periples\/files\/2025\/10\/SDA_2023_page-0001-733x1024.jpg\" alt=\"\" class=\"wp-image-71\" style=\"aspect-ratio:3\/4;object-fit:cover\" srcset=\"https:\/\/blogs.univ-tlse2.fr\/periples\/files\/2025\/10\/SDA_2023_page-0001-733x1024.jpg 733w, https:\/\/blogs.univ-tlse2.fr\/periples\/files\/2025\/10\/SDA_2023_page-0001-215x300.jpg 215w, https:\/\/blogs.univ-tlse2.fr\/periples\/files\/2025\/10\/SDA_2023_page-0001-768x1073.jpg 768w, https:\/\/blogs.univ-tlse2.fr\/periples\/files\/2025\/10\/SDA_2023_page-0001-1099x1536.jpg 1099w, https:\/\/blogs.univ-tlse2.fr\/periples\/files\/2025\/10\/SDA_2023_page-0001-1466x2048.jpg 1466w, https:\/\/blogs.univ-tlse2.fr\/periples\/files\/2025\/10\/SDA_2023_page-0001.jpg 1826w\" sizes=\"auto, (max-width: 733px) 100vw, 733px\" \/><\/figure>\n\n\n<\/div>\n\n\n\n<div class=\"wp-block-column is-layout-flow wp-container-core-column-is-layout-8a368f38 wp-block-column-is-layout-flow\">\n<div style=\"height:var(--wp--preset--spacing--50)\" aria-hidden=\"true\" class=\"wp-block-spacer\"><\/div>\n\n\n\n<figure class=\"wp-block-image size-large is-style-rounded is-style-rounded--4\"><img loading=\"lazy\" decoding=\"async\" width=\"724\" height=\"1024\" src=\"https:\/\/blogs.univ-tlse2.fr\/periples\/files\/2025\/10\/SDA-2020-724x1024.jpg\" alt=\"\" class=\"wp-image-68\" style=\"aspect-ratio:3\/4;object-fit:cover\" srcset=\"https:\/\/blogs.univ-tlse2.fr\/periples\/files\/2025\/10\/SDA-2020-724x1024.jpg 724w, https:\/\/blogs.univ-tlse2.fr\/periples\/files\/2025\/10\/SDA-2020-212x300.jpg 212w, https:\/\/blogs.univ-tlse2.fr\/periples\/files\/2025\/10\/SDA-2020-768x1086.jpg 768w, https:\/\/blogs.univ-tlse2.fr\/periples\/files\/2025\/10\/SDA-2020-1086x1536.jpg 1086w, https:\/\/blogs.univ-tlse2.fr\/periples\/files\/2025\/10\/SDA-2020-1448x2048.jpg 1448w, https:\/\/blogs.univ-tlse2.fr\/periples\/files\/2025\/10\/SDA-2020-scaled.jpg 1811w\" sizes=\"auto, (max-width: 724px) 100vw, 724px\" \/><\/figure>\n\n\n\n<div style=\"height:var(--wp--preset--spacing--50)\" aria-hidden=\"true\" class=\"wp-block-spacer\"><\/div>\n\n\n\n<figure class=\"wp-block-image size-large is-style-rounded is-style-rounded--5\"><img loading=\"lazy\" decoding=\"async\" width=\"576\" height=\"1024\" src=\"https:\/\/blogs.univ-tlse2.fr\/periples\/files\/2025\/10\/SDA-2024-576x1024.png\" alt=\"\" class=\"wp-image-70\" style=\"aspect-ratio:1;object-fit:cover\" srcset=\"https:\/\/blogs.univ-tlse2.fr\/periples\/files\/2025\/10\/SDA-2024-576x1024.png 576w, https:\/\/blogs.univ-tlse2.fr\/periples\/files\/2025\/10\/SDA-2024-169x300.png 169w, https:\/\/blogs.univ-tlse2.fr\/periples\/files\/2025\/10\/SDA-2024-768x1365.png 768w, https:\/\/blogs.univ-tlse2.fr\/periples\/files\/2025\/10\/SDA-2024-864x1536.png 864w, https:\/\/blogs.univ-tlse2.fr\/periples\/files\/2025\/10\/SDA-2024.png 1080w\" sizes=\"auto, (max-width: 576px) 100vw, 576px\" \/><\/figure>\n\n\n\n\n\n<div style=\"height:var(--wp--preset--spacing--50)\" aria-hidden=\"true\" class=\"wp-block-spacer\"><\/div>\n\n\n<\/div>\n\n\n\n<div class=\"wp-block-column is-layout-flow wp-container-core-column-is-layout-8a368f38 wp-block-column-is-layout-flow\">\n<figure class=\"wp-block-image size-large is-style-rounded is-style-rounded--8\"><img loading=\"lazy\" decoding=\"async\" width=\"724\" height=\"1024\" src=\"https:\/\/blogs.univ-tlse2.fr\/periples\/files\/2025\/10\/SDA_2021-724x1024.jpg\" alt=\"\" class=\"wp-image-69\" style=\"aspect-ratio:3\/4;object-fit:cover\" srcset=\"https:\/\/blogs.univ-tlse2.fr\/periples\/files\/2025\/10\/SDA_2021-724x1024.jpg 724w, https:\/\/blogs.univ-tlse2.fr\/periples\/files\/2025\/10\/SDA_2021-212x300.jpg 212w, https:\/\/blogs.univ-tlse2.fr\/periples\/files\/2025\/10\/SDA_2021-768x1087.jpg 768w, https:\/\/blogs.univ-tlse2.fr\/periples\/files\/2025\/10\/SDA_2021-1085x1536.jpg 1085w, https:\/\/blogs.univ-tlse2.fr\/periples\/files\/2025\/10\/SDA_2021.jpg 1190w\" sizes=\"auto, (max-width: 724px) 100vw, 724px\" \/><\/figure>\n\n\n\n<div style=\"height:var(--wp--preset--spacing--50)\" aria-hidden=\"true\" class=\"wp-block-spacer\"><\/div>\n\n\n\n\n\n<div style=\"height:var(--wp--preset--spacing--50)\" aria-hidden=\"true\" class=\"wp-block-spacer\"><\/div>\n\n\n<\/div>\n\n\n\n<div class=\"wp-block-column is-layout-flow wp-container-core-column-is-layout-8a368f38 wp-block-column-is-layout-flow\">\n<div style=\"height:var(--wp--preset--spacing--50)\" aria-hidden=\"true\" class=\"wp-block-spacer\"><\/div>\n\n\n\n<figure class=\"wp-block-gallery has-nested-images columns-default is-cropped wp-block-gallery-11 is-layout-flex wp-block-gallery-is-layout-flex\"><\/figure>\n\n\n\n<div style=\"height:var(--wp--preset--spacing--50)\" aria-hidden=\"true\" class=\"wp-block-spacer\"><\/div>\n\n\n\n\n\n<div style=\"height:var(--wp--preset--spacing--50)\" aria-hidden=\"true\" class=\"wp-block-spacer\"><\/div>\n\n\n<\/div>\n<\/div>\n<\/div>\n","protected":false},"excerpt":{"rendered":"<p>Chaque ann\u00e9e, l\u2019Antiquit\u00e9 est mise \u00e0 l\u2019honneur au mois de mars, sous l\u2019impulsion de l\u2019Artela-Cnarela (association des enseignants de langues anciennes). Gr\u00e2ce \u00e0 diverses manifestations dans toute la France, dans les \u00e9tablissements scolaires et les universit\u00e9s, les sciences de l\u2019Antiquit\u00e9 et les mondes anciens viennent \u00e0 la rencontre de tous. Cet \u00e9v\u00e9nement propose une th\u00e9matique [&hellip;]<\/p>\n","protected":false},"author":392,"featured_media":0,"parent":18,"menu_order":0,"comment_status":"closed","ping_status":"closed","template":"","meta":{"footnotes":""},"class_list":["post-35","page","type-page","status-publish","hentry"],"_links":{"self":[{"href":"https:\/\/blogs.univ-tlse2.fr\/periples\/wp-json\/wp\/v2\/pages\/35","targetHints":{"allow":["GET"]}}],"collection":[{"href":"https:\/\/blogs.univ-tlse2.fr\/periples\/wp-json\/wp\/v2\/pages"}],"about":[{"href":"https:\/\/blogs.univ-tlse2.fr\/periples\/wp-json\/wp\/v2\/types\/page"}],"author":[{"embeddable":true,"href":"https:\/\/blogs.univ-tlse2.fr\/periples\/wp-json\/wp\/v2\/users\/392"}],"replies":[{"embeddable":true,"href":"https:\/\/blogs.univ-tlse2.fr\/periples\/wp-json\/wp\/v2\/comments?post=35"}],"version-history":[{"count":7,"href":"https:\/\/blogs.univ-tlse2.fr\/periples\/wp-json\/wp\/v2\/pages\/35\/revisions"}],"predecessor-version":[{"id":270,"href":"https:\/\/blogs.univ-tlse2.fr\/periples\/wp-json\/wp\/v2\/pages\/35\/revisions\/270"}],"up":[{"embeddable":true,"href":"https:\/\/blogs.univ-tlse2.fr\/periples\/wp-json\/wp\/v2\/pages\/18"}],"wp:attachment":[{"href":"https:\/\/blogs.univ-tlse2.fr\/periples\/wp-json\/wp\/v2\/media?parent=35"}],"curies":[{"name":"wp","href":"https:\/\/api.w.org\/{rel}","templated":true}]}}