 {"id":11,"date":"2013-02-15T17:00:42","date_gmt":"2013-02-15T16:00:42","guid":{"rendered":"https:\/\/blogs.univ-tlse2.fr\/plateformeterrae\/?page_id=11"},"modified":"2013-04-19T15:53:14","modified_gmt":"2013-04-19T14:53:14","slug":"photogrammetrie","status":"publish","type":"page","link":"https:\/\/blogs.univ-tlse2.fr\/plateformeterrae\/photogrammetrie\/","title":{"rendered":"3D"},"content":{"rendered":"<p>Grace \u00e0 l&rsquo;obtention d&rsquo;un programme d&rsquo;un financement FEDER (Presage 35827 &#8211; montant 350 000\u20ac), l&rsquo;\u00e9quipe Terrae a pu mettre en place un ensemble d&rsquo;outil permettant l&rsquo;acquisition et le traitement de donn\u00e9es arch\u00e9ologiques en 3D dans des contextes tr\u00e8s vari\u00e9s.<\/p>\n<p>Principaux appareillages acquis :<\/p>\n<p>&#8211; Logiciel de photogrammetrie par correspondance d&rsquo;image par corr\u00e9lation dense (Agisoft\u00a0<a title=\"Photoscan\" href=\"http:\/\/www.agisoft.ru\/products\/photoscan\" target=\"_blank\">Photoscan<\/a>).<\/p>\n<p>&#8211; Sanner 3D (<a title=\"Faro Focus 3D\" href=\"http:\/\/www.faro.com\/en-us\/products\/3d-surveying\/faro-focus3d\/overview\" target=\"_blank\">FARO Focus 3D<\/a>)<\/p>\n<p>&#8211; Bras de mesure (<a title=\"Faro Arm\" href=\"http:\/\/www.faro.com\/fr-FR\/produits\/metrologie\/bras-de-mesure-faroarm\/apercu\" target=\"_blank\">FARO Faro Arm<\/a>)<\/p>\n<p>&nbsp;<\/p>\n<p>********************************************************************************<\/p>\n<h2><strong>Correspondance d\u2019image par corr\u00e9lation dense<\/strong><\/h2>\n<p>La \u00ab\u00a0correspondance d\u2019image par corr\u00e9lation dense\u00a0\u00bb ne doit pas \u00eatre confondue avec la photogramm\u00e9trie.<\/p>\n<p>C\u2019est Meydenbauer qui le premier utilise en 1893 le terme de \u00ab Photogramm\u00e9trie \u00bb, assemblage des mots grecs <i>photos<\/i> (la lumi\u00e8re), <i>gramma<\/i> (quelque chose d&rsquo;\u00e9crit ou dessin\u00e9) et <i>metron<\/i> (la mesure).<\/p>\n<p>La photogramm\u00e9trie est donc la \u00ab\u00a0<i>Sciences et art dont le sujet d\u2019\u00e9tude est la photographie dans l\u2019intention de recueillir des donn\u00e9es conduisant \u00e0 des restitutions dimensionnelles et de d\u00e9terminer la forme et la position d\u2019un objet dans l\u2019espace\u00a0\u00bb (Terminologie et T\u00e9l\u00e9d\u00e9tection et Photogramm\u00e9trie<\/i>, 1997). La \u00ab\u00a0Correspondance d\u2019image par corr\u00e9lation dense\u00a0\u00bb (d\u00e9celopp\u00e9e \u00e0 partir de la fin des ann\u00e9es 90), la st\u00e9r\u00e9oscopie et la st\u00e9r\u00e9ophotogramm\u00e9trie (lanc\u00e9es gr\u00e2ce aux travaux de Charles Wheastone en 1832) sont des outils de la photogramm\u00e9trie.<\/p>\n<p>La st\u00e9r\u00e9ophotogramm\u00e9trie est utilis\u00e9e depuis de nombreuses ann\u00e9es, notamment par l\u2019ING (Institut National de la G\u00e9ographie) pour la production de cartes topographiques \u00e0 partir d\u2019image a\u00e9rienne. En arch\u00e9ologie, on l\u2019utilise pour de relev\u00e9s de fa\u00e7ade ou d\u2019objet en 3D. Cependant, les protocoles a mettre en \u0153uvre \u00e9t\u00e9 extr\u00eamement lourds, car le relev\u00e9 en 3D doit \u00eatre fait point par point par un op\u00e9rateur sur un appareillage particulier tr\u00e8s co\u00fbteux.<\/p>\n<p>C\u2019est le d\u00e9veloppement de la photographie num\u00e9rique et l\u2019augmentation de la puissance de calcul des ordinateurs qui a totalement renouvel\u00e9 la photogramm\u00e9trie en permettant une automatisation des t\u00e2ches et la mise au point de logiciel permettant la correspondance d\u2019image par corr\u00e9lation dense. (Pierrot-Deseilligny, Clery, 2011 &#8211; Pierrot Deseilligny\u00a0M.,\u00a0Clery\u00a0I., 2011, \u00ab\u00a0\u00c9volutions r\u00e9centes en photogramm\u00e9trie et mod\u00e9lisation 3D par photo des milieux naturels\u00a0\u00bb, dans Jaillet S., Ployon E., Villemin T., eds.,\u00a0Images et Mod\u00e8les 3D en Milieux naturels,\u00a0Le Bourget-du-Lac, Collection Edytem,\u00a0t. 12, p. 51-66\u00a0 <a href=\"http:\/\/www.micmac.ign.fr\/svn\/micmac\/trunk\/...\/EDYTHEM-MPD-V26.pdf\">www.micmac.ign.fr\/svn\/micmac\/trunk\/&#8230;\/EDYTHEM-MPD-V26.pdf<\/a><cite>)I<\/cite><\/p>\n<p>La \u00ab\u00a0Correspondance d\u2019image par corr\u00e9lation dense\u00a0\u00bb permet d\u2019obtenir un mod\u00e8le 3D de fa\u00e7on automatique \u00e0 partir d\u2019image num\u00e9rique sans \u00e9talonnage de l\u2019appareil photo. Il s\u2019agit d\u2019une technique tr\u00e8s r\u00e9cente, dont le process est toujours en cours d\u2019\u00e9tablissement. C\u2019est la cr\u00e9ation du d\u00e9tecteur de Harris (HARRIS, 1988) et du d\u00e9tecteur SIFT (LOWE, 1999) qui ont permis son d\u00e9veloppement. Ces deux types d\u2019algorithme permettent l\u2019appariement de d\u00e9tails homologues, c&rsquo;est-\u00e0-dire de points d\u2019un m\u00eame objet pr\u00e9sent sur plusieurs clich\u00e9s prit de points de vue diff\u00e9rents. Le d\u00e9tecteur de Harris d\u00e9tecte des coins tels que des angles de parcelles\u00a0; il est donc plus efficace sur des images a\u00e9riennes. Le d\u00e9tecteur SIFT, quant \u00e0 lui, d\u00e9tecte les points d\u2019int\u00e9r\u00eat de mani\u00e8re robuste quelque soit les conditions d\u2019\u00e9clairage, de rotation ou les translations des images. Les logiciels fonctionnant avec cet algorithme sont plus adapt\u00e9s aux images dites \u00ab\u00a0terrestres\u00a0\u00bb ou aux prises de vues non rectilignes. Le d\u00e9tecteur SIFT fournit \u00e0 la fois des points d\u2019int\u00e9r\u00eat, mais \u00e9galement des appariements par couple d\u2019images. Les logiciels de correspondance d\u2019image par corr\u00e9lation dense utilisent le d\u00e9tecteur SIFT.<\/p>\n<p>C\u2019est la distance de prise de vue et la qualit\u00e9 du capteur de l\u2019appareil photo utilis\u00e9 qui donne la qualit\u00e9 de la 3D obtenue. De plus, les images utilis\u00e9es doivent montrer un tr\u00e8s fort recouvrement. En effet, c\u2019est le fort recouvrement de la sc\u00e8ne photographi\u00e9e qui permet de \u00ab\u00a0caler\u00a0\u00bb les images les unes par rapport aux autres en recherchant les \u00ab\u00a0points homologues\u00a0\u00bb.<\/p>\n<p>&nbsp;<\/p>\n<dl class=\"wp-caption alignnone\" id=\"attachment_121\" style=\"width: 310px\">\n<dt class=\"wp-caption-dt\"><a href=\"https:\/\/blogs.univ-tlse2.fr\/plateformeterrae\/files\/2013\/02\/Moissac-2.png\"><img loading=\"lazy\" decoding=\"async\" class=\"size-medium wp-image-121\" alt=\"Etude du b\u00e2ti - Saint-Martin de Moissac Direction : B. Lefebvre  Laboratoire TRACES - UMR 5608 Cr\u00e9dit photo : Carine Calastrenc\" src=\"https:\/\/blogs.univ-tlse2.fr\/plateformeterrae\/files\/2013\/02\/Moissac-2-300x114.png\" width=\"300\" height=\"114\" srcset=\"https:\/\/blogs.univ-tlse2.fr\/plateformeterrae\/files\/2013\/02\/Moissac-2-300x114.png 300w, https:\/\/blogs.univ-tlse2.fr\/plateformeterrae\/files\/2013\/02\/Moissac-2-1024x392.png 1024w, https:\/\/blogs.univ-tlse2.fr\/plateformeterrae\/files\/2013\/02\/Moissac-2.png 1417w\" sizes=\"auto, (max-width: 300px) 100vw, 300px\" \/><\/a><\/dt>\n<\/dl>\n<dl class=\"wp-caption alignnone\" id=\"attachment_121\" style=\"width: 310px\">\n<dd class=\"wp-caption-dd\">Etude du b\u00e2ti &#8211; Saint-Martin de Moissac<br \/>\nDirection : B. Lefebvre<br \/>\nLaboratoire TRACES &#8211; UMR 5608<br \/>\nCr\u00e9dit photo : Carine Calastrenc<\/dd>\n<\/dl>\n<p>&nbsp;<\/p>\n<p><b>Moissac2 \u2013 Points homologues repr\u00e9sent\u00e9s par une croix jaune<\/b><\/p>\n<p>L\u2019objectif de cette technique est de trouver automatiquement, dans plusieurs images d\u2019une m\u00eame sc\u00e8ne, des points homologues. Ces points homologues sont en faits des \u00ab\u00a0vignettes photogramm\u00e9triques\u00a0\u00bb, c&rsquo;est-\u00e0-dire des zones de quelques pixels correspondant au d\u00e9tail de l\u2019image \u00e0 comparer. Pour chaque image de \u00ab\u00a0r\u00e9f\u00e9rence\u00a0\u00bb (dite \u00ab\u00a0image ma\u00eetresse\u00a0\u00bb) la vignette photogramm\u00e9trique de r\u00e9f\u00e9rence est compar\u00e9 \u00e0 toutes les autres vignettes de m\u00eame taille dans la seconde image. Et ainsi, on compare toutes les images.<\/p>\n<div id=\"attachment_123\" style=\"width: 310px\" class=\"wp-caption alignnone\"><a href=\"https:\/\/blogs.univ-tlse2.fr\/plateformeterrae\/files\/2013\/02\/Vignette-de-r\u00e9f\u00e9rence.png\"><img loading=\"lazy\" decoding=\"async\" aria-describedby=\"caption-attachment-123\" class=\"size-medium wp-image-123\" alt=\"Op\u00e9ration d'arch\u00e9ologie pr\u00e9ventive - Site de Th\u00e9mis - Targassonne (66) Direction : P\u00f4le arch\u00e9ologie du Conseil G\u00e9n\u00e9ral des Pyr\u00e9n\u00e9es Orientales Cr\u00e9dit photo : Carine Calastrenc\" src=\"https:\/\/blogs.univ-tlse2.fr\/plateformeterrae\/files\/2013\/02\/Vignette-de-r\u00e9f\u00e9rence-300x80.png\" width=\"300\" height=\"80\" srcset=\"https:\/\/blogs.univ-tlse2.fr\/plateformeterrae\/files\/2013\/02\/Vignette-de-r\u00e9f\u00e9rence-300x80.png 300w, https:\/\/blogs.univ-tlse2.fr\/plateformeterrae\/files\/2013\/02\/Vignette-de-r\u00e9f\u00e9rence-1024x273.png 1024w, https:\/\/blogs.univ-tlse2.fr\/plateformeterrae\/files\/2013\/02\/Vignette-de-r\u00e9f\u00e9rence.png 1529w\" sizes=\"auto, (max-width: 300px) 100vw, 300px\" \/><\/a><p id=\"caption-attachment-123\" class=\"wp-caption-text\">Op\u00e9ration d&rsquo;arch\u00e9ologie pr\u00e9ventive &#8211; Site de Th\u00e9mis &#8211; Targassonne (66)<br \/>Direction : P\u00f4le arch\u00e9ologie du Conseil G\u00e9n\u00e9ral des Pyr\u00e9n\u00e9es Orientales<br \/>Cr\u00e9dit photo : Carine Calastrenc<\/p><\/div>\n<p>&nbsp;<\/p>\n<p><b>Vignette de r\u00e9f\u00e9rence \u2013 Exemple d\u2019une vignette de r\u00e9f\u00e9rence<\/b><\/p>\n<p><b>\u00a0<\/b>La vignette qui ressemble le plus \u00e0 la vignette de r\u00e9f\u00e9rence est consid\u00e9r\u00e9e comme une \u00ab\u00a0vignette homologue\u00a0\u00bb possible. La ressemblance entre deux vignettes est mesur\u00e9e par le coefficient de corr\u00e9lation appel\u00e9 \u00ab\u00a0cor\u00a0\u00bb.<\/p>\n<p>Chercher deux vignettes homologues revient donc \u00e0 chercher l\u2019endroit o\u00f9 le coefficient de corr\u00e9lation (<i>cor<\/i>) est proche de 1. L\u2019\u00e9tape de la corr\u00e9lation permet d\u2019appareiller tous les points d\u2019int\u00e9r\u00eat sur toutes les images en recouvrement. La corr\u00e9lation est une op\u00e9ration co\u00fbteuse en temps, en calcul et demande des outils informatiques adapt\u00e9s.<\/p>\n<p>La corr\u00e9lation peut parfois s\u2019av\u00e9rer impossible, comme lorsque la sc\u00e8ne photographi\u00e9e donne \u00e0 voir un ou des objets r\u00e9p\u00e9titifs tel qu\u2019un plafond avec des poutres de bois peints ou une fa\u00e7ade de b\u00e2timent pr\u00e9sentant une r\u00e9partition tr\u00e8s r\u00e9guli\u00e8re des ouvertures et du parement.<\/p>\n<p>Avec cette m\u00e9thode, l\u2019extraction de points 3D peut \u00eatre tr\u00e8s dense (jusqu\u2019\u00e0 un point par pixel). Mais pour arriver \u00e0 ce r\u00e9sultat, il faut imp\u00e9rativement r\u00e9aliser une prise de vue tr\u00e8s redondante (avec un recouvrement sup\u00e9rieur ou \u00e9gal \u00e0 70%). C\u2019est ce fort recouvrement qui permet d\u2019avoir un bon coefficient de corr\u00e9lation.<\/p>\n<p>A partir de ce nuage de point, il est possible de faire une triangulation et une texturation de la sc\u00e8ne pour aboutir \u00e0 un mod\u00e8le 3D.<\/p>\n<div id=\"attachment_122\" style=\"width: 310px\" class=\"wp-caption alignnone\"><a href=\"https:\/\/blogs.univ-tlse2.fr\/plateformeterrae\/files\/2013\/02\/Ours.png\"><img loading=\"lazy\" decoding=\"async\" aria-describedby=\"caption-attachment-122\" class=\"size-medium wp-image-122\" alt=\"Grotte Chauvet Direction : Carole Fritz Cr\u00e9dit photo : Carole Fritz\" src=\"https:\/\/blogs.univ-tlse2.fr\/plateformeterrae\/files\/2013\/02\/Ours-300x54.png\" width=\"300\" height=\"54\" srcset=\"https:\/\/blogs.univ-tlse2.fr\/plateformeterrae\/files\/2013\/02\/Ours-300x54.png 300w, https:\/\/blogs.univ-tlse2.fr\/plateformeterrae\/files\/2013\/02\/Ours-1024x185.png 1024w, https:\/\/blogs.univ-tlse2.fr\/plateformeterrae\/files\/2013\/02\/Ours.png 1674w\" sizes=\"auto, (max-width: 300px) 100vw, 300px\" \/><\/a><p id=\"caption-attachment-122\" class=\"wp-caption-text\">Grotte Chauvet<br \/>Direction : Carole Fritz<br \/>Cr\u00e9dit photo : Carole Fritz<\/p><\/div>\n<p>&nbsp;<\/p>\n<p>Il existe plusieurs types de logiciel de \u00ab\u00a0correspondance par corr\u00e9lation dense\u00a0\u00bb. Tous ne proposent pas les m\u00eamse possibilit\u00e9s, ni les m\u00eames fonctionnalit\u00e9s ou qualit\u00e9 de la corr\u00e9lation. Parmi eux, il est possible de citer <i>Micmac<\/i> de l\u2019IGN (logiciel gratuit fonctionnant sous Linux essentiellement) (http:\/\/www.micmac.ign.fr\/), Autodesk 123DCatch (site internet \u2013 le traitement se fait \u00e0 distance et le r\u00e9sultat est t\u00e9l\u00e9chargeable) (<a href=\"http:\/\/www.123dapp.com\/catch\">http:\/\/www.123dapp.com\/catch<\/a>) et photoscan (logiciel payant) (<a href=\"http:\/\/www.agisoft.ru\/products\/photoscan\/\">http:\/\/www.agisoft.ru\/products\/photoscan\/<\/a>), PhotoModeler (Logiciel payant) (<a href=\"https:\/\/www.photomodeler.com\/\">https:\/\/www.photomodeler.com\/<\/a>)<\/p>\n<p>Les applications arch\u00e9ologiques de ce type de logiciels sont encore peu nombreuses. Les publications relatent plus des tests et des mises en place d\u2019une m\u00e9thodologie que d\u2019une r\u00e9elle exploitation en routine. Les premi\u00e8res applications dates de 2011.<\/p>\n<p>********************************************************************************<\/p>\n<p>&nbsp;<\/p>\n<p>&nbsp;<\/p>\n<p>&nbsp;<\/p>\n<p>********************************************************************************<\/p>\n","protected":false},"excerpt":{"rendered":"<p>Grace \u00e0 l&rsquo;obtention d&rsquo;un programme d&rsquo;un financement FEDER (Presage 35827 &#8211; montant 350 000\u20ac), l&rsquo;\u00e9quipe Terrae a pu mettre en place un ensemble d&rsquo;outil permettant l&rsquo;acquisition et le [..]<\/p>\n","protected":false},"author":116,"featured_media":0,"parent":0,"menu_order":0,"comment_status":"open","ping_status":"open","template":"","meta":{"footnotes":""},"class_list":["post-11","page","type-page","status-publish","hentry"],"_links":{"self":[{"href":"https:\/\/blogs.univ-tlse2.fr\/plateformeterrae\/wp-json\/wp\/v2\/pages\/11","targetHints":{"allow":["GET"]}}],"collection":[{"href":"https:\/\/blogs.univ-tlse2.fr\/plateformeterrae\/wp-json\/wp\/v2\/pages"}],"about":[{"href":"https:\/\/blogs.univ-tlse2.fr\/plateformeterrae\/wp-json\/wp\/v2\/types\/page"}],"author":[{"embeddable":true,"href":"https:\/\/blogs.univ-tlse2.fr\/plateformeterrae\/wp-json\/wp\/v2\/users\/116"}],"replies":[{"embeddable":true,"href":"https:\/\/blogs.univ-tlse2.fr\/plateformeterrae\/wp-json\/wp\/v2\/comments?post=11"}],"version-history":[{"count":10,"href":"https:\/\/blogs.univ-tlse2.fr\/plateformeterrae\/wp-json\/wp\/v2\/pages\/11\/revisions"}],"predecessor-version":[{"id":258,"href":"https:\/\/blogs.univ-tlse2.fr\/plateformeterrae\/wp-json\/wp\/v2\/pages\/11\/revisions\/258"}],"wp:attachment":[{"href":"https:\/\/blogs.univ-tlse2.fr\/plateformeterrae\/wp-json\/wp\/v2\/media?parent=11"}],"curies":[{"name":"wp","href":"https:\/\/api.w.org\/{rel}","templated":true}]}}